{"id":6796,"date":"2023-08-10T11:02:01","date_gmt":"2023-08-10T11:02:01","guid":{"rendered":"https:\/\/uhsk.org\/2025en\/?page_id=6796"},"modified":"2025-10-08T07:59:01","modified_gmt":"2025-10-08T07:59:01","slug":"supporters","status":"publish","type":"page","link":"https:\/\/uhsk.org\/2025en\/supporters\/","title":{"rendered":"Supporters"},"content":{"rendered":"<div class=\"wpb-content-wrapper\"><p>[vc_row conditional_render=&#8221;%5B%7B%22value_role%22%3A%22administrator%22%7D%5D&#8221;][vc_column][vc_empty_space height=&#8221;50px&#8221;][\/vc_column][\/vc_row][vc_row full_width=&#8221;stretch_row&#8221; wrap_container=&#8221;yes&#8221; conditional_render=&#8221;%5B%7B%22value_role%22%3A%22administrator%22%7D%5D&#8221;][vc_column width=&#8221;1\/4&#8243;][vc_single_image image=&#8221;3366&#8243; img_size=&#8221;225&#215;135&#8243; css=&#8221;&#8221;][\/vc_column][vc_column width=&#8221;1\/4&#8243;][vc_single_image image=&#8221;6325&#8243; img_size=&#8221;225&#215;135&#8243; css=&#8221;&#8221;][\/vc_column][vc_column width=&#8221;1\/4&#8243;][vc_single_image image=&#8221;7222&#8243; img_size=&#8221;225&#215;135&#8243;][\/vc_column][vc_column width=&#8221;1\/4&#8243;][vc_single_image image=&#8221;3362&#8243; img_size=&#8221;225&#215;135&#8243;][\/vc_column][\/vc_row][vc_row full_width=&#8221;stretch_row&#8221; wrap_container=&#8221;yes&#8221; conditional_render=&#8221;%5B%7B%22value_role%22%3A%22administrator%22%7D%5D&#8221;][vc_column width=&#8221;1\/4&#8243;][vc_single_image image=&#8221;8577&#8243; img_size=&#8221;225&#215;135&#8243; css=&#8221;&#8221; label=&#8221;&#8221;][\/vc_column][vc_column width=&#8221;1\/4&#8243;][vc_single_image image=&#8221;6321&#8243; img_size=&#8221;225&#215;135&#8243; css=&#8221;&#8221;][\/vc_column][vc_column width=&#8221;1\/4&#8243;][vc_single_image image=&#8221;6313&#8243; img_size=&#8221;225&#215;135&#8243; css=&#8221;&#8221;][\/vc_column][vc_column width=&#8221;1\/4&#8243;][vc_single_image image=&#8221;4933&#8243; img_size=&#8221;225&#215;135&#8243; css=&#8221;&#8221;][\/vc_column][\/vc_row][vc_row full_width=&#8221;stretch_row&#8221; disable_element=&#8221;yes&#8221; wrap_container=&#8221;yes&#8221; conditional_render=&#8221;%5B%7B%22value_role%22%3A%22administrator%22%7D%5D&#8221;][vc_column width=&#8221;1\/3&#8243;][vc_single_image image=&#8221;7691&#8243; img_size=&#8221;225&#215;135&#8243; css=&#8221;&#8221;][\/vc_column][vc_column width=&#8221;1\/3&#8243;][vc_single_image image=&#8221;3364&#8243; img_size=&#8221;225&#215;135&#8243; css=&#8221;&#8221;][\/vc_column][vc_column width=&#8221;1\/3&#8243;][\/vc_column][\/vc_row][vc_row full_width=&#8221;stretch_row&#8221; disable_element=&#8221;yes&#8221; wrap_container=&#8221;yes&#8221; conditional_render=&#8221;%5B%7B%22value_role%22%3A%22administrator%22%7D%5D&#8221;][vc_column width=&#8221;1\/4&#8243;][\/vc_column][vc_column width=&#8221;1\/4&#8243;][vc_single_image image=&#8221;6203&#8243; img_size=&#8221;225&#215;135&#8243;][\/vc_column][vc_column width=&#8221;1\/4&#8243;][vc_single_image image=&#8221;6216&#8243; img_size=&#8221;225&#215;135&#8243;][\/vc_column][vc_column width=&#8221;1\/4&#8243;][\/vc_column][vc_column width=&#8221;1\/4&#8243;][vc_single_image image=&#8221;7222&#8243; img_size=&#8221;225&#215;135&#8243;][\/vc_column][vc_column width=&#8221;1\/4&#8243;][\/vc_column][vc_column width=&#8221;1\/4&#8243;][\/vc_column][vc_column width=&#8221;1\/4&#8243;][vc_single_image image=&#8221;6321&#8243; img_size=&#8221;225&#215;135&#8243;][\/vc_column][vc_column width=&#8221;1\/4&#8243;][vc_single_image image=&#8221;6314&#8243; img_size=&#8221;225&#215;135&#8243;][\/vc_column][vc_column width=&#8221;1\/4&#8243;][vc_single_image image=&#8221;6329&#8243; img_size=&#8221;225&#215;135&#8243;][\/vc_column][vc_column width=&#8221;1\/4&#8243;][vc_single_image image=&#8221;6536&#8243; img_size=&#8221;225&#215;135&#8243;][\/vc_column][vc_column width=&#8221;1\/4&#8243;][vc_single_image image=&#8221;6838&#8243; img_size=&#8221;225&#215;135&#8243;][\/vc_column][vc_column width=&#8221;1\/4&#8243;][vc_single_image image=&#8221;3359&#8243; img_size=&#8221;225&#215;135&#8243;][\/vc_column][vc_column width=&#8221;1\/4&#8243;][vc_single_image image=&#8221;6331&#8243; img_size=&#8221;225&#215;135&#8243;][\/vc_column][vc_column width=&#8221;1\/4&#8243;][vc_single_image image=&#8221;5101&#8243; img_size=&#8221;225&#215;135&#8243;][\/vc_column][vc_column width=&#8221;1\/4&#8243;][vc_single_image image=&#8221;3361&#8243; img_size=&#8221;225&#215;135&#8243;][\/vc_column][vc_column width=&#8221;1\/4&#8243;][vc_single_image image=&#8221;6965&#8243; img_size=&#8221;225&#215;135&#8243;][\/vc_column][vc_column width=&#8221;1\/4&#8243;][vc_single_image image=&#8221;7001&#8243; img_size=&#8221;225&#215;135&#8243;][\/vc_column][vc_column width=&#8221;1\/4&#8243;][vc_single_image image=&#8221;7000&#8243; img_size=&#8221;225&#215;135&#8243;][\/vc_column][vc_column width=&#8221;1\/4&#8243;][vc_single_image image=&#8221;6535&#8243; img_size=&#8221;225&#215;135&#8243;][\/vc_column][vc_column width=&#8221;1\/4&#8243;][\/vc_column][vc_column width=&#8221;1\/4&#8243;][\/vc_column][vc_column width=&#8221;1\/4&#8243;][\/vc_column][vc_column width=&#8221;1\/4&#8243;][\/vc_column][vc_column width=&#8221;1\/4&#8243;][\/vc_column][\/vc_row][vc_row disable_element=&#8221;yes&#8221; conditional_render=&#8221;%5B%7B%22value_role%22%3A%22administrator%22%7D%5D&#8221;][vc_column][vc_empty_space height=&#8221;50px&#8221;][vc_row_inner][vc_column_inner width=&#8221;1\/4&#8243;][\/vc_column_inner][vc_column_inner width=&#8221;2\/4&#8243;][vc_column_text css=&#8221;&#8221;]<\/p>\n<table>\n<tbody>\n<tr>\n<td style=\"width: 25%; vertical-align: middle; text-align: center;\"><img decoding=\"async\" src=\"http:\/\/uhsk.org\/2025en\/wp-content\/uploads\/2023\/07\/countdown.png\" \/><\/td>\n<td style=\"text-align: center; vertical-align: middle; font-size: 45px; line-height: 1.25; font-weight: 800; color: #002b5b;\">WILL BE ANNOUNCED LATER<\/td>\n<\/tr>\n<\/tbody>\n<\/table>\n<p>[\/vc_column_text][\/vc_column_inner][vc_column_inner width=&#8221;1\/4&#8243;][\/vc_column_inner][\/vc_row_inner][\/vc_column][\/vc_row][vc_row][vc_column][vc_empty_space height=&#8221;250px&#8221;][\/vc_column][\/vc_row][vc_row css=&#8221;.vc_custom_1687512154628{margin-top: 0px !important;padding-top: 0px !important;background-color: #e5e5e5 !important;}&#8221; conditional_render=&#8221;%5B%7B%22value_role%22%3A%22administrator%22%7D%5D&#8221;][vc_column offset=&#8221;vc_hidden-xl vc_hidden-lg vc_hidden-md vc_hidden-sm&#8221; conditional_render=&#8221;%5B%7B%22value_role%22%3A%22administrator%22%7D%5D&#8221;][vc_column_text css=&#8221;&#8221;]<div class=\"porto-block\" data-id=\"8134\"><style>.vc_custom_1687512154628{margin-top: 0px !important;padding-top: 0px !important;background-color: #e5e5e5 !important;}.vc_custom_1720165871439{padding-bottom: 5px !important;}<\/style>[vc_row css=\".vc_custom_1687512154628{margin-top: 0px !important;padding-top: 0px !important;background-color: #e5e5e5 !important;}\" conditional_render=\"%5B%7B%22value_role%22%3A%22administrator%22%7D%5D\"][vc_column offset=\"vc_hidden-xl vc_hidden-lg vc_hidden-md vc_hidden-sm\" conditional_render=\"%5B%7B%22value_role%22%3A%22administrator%22%7D%5D\"][vc_row_inner css=\".vc_custom_1720165871439{padding-bottom: 5px !important;}\"][vc_column_inner width=\"1\/3\" offset=\"vc_col-xs-4\"][vc_single_image image=\"8481\" img_size=\"full\" alignment=\"center\" css=\"\"][\/vc_column_inner][vc_column_inner width=\"1\/3\" offset=\"vc_col-xs-4\"][vc_single_image image=\"8546\" img_size=\"150x36\" alignment=\"center\" css=\"\" label=\"\"][\/vc_column_inner][vc_column_inner width=\"1\/3\" offset=\"vc_col-xs-4\"][vc_single_image image=\"8463\" img_size=\"36x25\" alignment=\"center\" css=\"\"][\/vc_column_inner][\/vc_row_inner][\/vc_column][\/vc_row]<\/div>[\/vc_column_text][\/vc_column][\/vc_row]<\/p>\n<\/div>","protected":false},"excerpt":{"rendered":"<p>[vc_row conditional_render=&#8221;%5B%7B%22value_role%22%3A%22administrator%22%7D%5D&#8221;][vc_column][vc_empty_space height=&#8221;50px&#8221;][\/vc_column][\/vc_row][vc_row full_width=&#8221;stretch_row&#8221; wrap_container=&#8221;yes&#8221; conditional_render=&#8221;%5B%7B%22value_role%22%3A%22administrator%22%7D%5D&#8221;][vc_column width=&#8221;1\/4&#8243;][vc_single_image image=&#8221;3366&#8243; img_size=&#8221;225&#215;135&#8243; css=&#8221;&#8221;][\/vc_column][vc_column width=&#8221;1\/4&#8243;][vc_single_image image=&#8221;6325&#8243; img_size=&#8221;225&#215;135&#8243; css=&#8221;&#8221;][\/vc_column][vc_column width=&#8221;1\/4&#8243;][vc_single_image image=&#8221;7222&#8243; img_size=&#8221;225&#215;135&#8243;][\/vc_column][vc_column width=&#8221;1\/4&#8243;][vc_single_image image=&#8221;3362&#8243; img_size=&#8221;225&#215;135&#8243;][\/vc_column][\/vc_row][vc_row full_width=&#8221;stretch_row&#8221; wrap_container=&#8221;yes&#8221; conditional_render=&#8221;%5B%7B%22value_role%22%3A%22administrator%22%7D%5D&#8221;][vc_column width=&#8221;1\/4&#8243;][vc_single_image image=&#8221;8577&#8243; img_size=&#8221;225&#215;135&#8243; css=&#8221;&#8221; label=&#8221;&#8221;][\/vc_column][vc_column width=&#8221;1\/4&#8243;][vc_single_image image=&#8221;6321&#8243; img_size=&#8221;225&#215;135&#8243; css=&#8221;&#8221;][\/vc_column][vc_column width=&#8221;1\/4&#8243;][vc_single_image image=&#8221;6313&#8243; img_size=&#8221;225&#215;135&#8243; css=&#8221;&#8221;][\/vc_column][vc_column width=&#8221;1\/4&#8243;][vc_single_image image=&#8221;4933&#8243; img_size=&#8221;225&#215;135&#8243; css=&#8221;&#8221;][\/vc_column][\/vc_row][vc_row full_width=&#8221;stretch_row&#8221; disable_element=&#8221;yes&#8221; wrap_container=&#8221;yes&#8221; conditional_render=&#8221;%5B%7B%22value_role%22%3A%22administrator%22%7D%5D&#8221;][vc_column width=&#8221;1\/3&#8243;][vc_single_image image=&#8221;7691&#8243; img_size=&#8221;225&#215;135&#8243; css=&#8221;&#8221;][\/vc_column][vc_column width=&#8221;1\/3&#8243;][vc_single_image image=&#8221;3364&#8243; img_size=&#8221;225&#215;135&#8243; css=&#8221;&#8221;][\/vc_column][vc_column width=&#8221;1\/3&#8243;][\/vc_column][\/vc_row][vc_row full_width=&#8221;stretch_row&#8221; disable_element=&#8221;yes&#8221; [&hellip;]<\/p>\n","protected":false},"author":1,"featured_media":0,"parent":0,"menu_order":0,"comment_status":"closed","ping_status":"closed","template":"","meta":{"footnotes":""},"class_list":["post-6796","page","type-page","status-publish","hentry"],"yoast_head":"<!-- This site is optimized with the Yoast SEO plugin v25.3 - https:\/\/yoast.com\/wordpress\/plugins\/seo\/ -->\n<title>Supporters - 9th International and 27th National Congress of Public Health<\/title>\n<meta name=\"robots\" content=\"index, follow, max-snippet:-1, max-image-preview:large, max-video-preview:-1\" \/>\n<link rel=\"canonical\" href=\"https:\/\/uhsk.org\/2025en\/supporters\/\" \/>\n<meta name=\"twitter:card\" content=\"summary_large_image\" \/>\n<meta name=\"twitter:title\" content=\"Supporters - 9th International and 27th National Congress of Public Health\" \/>\n<meta name=\"twitter:description\" content=\"[vc_row conditional_render=&#8221;%5B%7B%22value_role%22%3A%22administrator%22%7D%5D&#8221;][vc_column][vc_empty_space height=&#8221;50px&#8221;][\/vc_column][\/vc_row][vc_row full_width=&#8221;stretch_row&#8221; wrap_container=&#8221;yes&#8221; conditional_render=&#8221;%5B%7B%22value_role%22%3A%22administrator%22%7D%5D&#8221;][vc_column width=&#8221;1\/4&#8243;][vc_single_image image=&#8221;3366&#8243; img_size=&#8221;225&#215;135&#8243; css=&#8221;&#8221;][\/vc_column][vc_column width=&#8221;1\/4&#8243;][vc_single_image image=&#8221;6325&#8243; img_size=&#8221;225&#215;135&#8243; css=&#8221;&#8221;][\/vc_column][vc_column width=&#8221;1\/4&#8243;][vc_single_image image=&#8221;7222&#8243; img_size=&#8221;225&#215;135&#8243;][\/vc_column][vc_column width=&#8221;1\/4&#8243;][vc_single_image image=&#8221;3362&#8243; img_size=&#8221;225&#215;135&#8243;][\/vc_column][\/vc_row][vc_row full_width=&#8221;stretch_row&#8221; wrap_container=&#8221;yes&#8221; conditional_render=&#8221;%5B%7B%22value_role%22%3A%22administrator%22%7D%5D&#8221;][vc_column width=&#8221;1\/4&#8243;][vc_single_image image=&#8221;8577&#8243; img_size=&#8221;225&#215;135&#8243; css=&#8221;&#8221; label=&#8221;&#8221;][\/vc_column][vc_column width=&#8221;1\/4&#8243;][vc_single_image image=&#8221;6321&#8243; img_size=&#8221;225&#215;135&#8243; css=&#8221;&#8221;][\/vc_column][vc_column width=&#8221;1\/4&#8243;][vc_single_image image=&#8221;6313&#8243; img_size=&#8221;225&#215;135&#8243; css=&#8221;&#8221;][\/vc_column][vc_column width=&#8221;1\/4&#8243;][vc_single_image image=&#8221;4933&#8243; img_size=&#8221;225&#215;135&#8243; css=&#8221;&#8221;][\/vc_column][\/vc_row][vc_row full_width=&#8221;stretch_row&#8221; disable_element=&#8221;yes&#8221; wrap_container=&#8221;yes&#8221; conditional_render=&#8221;%5B%7B%22value_role%22%3A%22administrator%22%7D%5D&#8221;][vc_column width=&#8221;1\/3&#8243;][vc_single_image image=&#8221;7691&#8243; img_size=&#8221;225&#215;135&#8243; css=&#8221;&#8221;][\/vc_column][vc_column width=&#8221;1\/3&#8243;][vc_single_image image=&#8221;3364&#8243; img_size=&#8221;225&#215;135&#8243; css=&#8221;&#8221;][\/vc_column][vc_column width=&#8221;1\/3&#8243;][\/vc_column][\/vc_row][vc_row full_width=&#8221;stretch_row&#8221; disable_element=&#8221;yes&#8221; [&hellip;]\" \/>\n<meta name=\"twitter:image\" content=\"https:\/\/uhsk.org\/2025en\/wp-content\/uploads\/2023\/07\/countdown.png\" \/>\n<meta name=\"twitter:label1\" content=\"Tahmini okuma s\u00fcresi\" \/>\n\t<meta name=\"twitter:data1\" content=\"7 dakika\" \/>\n<script type=\"application\/ld+json\" class=\"yoast-schema-graph\">{\"@context\":\"https:\/\/schema.org\",\"@graph\":[{\"@type\":\"WebPage\",\"@id\":\"https:\/\/uhsk.org\/2025en\/supporters\/\",\"url\":\"https:\/\/uhsk.org\/2025en\/supporters\/\",\"name\":\"Supporters - 9th International and 27th National Congress of Public Health\",\"isPartOf\":{\"@id\":\"https:\/\/uhsk.org\/2025en\/#website\"},\"primaryImageOfPage\":{\"@id\":\"https:\/\/uhsk.org\/2025en\/supporters\/#primaryimage\"},\"image\":{\"@id\":\"https:\/\/uhsk.org\/2025en\/supporters\/#primaryimage\"},\"thumbnailUrl\":\"http:\/\/uhsk.org\/2025en\/wp-content\/uploads\/2023\/07\/countdown.png\",\"datePublished\":\"2023-08-10T11:02:01+00:00\",\"dateModified\":\"2025-10-08T07:59:01+00:00\",\"breadcrumb\":{\"@id\":\"https:\/\/uhsk.org\/2025en\/supporters\/#breadcrumb\"},\"inLanguage\":\"tr\",\"potentialAction\":[{\"@type\":\"ReadAction\",\"target\":[\"https:\/\/uhsk.org\/2025en\/supporters\/\"]}]},{\"@type\":\"ImageObject\",\"inLanguage\":\"tr\",\"@id\":\"https:\/\/uhsk.org\/2025en\/supporters\/#primaryimage\",\"url\":\"https:\/\/uhsk.org\/2025en\/wp-content\/uploads\/2023\/07\/countdown.png\",\"contentUrl\":\"https:\/\/uhsk.org\/2025en\/wp-content\/uploads\/2023\/07\/countdown.png\",\"width\":512,\"height\":512},{\"@type\":\"BreadcrumbList\",\"@id\":\"https:\/\/uhsk.org\/2025en\/supporters\/#breadcrumb\",\"itemListElement\":[{\"@type\":\"ListItem\",\"position\":1,\"name\":\"Anasayfa\",\"item\":\"https:\/\/uhsk.org\/2025en\/\"},{\"@type\":\"ListItem\",\"position\":2,\"name\":\"Supporters\"}]},{\"@type\":\"WebSite\",\"@id\":\"https:\/\/uhsk.org\/2025en\/#website\",\"url\":\"https:\/\/uhsk.org\/2025en\/\",\"name\":\"8. Uluslararas\u0131 ve 26. Ulusal Halk Sa\u011fl\u0131\u011f\u0131 Kongresi\",\"description\":\"\",\"publisher\":{\"@id\":\"https:\/\/uhsk.org\/2025en\/#organization\"},\"potentialAction\":[{\"@type\":\"SearchAction\",\"target\":{\"@type\":\"EntryPoint\",\"urlTemplate\":\"https:\/\/uhsk.org\/2025en\/?s={search_term_string}\"},\"query-input\":{\"@type\":\"PropertyValueSpecification\",\"valueRequired\":true,\"valueName\":\"search_term_string\"}}],\"inLanguage\":\"tr\"},{\"@type\":\"Organization\",\"@id\":\"https:\/\/uhsk.org\/2025en\/#organization\",\"name\":\"8. Uluslararas\u0131 ve 26. Ulusal Halk Sa\u011fl\u0131\u011f\u0131 Kongresi\",\"url\":\"https:\/\/uhsk.org\/2025en\/\",\"logo\":{\"@type\":\"ImageObject\",\"inLanguage\":\"tr\",\"@id\":\"https:\/\/uhsk.org\/2025en\/#\/schema\/logo\/image\/\",\"url\":\"http:\/\/uhsk.org\/2025en\/wp-content\/uploads\/2024\/07\/non-profil.png\",\"contentUrl\":\"http:\/\/uhsk.org\/2025en\/wp-content\/uploads\/2024\/07\/non-profil.png\",\"width\":125,\"height\":164,\"caption\":\"8. Uluslararas\u0131 ve 26. Ulusal Halk Sa\u011fl\u0131\u011f\u0131 Kongresi\"},\"image\":{\"@id\":\"https:\/\/uhsk.org\/2025en\/#\/schema\/logo\/image\/\"}}]}<\/script>\n<!-- \/ Yoast SEO plugin. -->","yoast_head_json":{"title":"Supporters - 9th International and 27th National Congress of Public Health","robots":{"index":"index","follow":"follow","max-snippet":"max-snippet:-1","max-image-preview":"max-image-preview:large","max-video-preview":"max-video-preview:-1"},"canonical":"https:\/\/uhsk.org\/2025en\/supporters\/","twitter_card":"summary_large_image","twitter_title":"Supporters - 9th International and 27th National Congress of Public Health","twitter_description":"[vc_row conditional_render=&#8221;%5B%7B%22value_role%22%3A%22administrator%22%7D%5D&#8221;][vc_column][vc_empty_space height=&#8221;50px&#8221;][\/vc_column][\/vc_row][vc_row full_width=&#8221;stretch_row&#8221; wrap_container=&#8221;yes&#8221; conditional_render=&#8221;%5B%7B%22value_role%22%3A%22administrator%22%7D%5D&#8221;][vc_column width=&#8221;1\/4&#8243;][vc_single_image image=&#8221;3366&#8243; img_size=&#8221;225&#215;135&#8243; css=&#8221;&#8221;][\/vc_column][vc_column width=&#8221;1\/4&#8243;][vc_single_image image=&#8221;6325&#8243; img_size=&#8221;225&#215;135&#8243; css=&#8221;&#8221;][\/vc_column][vc_column width=&#8221;1\/4&#8243;][vc_single_image image=&#8221;7222&#8243; img_size=&#8221;225&#215;135&#8243;][\/vc_column][vc_column width=&#8221;1\/4&#8243;][vc_single_image image=&#8221;3362&#8243; img_size=&#8221;225&#215;135&#8243;][\/vc_column][\/vc_row][vc_row full_width=&#8221;stretch_row&#8221; wrap_container=&#8221;yes&#8221; conditional_render=&#8221;%5B%7B%22value_role%22%3A%22administrator%22%7D%5D&#8221;][vc_column width=&#8221;1\/4&#8243;][vc_single_image image=&#8221;8577&#8243; img_size=&#8221;225&#215;135&#8243; css=&#8221;&#8221; label=&#8221;&#8221;][\/vc_column][vc_column width=&#8221;1\/4&#8243;][vc_single_image image=&#8221;6321&#8243; img_size=&#8221;225&#215;135&#8243; css=&#8221;&#8221;][\/vc_column][vc_column width=&#8221;1\/4&#8243;][vc_single_image image=&#8221;6313&#8243; img_size=&#8221;225&#215;135&#8243; css=&#8221;&#8221;][\/vc_column][vc_column width=&#8221;1\/4&#8243;][vc_single_image image=&#8221;4933&#8243; img_size=&#8221;225&#215;135&#8243; css=&#8221;&#8221;][\/vc_column][\/vc_row][vc_row full_width=&#8221;stretch_row&#8221; disable_element=&#8221;yes&#8221; wrap_container=&#8221;yes&#8221; conditional_render=&#8221;%5B%7B%22value_role%22%3A%22administrator%22%7D%5D&#8221;][vc_column width=&#8221;1\/3&#8243;][vc_single_image image=&#8221;7691&#8243; img_size=&#8221;225&#215;135&#8243; css=&#8221;&#8221;][\/vc_column][vc_column width=&#8221;1\/3&#8243;][vc_single_image image=&#8221;3364&#8243; img_size=&#8221;225&#215;135&#8243; css=&#8221;&#8221;][\/vc_column][vc_column width=&#8221;1\/3&#8243;][\/vc_column][\/vc_row][vc_row full_width=&#8221;stretch_row&#8221; disable_element=&#8221;yes&#8221; [&hellip;]","twitter_image":"https:\/\/uhsk.org\/2025en\/wp-content\/uploads\/2023\/07\/countdown.png","twitter_misc":{"Tahmini okuma s\u00fcresi":"7 dakika"},"schema":{"@context":"https:\/\/schema.org","@graph":[{"@type":"WebPage","@id":"https:\/\/uhsk.org\/2025en\/supporters\/","url":"https:\/\/uhsk.org\/2025en\/supporters\/","name":"Supporters - 9th International and 27th National Congress of Public Health","isPartOf":{"@id":"https:\/\/uhsk.org\/2025en\/#website"},"primaryImageOfPage":{"@id":"https:\/\/uhsk.org\/2025en\/supporters\/#primaryimage"},"image":{"@id":"https:\/\/uhsk.org\/2025en\/supporters\/#primaryimage"},"thumbnailUrl":"http:\/\/uhsk.org\/2025en\/wp-content\/uploads\/2023\/07\/countdown.png","datePublished":"2023-08-10T11:02:01+00:00","dateModified":"2025-10-08T07:59:01+00:00","breadcrumb":{"@id":"https:\/\/uhsk.org\/2025en\/supporters\/#breadcrumb"},"inLanguage":"tr","potentialAction":[{"@type":"ReadAction","target":["https:\/\/uhsk.org\/2025en\/supporters\/"]}]},{"@type":"ImageObject","inLanguage":"tr","@id":"https:\/\/uhsk.org\/2025en\/supporters\/#primaryimage","url":"https:\/\/uhsk.org\/2025en\/wp-content\/uploads\/2023\/07\/countdown.png","contentUrl":"https:\/\/uhsk.org\/2025en\/wp-content\/uploads\/2023\/07\/countdown.png","width":512,"height":512},{"@type":"BreadcrumbList","@id":"https:\/\/uhsk.org\/2025en\/supporters\/#breadcrumb","itemListElement":[{"@type":"ListItem","position":1,"name":"Anasayfa","item":"https:\/\/uhsk.org\/2025en\/"},{"@type":"ListItem","position":2,"name":"Supporters"}]},{"@type":"WebSite","@id":"https:\/\/uhsk.org\/2025en\/#website","url":"https:\/\/uhsk.org\/2025en\/","name":"8. Uluslararas\u0131 ve 26. Ulusal Halk Sa\u011fl\u0131\u011f\u0131 Kongresi","description":"","publisher":{"@id":"https:\/\/uhsk.org\/2025en\/#organization"},"potentialAction":[{"@type":"SearchAction","target":{"@type":"EntryPoint","urlTemplate":"https:\/\/uhsk.org\/2025en\/?s={search_term_string}"},"query-input":{"@type":"PropertyValueSpecification","valueRequired":true,"valueName":"search_term_string"}}],"inLanguage":"tr"},{"@type":"Organization","@id":"https:\/\/uhsk.org\/2025en\/#organization","name":"8. Uluslararas\u0131 ve 26. Ulusal Halk Sa\u011fl\u0131\u011f\u0131 Kongresi","url":"https:\/\/uhsk.org\/2025en\/","logo":{"@type":"ImageObject","inLanguage":"tr","@id":"https:\/\/uhsk.org\/2025en\/#\/schema\/logo\/image\/","url":"http:\/\/uhsk.org\/2025en\/wp-content\/uploads\/2024\/07\/non-profil.png","contentUrl":"http:\/\/uhsk.org\/2025en\/wp-content\/uploads\/2024\/07\/non-profil.png","width":125,"height":164,"caption":"8. Uluslararas\u0131 ve 26. Ulusal Halk Sa\u011fl\u0131\u011f\u0131 Kongresi"},"image":{"@id":"https:\/\/uhsk.org\/2025en\/#\/schema\/logo\/image\/"}}]}},"_links":{"self":[{"href":"https:\/\/uhsk.org\/2025en\/wp-json\/wp\/v2\/pages\/6796","targetHints":{"allow":["GET"]}}],"collection":[{"href":"https:\/\/uhsk.org\/2025en\/wp-json\/wp\/v2\/pages"}],"about":[{"href":"https:\/\/uhsk.org\/2025en\/wp-json\/wp\/v2\/types\/page"}],"author":[{"embeddable":true,"href":"https:\/\/uhsk.org\/2025en\/wp-json\/wp\/v2\/users\/1"}],"replies":[{"embeddable":true,"href":"https:\/\/uhsk.org\/2025en\/wp-json\/wp\/v2\/comments?post=6796"}],"version-history":[{"count":39,"href":"https:\/\/uhsk.org\/2025en\/wp-json\/wp\/v2\/pages\/6796\/revisions"}],"predecessor-version":[{"id":8578,"href":"https:\/\/uhsk.org\/2025en\/wp-json\/wp\/v2\/pages\/6796\/revisions\/8578"}],"wp:attachment":[{"href":"https:\/\/uhsk.org\/2025en\/wp-json\/wp\/v2\/media?parent=6796"}],"curies":[{"name":"wp","href":"https:\/\/api.w.org\/{rel}","templated":true}]}}