{"id":6708,"date":"2023-08-09T06:39:56","date_gmt":"2023-08-09T06:39:56","guid":{"rendered":"https:\/\/uhsk.org\/2025en\/?page_id=6708"},"modified":"2025-07-08T13:17:57","modified_gmt":"2025-07-08T13:17:57","slug":"submission-evaluation-criteria","status":"publish","type":"page","link":"https:\/\/uhsk.org\/2025en\/submission-evaluation-criteria\/","title":{"rendered":"Submission Evaluation Criteria"},"content":{"rendered":"<div class=\"wpb-content-wrapper\"><p>[vc_row conditional_render=&#8221;%5B%7B%22value_role%22%3A%22administrator%22%7D%5D&#8221;][vc_column][vc_empty_space height=&#8221;50px&#8221;][\/vc_column][\/vc_row][vc_row full_width=&#8221;stretch_row&#8221; wrap_container=&#8221;yes&#8221; conditional_render=&#8221;%5B%7B%22value_role%22%3A%22administrator%22%7D%5D&#8221;][vc_column][vc_tta_tour style=&#8221;modern&#8221; spacing=&#8221;&#8221; controls_size=&#8221;md&#8221; active_section=&#8221;1&#8243; no_fill_content_area=&#8221;true&#8221;][vc_tta_section title=&#8221;QUANTITATIVE RESEARCH EVALUATION CRITERIA&#8221; tab_id=&#8221;1691566049555-07ffce7b-8332&#8243;][vc_custom_heading text=&#8221;QUANTITATIVE RESEARCH EVALUATION CRITERIA&#8221; font_container=&#8221;tag:h2|font_size:25|text_align:center|color:%23001b89&#8243; use_theme_fonts=&#8221;yes&#8221; css=&#8221;.vc_custom_1751980505801{margin-bottom: 5px !important;}&#8221; text_transform=&#8221;text-uppercase&#8221; font_weight=&#8221;700&#8243;][vc_column_text css=&#8221;&#8221;]<\/p>\n<table class=\"table-bordered\" style=\"border: 1px solid #ccc; color: #000;\">\n<tbody>\n<tr>\n<td style=\"width: 5%; text-align: center;\"><strong>1<\/strong><\/td>\n<td style=\"width: 60%;\">Is the study topic unique?<\/td>\n<td>o Not research (0 points)<br \/>o Partially research (3 points)<br \/>o Research (5 points)<\/td>\n<\/tr>\n<tr style=\"background: #f2f2f2;\">\n<td style=\"text-align: center;\"><strong>2<\/strong><\/td>\n<td>Does the title of the study reflect the content and methodology of the study?<\/td>\n<td>o No (0 points)<br \/>o Yes, partially (3 points)<br \/>o Yes, exactly (5 points)<\/td>\n<\/tr>\n<tr>\n<td style=\"text-align: center;\"><strong>3<\/strong><\/td>\n<td>Is the purpose of the study and\/or the research question and hypotheses, if any, clearly stated?<\/td>\n<td>o No (0 points)<br \/>o Yes, partially (3 points)<br \/>o Yes, exactly (5 points)<\/td>\n<\/tr>\n<tr style=\"background: #f2f2f2;\">\n<td style=\"text-align: center;\"><strong>4<\/strong><\/td>\n<td>Are the people included in the study specified (inclusion or exclusion criteria, if any)?<\/td>\n<td>o No (0 points)<br \/>o Yes, partially (3 points)<br \/>o Yes, exactly (5 points)<\/td>\n<\/tr>\n<tr>\n<td style=\"text-align: center;\"><strong>5<\/strong><\/td>\n<td>Is the place, time, design (type of study) specified?<\/td>\n<td>o No (0 points)<br \/>o Yes, partially (3 points)<br \/>o Yes, exactly (5 points)<\/td>\n<\/tr>\n<tr style=\"background: #f2f2f2;\">\n<td style=\"text-align: center;\"><strong>6<\/strong><\/td>\n<td>Is the study design appropriate for the purpose of the study?<\/td>\n<td>o Not applicable (0 points)<br \/>o Partially appropriate (3 points)<br \/>o Fully compliant (5 points)<\/td>\n<\/tr>\n<tr>\n<td style=\"text-align: center;\"><strong>7<\/strong><\/td>\n<td>Is the population, sample size and sampling method specified?<\/td>\n<td>o No (0 points)<br \/>o Yes, partially (3 points)<br \/>o Yes, exactly (5 points)<\/td>\n<\/tr>\n<tr style=\"background: #f2f2f2;\">\n<td style=\"text-align: center;\"><strong>8<\/strong><\/td>\n<td>Is the data collection method of the study specified?<\/td>\n<td>o No (0 points)<br \/>o Yes, partially (3 points)<br \/>o Yes, exactly (5 points)<\/td>\n<\/tr>\n<tr>\n<td style=\"text-align: center;\"><strong>9<\/strong><\/td>\n<td>Are the (dependent-independent) variables of the study specified?<\/td>\n<td>o No (0 points)<br \/>o Yes, partially (3 points)<br \/>o Yes, exactly (5 points)<\/td>\n<\/tr>\n<tr style=\"background: #f2f2f2;\">\n<td style=\"text-align: center;\"><strong>10<\/strong><\/td>\n<td>Are the statistical methods used in the study specified?<\/td>\n<td>o Not applicable (0 points)<br \/>o Partially appropriate (3 points)<br \/>o Fully compliant (5 points)<\/td>\n<\/tr>\n<tr>\n<td style=\"text-align: center;\"><strong>11<\/strong><\/td>\n<td>Are the findings written in line with the objectives of the research?<\/td>\n<td>o No (0 points)<br \/>o Yes, partially (3 points)<br \/>o Yes, exactly (5 points)<\/td>\n<\/tr>\n<tr style=\"background: #f2f2f2;\">\n<td style=\"text-align: center;\"><strong>12<\/strong><\/td>\n<td>Are the findings presented in an understandable way, including the results of statistical analysis?<\/td>\n<td>o No (0 points)<br \/>o Yes, partially (3 points)<br \/>o Yes, exactly (5 points)<\/td>\n<\/tr>\n<tr>\n<td style=\"text-align: center;\"><strong>13<\/strong><\/td>\n<td>Are potential sources of bias and\/or limitations of the study identified?<\/td>\n<td>o No (0 points)<br \/>o Yes, partially (3 points)<br \/>o Yes, exactly (5 points)<\/td>\n<\/tr>\n<tr style=\"background: #f2f2f2;\">\n<td style=\"text-align: center;\"><strong>14<\/strong><\/td>\n<td>Have recommendations been made based on the study results?<\/td>\n<td>o No (0 points)<br \/>o Yes, partially (3 points)<br \/>o Yes, exactly (5 points)<\/td>\n<\/tr>\n<tr>\n<td style=\"text-align: center;\"><strong>15<\/strong><\/td>\n<td>Is the study clearly written?<\/td>\n<td>o No (0 points)<br \/>o Yes, partially (3 points)<br \/>o Yes, exactly (5 points)<\/td>\n<\/tr>\n<tr style=\"background: #f2f2f2;\">\n<td style=\"text-align: center;\"><strong>16<\/strong><\/td>\n<td>What is the contribution of the study to public health?<\/td>\n<td>o No contribution (0 points)<br \/>o Limited contribution (5 points)<br \/>o Contributes (10 points) o Contributes a lot (25 points)<\/td>\n<\/tr>\n<\/tbody>\n<\/table>\n<p>[\/vc_column_text][\/vc_tta_section][vc_tta_section title=&#8221;QUALITATIVE RESEARCH EVALUATION CRITERIA&#8221; tab_id=&#8221;1691566049556-a1bb947b-f678&#8243;][vc_custom_heading text=&#8221;QUALITATIVE RESEARCH EVALUATION CRITERIA&#8221; font_container=&#8221;tag:h2|font_size:25|text_align:center|color:%23001b89&#8243; use_theme_fonts=&#8221;yes&#8221; css=&#8221;.vc_custom_1751980551888{margin-bottom: 5px !important;}&#8221; text_transform=&#8221;text-uppercase&#8221; font_weight=&#8221;700&#8243;][vc_column_text css=&#8221;&#8221;]<\/p>\n<table class=\"table-bordered\" style=\"border: 1px solid #ccc; color: #000;\">\n<tbody>\n<tr>\n<td style=\"width: 5%; text-align: center;\"><strong>1<\/strong><\/td>\n<td style=\"width: 60%;\">Is the study topic unique?<\/td>\n<td>o Not research (0 points)<br \/>o Partially research (3 points)<br \/>o Research (5 points)<\/td>\n<\/tr>\n<tr style=\"background: #f2f2f2;\">\n<td style=\"text-align: center;\"><strong>2<\/strong><\/td>\n<td>Does the title of the study reflect the content and methodology of the study?<\/td>\n<td>o No (0 points)<br \/>o Yes, partially (3 points)<br \/>o Yes, exactly (5 points)<\/td>\n<\/tr>\n<tr>\n<td style=\"text-align: center;\"><strong>3<\/strong><\/td>\n<td>Is the method(s) chosen in the research (focus group and\/or in-depth interview and\/or document analysis etc.) explained?<\/td>\n<td>o No (0 points)<br \/>o Yes, partially (3 points)<br \/>o Yes, exactly (5 points)<\/td>\n<\/tr>\n<tr style=\"background: #f2f2f2;\">\n<td style=\"text-align: center;\"><strong>4<\/strong><\/td>\n<td>Is the number of people to participate in the study and the sampling method explained?<\/td>\n<td>o No (0 points)<br \/>o Yes, partially (3 points)<br \/>o Yes, exactly (5 points)<\/td>\n<\/tr>\n<tr>\n<td style=\"text-align: center;\"><strong>5<\/strong><\/td>\n<td>Are the selection criteria for participants and how they were selected specified?<\/td>\n<td>o No (0 points)<br \/>o Yes, partially (3 points)<br \/>o Yes, exactly (5 points)<\/td>\n<\/tr>\n<tr style=\"background: #f2f2f2;\">\n<td style=\"text-align: center;\"><strong>6<\/strong><\/td>\n<td>Who conducted the interviews and the experience of the interviewees?<\/td>\n<td>o No (0 points)<br \/>o Yes, partially (3 points)<br \/>o Yes, exactly (5 points)<\/td>\n<\/tr>\n<tr>\n<td style=\"text-align: center;\"><strong>7<\/strong><\/td>\n<td>Is the place and duration of the meetings specified?<\/td>\n<td>o No (0 points)<br \/>o Yes, partially (3 points)<br \/>o Yes, exactly (5 points)<\/td>\n<\/tr>\n<tr style=\"background: #f2f2f2;\">\n<td style=\"text-align: center;\"><strong>8<\/strong><\/td>\n<td>Is sufficient information provided about the equipment used for data collection (semi-structured, unstructured, etc.)?<\/td>\n<td>o No (0 points)<br \/>o Yes, partially (3 points)<br \/>o Yes, concretely (5 points)<\/td>\n<\/tr>\n<tr>\n<td style=\"text-align: center;\"><strong>9<\/strong><\/td>\n<td>How many people and how the data were coded (manually or in a specific program)?<\/td>\n<td>o No (0 points)<br \/>o Yes, partially (3 points)<br \/>o Yes, concretely (5 points)<\/td>\n<\/tr>\n<tr style=\"background: #f2f2f2;\">\n<td style=\"text-align: center;\"><strong>10<\/strong><\/td>\n<td>Is the type of analysis specified (such as theme analysis)?<\/td>\n<td>o No (0 points)<br \/>o Yes, partially (3 points)<br \/>o Yes, concretely (5 points)<\/td>\n<\/tr>\n<tr>\n<td style=\"text-align: center;\"><strong>11<\/strong><\/td>\n<td>Is the findings section of the study adequate in terms of its objectives?<\/td>\n<td>o Not applicable (0 points)<br \/>o Partially Adequate (3 points)<br \/>o Adequate (5 points)<\/td>\n<\/tr>\n<tr style=\"background: #f2f2f2;\">\n<td style=\"text-align: center;\"><strong>12<\/strong><\/td>\n<td>Are potential sources of bias and\/or limitations of the study identified?<\/td>\n<td>o No (0 points)<br \/>o Yes, partially (3 points)<br \/>o Yes, concretely (5 points)<\/td>\n<\/tr>\n<tr>\n<td style=\"text-align: center;\"><strong>13<\/strong><\/td>\n<td>Are the results based on the research findings?<\/td>\n<td>o No (0 points)<br \/>o Partially (Conclusions not based on findings) (3 points)<br \/>o Yes, all evidence-based (5 points)<\/td>\n<\/tr>\n<tr style=\"background: #f2f2f2;\">\n<td style=\"text-align: center;\"><strong>14<\/strong><\/td>\n<td>Are new questions, constructive suggestions or planned actions raised by the research indicated?<\/td>\n<td>o No (0 points)<br \/>o Partially (3 points)<br \/>o Yes (5 points)<\/td>\n<\/tr>\n<tr>\n<td style=\"text-align: center;\"><strong>15<\/strong><\/td>\n<td>Is the study clearly written?<\/td>\n<td>o No (0 points)<br \/>o Yes, partially (3 points)<br \/>o Yes, concretely (5 points)<\/td>\n<\/tr>\n<tr style=\"background: #f2f2f2;\">\n<td style=\"text-align: center;\"><strong>16<\/strong><\/td>\n<td>What is the contribution of the study to public health?<\/td>\n<td>o No contribution (0 points)<br \/>o Limited contribution (5 points)<br \/>o Contributes (10 points)<br \/>o Contributes a lot (25 points)<\/td>\n<\/tr>\n<\/tbody>\n<\/table>\n<p>[\/vc_column_text][\/vc_tta_section][vc_tta_section title=&#8221;EVALUATION CRITERIA FOR SUBMISSIONS *OTHER THAN THE ORGINAL RESEARCH&#8221; tab_id=&#8221;1691566962788-5d90a935-1d12&#8243;][vc_custom_heading text=&#8221;EVALUATION CRITERIA FOR SUBMISSIONS<br \/>\n*OTHER THAN THE ORGINAL RESEARCH&#8221; font_container=&#8221;tag:h2|font_size:25|text_align:center|color:%23001b89&#8243; use_theme_fonts=&#8221;yes&#8221; css=&#8221;.vc_custom_1751980592712{margin-bottom: 5px !important;}&#8221; text_transform=&#8221;text-uppercase&#8221; font_weight=&#8221;700&#8243;][vc_column_text css=&#8221;&#8221;]<strong>* Field Practices and Experiences, Policy Assessments, Evaluations on the Main Theme of the Congress<\/strong>[\/vc_column_text][vc_column_text css=&#8221;&#8221;]<\/p>\n<table class=\"table-bordered\" style=\"border: 1px solid #ccc; color: #000;\">\n<tbody>\n<tr>\n<td style=\"width: 5%; text-align: center;\"><strong>1<\/strong><\/td>\n<td style=\"width: 60%;\">Has the public health importance of the issue been explained?<\/td>\n<td>o No (0 points)<br \/>o Partially (5 points)<br \/>o Yes (10 points)<\/td>\n<\/tr>\n<tr style=\"background: #f2f2f2;\">\n<td><strong>2<\/strong><\/td>\n<td>Is the current literature on the subject, including national and\/or international practices, covered?<\/td>\n<td>o No (0 points)<br \/>o Partially (5 points)<br \/>o Yes (10 points)<\/td>\n<\/tr>\n<tr>\n<td><strong>3<\/strong><\/td>\n<td>Has the relevant historical process been evaluated?<\/td>\n<td>o No (0 points)<br \/>o Partially (5 points)<br \/>o Yes (10 points)<\/td>\n<\/tr>\n<tr style=\"background: #f2f2f2;\">\n<td><strong>4<\/strong><\/td>\n<td>Have relevant parties\/institutions etc. been identified or assessed?<\/td>\n<td>o No (0 points)<br \/>o Partially (5 points)<br \/>o Yes (10 points)<\/td>\n<\/tr>\n<tr>\n<td><strong>5<\/strong><\/td>\n<td>Have the relevant assessments been sufficiently discussed?<\/td>\n<td>o No (0 points)<br \/>o Partially (5 points)<br \/>o Yes (10 points)<\/td>\n<\/tr>\n<tr style=\"background: #f2f2f2;\">\n<td><strong>6<\/strong><\/td>\n<td>Are solution proposals and\/or research needs related to the issue specified?<\/td>\n<td>o No (0 points)<br \/>o Partially (5 points)<br \/>o Yes (10 points)<\/td>\n<\/tr>\n<tr>\n<td><strong>7<\/strong><\/td>\n<td>Is the issue important for public health?<\/td>\n<td>o No (0 points)<br \/>o Partially (5 points)<br \/>o Yes (10 points)<\/td>\n<\/tr>\n<tr style=\"background: #f2f2f2;\">\n<td><strong>8<\/strong><\/td>\n<td>Does the Submission have the value to be presented and discussed at the congress?<\/td>\n<td>o No (0 points)<br \/>o Partially (5 points)<br \/>o Yes (10 points)<\/td>\n<\/tr>\n<\/tbody>\n<\/table>\n<p>[\/vc_column_text][\/vc_tta_section][\/vc_tta_tour][\/vc_column][\/vc_row][vc_row][vc_column][vc_empty_space height=&#8221;50px&#8221;][\/vc_column][\/vc_row][vc_row css=&#8221;.vc_custom_1687512154628{margin-top: 0px !important;padding-top: 0px !important;background-color: #e5e5e5 !important;}&#8221; conditional_render=&#8221;%5B%7B%22value_role%22%3A%22administrator%22%7D%5D&#8221;][vc_column offset=&#8221;vc_hidden-xl vc_hidden-lg vc_hidden-md vc_hidden-sm&#8221; conditional_render=&#8221;%5B%7B%22value_role%22%3A%22administrator%22%7D%5D&#8221;][vc_column_text css=&#8221;&#8221;]<div class=\"porto-block\" data-id=\"8134\"><style>.vc_custom_1687512154628{margin-top: 0px !important;padding-top: 0px !important;background-color: #e5e5e5 !important;}.vc_custom_1720165871439{padding-bottom: 5px !important;}<\/style>[vc_row css=\".vc_custom_1687512154628{margin-top: 0px !important;padding-top: 0px !important;background-color: #e5e5e5 !important;}\" conditional_render=\"%5B%7B%22value_role%22%3A%22administrator%22%7D%5D\"][vc_column offset=\"vc_hidden-xl vc_hidden-lg vc_hidden-md vc_hidden-sm\" conditional_render=\"%5B%7B%22value_role%22%3A%22administrator%22%7D%5D\"][vc_row_inner css=\".vc_custom_1720165871439{padding-bottom: 5px !important;}\"][vc_column_inner width=\"1\/3\" offset=\"vc_col-xs-4\"][vc_single_image image=\"8481\" img_size=\"full\" alignment=\"center\" css=\"\"][\/vc_column_inner][vc_column_inner width=\"1\/3\" offset=\"vc_col-xs-4\"][vc_single_image image=\"8546\" img_size=\"150x36\" alignment=\"center\" css=\"\" label=\"\"][\/vc_column_inner][vc_column_inner width=\"1\/3\" offset=\"vc_col-xs-4\"][vc_single_image image=\"8463\" img_size=\"36x25\" alignment=\"center\" css=\"\"][\/vc_column_inner][\/vc_row_inner][\/vc_column][\/vc_row]<\/div>[\/vc_column_text][\/vc_column][\/vc_row]<\/p>\n<\/div>","protected":false},"excerpt":{"rendered":"<p>[vc_row conditional_render=&#8221;%5B%7B%22value_role%22%3A%22administrator%22%7D%5D&#8221;][vc_column][vc_empty_space height=&#8221;50px&#8221;][\/vc_column][\/vc_row][vc_row full_width=&#8221;stretch_row&#8221; wrap_container=&#8221;yes&#8221; conditional_render=&#8221;%5B%7B%22value_role%22%3A%22administrator%22%7D%5D&#8221;][vc_column][vc_tta_tour style=&#8221;modern&#8221; spacing=&#8221;&#8221; controls_size=&#8221;md&#8221; active_section=&#8221;1&#8243; no_fill_content_area=&#8221;true&#8221;][vc_tta_section title=&#8221;QUANTITATIVE RESEARCH EVALUATION CRITERIA&#8221; tab_id=&#8221;1691566049555-07ffce7b-8332&#8243;][vc_custom_heading text=&#8221;QUANTITATIVE RESEARCH EVALUATION CRITERIA&#8221; font_container=&#8221;tag:h2|font_size:25|text_align:center|color:%23001b89&#8243; use_theme_fonts=&#8221;yes&#8221; css=&#8221;.vc_custom_1751980505801{margin-bottom: 5px !important;}&#8221; text_transform=&#8221;text-uppercase&#8221; font_weight=&#8221;700&#8243;][vc_column_text css=&#8221;&#8221;] 1 Is the study topic unique? o Not research (0 points)o Partially research (3 points)o Research (5 points) 2 Does the title of the study reflect the [&hellip;]<\/p>\n","protected":false},"author":1,"featured_media":0,"parent":0,"menu_order":0,"comment_status":"closed","ping_status":"closed","template":"","meta":{"footnotes":""},"class_list":["post-6708","page","type-page","status-publish","hentry"],"yoast_head":"<!-- This site is optimized with the Yoast SEO plugin v25.3 - https:\/\/yoast.com\/wordpress\/plugins\/seo\/ -->\n<title>Submission Evaluation Criteria - 9th International and 27th National Congress of Public Health<\/title>\n<meta name=\"robots\" content=\"index, follow, max-snippet:-1, max-image-preview:large, max-video-preview:-1\" \/>\n<link rel=\"canonical\" href=\"https:\/\/uhsk.org\/2025en\/submission-evaluation-criteria\/\" \/>\n<meta name=\"twitter:card\" content=\"summary_large_image\" \/>\n<meta name=\"twitter:title\" content=\"Submission Evaluation Criteria - 9th International and 27th National Congress of Public Health\" \/>\n<meta name=\"twitter:description\" content=\"[vc_row conditional_render=&#8221;%5B%7B%22value_role%22%3A%22administrator%22%7D%5D&#8221;][vc_column][vc_empty_space height=&#8221;50px&#8221;][\/vc_column][\/vc_row][vc_row full_width=&#8221;stretch_row&#8221; wrap_container=&#8221;yes&#8221; conditional_render=&#8221;%5B%7B%22value_role%22%3A%22administrator%22%7D%5D&#8221;][vc_column][vc_tta_tour style=&#8221;modern&#8221; spacing=&#8221;&#8221; controls_size=&#8221;md&#8221; active_section=&#8221;1&#8243; no_fill_content_area=&#8221;true&#8221;][vc_tta_section title=&#8221;QUANTITATIVE RESEARCH EVALUATION CRITERIA&#8221; tab_id=&#8221;1691566049555-07ffce7b-8332&#8243;][vc_custom_heading text=&#8221;QUANTITATIVE RESEARCH EVALUATION CRITERIA&#8221; font_container=&#8221;tag:h2|font_size:25|text_align:center|color:%23001b89&#8243; use_theme_fonts=&#8221;yes&#8221; css=&#8221;.vc_custom_1751980505801{margin-bottom: 5px !important;}&#8221; text_transform=&#8221;text-uppercase&#8221; font_weight=&#8221;700&#8243;][vc_column_text css=&#8221;&#8221;] 1 Is the study topic unique? o Not research (0 points)o Partially research (3 points)o Research (5 points) 2 Does the title of the study reflect the [&hellip;]\" \/>\n<meta name=\"twitter:label1\" content=\"Tahmini okuma s\u00fcresi\" \/>\n\t<meta name=\"twitter:data1\" content=\"7 dakika\" \/>\n<script type=\"application\/ld+json\" class=\"yoast-schema-graph\">{\"@context\":\"https:\/\/schema.org\",\"@graph\":[{\"@type\":\"WebPage\",\"@id\":\"https:\/\/uhsk.org\/2025en\/submission-evaluation-criteria\/\",\"url\":\"https:\/\/uhsk.org\/2025en\/submission-evaluation-criteria\/\",\"name\":\"Submission Evaluation Criteria - 9th International and 27th National Congress of Public Health\",\"isPartOf\":{\"@id\":\"https:\/\/uhsk.org\/2025en\/#website\"},\"datePublished\":\"2023-08-09T06:39:56+00:00\",\"dateModified\":\"2025-07-08T13:17:57+00:00\",\"breadcrumb\":{\"@id\":\"https:\/\/uhsk.org\/2025en\/submission-evaluation-criteria\/#breadcrumb\"},\"inLanguage\":\"tr\",\"potentialAction\":[{\"@type\":\"ReadAction\",\"target\":[\"https:\/\/uhsk.org\/2025en\/submission-evaluation-criteria\/\"]}]},{\"@type\":\"BreadcrumbList\",\"@id\":\"https:\/\/uhsk.org\/2025en\/submission-evaluation-criteria\/#breadcrumb\",\"itemListElement\":[{\"@type\":\"ListItem\",\"position\":1,\"name\":\"Anasayfa\",\"item\":\"https:\/\/uhsk.org\/2025en\/\"},{\"@type\":\"ListItem\",\"position\":2,\"name\":\"Submission Evaluation Criteria\"}]},{\"@type\":\"WebSite\",\"@id\":\"https:\/\/uhsk.org\/2025en\/#website\",\"url\":\"https:\/\/uhsk.org\/2025en\/\",\"name\":\"8. Uluslararas\u0131 ve 26. Ulusal Halk Sa\u011fl\u0131\u011f\u0131 Kongresi\",\"description\":\"\",\"publisher\":{\"@id\":\"https:\/\/uhsk.org\/2025en\/#organization\"},\"potentialAction\":[{\"@type\":\"SearchAction\",\"target\":{\"@type\":\"EntryPoint\",\"urlTemplate\":\"https:\/\/uhsk.org\/2025en\/?s={search_term_string}\"},\"query-input\":{\"@type\":\"PropertyValueSpecification\",\"valueRequired\":true,\"valueName\":\"search_term_string\"}}],\"inLanguage\":\"tr\"},{\"@type\":\"Organization\",\"@id\":\"https:\/\/uhsk.org\/2025en\/#organization\",\"name\":\"8. Uluslararas\u0131 ve 26. Ulusal Halk Sa\u011fl\u0131\u011f\u0131 Kongresi\",\"url\":\"https:\/\/uhsk.org\/2025en\/\",\"logo\":{\"@type\":\"ImageObject\",\"inLanguage\":\"tr\",\"@id\":\"https:\/\/uhsk.org\/2025en\/#\/schema\/logo\/image\/\",\"url\":\"http:\/\/uhsk.org\/2025en\/wp-content\/uploads\/2024\/07\/non-profil.png\",\"contentUrl\":\"http:\/\/uhsk.org\/2025en\/wp-content\/uploads\/2024\/07\/non-profil.png\",\"width\":125,\"height\":164,\"caption\":\"8. Uluslararas\u0131 ve 26. Ulusal Halk Sa\u011fl\u0131\u011f\u0131 Kongresi\"},\"image\":{\"@id\":\"https:\/\/uhsk.org\/2025en\/#\/schema\/logo\/image\/\"}}]}<\/script>\n<!-- \/ Yoast SEO plugin. -->","yoast_head_json":{"title":"Submission Evaluation Criteria - 9th International and 27th National Congress of Public Health","robots":{"index":"index","follow":"follow","max-snippet":"max-snippet:-1","max-image-preview":"max-image-preview:large","max-video-preview":"max-video-preview:-1"},"canonical":"https:\/\/uhsk.org\/2025en\/submission-evaluation-criteria\/","twitter_card":"summary_large_image","twitter_title":"Submission Evaluation Criteria - 9th International and 27th National Congress of Public Health","twitter_description":"[vc_row conditional_render=&#8221;%5B%7B%22value_role%22%3A%22administrator%22%7D%5D&#8221;][vc_column][vc_empty_space height=&#8221;50px&#8221;][\/vc_column][\/vc_row][vc_row full_width=&#8221;stretch_row&#8221; wrap_container=&#8221;yes&#8221; conditional_render=&#8221;%5B%7B%22value_role%22%3A%22administrator%22%7D%5D&#8221;][vc_column][vc_tta_tour style=&#8221;modern&#8221; spacing=&#8221;&#8221; controls_size=&#8221;md&#8221; active_section=&#8221;1&#8243; no_fill_content_area=&#8221;true&#8221;][vc_tta_section title=&#8221;QUANTITATIVE RESEARCH EVALUATION CRITERIA&#8221; tab_id=&#8221;1691566049555-07ffce7b-8332&#8243;][vc_custom_heading text=&#8221;QUANTITATIVE RESEARCH EVALUATION CRITERIA&#8221; font_container=&#8221;tag:h2|font_size:25|text_align:center|color:%23001b89&#8243; use_theme_fonts=&#8221;yes&#8221; css=&#8221;.vc_custom_1751980505801{margin-bottom: 5px !important;}&#8221; text_transform=&#8221;text-uppercase&#8221; font_weight=&#8221;700&#8243;][vc_column_text css=&#8221;&#8221;] 1 Is the study topic unique? o Not research (0 points)o Partially research (3 points)o Research (5 points) 2 Does the title of the study reflect the [&hellip;]","twitter_misc":{"Tahmini okuma s\u00fcresi":"7 dakika"},"schema":{"@context":"https:\/\/schema.org","@graph":[{"@type":"WebPage","@id":"https:\/\/uhsk.org\/2025en\/submission-evaluation-criteria\/","url":"https:\/\/uhsk.org\/2025en\/submission-evaluation-criteria\/","name":"Submission Evaluation Criteria - 9th International and 27th National Congress of Public Health","isPartOf":{"@id":"https:\/\/uhsk.org\/2025en\/#website"},"datePublished":"2023-08-09T06:39:56+00:00","dateModified":"2025-07-08T13:17:57+00:00","breadcrumb":{"@id":"https:\/\/uhsk.org\/2025en\/submission-evaluation-criteria\/#breadcrumb"},"inLanguage":"tr","potentialAction":[{"@type":"ReadAction","target":["https:\/\/uhsk.org\/2025en\/submission-evaluation-criteria\/"]}]},{"@type":"BreadcrumbList","@id":"https:\/\/uhsk.org\/2025en\/submission-evaluation-criteria\/#breadcrumb","itemListElement":[{"@type":"ListItem","position":1,"name":"Anasayfa","item":"https:\/\/uhsk.org\/2025en\/"},{"@type":"ListItem","position":2,"name":"Submission Evaluation Criteria"}]},{"@type":"WebSite","@id":"https:\/\/uhsk.org\/2025en\/#website","url":"https:\/\/uhsk.org\/2025en\/","name":"8. Uluslararas\u0131 ve 26. Ulusal Halk Sa\u011fl\u0131\u011f\u0131 Kongresi","description":"","publisher":{"@id":"https:\/\/uhsk.org\/2025en\/#organization"},"potentialAction":[{"@type":"SearchAction","target":{"@type":"EntryPoint","urlTemplate":"https:\/\/uhsk.org\/2025en\/?s={search_term_string}"},"query-input":{"@type":"PropertyValueSpecification","valueRequired":true,"valueName":"search_term_string"}}],"inLanguage":"tr"},{"@type":"Organization","@id":"https:\/\/uhsk.org\/2025en\/#organization","name":"8. Uluslararas\u0131 ve 26. Ulusal Halk Sa\u011fl\u0131\u011f\u0131 Kongresi","url":"https:\/\/uhsk.org\/2025en\/","logo":{"@type":"ImageObject","inLanguage":"tr","@id":"https:\/\/uhsk.org\/2025en\/#\/schema\/logo\/image\/","url":"http:\/\/uhsk.org\/2025en\/wp-content\/uploads\/2024\/07\/non-profil.png","contentUrl":"http:\/\/uhsk.org\/2025en\/wp-content\/uploads\/2024\/07\/non-profil.png","width":125,"height":164,"caption":"8. Uluslararas\u0131 ve 26. Ulusal Halk Sa\u011fl\u0131\u011f\u0131 Kongresi"},"image":{"@id":"https:\/\/uhsk.org\/2025en\/#\/schema\/logo\/image\/"}}]}},"_links":{"self":[{"href":"https:\/\/uhsk.org\/2025en\/wp-json\/wp\/v2\/pages\/6708","targetHints":{"allow":["GET"]}}],"collection":[{"href":"https:\/\/uhsk.org\/2025en\/wp-json\/wp\/v2\/pages"}],"about":[{"href":"https:\/\/uhsk.org\/2025en\/wp-json\/wp\/v2\/types\/page"}],"author":[{"embeddable":true,"href":"https:\/\/uhsk.org\/2025en\/wp-json\/wp\/v2\/users\/1"}],"replies":[{"embeddable":true,"href":"https:\/\/uhsk.org\/2025en\/wp-json\/wp\/v2\/comments?post=6708"}],"version-history":[{"count":60,"href":"https:\/\/uhsk.org\/2025en\/wp-json\/wp\/v2\/pages\/6708\/revisions"}],"predecessor-version":[{"id":8458,"href":"https:\/\/uhsk.org\/2025en\/wp-json\/wp\/v2\/pages\/6708\/revisions\/8458"}],"wp:attachment":[{"href":"https:\/\/uhsk.org\/2025en\/wp-json\/wp\/v2\/media?parent=6708"}],"curies":[{"name":"wp","href":"https:\/\/api.w.org\/{rel}","templated":true}]}}