{"id":5702,"date":"2023-06-19T13:20:15","date_gmt":"2023-06-19T13:20:15","guid":{"rendered":"https:\/\/uhsk.org\/2025en\/?page_id=5702"},"modified":"2025-07-21T14:07:44","modified_gmt":"2025-07-21T14:07:44","slug":"general-information","status":"publish","type":"page","link":"https:\/\/uhsk.org\/2025en\/general-information\/","title":{"rendered":"General Information"},"content":{"rendered":"<div class=\"wpb-content-wrapper\"><p>[vc_row css=&#8221;.vc_custom_1687195891883{margin-top: 50px !important;}&#8221; conditional_render=&#8221;%5B%7B%22value_role%22%3A%22administrator%22%7D%5D&#8221;][vc_column width=&#8221;1\/6&#8243;][\/vc_column][vc_column width=&#8221;4\/6&#8243;][vc_row_inner][vc_column_inner width=&#8221;1\/2&#8243;]<div class=\"porto-sicon-box  wpb_custom_1ff4e1113edf6260b4a4bcde4c3196cf style_1 top-icon\"><div class=\"porto-sicon-top\"><div id=\"porto-icon-34280502469de5f530eb71\" class=\"porto-just-icon-wrapper porto-sicon-img\" style=\"font-size: 75px;\"><img loading=\"lazy\" decoding=\"async\" class=\"img-icon\" alt=\"\" src=\"https:\/\/uhsk.org\/2025en\/wp-content\/uploads\/2023\/06\/calendar.png\" width=\"128\" height=\"128\" \/><\/div><\/div><div class=\"porto-sicon-header\"><h3 class=\"porto-sicon-title\" style=\"color:#002b5b;\">Congress Date & Venue<\/h3><p>The congress will take place in <b>Antalya Akka Hotel Antedon<\/b> on <b>10 \u2013 13 December, 2025.<\/b><\/p><\/div> <!-- header --><\/div><!-- porto-sicon-box -->[\/vc_column_inner][vc_column_inner width=&#8221;1\/2&#8243;]<div class=\"porto-sicon-box  wpb_custom_1ff4e1113edf6260b4a4bcde4c3196cf style_1 top-icon\"><div class=\"porto-sicon-top\"><div id=\"porto-icon-55020082069de5f530f27d\" class=\"porto-just-icon-wrapper porto-sicon-img\" style=\"font-size: 75px;\"><img loading=\"lazy\" decoding=\"async\" class=\"img-icon\" alt=\"\" src=\"https:\/\/uhsk.org\/2025en\/wp-content\/uploads\/2023\/06\/speak.png\" width=\"64\" height=\"64\" \/><\/div><\/div><div class=\"porto-sicon-header\"><h3 class=\"porto-sicon-title\" style=\"color:#002b5b;\">Congress Language<\/h3><p>Simultaneous translation will be available from Turkish to English and from English to Turkish during the congress.<\/p><\/div> <!-- header --><\/div><!-- porto-sicon-box -->[\/vc_column_inner][\/vc_row_inner][vc_row_inner][vc_column_inner width=&#8221;1\/2&#8243; offset=&#8221;vc_hidden-xs&#8221;][vc_separator][\/vc_column_inner][vc_column_inner width=&#8221;1\/2&#8243; offset=&#8221;vc_hidden-xs&#8221;][vc_separator][\/vc_column_inner][\/vc_row_inner][vc_row_inner][vc_column_inner width=&#8221;1\/2&#8243;]<div class=\"porto-sicon-box  wpb_custom_1ff4e1113edf6260b4a4bcde4c3196cf style_1 top-icon\"><div class=\"porto-sicon-top\"><div id=\"porto-icon-169933361369de5f530f948\" class=\"porto-just-icon-wrapper porto-sicon-img\" style=\"font-size: 75px;\"><img loading=\"lazy\" decoding=\"async\" class=\"img-icon\" alt=\"\" src=\"https:\/\/uhsk.org\/2025en\/wp-content\/uploads\/2023\/06\/award.png\" width=\"64\" height=\"64\" \/><\/div><\/div><div class=\"porto-sicon-header\"><h3 class=\"porto-sicon-title\" style=\"color:#002b5b;\">Certificate of Attendance<\/h3><p>The Certificate of Attendance will be sent by e-mail after the congress is completed.<\/p><\/div> <!-- header --><\/div><!-- porto-sicon-box -->[\/vc_column_inner][vc_column_inner width=&#8221;1\/2&#8243;]<div class=\"porto-sicon-box  wpb_custom_1ff4e1113edf6260b4a4bcde4c3196cf style_1 top-icon\"><div class=\"porto-sicon-top\"><div id=\"porto-icon-200797787169de5f531001e\" class=\"porto-just-icon-wrapper porto-sicon-img\" style=\"font-size: 75px;\"><img loading=\"lazy\" decoding=\"async\" class=\"img-icon\" alt=\"\" src=\"https:\/\/uhsk.org\/2025en\/wp-content\/uploads\/2024\/07\/presentations.png\" width=\"512\" height=\"512\" \/><\/div><\/div><div class=\"porto-sicon-header\"><h3 class=\"porto-sicon-title\" style=\"color:#002b5b;\">Submission Presentations<\/h3><p>All accepted submissions will be presented orally at the Congress.<\/p><\/div> <!-- header --><\/div><!-- porto-sicon-box -->[\/vc_column_inner][\/vc_row_inner][vc_row_inner][vc_column_inner width=&#8221;1\/2&#8243; offset=&#8221;vc_hidden-xs&#8221;][vc_separator][\/vc_column_inner][vc_column_inner width=&#8221;1\/2&#8243; offset=&#8221;vc_hidden-sm vc_hidden-xs&#8221;][vc_separator][\/vc_column_inner][\/vc_row_inner][vc_row_inner][vc_column_inner width=&#8221;1\/2&#8243;]<div class=\"porto-sicon-box  wpb_custom_1ff4e1113edf6260b4a4bcde4c3196cf style_1 top-icon\"><div class=\"porto-sicon-top\"><div id=\"porto-icon-163823199469de5f53106ec\" class=\"porto-just-icon-wrapper porto-sicon-img\" style=\"font-size: 75px;\"><img loading=\"lazy\" decoding=\"async\" class=\"img-icon\" alt=\"\" src=\"https:\/\/uhsk.org\/2025en\/wp-content\/uploads\/2023\/06\/book.png\" width=\"128\" height=\"128\" \/><\/div><\/div><div class=\"porto-sicon-header\"><h3 class=\"porto-sicon-title\" style=\"color:#002b5b;\">Congress Book<\/h3><p>The congress book will be uploaded to the website after the congress and announced to the participants.<\/p><\/div> <!-- header --><\/div><!-- porto-sicon-box -->[\/vc_column_inner][vc_column_inner width=&#8221;1\/2&#8243;]<div class=\"porto-sicon-box  wpb_custom_1ff4e1113edf6260b4a4bcde4c3196cf style_1 top-icon\"><div class=\"porto-sicon-top\"><div id=\"porto-icon-78838495369de5f5310dbb\" class=\"porto-just-icon-wrapper porto-sicon-img\" style=\"font-size: 75px;\"><img loading=\"lazy\" decoding=\"async\" class=\"img-icon\" alt=\"\" src=\"https:\/\/uhsk.org\/2025en\/wp-content\/uploads\/2023\/06\/online-registration.png\" width=\"64\" height=\"64\" \/><\/div><\/div><div class=\"porto-sicon-header\"><h3 class=\"porto-sicon-title\" style=\"color:#002b5b;\">Registration<\/h3><p>Congress registration will be conducted via the <strong>\u201cOnline Registration\u201d<\/strong> link on the website.<\/p><\/div> <!-- header --><\/div><!-- porto-sicon-box -->[\/vc_column_inner][\/vc_row_inner][\/vc_column][vc_column width=&#8221;1\/6&#8243;][\/vc_column][\/vc_row][vc_row][vc_column][vc_empty_space height=&#8221;70px&#8221;][\/vc_column][\/vc_row][vc_row css=&#8221;.vc_custom_1687512154628{margin-top: 0px !important;padding-top: 0px !important;background-color: #e5e5e5 !important;}&#8221; conditional_render=&#8221;%5B%7B%22value_role%22%3A%22administrator%22%7D%5D&#8221;][vc_column offset=&#8221;vc_hidden-xl vc_hidden-lg vc_hidden-md vc_hidden-sm&#8221; conditional_render=&#8221;%5B%7B%22value_role%22%3A%22administrator%22%7D%5D&#8221;][vc_column_text css=&#8221;&#8221;]<div class=\"porto-block\" data-id=\"8134\"><style>.vc_custom_1687512154628{margin-top: 0px !important;padding-top: 0px !important;background-color: #e5e5e5 !important;}.vc_custom_1720165871439{padding-bottom: 5px !important;}<\/style>[vc_row css=\".vc_custom_1687512154628{margin-top: 0px !important;padding-top: 0px !important;background-color: #e5e5e5 !important;}\" conditional_render=\"%5B%7B%22value_role%22%3A%22administrator%22%7D%5D\"][vc_column offset=\"vc_hidden-xl vc_hidden-lg vc_hidden-md vc_hidden-sm\" conditional_render=\"%5B%7B%22value_role%22%3A%22administrator%22%7D%5D\"][vc_row_inner css=\".vc_custom_1720165871439{padding-bottom: 5px !important;}\"][vc_column_inner width=\"1\/3\" offset=\"vc_col-xs-4\"][vc_single_image image=\"8481\" img_size=\"full\" alignment=\"center\" css=\"\"][\/vc_column_inner][vc_column_inner width=\"1\/3\" offset=\"vc_col-xs-4\"][vc_single_image image=\"8546\" img_size=\"150x36\" alignment=\"center\" css=\"\" label=\"\"][\/vc_column_inner][vc_column_inner width=\"1\/3\" offset=\"vc_col-xs-4\"][vc_single_image image=\"8463\" img_size=\"36x25\" alignment=\"center\" css=\"\"][\/vc_column_inner][\/vc_row_inner][\/vc_column][\/vc_row]<\/div>[\/vc_column_text][\/vc_column][\/vc_row]<\/p>\n<\/div>","protected":false},"excerpt":{"rendered":"<p>[vc_row css=&#8221;.vc_custom_1687195891883{margin-top: 50px !important;}&#8221; conditional_render=&#8221;%5B%7B%22value_role%22%3A%22administrator%22%7D%5D&#8221;][vc_column width=&#8221;1\/6&#8243;][\/vc_column][vc_column width=&#8221;4\/6&#8243;][vc_row_inner][vc_column_inner width=&#8221;1\/2&#8243;][\/vc_column_inner][vc_column_inner width=&#8221;1\/2&#8243;][\/vc_column_inner][\/vc_row_inner][vc_row_inner][vc_column_inner width=&#8221;1\/2&#8243; offset=&#8221;vc_hidden-xs&#8221;][vc_separator][\/vc_column_inner][vc_column_inner width=&#8221;1\/2&#8243; offset=&#8221;vc_hidden-xs&#8221;][vc_separator][\/vc_column_inner][\/vc_row_inner][vc_row_inner][vc_column_inner width=&#8221;1\/2&#8243;][\/vc_column_inner][vc_column_inner width=&#8221;1\/2&#8243;][\/vc_column_inner][\/vc_row_inner][vc_row_inner][vc_column_inner width=&#8221;1\/2&#8243; offset=&#8221;vc_hidden-xs&#8221;][vc_separator][\/vc_column_inner][vc_column_inner width=&#8221;1\/2&#8243; offset=&#8221;vc_hidden-sm vc_hidden-xs&#8221;][vc_separator][\/vc_column_inner][\/vc_row_inner][vc_row_inner][vc_column_inner width=&#8221;1\/2&#8243;][\/vc_column_inner][vc_column_inner width=&#8221;1\/2&#8243;][\/vc_column_inner][\/vc_row_inner][\/vc_column][vc_column width=&#8221;1\/6&#8243;][\/vc_column][\/vc_row][vc_row][vc_column][vc_empty_space height=&#8221;70px&#8221;][\/vc_column][\/vc_row][vc_row css=&#8221;.vc_custom_1687512154628{margin-top: 0px !important;padding-top: 0px !important;background-color: #e5e5e5 !important;}&#8221; conditional_render=&#8221;%5B%7B%22value_role%22%3A%22administrator%22%7D%5D&#8221;][vc_column offset=&#8221;vc_hidden-xl vc_hidden-lg vc_hidden-md vc_hidden-sm&#8221; conditional_render=&#8221;%5B%7B%22value_role%22%3A%22administrator%22%7D%5D&#8221;][vc_column_text css=&#8221;&#8221;][\/vc_column_text][\/vc_column][\/vc_row]<\/p>\n","protected":false},"author":1,"featured_media":0,"parent":0,"menu_order":0,"comment_status":"closed","ping_status":"closed","template":"","meta":{"footnotes":""},"class_list":["post-5702","page","type-page","status-publish","hentry"],"yoast_head":"<!-- This site is optimized with the Yoast SEO plugin v25.3 - https:\/\/yoast.com\/wordpress\/plugins\/seo\/ -->\n<title>General Information - 9th International and 27th National Congress of Public Health<\/title>\n<meta name=\"robots\" content=\"index, follow, max-snippet:-1, max-image-preview:large, max-video-preview:-1\" \/>\n<link rel=\"canonical\" href=\"https:\/\/uhsk.org\/2025en\/general-information\/\" \/>\n<meta name=\"twitter:card\" content=\"summary_large_image\" \/>\n<meta name=\"twitter:title\" content=\"General Information - 9th International and 27th National Congress of Public Health\" \/>\n<meta name=\"twitter:description\" content=\"[vc_row css=&#8221;.vc_custom_1687195891883{margin-top: 50px !important;}&#8221; conditional_render=&#8221;%5B%7B%22value_role%22%3A%22administrator%22%7D%5D&#8221;][vc_column width=&#8221;1\/6&#8243;][\/vc_column][vc_column width=&#8221;4\/6&#8243;][vc_row_inner][vc_column_inner width=&#8221;1\/2&#8243;][\/vc_column_inner][vc_column_inner width=&#8221;1\/2&#8243;][\/vc_column_inner][\/vc_row_inner][vc_row_inner][vc_column_inner width=&#8221;1\/2&#8243; offset=&#8221;vc_hidden-xs&#8221;][vc_separator][\/vc_column_inner][vc_column_inner width=&#8221;1\/2&#8243; offset=&#8221;vc_hidden-xs&#8221;][vc_separator][\/vc_column_inner][\/vc_row_inner][vc_row_inner][vc_column_inner width=&#8221;1\/2&#8243;][\/vc_column_inner][vc_column_inner width=&#8221;1\/2&#8243;][\/vc_column_inner][\/vc_row_inner][vc_row_inner][vc_column_inner width=&#8221;1\/2&#8243; offset=&#8221;vc_hidden-xs&#8221;][vc_separator][\/vc_column_inner][vc_column_inner width=&#8221;1\/2&#8243; offset=&#8221;vc_hidden-sm vc_hidden-xs&#8221;][vc_separator][\/vc_column_inner][\/vc_row_inner][vc_row_inner][vc_column_inner width=&#8221;1\/2&#8243;][\/vc_column_inner][vc_column_inner width=&#8221;1\/2&#8243;][\/vc_column_inner][\/vc_row_inner][\/vc_column][vc_column width=&#8221;1\/6&#8243;][\/vc_column][\/vc_row][vc_row][vc_column][vc_empty_space height=&#8221;70px&#8221;][\/vc_column][\/vc_row][vc_row css=&#8221;.vc_custom_1687512154628{margin-top: 0px !important;padding-top: 0px !important;background-color: #e5e5e5 !important;}&#8221; conditional_render=&#8221;%5B%7B%22value_role%22%3A%22administrator%22%7D%5D&#8221;][vc_column offset=&#8221;vc_hidden-xl vc_hidden-lg vc_hidden-md vc_hidden-sm&#8221; conditional_render=&#8221;%5B%7B%22value_role%22%3A%22administrator%22%7D%5D&#8221;][vc_column_text css=&#8221;&#8221;][\/vc_column_text][\/vc_column][\/vc_row]\" \/>\n<meta name=\"twitter:label1\" content=\"Tahmini okuma s\u00fcresi\" \/>\n\t<meta name=\"twitter:data1\" content=\"3 dakika\" \/>\n<script type=\"application\/ld+json\" class=\"yoast-schema-graph\">{\"@context\":\"https:\/\/schema.org\",\"@graph\":[{\"@type\":\"WebPage\",\"@id\":\"https:\/\/uhsk.org\/2025en\/general-information\/\",\"url\":\"https:\/\/uhsk.org\/2025en\/general-information\/\",\"name\":\"General Information - 9th International and 27th National Congress of Public Health\",\"isPartOf\":{\"@id\":\"https:\/\/uhsk.org\/2025en\/#website\"},\"datePublished\":\"2023-06-19T13:20:15+00:00\",\"dateModified\":\"2025-07-21T14:07:44+00:00\",\"breadcrumb\":{\"@id\":\"https:\/\/uhsk.org\/2025en\/general-information\/#breadcrumb\"},\"inLanguage\":\"tr\",\"potentialAction\":[{\"@type\":\"ReadAction\",\"target\":[\"https:\/\/uhsk.org\/2025en\/general-information\/\"]}]},{\"@type\":\"BreadcrumbList\",\"@id\":\"https:\/\/uhsk.org\/2025en\/general-information\/#breadcrumb\",\"itemListElement\":[{\"@type\":\"ListItem\",\"position\":1,\"name\":\"Anasayfa\",\"item\":\"https:\/\/uhsk.org\/2025en\/\"},{\"@type\":\"ListItem\",\"position\":2,\"name\":\"General Information\"}]},{\"@type\":\"WebSite\",\"@id\":\"https:\/\/uhsk.org\/2025en\/#website\",\"url\":\"https:\/\/uhsk.org\/2025en\/\",\"name\":\"8. Uluslararas\u0131 ve 26. Ulusal Halk Sa\u011fl\u0131\u011f\u0131 Kongresi\",\"description\":\"\",\"publisher\":{\"@id\":\"https:\/\/uhsk.org\/2025en\/#organization\"},\"potentialAction\":[{\"@type\":\"SearchAction\",\"target\":{\"@type\":\"EntryPoint\",\"urlTemplate\":\"https:\/\/uhsk.org\/2025en\/?s={search_term_string}\"},\"query-input\":{\"@type\":\"PropertyValueSpecification\",\"valueRequired\":true,\"valueName\":\"search_term_string\"}}],\"inLanguage\":\"tr\"},{\"@type\":\"Organization\",\"@id\":\"https:\/\/uhsk.org\/2025en\/#organization\",\"name\":\"8. Uluslararas\u0131 ve 26. Ulusal Halk Sa\u011fl\u0131\u011f\u0131 Kongresi\",\"url\":\"https:\/\/uhsk.org\/2025en\/\",\"logo\":{\"@type\":\"ImageObject\",\"inLanguage\":\"tr\",\"@id\":\"https:\/\/uhsk.org\/2025en\/#\/schema\/logo\/image\/\",\"url\":\"http:\/\/uhsk.org\/2025en\/wp-content\/uploads\/2024\/07\/non-profil.png\",\"contentUrl\":\"http:\/\/uhsk.org\/2025en\/wp-content\/uploads\/2024\/07\/non-profil.png\",\"width\":125,\"height\":164,\"caption\":\"8. Uluslararas\u0131 ve 26. Ulusal Halk Sa\u011fl\u0131\u011f\u0131 Kongresi\"},\"image\":{\"@id\":\"https:\/\/uhsk.org\/2025en\/#\/schema\/logo\/image\/\"}}]}<\/script>\n<!-- \/ Yoast SEO plugin. -->","yoast_head_json":{"title":"General Information - 9th International and 27th National Congress of Public Health","robots":{"index":"index","follow":"follow","max-snippet":"max-snippet:-1","max-image-preview":"max-image-preview:large","max-video-preview":"max-video-preview:-1"},"canonical":"https:\/\/uhsk.org\/2025en\/general-information\/","twitter_card":"summary_large_image","twitter_title":"General Information - 9th International and 27th National Congress of Public Health","twitter_description":"[vc_row css=&#8221;.vc_custom_1687195891883{margin-top: 50px !important;}&#8221; conditional_render=&#8221;%5B%7B%22value_role%22%3A%22administrator%22%7D%5D&#8221;][vc_column width=&#8221;1\/6&#8243;][\/vc_column][vc_column width=&#8221;4\/6&#8243;][vc_row_inner][vc_column_inner width=&#8221;1\/2&#8243;][\/vc_column_inner][vc_column_inner width=&#8221;1\/2&#8243;][\/vc_column_inner][\/vc_row_inner][vc_row_inner][vc_column_inner width=&#8221;1\/2&#8243; offset=&#8221;vc_hidden-xs&#8221;][vc_separator][\/vc_column_inner][vc_column_inner width=&#8221;1\/2&#8243; offset=&#8221;vc_hidden-xs&#8221;][vc_separator][\/vc_column_inner][\/vc_row_inner][vc_row_inner][vc_column_inner width=&#8221;1\/2&#8243;][\/vc_column_inner][vc_column_inner width=&#8221;1\/2&#8243;][\/vc_column_inner][\/vc_row_inner][vc_row_inner][vc_column_inner width=&#8221;1\/2&#8243; offset=&#8221;vc_hidden-xs&#8221;][vc_separator][\/vc_column_inner][vc_column_inner width=&#8221;1\/2&#8243; offset=&#8221;vc_hidden-sm vc_hidden-xs&#8221;][vc_separator][\/vc_column_inner][\/vc_row_inner][vc_row_inner][vc_column_inner width=&#8221;1\/2&#8243;][\/vc_column_inner][vc_column_inner width=&#8221;1\/2&#8243;][\/vc_column_inner][\/vc_row_inner][\/vc_column][vc_column width=&#8221;1\/6&#8243;][\/vc_column][\/vc_row][vc_row][vc_column][vc_empty_space height=&#8221;70px&#8221;][\/vc_column][\/vc_row][vc_row css=&#8221;.vc_custom_1687512154628{margin-top: 0px !important;padding-top: 0px !important;background-color: #e5e5e5 !important;}&#8221; conditional_render=&#8221;%5B%7B%22value_role%22%3A%22administrator%22%7D%5D&#8221;][vc_column offset=&#8221;vc_hidden-xl vc_hidden-lg vc_hidden-md vc_hidden-sm&#8221; conditional_render=&#8221;%5B%7B%22value_role%22%3A%22administrator%22%7D%5D&#8221;][vc_column_text css=&#8221;&#8221;][\/vc_column_text][\/vc_column][\/vc_row]","twitter_misc":{"Tahmini okuma s\u00fcresi":"3 dakika"},"schema":{"@context":"https:\/\/schema.org","@graph":[{"@type":"WebPage","@id":"https:\/\/uhsk.org\/2025en\/general-information\/","url":"https:\/\/uhsk.org\/2025en\/general-information\/","name":"General Information - 9th International and 27th National Congress of Public Health","isPartOf":{"@id":"https:\/\/uhsk.org\/2025en\/#website"},"datePublished":"2023-06-19T13:20:15+00:00","dateModified":"2025-07-21T14:07:44+00:00","breadcrumb":{"@id":"https:\/\/uhsk.org\/2025en\/general-information\/#breadcrumb"},"inLanguage":"tr","potentialAction":[{"@type":"ReadAction","target":["https:\/\/uhsk.org\/2025en\/general-information\/"]}]},{"@type":"BreadcrumbList","@id":"https:\/\/uhsk.org\/2025en\/general-information\/#breadcrumb","itemListElement":[{"@type":"ListItem","position":1,"name":"Anasayfa","item":"https:\/\/uhsk.org\/2025en\/"},{"@type":"ListItem","position":2,"name":"General Information"}]},{"@type":"WebSite","@id":"https:\/\/uhsk.org\/2025en\/#website","url":"https:\/\/uhsk.org\/2025en\/","name":"8. Uluslararas\u0131 ve 26. Ulusal Halk Sa\u011fl\u0131\u011f\u0131 Kongresi","description":"","publisher":{"@id":"https:\/\/uhsk.org\/2025en\/#organization"},"potentialAction":[{"@type":"SearchAction","target":{"@type":"EntryPoint","urlTemplate":"https:\/\/uhsk.org\/2025en\/?s={search_term_string}"},"query-input":{"@type":"PropertyValueSpecification","valueRequired":true,"valueName":"search_term_string"}}],"inLanguage":"tr"},{"@type":"Organization","@id":"https:\/\/uhsk.org\/2025en\/#organization","name":"8. Uluslararas\u0131 ve 26. Ulusal Halk Sa\u011fl\u0131\u011f\u0131 Kongresi","url":"https:\/\/uhsk.org\/2025en\/","logo":{"@type":"ImageObject","inLanguage":"tr","@id":"https:\/\/uhsk.org\/2025en\/#\/schema\/logo\/image\/","url":"http:\/\/uhsk.org\/2025en\/wp-content\/uploads\/2024\/07\/non-profil.png","contentUrl":"http:\/\/uhsk.org\/2025en\/wp-content\/uploads\/2024\/07\/non-profil.png","width":125,"height":164,"caption":"8. Uluslararas\u0131 ve 26. Ulusal Halk Sa\u011fl\u0131\u011f\u0131 Kongresi"},"image":{"@id":"https:\/\/uhsk.org\/2025en\/#\/schema\/logo\/image\/"}}]}},"_links":{"self":[{"href":"https:\/\/uhsk.org\/2025en\/wp-json\/wp\/v2\/pages\/5702","targetHints":{"allow":["GET"]}}],"collection":[{"href":"https:\/\/uhsk.org\/2025en\/wp-json\/wp\/v2\/pages"}],"about":[{"href":"https:\/\/uhsk.org\/2025en\/wp-json\/wp\/v2\/types\/page"}],"author":[{"embeddable":true,"href":"https:\/\/uhsk.org\/2025en\/wp-json\/wp\/v2\/users\/1"}],"replies":[{"embeddable":true,"href":"https:\/\/uhsk.org\/2025en\/wp-json\/wp\/v2\/comments?post=5702"}],"version-history":[{"count":76,"href":"https:\/\/uhsk.org\/2025en\/wp-json\/wp\/v2\/pages\/5702\/revisions"}],"predecessor-version":[{"id":8504,"href":"https:\/\/uhsk.org\/2025en\/wp-json\/wp\/v2\/pages\/5702\/revisions\/8504"}],"wp:attachment":[{"href":"https:\/\/uhsk.org\/2025en\/wp-json\/wp\/v2\/media?parent=5702"}],"curies":[{"name":"wp","href":"https:\/\/api.w.org\/{rel}","templated":true}]}}