{"id":5695,"date":"2023-06-19T13:07:41","date_gmt":"2023-06-19T13:07:41","guid":{"rendered":"https:\/\/uhsk.org\/2025en\/?page_id=5695"},"modified":"2025-07-25T13:43:00","modified_gmt":"2025-07-25T13:43:00","slug":"topics","status":"publish","type":"page","link":"https:\/\/uhsk.org\/2025en\/topics\/","title":{"rendered":"Topics"},"content":{"rendered":"<div class=\"wpb-content-wrapper\"><p>[vc_row css=&#8221;.vc_custom_1687180681003{margin-top: 50px !important;}&#8221; conditional_render=&#8221;%5B%7B%22value_role%22%3A%22administrator%22%7D%5D&#8221;][vc_column offset=&#8221;vc_hidden-xs&#8221; conditional_render=&#8221;%5B%7B%22value_role%22%3A%22administrator%22%7D%5D&#8221;][vc_row_inner][vc_column_inner width=&#8221;1\/6&#8243;][\/vc_column_inner][vc_column_inner width=&#8221;2\/6&#8243;][vc_column_text css=&#8221;&#8221;]<\/p>\n<ul class=\"list list-icons list-icons-style-3 list-primary\">\n<li><i class=\"fa fa-check\"><\/i> Accidents and Injuries<\/li>\n<li><i class=\"fa fa-check\"><\/i> Child and Adolescent Health<\/li>\n<li><i class=\"fa fa-check\"><\/i> Climate Crisis<\/li>\n<li><i class=\"fa fa-check\"><\/i> Community Mental Health<\/li>\n<li><i class=\"fa fa-check\"><\/i> Community Nutrition<\/li>\n<li><i class=\"fa fa-check\"><\/i> Control of Addictive Substances (Tobacco, Alcohol etc.)<\/li>\n<li><i class=\"fa fa-check\"><\/i> Demographics and Health<\/li>\n<li><i class=\"fa fa-check\"><\/i> Digital Health<\/li>\n<li><i class=\"fa fa-check\"><\/i> Disadvantaged Groups<\/li>\n<li><i class=\"fa fa-check\"><\/i> Elderly Health<\/li>\n<li><i class=\"fa fa-check\"><\/i> Emergencies and Disasters<\/li>\n<li><i class=\"fa fa-check\"><\/i> Environmental Health<\/li>\n<li><i class=\"fa fa-check\"><\/i> Epidemiology<\/li>\n<li><i class=\"fa fa-check\"><\/i> Ergonomics<\/li>\n<li><i class=\"fa fa-check\"><\/i> Global Health<\/li>\n<li><i class=\"fa fa-check\"><\/i> Health Anthropology and Sociology<\/li>\n<li><i class=\"fa fa-check\"><\/i> Health Education and Health Communication<\/li>\n<li><i class=\"fa fa-check\"><\/i> Health Management and Health Services<\/li>\n<\/ul>\n<p>[\/vc_column_text][\/vc_column_inner][vc_column_inner width=&#8221;2\/6&#8243;][vc_column_text css=&#8221;&#8221;]<\/p>\n<ul class=\"list list-icons list-icons-style-3 list-primary\">\n<li><i class=\"fa fa-check\"><\/i> Health Policies, Health Systems and Health Economics<\/li>\n<li><i class=\"fa fa-check\"><\/i> Health Workforce<\/li>\n<li><i class=\"fa fa-check\"><\/i> Healthy Cities<\/li>\n<li><i class=\"fa fa-check\"><\/i> Healthy Living and Health Promotion<\/li>\n<li><i class=\"fa fa-check\"><\/i> Infectious Diseases and Immunization<\/li>\n<li><i class=\"fa fa-check\"><\/i> Migration and Public Health<\/li>\n<li><i class=\"fa fa-check\"><\/i> Noncommunicable Diseases and Disability<\/li>\n<li><i class=\"fa fa-check\"><\/i> Occupational Health and Safety<\/li>\n<li><i class=\"fa fa-check\"><\/i> Oral and Dental Health<\/li>\n<li><i class=\"fa fa-check\"><\/i> Postgraduate Public Health Education<\/li>\n<li><i class=\"fa fa-check\"><\/i> Quality of Life<\/li>\n<li><i class=\"fa fa-check\"><\/i> Reproductive Health and Women\u2019s Health<\/li>\n<li><i class=\"fa fa-check\"><\/i> School Health<\/li>\n<li><i class=\"fa fa-check\"><\/i> Tourism Health<\/li>\n<li><i class=\"fa fa-check\"><\/i> Undergraduate Public Health Education<\/li>\n<li><i class=\"fa fa-check\"><\/i> Violence and Public Health<\/li>\n<li><i class=\"fa fa-check\"><\/i> War and Public Health<\/li>\n<li><i class=\"fa fa-check\"><\/i> Other Issues of Public Health<\/li>\n<\/ul>\n<p>[\/vc_column_text][\/vc_column_inner][vc_column_inner width=&#8221;1\/6&#8243;][\/vc_column_inner][\/vc_row_inner][\/vc_column][\/vc_row][vc_row css=&#8221;.vc_custom_1687180681003{margin-top: 50px !important;}&#8221; conditional_render=&#8221;%5B%7B%22value_role%22%3A%22administrator%22%7D%5D&#8221;][vc_column offset=&#8221;vc_hidden-xl vc_hidden-lg vc_hidden-md vc_hidden-sm&#8221; conditional_render=&#8221;%5B%7B%22value_role%22%3A%22administrator%22%7D%5D&#8221;][vc_row_inner][vc_column_inner width=&#8221;1\/6&#8243;][\/vc_column_inner][vc_column_inner width=&#8221;4\/6&#8243;][vc_column_text css=&#8221;&#8221;]<\/p>\n<ul class=\"list list-icons list-icons-style-3 list-primary\">\n<li><i class=\"fa fa-check\"><\/i> Accidents and Injuries<\/li>\n<li><i class=\"fa fa-check\"><\/i> Child and Adolescent Health<\/li>\n<li><i class=\"fa fa-check\"><\/i> Climate Crisis<\/li>\n<li><i class=\"fa fa-check\"><\/i> Community Mental Health<\/li>\n<li><i class=\"fa fa-check\"><\/i> Community Nutrition<\/li>\n<li><i class=\"fa fa-check\"><\/i> Control of Addictive Substances (Tobacco, Alcohol etc.)<\/li>\n<li><i class=\"fa fa-check\"><\/i> Demographics and Health<\/li>\n<li><i class=\"fa fa-check\"><\/i> Digital Health<\/li>\n<li><i class=\"fa fa-check\"><\/i> Disadvantaged Groups<\/li>\n<li><i class=\"fa fa-check\"><\/i> Elder Health<\/li>\n<li><i class=\"fa fa-check\"><\/i> Emergencies and Disasters<\/li>\n<li><i class=\"fa fa-check\"><\/i> Environmental Health<\/li>\n<li><i class=\"fa fa-check\"><\/i> Epidemiology<\/li>\n<li><i class=\"fa fa-check\"><\/i> Ergonomics<\/li>\n<li><i class=\"fa fa-check\"><\/i> Global Health<\/li>\n<li><i class=\"fa fa-check\"><\/i> Health Anthropology and Sociology<\/li>\n<li><i class=\"fa fa-check\"><\/i> Health Education and Health Communication<\/li>\n<li><i class=\"fa fa-check\"><\/i> Health Management and Health Services<\/li>\n<li><i class=\"fa fa-check\"><\/i> Health Policies, Health Systems and Health Economics<\/li>\n<li><i class=\"fa fa-check\"><\/i> Health Workforce<\/li>\n<li><i class=\"fa fa-check\"><\/i> Healthy Cities<\/li>\n<li><i class=\"fa fa-check\"><\/i> Healthy Living and Health Promotion<\/li>\n<li><i class=\"fa fa-check\"><\/i> Infectious Diseases and Immunization<\/li>\n<li><i class=\"fa fa-check\"><\/i> Migration and Public Health<\/li>\n<li><i class=\"fa fa-check\"><\/i> Noncommunicable Diseases and Disability<\/li>\n<li><i class=\"fa fa-check\"><\/i> Occupational Health and Safety<\/li>\n<li><i class=\"fa fa-check\"><\/i> Oral and Dental Health<\/li>\n<li><i class=\"fa fa-check\"><\/i> Postgraduate Public Health Education<\/li>\n<li><i class=\"fa fa-check\"><\/i> Quality of Life<\/li>\n<li><i class=\"fa fa-check\"><\/i> Reproductive Health and Women\u2019s Health<\/li>\n<li><i class=\"fa fa-check\"><\/i> School Health<\/li>\n<li><i class=\"fa fa-check\"><\/i> Tourism Health<\/li>\n<li><i class=\"fa fa-check\"><\/i> Undergraduate Public Health Education<\/li>\n<li><i class=\"fa fa-check\"><\/i> Violence and Public Health<\/li>\n<li><i class=\"fa fa-check\"><\/i> War and Public Health<\/li>\n<li><i class=\"fa fa-check\"><\/i> Other Issues of Public Health<\/li>\n<\/ul>\n<p>[\/vc_column_text][\/vc_column_inner][vc_column_inner width=&#8221;1\/6&#8243;][\/vc_column_inner][\/vc_row_inner][\/vc_column][\/vc_row][vc_row css=&#8221;.vc_custom_1687512154628{margin-top: 0px !important;padding-top: 0px !important;background-color: #e5e5e5 !important;}&#8221; conditional_render=&#8221;%5B%7B%22value_role%22%3A%22administrator%22%7D%5D&#8221;][vc_column offset=&#8221;vc_hidden-xl vc_hidden-lg vc_hidden-md vc_hidden-sm&#8221; conditional_render=&#8221;%5B%7B%22value_role%22%3A%22administrator%22%7D%5D&#8221;][vc_column_text css=&#8221;&#8221;]<div class=\"porto-block\" data-id=\"8134\"><style>.vc_custom_1687512154628{margin-top: 0px !important;padding-top: 0px !important;background-color: #e5e5e5 !important;}.vc_custom_1720165871439{padding-bottom: 5px !important;}<\/style>[vc_row css=\".vc_custom_1687512154628{margin-top: 0px !important;padding-top: 0px !important;background-color: #e5e5e5 !important;}\" conditional_render=\"%5B%7B%22value_role%22%3A%22administrator%22%7D%5D\"][vc_column offset=\"vc_hidden-xl vc_hidden-lg vc_hidden-md vc_hidden-sm\" conditional_render=\"%5B%7B%22value_role%22%3A%22administrator%22%7D%5D\"][vc_row_inner css=\".vc_custom_1720165871439{padding-bottom: 5px !important;}\"][vc_column_inner width=\"1\/3\" offset=\"vc_col-xs-4\"][vc_single_image image=\"8481\" img_size=\"full\" alignment=\"center\" css=\"\"][\/vc_column_inner][vc_column_inner width=\"1\/3\" offset=\"vc_col-xs-4\"][vc_single_image image=\"8546\" img_size=\"150x36\" alignment=\"center\" css=\"\" label=\"\"][\/vc_column_inner][vc_column_inner width=\"1\/3\" offset=\"vc_col-xs-4\"][vc_single_image image=\"8463\" img_size=\"36x25\" alignment=\"center\" css=\"\"][\/vc_column_inner][\/vc_row_inner][\/vc_column][\/vc_row]<\/div>[\/vc_column_text][\/vc_column][\/vc_row]<\/p>\n<\/div>","protected":false},"excerpt":{"rendered":"<p>[vc_row css=&#8221;.vc_custom_1687180681003{margin-top: 50px !important;}&#8221; conditional_render=&#8221;%5B%7B%22value_role%22%3A%22administrator%22%7D%5D&#8221;][vc_column offset=&#8221;vc_hidden-xs&#8221; conditional_render=&#8221;%5B%7B%22value_role%22%3A%22administrator%22%7D%5D&#8221;][vc_row_inner][vc_column_inner width=&#8221;1\/6&#8243;][\/vc_column_inner][vc_column_inner width=&#8221;2\/6&#8243;][vc_column_text css=&#8221;&#8221;] Accidents and Injuries Child and Adolescent Health Climate Crisis Community Mental Health Community Nutrition Control of Addictive Substances (Tobacco, Alcohol etc.) Demographics and Health Digital Health Disadvantaged Groups Elderly Health Emergencies and Disasters Environmental Health Epidemiology Ergonomics Global Health Health Anthropology and Sociology Health Education [&hellip;]<\/p>\n","protected":false},"author":1,"featured_media":0,"parent":0,"menu_order":0,"comment_status":"closed","ping_status":"closed","template":"","meta":{"footnotes":""},"class_list":["post-5695","page","type-page","status-publish","hentry"],"yoast_head":"<!-- This site is optimized with the Yoast SEO plugin v25.3 - https:\/\/yoast.com\/wordpress\/plugins\/seo\/ -->\n<title>Topics - 9th International and 27th National Congress of Public Health<\/title>\n<meta name=\"robots\" content=\"index, follow, max-snippet:-1, max-image-preview:large, max-video-preview:-1\" \/>\n<link rel=\"canonical\" href=\"https:\/\/uhsk.org\/2025en\/topics\/\" \/>\n<meta name=\"twitter:card\" content=\"summary_large_image\" \/>\n<meta name=\"twitter:title\" content=\"Topics - 9th International and 27th National Congress of Public Health\" \/>\n<meta name=\"twitter:description\" content=\"[vc_row css=&#8221;.vc_custom_1687180681003{margin-top: 50px !important;}&#8221; conditional_render=&#8221;%5B%7B%22value_role%22%3A%22administrator%22%7D%5D&#8221;][vc_column offset=&#8221;vc_hidden-xs&#8221; conditional_render=&#8221;%5B%7B%22value_role%22%3A%22administrator%22%7D%5D&#8221;][vc_row_inner][vc_column_inner width=&#8221;1\/6&#8243;][\/vc_column_inner][vc_column_inner width=&#8221;2\/6&#8243;][vc_column_text css=&#8221;&#8221;] Accidents and Injuries Child and Adolescent Health Climate Crisis Community Mental Health Community Nutrition Control of Addictive Substances (Tobacco, Alcohol etc.) Demographics and Health Digital Health Disadvantaged Groups Elderly Health Emergencies and Disasters Environmental Health Epidemiology Ergonomics Global Health Health Anthropology and Sociology Health Education [&hellip;]\" \/>\n<meta name=\"twitter:label1\" content=\"Tahmini okuma s\u00fcresi\" \/>\n\t<meta name=\"twitter:data1\" content=\"2 dakika\" \/>\n<script type=\"application\/ld+json\" class=\"yoast-schema-graph\">{\"@context\":\"https:\/\/schema.org\",\"@graph\":[{\"@type\":\"WebPage\",\"@id\":\"https:\/\/uhsk.org\/2025en\/topics\/\",\"url\":\"https:\/\/uhsk.org\/2025en\/topics\/\",\"name\":\"Topics - 9th International and 27th National Congress of Public Health\",\"isPartOf\":{\"@id\":\"https:\/\/uhsk.org\/2025en\/#website\"},\"datePublished\":\"2023-06-19T13:07:41+00:00\",\"dateModified\":\"2025-07-25T13:43:00+00:00\",\"breadcrumb\":{\"@id\":\"https:\/\/uhsk.org\/2025en\/topics\/#breadcrumb\"},\"inLanguage\":\"tr\",\"potentialAction\":[{\"@type\":\"ReadAction\",\"target\":[\"https:\/\/uhsk.org\/2025en\/topics\/\"]}]},{\"@type\":\"BreadcrumbList\",\"@id\":\"https:\/\/uhsk.org\/2025en\/topics\/#breadcrumb\",\"itemListElement\":[{\"@type\":\"ListItem\",\"position\":1,\"name\":\"Anasayfa\",\"item\":\"https:\/\/uhsk.org\/2025en\/\"},{\"@type\":\"ListItem\",\"position\":2,\"name\":\"Topics\"}]},{\"@type\":\"WebSite\",\"@id\":\"https:\/\/uhsk.org\/2025en\/#website\",\"url\":\"https:\/\/uhsk.org\/2025en\/\",\"name\":\"8. Uluslararas\u0131 ve 26. Ulusal Halk Sa\u011fl\u0131\u011f\u0131 Kongresi\",\"description\":\"\",\"publisher\":{\"@id\":\"https:\/\/uhsk.org\/2025en\/#organization\"},\"potentialAction\":[{\"@type\":\"SearchAction\",\"target\":{\"@type\":\"EntryPoint\",\"urlTemplate\":\"https:\/\/uhsk.org\/2025en\/?s={search_term_string}\"},\"query-input\":{\"@type\":\"PropertyValueSpecification\",\"valueRequired\":true,\"valueName\":\"search_term_string\"}}],\"inLanguage\":\"tr\"},{\"@type\":\"Organization\",\"@id\":\"https:\/\/uhsk.org\/2025en\/#organization\",\"name\":\"8. Uluslararas\u0131 ve 26. Ulusal Halk Sa\u011fl\u0131\u011f\u0131 Kongresi\",\"url\":\"https:\/\/uhsk.org\/2025en\/\",\"logo\":{\"@type\":\"ImageObject\",\"inLanguage\":\"tr\",\"@id\":\"https:\/\/uhsk.org\/2025en\/#\/schema\/logo\/image\/\",\"url\":\"http:\/\/uhsk.org\/2025en\/wp-content\/uploads\/2024\/07\/non-profil.png\",\"contentUrl\":\"http:\/\/uhsk.org\/2025en\/wp-content\/uploads\/2024\/07\/non-profil.png\",\"width\":125,\"height\":164,\"caption\":\"8. Uluslararas\u0131 ve 26. Ulusal Halk Sa\u011fl\u0131\u011f\u0131 Kongresi\"},\"image\":{\"@id\":\"https:\/\/uhsk.org\/2025en\/#\/schema\/logo\/image\/\"}}]}<\/script>\n<!-- \/ Yoast SEO plugin. -->","yoast_head_json":{"title":"Topics - 9th International and 27th National Congress of Public Health","robots":{"index":"index","follow":"follow","max-snippet":"max-snippet:-1","max-image-preview":"max-image-preview:large","max-video-preview":"max-video-preview:-1"},"canonical":"https:\/\/uhsk.org\/2025en\/topics\/","twitter_card":"summary_large_image","twitter_title":"Topics - 9th International and 27th National Congress of Public Health","twitter_description":"[vc_row css=&#8221;.vc_custom_1687180681003{margin-top: 50px !important;}&#8221; conditional_render=&#8221;%5B%7B%22value_role%22%3A%22administrator%22%7D%5D&#8221;][vc_column offset=&#8221;vc_hidden-xs&#8221; conditional_render=&#8221;%5B%7B%22value_role%22%3A%22administrator%22%7D%5D&#8221;][vc_row_inner][vc_column_inner width=&#8221;1\/6&#8243;][\/vc_column_inner][vc_column_inner width=&#8221;2\/6&#8243;][vc_column_text css=&#8221;&#8221;] Accidents and Injuries Child and Adolescent Health Climate Crisis Community Mental Health Community Nutrition Control of Addictive Substances (Tobacco, Alcohol etc.) Demographics and Health Digital Health Disadvantaged Groups Elderly Health Emergencies and Disasters Environmental Health Epidemiology Ergonomics Global Health Health Anthropology and Sociology Health Education [&hellip;]","twitter_misc":{"Tahmini okuma s\u00fcresi":"2 dakika"},"schema":{"@context":"https:\/\/schema.org","@graph":[{"@type":"WebPage","@id":"https:\/\/uhsk.org\/2025en\/topics\/","url":"https:\/\/uhsk.org\/2025en\/topics\/","name":"Topics - 9th International and 27th National Congress of Public Health","isPartOf":{"@id":"https:\/\/uhsk.org\/2025en\/#website"},"datePublished":"2023-06-19T13:07:41+00:00","dateModified":"2025-07-25T13:43:00+00:00","breadcrumb":{"@id":"https:\/\/uhsk.org\/2025en\/topics\/#breadcrumb"},"inLanguage":"tr","potentialAction":[{"@type":"ReadAction","target":["https:\/\/uhsk.org\/2025en\/topics\/"]}]},{"@type":"BreadcrumbList","@id":"https:\/\/uhsk.org\/2025en\/topics\/#breadcrumb","itemListElement":[{"@type":"ListItem","position":1,"name":"Anasayfa","item":"https:\/\/uhsk.org\/2025en\/"},{"@type":"ListItem","position":2,"name":"Topics"}]},{"@type":"WebSite","@id":"https:\/\/uhsk.org\/2025en\/#website","url":"https:\/\/uhsk.org\/2025en\/","name":"8. Uluslararas\u0131 ve 26. Ulusal Halk Sa\u011fl\u0131\u011f\u0131 Kongresi","description":"","publisher":{"@id":"https:\/\/uhsk.org\/2025en\/#organization"},"potentialAction":[{"@type":"SearchAction","target":{"@type":"EntryPoint","urlTemplate":"https:\/\/uhsk.org\/2025en\/?s={search_term_string}"},"query-input":{"@type":"PropertyValueSpecification","valueRequired":true,"valueName":"search_term_string"}}],"inLanguage":"tr"},{"@type":"Organization","@id":"https:\/\/uhsk.org\/2025en\/#organization","name":"8. Uluslararas\u0131 ve 26. Ulusal Halk Sa\u011fl\u0131\u011f\u0131 Kongresi","url":"https:\/\/uhsk.org\/2025en\/","logo":{"@type":"ImageObject","inLanguage":"tr","@id":"https:\/\/uhsk.org\/2025en\/#\/schema\/logo\/image\/","url":"http:\/\/uhsk.org\/2025en\/wp-content\/uploads\/2024\/07\/non-profil.png","contentUrl":"http:\/\/uhsk.org\/2025en\/wp-content\/uploads\/2024\/07\/non-profil.png","width":125,"height":164,"caption":"8. Uluslararas\u0131 ve 26. Ulusal Halk Sa\u011fl\u0131\u011f\u0131 Kongresi"},"image":{"@id":"https:\/\/uhsk.org\/2025en\/#\/schema\/logo\/image\/"}}]}},"_links":{"self":[{"href":"https:\/\/uhsk.org\/2025en\/wp-json\/wp\/v2\/pages\/5695","targetHints":{"allow":["GET"]}}],"collection":[{"href":"https:\/\/uhsk.org\/2025en\/wp-json\/wp\/v2\/pages"}],"about":[{"href":"https:\/\/uhsk.org\/2025en\/wp-json\/wp\/v2\/types\/page"}],"author":[{"embeddable":true,"href":"https:\/\/uhsk.org\/2025en\/wp-json\/wp\/v2\/users\/1"}],"replies":[{"embeddable":true,"href":"https:\/\/uhsk.org\/2025en\/wp-json\/wp\/v2\/comments?post=5695"}],"version-history":[{"count":21,"href":"https:\/\/uhsk.org\/2025en\/wp-json\/wp\/v2\/pages\/5695\/revisions"}],"predecessor-version":[{"id":8522,"href":"https:\/\/uhsk.org\/2025en\/wp-json\/wp\/v2\/pages\/5695\/revisions\/8522"}],"wp:attachment":[{"href":"https:\/\/uhsk.org\/2025en\/wp-json\/wp\/v2\/media?parent=5695"}],"curies":[{"name":"wp","href":"https:\/\/api.w.org\/{rel}","templated":true}]}}