{"id":6890,"date":"2023-09-07T13:50:22","date_gmt":"2023-09-07T13:50:22","guid":{"rendered":"https:\/\/uhsk.org\/2025\/?page_id=6890"},"modified":"2025-08-25T12:57:25","modified_gmt":"2025-08-25T12:57:25","slug":"kurs-genel-bilgileri","status":"publish","type":"page","link":"https:\/\/uhsk.org\/2025\/kurs-genel-bilgileri\/","title":{"rendered":"Kurs Genel Bilgileri"},"content":{"rendered":"<div class=\"wpb-content-wrapper\"><p>[vc_row css=&#8221;.vc_custom_1756102765943{margin-top: 50px !important;}&#8221; conditional_render=&#8221;%5B%7B%22value_role%22%3A%22administrator%22%7D%5D&#8221;][vc_column width=&#8221;1\/6&#8243;][\/vc_column][vc_column width=&#8221;4\/6&#8243;][vc_row_inner][vc_column_inner width=&#8221;1\/2&#8243;]<div class=\"porto-sicon-box  wpb_custom_1ff4e1113edf6260b4a4bcde4c3196cf style_1 top-icon\"><div class=\"porto-sicon-top\"><div id=\"porto-icon-40928140469de2e02522ee\" class=\"porto-just-icon-wrapper porto-sicon-img\" style=\"font-size: 75px;\"><img loading=\"lazy\" decoding=\"async\" class=\"img-icon\" alt=\"\" src=\"https:\/\/uhsk.org\/2025\/wp-content\/uploads\/2023\/06\/calendar.png\" width=\"128\" height=\"128\" \/><\/div><\/div><div class=\"porto-sicon-header\"><h3 class=\"porto-sicon-title\" style=\"color:#002b5b;\">Kurs Tarihi ve Yeri<\/h3><p>Kurslar <strong>9 Aral\u0131k 2025<\/strong> tarihinde Antalya Akka Antedon Hotel\u2019de ger\u00e7ekle\u015ftirilecektir.<\/p><\/div> <!-- header --><\/div><!-- porto-sicon-box -->[\/vc_column_inner][vc_column_inner width=&#8221;1\/2&#8243;]<div class=\"porto-sicon-box  wpb_custom_1ff4e1113edf6260b4a4bcde4c3196cf style_1 top-icon\"><div class=\"porto-sicon-top\"><div id=\"porto-icon-125369851069de2e0252a14\" class=\"porto-just-icon-wrapper porto-sicon-img\" style=\"font-size: 75px;\"><img loading=\"lazy\" decoding=\"async\" class=\"img-icon\" alt=\"\" src=\"https:\/\/uhsk.org\/2025\/wp-content\/uploads\/2023\/06\/speak.png\" width=\"64\" height=\"64\" \/><\/div><\/div><div class=\"porto-sicon-header\"><h3 class=\"porto-sicon-title\" style=\"color:#002b5b;\">Kurs Dili<\/h3><p>Kurs dili T\u00fcrk\u00e7e\u2019dir.<\/p><\/div> <!-- header --><\/div><!-- porto-sicon-box -->[\/vc_column_inner][\/vc_row_inner][vc_row_inner][vc_column_inner width=&#8221;1\/2&#8243; offset=&#8221;vc_hidden-xs&#8221;][\/vc_column_inner][vc_column_inner width=&#8221;1\/2&#8243; offset=&#8221;vc_hidden-xs&#8221;][\/vc_column_inner][\/vc_row_inner][vc_row_inner][vc_column_inner width=&#8221;1\/2&#8243;]<div class=\"porto-sicon-box  wpb_custom_1ff4e1113edf6260b4a4bcde4c3196cf style_1 top-icon\"><div class=\"porto-sicon-top\"><div id=\"porto-icon-103455987469de2e0253129\" class=\"porto-just-icon-wrapper porto-sicon-img\" style=\"font-size: 75px;\"><img loading=\"lazy\" decoding=\"async\" class=\"img-icon\" alt=\"\" src=\"https:\/\/uhsk.org\/2025\/wp-content\/uploads\/2023\/06\/online-registration.png\" width=\"64\" height=\"64\" \/><\/div><\/div><div class=\"porto-sicon-header\"><h3 class=\"porto-sicon-title\" style=\"color:#002b5b;\">Kay\u0131t<\/h3><p>Kurs Kayd\u0131, Kongre Kayd\u0131 s\u0131ras\u0131nda yap\u0131lacakt\u0131r. Kongre Kurslar\u0131 kongre kat\u0131l\u0131mc\u0131lar\u0131 i\u00e7in d\u00fczenlenmektedir. Bu nedenle kongre kayd\u0131 yapmayan kat\u0131l\u0131mc\u0131lar kurs kayd\u0131 yapamazlar. Kurslar i\u00e7in son kay\u0131t tarihi <strong>05 Kas\u0131m 2025<\/strong>\u2019dir.<\/p><\/div> <!-- header --><\/div><!-- porto-sicon-box -->[\/vc_column_inner][vc_column_inner width=&#8221;1\/2&#8243;]<div class=\"porto-sicon-box  wpb_custom_1ff4e1113edf6260b4a4bcde4c3196cf style_1 top-icon\"><div class=\"porto-sicon-top\"><div id=\"porto-icon-183901500569de2e02538a8\" class=\"porto-just-icon-wrapper porto-sicon-img\" style=\"font-size: 75px;\"><img loading=\"lazy\" decoding=\"async\" class=\"img-icon\" alt=\"\" src=\"https:\/\/uhsk.org\/2025\/wp-content\/uploads\/2023\/06\/award.png\" width=\"64\" height=\"64\" \/><\/div><\/div><div class=\"porto-sicon-header\"><h3 class=\"porto-sicon-title\" style=\"color:#002b5b;\">Kurs Kat\u0131l\u0131m Belgesi<\/h3><p>Kurs sonunda kat\u0131l\u0131mc\u0131lara Kurs Kat\u0131l\u0131m Belgesi verilecektir. Belgenin d\u00fczenlenebilmesi i\u00e7in Kurs Geri Bildirim Formu\u2019nun doldurulmu\u015f olmas\u0131 gerekmektedir.<\/p><\/div> <!-- header --><\/div><!-- porto-sicon-box -->[\/vc_column_inner][\/vc_row_inner][vc_row_inner][vc_column_inner width=&#8221;1\/2&#8243; offset=&#8221;vc_hidden-xs&#8221;][\/vc_column_inner][vc_column_inner width=&#8221;1\/2&#8243; offset=&#8221;vc_hidden-sm vc_hidden-xs&#8221;][\/vc_column_inner][\/vc_row_inner][\/vc_column][vc_column width=&#8221;1\/6&#8243;][\/vc_column][\/vc_row][vc_row conditional_render=&#8221;%5B%7B%22value_role%22%3A%22administrator%22%7D%5D&#8221;][vc_column width=&#8221;1\/4&#8243;][\/vc_column][vc_column width=&#8221;2\/4&#8243; css=&#8221;.vc_custom_1694108351736{margin-top: 0px !important;margin-right: 0px !important;margin-bottom: 0px !important;margin-left: 0px !important;padding-top: 0px !important;padding-right: 0px !important;padding-bottom: 0px !important;padding-left: 0px !important;}&#8221; conditional_render=&#8221;%5B%7B%22value_role%22%3A%22administrator%22%7D%5D&#8221;][vc_row_inner css=&#8221;.vc_custom_1756102834793{border-radius: 10px !important;}&#8221;][vc_column_inner css=&#8221;.vc_custom_1694109221654{margin-top: 20px !important;margin-right: 0px !important;margin-bottom: 10px !important;margin-left: 0px !important;}&#8221;]<div class=\"porto-sicon-box  wpb_custom_1ff4e1113edf6260b4a4bcde4c3196cf style_1 top-icon\"><div class=\"porto-sicon-top\"><div id=\"porto-icon-45925392869de2e0254068\" class=\"porto-just-icon-wrapper porto-sicon-img\" style=\"font-size: 75px;\"><img loading=\"lazy\" decoding=\"async\" class=\"img-icon\" alt=\"\" src=\"https:\/\/uhsk.org\/2025\/wp-content\/uploads\/2023\/09\/euro.png\" width=\"512\" height=\"512\" \/><\/div><\/div><div class=\"porto-sicon-header\"><h3 class=\"porto-sicon-title\" style=\"color:#002b5b;\">Kurs \u00dccreti<\/h3><\/div> <!-- header --><div class=\"porto-sicon-description\" style=\"\">\n<ul>\n<li style=\"text-align: left;\">Kurslar, kongreye kay\u0131t yapt\u0131ran ve kongre otelinde kalacak olan (4 gece paket konaklama alan) kat\u0131l\u0131mc\u0131lar i\u00e7in \u00fccretsiz olacakt\u0131r.<\/li>\n<li style=\"text-align: left;\">Bu durum otele giri\u015fini 9 Aral\u0131k 2025 sabah\u0131 yapacak olanlar i\u00e7in ge\u00e7erlidir. 8 Aral\u0131k 2025&#8217;te giri\u015f yapacaklar\u0131n ek olarak bir gece konaklama \u00fccreti \u00f6demesi gerekecektir.<\/li>\n<li style=\"text-align: left;\">Bu ko\u015fulu sa\u011flamayan kat\u0131l\u0131mc\u0131lardan<strong>&nbsp;5000 TL +%20 KDV kurs<\/strong> kay\u0131t \u00fccreti talep&nbsp;edilecektir.<\/li>\n<\/ul>\n<p><\/div> <!-- description --><\/div><!-- porto-sicon-box -->[\/vc_column_inner][\/vc_row_inner][\/vc_column][vc_column width=&#8221;1\/4&#8243;][\/vc_column][\/vc_row][vc_row conditional_render=&#8221;%5B%7B%22value_role%22%3A%22administrator%22%7D%5D&#8221;][vc_column width=&#8221;1\/4&#8243;][\/vc_column][vc_column width=&#8221;2\/4&#8243; css=&#8221;.vc_custom_1694108351736{margin-top: 0px !important;margin-right: 0px !important;margin-bottom: 0px !important;margin-left: 0px !important;padding-top: 0px !important;padding-right: 0px !important;padding-bottom: 0px !important;padding-left: 0px !important;}&#8221; conditional_render=&#8221;%5B%7B%22value_role%22%3A%22administrator%22%7D%5D&#8221;][vc_row_inner css=&#8221;.vc_custom_1694108942494{background-color: #ffffcc !important;border-radius: 10px !important;}&#8221;][vc_column_inner css=&#8221;.vc_custom_1694109221654{margin-top: 20px !important;margin-right: 0px !important;margin-bottom: 10px !important;margin-left: 0px !important;}&#8221;]<div class=\"porto-sicon-box  vc_custom_1694108653195  wpb_custom_1efe903570d178ff0a9b7bfa5febd3a4 style_1 left-icon\"><div class=\"porto-sicon-left\"><div class=\"porto-just-icon-wrapper porto-icon none\" style=\"color:#f7ce00;font-size:32px;\"><i class=\"fas fa-info-circle\"><\/i><\/div><\/div><div class=\"porto-sicon-body\"><div class=\"porto-sicon-description\" style=\"\">Kurslar ayn\u0131 g\u00fcn ve saatte ger\u00e7ekle\u015fece\u011fi i\u00e7in sadece 1 kursa kat\u0131labilirsiniz.<\/div> <!-- description --><\/div><\/div><!-- porto-sicon-box -->[\/vc_column_inner][\/vc_row_inner][vc_empty_space height=&#8221;25&#8243;][vc_row_inner css=&#8221;.vc_custom_1694109080696{background-color: #ffdddd !important;border-radius: 10px !important;}&#8221;][vc_column_inner css=&#8221;.vc_custom_1694109195902{margin-top: 20px !important;margin-right: 0px !important;margin-bottom: 10px !important;margin-left: 0px !important;}&#8221;]<div class=\"porto-sicon-box  vc_custom_1756126642209  wpb_custom_1efe903570d178ff0a9b7bfa5febd3a4 style_1 left-icon\"><div class=\"porto-sicon-left\"><div class=\"porto-just-icon-wrapper porto-icon none\" style=\"color:#dd0000;font-size:32px;\"><i class=\"fas fa-exclamation-triangle\"><\/i><\/div><\/div><div class=\"porto-sicon-body\"><div class=\"porto-sicon-description\" style=\"color:#dd3333;\"><strong>\u00d6nemli Not:<\/strong><br \/>\nKat\u0131l\u0131mc\u0131 say\u0131s\u0131 15 ki\u015finin alt\u0131nda kalan kurslar a\u00e7\u0131lmayacakt\u0131r.<\/p>\n<p>Kat\u0131l\u0131mc\u0131lar\u0131n kurs kay\u0131tlar\u0131n\u0131 yapmadan \u00f6nce kursla ilgili bilgileri, \u00f6zellikle kursun Hedef Grup ve Ek Bilgi b\u00f6l\u00fcmlerini dikkatli bi\u00e7imde okumalar\u0131 \u00f6nemlidir.<\/div> <!-- description --><\/div><\/div><!-- porto-sicon-box -->[\/vc_column_inner][\/vc_row_inner][\/vc_column][vc_column width=&#8221;1\/4&#8243;][\/vc_column][\/vc_row][vc_row disable_element=&#8221;yes&#8221; conditional_render=&#8221;%5B%7B%22value_role%22%3A%22administrator%22%7D%5D&#8221;][vc_column][vc_empty_space height=&#8221;50px&#8221;][vc_row_inner][vc_column_inner width=&#8221;1\/4&#8243;][\/vc_column_inner][vc_column_inner width=&#8221;2\/4&#8243;][vc_column_text css=&#8221;&#8221;]<\/p>\n<table>\n<tbody>\n<tr>\n<td style=\"width: 25%; vertical-align: middle; text-align: center;\"><img decoding=\"async\" src=\"http:\/\/uhsk.org\/2025\/wp-content\/uploads\/2023\/07\/countdown.png\" \/><\/td>\n<td style=\"text-align: center; vertical-align: middle; font-size: 45px; line-height: 1.25; font-weight: 800; color: #002b5b;\">DAHA SONRA A\u00c7IKLANACAKTIR<\/td>\n<\/tr>\n<\/tbody>\n<\/table>\n<p>[\/vc_column_text][\/vc_column_inner][vc_column_inner width=&#8221;1\/4&#8243;][\/vc_column_inner][\/vc_row_inner][\/vc_column][\/vc_row][vc_row][vc_column][vc_empty_space height=&#8221;250px&#8221;][\/vc_column][\/vc_row][vc_row css=&#8221;.vc_custom_1687512154628{margin-top: 0px !important;padding-top: 0px !important;background-color: #e5e5e5 !important;}&#8221; conditional_render=&#8221;%5B%7B%22value_role%22%3A%22administrator%22%7D%5D&#8221;][vc_column offset=&#8221;vc_hidden-xl vc_hidden-lg vc_hidden-md vc_hidden-sm&#8221; conditional_render=&#8221;%5B%7B%22value_role%22%3A%22administrator%22%7D%5D&#8221;][vc_column_text css=&#8221;&#8221;]<div class=\"porto-block\" data-id=\"8134\"><style>.vc_custom_1687512154628{margin-top: 0px !important;padding-top: 0px !important;background-color: #e5e5e5 !important;}.vc_custom_1720165871439{padding-bottom: 5px !important;}<\/style><p>[vc_row css=\".vc_custom_1687512154628{margin-top: 0px !important;padding-top: 0px !important;background-color: #e5e5e5 !important;}\" conditional_render=\"%5B%7B%22value_role%22%3A%22administrator%22%7D%5D\"][vc_column offset=\"vc_hidden-xl vc_hidden-lg vc_hidden-md vc_hidden-sm\" conditional_render=\"%5B%7B%22value_role%22%3A%22administrator%22%7D%5D\"][vc_row_inner css=\".vc_custom_1720165871439{padding-bottom: 5px !important;}\"][vc_column_inner width=\"1\/3\" offset=\"vc_col-xs-4\"][vc_single_image image=\"8082\" img_size=\"full\" alignment=\"center\" css=\"\" label=\"\"][\/vc_column_inner][vc_column_inner width=\"1\/3\" offset=\"vc_col-xs-4\"][vc_single_image image=\"8081\" img_size=\"150x36\" alignment=\"center\" css=\"\" label=\"\"][\/vc_column_inner][vc_column_inner width=\"1\/3\" offset=\"vc_col-xs-4\"][vc_single_image image=\"2481\" img_size=\"36x25\" alignment=\"center\" css=\"\" label=\"\"][\/vc_column_inner][\/vc_row_inner][\/vc_column][\/vc_row]<\/p>\r\n<\/div>[\/vc_column_text][\/vc_column][\/vc_row]<\/p>\n<\/div>","protected":false},"excerpt":{"rendered":"<p>[vc_row css=&#8221;.vc_custom_1756102765943{margin-top: 50px !important;}&#8221; conditional_render=&#8221;%5B%7B%22value_role%22%3A%22administrator%22%7D%5D&#8221;][vc_column width=&#8221;1\/6&#8243;][\/vc_column][vc_column width=&#8221;4\/6&#8243;][vc_row_inner][vc_column_inner width=&#8221;1\/2&#8243;][\/vc_column_inner][vc_column_inner width=&#8221;1\/2&#8243;][\/vc_column_inner][\/vc_row_inner][vc_row_inner][vc_column_inner width=&#8221;1\/2&#8243; offset=&#8221;vc_hidden-xs&#8221;][\/vc_column_inner][vc_column_inner width=&#8221;1\/2&#8243; offset=&#8221;vc_hidden-xs&#8221;][\/vc_column_inner][\/vc_row_inner][vc_row_inner][vc_column_inner width=&#8221;1\/2&#8243;][\/vc_column_inner][vc_column_inner width=&#8221;1\/2&#8243;][\/vc_column_inner][\/vc_row_inner][vc_row_inner][vc_column_inner width=&#8221;1\/2&#8243; offset=&#8221;vc_hidden-xs&#8221;][\/vc_column_inner][vc_column_inner width=&#8221;1\/2&#8243; offset=&#8221;vc_hidden-sm vc_hidden-xs&#8221;][\/vc_column_inner][\/vc_row_inner][\/vc_column][vc_column width=&#8221;1\/6&#8243;][\/vc_column][\/vc_row][vc_row conditional_render=&#8221;%5B%7B%22value_role%22%3A%22administrator%22%7D%5D&#8221;][vc_column width=&#8221;1\/4&#8243;][\/vc_column][vc_column width=&#8221;2\/4&#8243; css=&#8221;.vc_custom_1694108351736{margin-top: 0px !important;margin-right: 0px !important;margin-bottom: 0px !important;margin-left: 0px !important;padding-top: 0px !important;padding-right: 0px !important;padding-bottom: 0px !important;padding-left: 0px !important;}&#8221; conditional_render=&#8221;%5B%7B%22value_role%22%3A%22administrator%22%7D%5D&#8221;][vc_row_inner css=&#8221;.vc_custom_1756102834793{border-radius: 10px !important;}&#8221;][vc_column_inner css=&#8221;.vc_custom_1694109221654{margin-top: 20px !important;margin-right: 0px !important;margin-bottom: 10px !important;margin-left: 0px !important;}&#8221;][\/vc_column_inner][\/vc_row_inner][\/vc_column][vc_column width=&#8221;1\/4&#8243;][\/vc_column][\/vc_row][vc_row [&hellip;]<\/p>\n","protected":false},"author":1,"featured_media":0,"parent":0,"menu_order":0,"comment_status":"closed","ping_status":"closed","template":"","meta":{"footnotes":""},"class_list":["post-6890","page","type-page","status-publish","hentry"],"yoast_head":"<!-- This site is optimized with the Yoast SEO plugin v25.3 - https:\/\/yoast.com\/wordpress\/plugins\/seo\/ -->\n<title>Kurs Genel Bilgileri - 9. Uluslararas\u0131 ve 27. Ulusal Halk Sa\u011fl\u0131\u011f\u0131 Kongresi<\/title>\n<meta name=\"robots\" content=\"index, follow, max-snippet:-1, max-image-preview:large, max-video-preview:-1\" \/>\n<link rel=\"canonical\" href=\"https:\/\/uhsk.org\/2025\/kurs-genel-bilgileri\/\" \/>\n<meta name=\"twitter:card\" content=\"summary_large_image\" \/>\n<meta name=\"twitter:title\" content=\"Kurs Genel Bilgileri - 9. Uluslararas\u0131 ve 27. Ulusal Halk Sa\u011fl\u0131\u011f\u0131 Kongresi\" \/>\n<meta name=\"twitter:description\" content=\"[vc_row css=&#8221;.vc_custom_1756102765943{margin-top: 50px !important;}&#8221; conditional_render=&#8221;%5B%7B%22value_role%22%3A%22administrator%22%7D%5D&#8221;][vc_column width=&#8221;1\/6&#8243;][\/vc_column][vc_column width=&#8221;4\/6&#8243;][vc_row_inner][vc_column_inner width=&#8221;1\/2&#8243;][\/vc_column_inner][vc_column_inner width=&#8221;1\/2&#8243;][\/vc_column_inner][\/vc_row_inner][vc_row_inner][vc_column_inner width=&#8221;1\/2&#8243; offset=&#8221;vc_hidden-xs&#8221;][\/vc_column_inner][vc_column_inner width=&#8221;1\/2&#8243; offset=&#8221;vc_hidden-xs&#8221;][\/vc_column_inner][\/vc_row_inner][vc_row_inner][vc_column_inner width=&#8221;1\/2&#8243;][\/vc_column_inner][vc_column_inner width=&#8221;1\/2&#8243;][\/vc_column_inner][\/vc_row_inner][vc_row_inner][vc_column_inner width=&#8221;1\/2&#8243; offset=&#8221;vc_hidden-xs&#8221;][\/vc_column_inner][vc_column_inner width=&#8221;1\/2&#8243; offset=&#8221;vc_hidden-sm vc_hidden-xs&#8221;][\/vc_column_inner][\/vc_row_inner][\/vc_column][vc_column width=&#8221;1\/6&#8243;][\/vc_column][\/vc_row][vc_row conditional_render=&#8221;%5B%7B%22value_role%22%3A%22administrator%22%7D%5D&#8221;][vc_column width=&#8221;1\/4&#8243;][\/vc_column][vc_column width=&#8221;2\/4&#8243; css=&#8221;.vc_custom_1694108351736{margin-top: 0px !important;margin-right: 0px !important;margin-bottom: 0px !important;margin-left: 0px !important;padding-top: 0px !important;padding-right: 0px !important;padding-bottom: 0px !important;padding-left: 0px !important;}&#8221; conditional_render=&#8221;%5B%7B%22value_role%22%3A%22administrator%22%7D%5D&#8221;][vc_row_inner css=&#8221;.vc_custom_1756102834793{border-radius: 10px !important;}&#8221;][vc_column_inner css=&#8221;.vc_custom_1694109221654{margin-top: 20px !important;margin-right: 0px !important;margin-bottom: 10px !important;margin-left: 0px !important;}&#8221;][\/vc_column_inner][\/vc_row_inner][\/vc_column][vc_column width=&#8221;1\/4&#8243;][\/vc_column][\/vc_row][vc_row [&hellip;]\" \/>\n<meta name=\"twitter:image\" content=\"https:\/\/uhsk.org\/2025\/wp-content\/uploads\/2023\/07\/countdown.png\" \/>\n<meta name=\"twitter:label1\" content=\"Tahmini okuma s\u00fcresi\" \/>\n\t<meta name=\"twitter:data1\" content=\"4 dakika\" \/>\n<script type=\"application\/ld+json\" class=\"yoast-schema-graph\">{\"@context\":\"https:\/\/schema.org\",\"@graph\":[{\"@type\":\"WebPage\",\"@id\":\"https:\/\/uhsk.org\/2025\/kurs-genel-bilgileri\/\",\"url\":\"https:\/\/uhsk.org\/2025\/kurs-genel-bilgileri\/\",\"name\":\"Kurs Genel Bilgileri - 9. Uluslararas\u0131 ve 27. Ulusal Halk Sa\u011fl\u0131\u011f\u0131 Kongresi\",\"isPartOf\":{\"@id\":\"https:\/\/uhsk.org\/2025\/#website\"},\"primaryImageOfPage\":{\"@id\":\"https:\/\/uhsk.org\/2025\/kurs-genel-bilgileri\/#primaryimage\"},\"image\":{\"@id\":\"https:\/\/uhsk.org\/2025\/kurs-genel-bilgileri\/#primaryimage\"},\"thumbnailUrl\":\"http:\/\/uhsk.org\/2025\/wp-content\/uploads\/2023\/07\/countdown.png\",\"datePublished\":\"2023-09-07T13:50:22+00:00\",\"dateModified\":\"2025-08-25T12:57:25+00:00\",\"breadcrumb\":{\"@id\":\"https:\/\/uhsk.org\/2025\/kurs-genel-bilgileri\/#breadcrumb\"},\"inLanguage\":\"tr\",\"potentialAction\":[{\"@type\":\"ReadAction\",\"target\":[\"https:\/\/uhsk.org\/2025\/kurs-genel-bilgileri\/\"]}]},{\"@type\":\"ImageObject\",\"inLanguage\":\"tr\",\"@id\":\"https:\/\/uhsk.org\/2025\/kurs-genel-bilgileri\/#primaryimage\",\"url\":\"https:\/\/uhsk.org\/2025\/wp-content\/uploads\/2023\/07\/countdown.png\",\"contentUrl\":\"https:\/\/uhsk.org\/2025\/wp-content\/uploads\/2023\/07\/countdown.png\",\"width\":512,\"height\":512},{\"@type\":\"BreadcrumbList\",\"@id\":\"https:\/\/uhsk.org\/2025\/kurs-genel-bilgileri\/#breadcrumb\",\"itemListElement\":[{\"@type\":\"ListItem\",\"position\":1,\"name\":\"Anasayfa\",\"item\":\"https:\/\/uhsk.org\/2025\/\"},{\"@type\":\"ListItem\",\"position\":2,\"name\":\"Kurs Genel Bilgileri\"}]},{\"@type\":\"WebSite\",\"@id\":\"https:\/\/uhsk.org\/2025\/#website\",\"url\":\"https:\/\/uhsk.org\/2025\/\",\"name\":\"8. Uluslararas\u0131 ve 26. Ulusal Halk Sa\u011fl\u0131\u011f\u0131 Kongresi\",\"description\":\"\",\"publisher\":{\"@id\":\"https:\/\/uhsk.org\/2025\/#organization\"},\"potentialAction\":[{\"@type\":\"SearchAction\",\"target\":{\"@type\":\"EntryPoint\",\"urlTemplate\":\"https:\/\/uhsk.org\/2025\/?s={search_term_string}\"},\"query-input\":{\"@type\":\"PropertyValueSpecification\",\"valueRequired\":true,\"valueName\":\"search_term_string\"}}],\"inLanguage\":\"tr\"},{\"@type\":\"Organization\",\"@id\":\"https:\/\/uhsk.org\/2025\/#organization\",\"name\":\"8. Uluslararas\u0131 ve 26. Ulusal Halk Sa\u011fl\u0131\u011f\u0131 Kongresi\",\"url\":\"https:\/\/uhsk.org\/2025\/\",\"logo\":{\"@type\":\"ImageObject\",\"inLanguage\":\"tr\",\"@id\":\"https:\/\/uhsk.org\/2025\/#\/schema\/logo\/image\/\",\"url\":\"http:\/\/uhsk.org\/2025\/wp-content\/uploads\/2024\/07\/non-profil.png\",\"contentUrl\":\"http:\/\/uhsk.org\/2025\/wp-content\/uploads\/2024\/07\/non-profil.png\",\"width\":125,\"height\":164,\"caption\":\"8. Uluslararas\u0131 ve 26. Ulusal Halk Sa\u011fl\u0131\u011f\u0131 Kongresi\"},\"image\":{\"@id\":\"https:\/\/uhsk.org\/2025\/#\/schema\/logo\/image\/\"}}]}<\/script>\n<!-- \/ Yoast SEO plugin. -->","yoast_head_json":{"title":"Kurs Genel Bilgileri - 9. Uluslararas\u0131 ve 27. Ulusal Halk Sa\u011fl\u0131\u011f\u0131 Kongresi","robots":{"index":"index","follow":"follow","max-snippet":"max-snippet:-1","max-image-preview":"max-image-preview:large","max-video-preview":"max-video-preview:-1"},"canonical":"https:\/\/uhsk.org\/2025\/kurs-genel-bilgileri\/","twitter_card":"summary_large_image","twitter_title":"Kurs Genel Bilgileri - 9. Uluslararas\u0131 ve 27. Ulusal Halk Sa\u011fl\u0131\u011f\u0131 Kongresi","twitter_description":"[vc_row css=&#8221;.vc_custom_1756102765943{margin-top: 50px !important;}&#8221; conditional_render=&#8221;%5B%7B%22value_role%22%3A%22administrator%22%7D%5D&#8221;][vc_column width=&#8221;1\/6&#8243;][\/vc_column][vc_column width=&#8221;4\/6&#8243;][vc_row_inner][vc_column_inner width=&#8221;1\/2&#8243;][\/vc_column_inner][vc_column_inner width=&#8221;1\/2&#8243;][\/vc_column_inner][\/vc_row_inner][vc_row_inner][vc_column_inner width=&#8221;1\/2&#8243; offset=&#8221;vc_hidden-xs&#8221;][\/vc_column_inner][vc_column_inner width=&#8221;1\/2&#8243; offset=&#8221;vc_hidden-xs&#8221;][\/vc_column_inner][\/vc_row_inner][vc_row_inner][vc_column_inner width=&#8221;1\/2&#8243;][\/vc_column_inner][vc_column_inner width=&#8221;1\/2&#8243;][\/vc_column_inner][\/vc_row_inner][vc_row_inner][vc_column_inner width=&#8221;1\/2&#8243; offset=&#8221;vc_hidden-xs&#8221;][\/vc_column_inner][vc_column_inner width=&#8221;1\/2&#8243; offset=&#8221;vc_hidden-sm vc_hidden-xs&#8221;][\/vc_column_inner][\/vc_row_inner][\/vc_column][vc_column width=&#8221;1\/6&#8243;][\/vc_column][\/vc_row][vc_row conditional_render=&#8221;%5B%7B%22value_role%22%3A%22administrator%22%7D%5D&#8221;][vc_column width=&#8221;1\/4&#8243;][\/vc_column][vc_column width=&#8221;2\/4&#8243; css=&#8221;.vc_custom_1694108351736{margin-top: 0px !important;margin-right: 0px !important;margin-bottom: 0px !important;margin-left: 0px !important;padding-top: 0px !important;padding-right: 0px !important;padding-bottom: 0px !important;padding-left: 0px !important;}&#8221; conditional_render=&#8221;%5B%7B%22value_role%22%3A%22administrator%22%7D%5D&#8221;][vc_row_inner css=&#8221;.vc_custom_1756102834793{border-radius: 10px !important;}&#8221;][vc_column_inner css=&#8221;.vc_custom_1694109221654{margin-top: 20px !important;margin-right: 0px !important;margin-bottom: 10px !important;margin-left: 0px !important;}&#8221;][\/vc_column_inner][\/vc_row_inner][\/vc_column][vc_column width=&#8221;1\/4&#8243;][\/vc_column][\/vc_row][vc_row [&hellip;]","twitter_image":"https:\/\/uhsk.org\/2025\/wp-content\/uploads\/2023\/07\/countdown.png","twitter_misc":{"Tahmini okuma s\u00fcresi":"4 dakika"},"schema":{"@context":"https:\/\/schema.org","@graph":[{"@type":"WebPage","@id":"https:\/\/uhsk.org\/2025\/kurs-genel-bilgileri\/","url":"https:\/\/uhsk.org\/2025\/kurs-genel-bilgileri\/","name":"Kurs Genel Bilgileri - 9. Uluslararas\u0131 ve 27. Ulusal Halk Sa\u011fl\u0131\u011f\u0131 Kongresi","isPartOf":{"@id":"https:\/\/uhsk.org\/2025\/#website"},"primaryImageOfPage":{"@id":"https:\/\/uhsk.org\/2025\/kurs-genel-bilgileri\/#primaryimage"},"image":{"@id":"https:\/\/uhsk.org\/2025\/kurs-genel-bilgileri\/#primaryimage"},"thumbnailUrl":"http:\/\/uhsk.org\/2025\/wp-content\/uploads\/2023\/07\/countdown.png","datePublished":"2023-09-07T13:50:22+00:00","dateModified":"2025-08-25T12:57:25+00:00","breadcrumb":{"@id":"https:\/\/uhsk.org\/2025\/kurs-genel-bilgileri\/#breadcrumb"},"inLanguage":"tr","potentialAction":[{"@type":"ReadAction","target":["https:\/\/uhsk.org\/2025\/kurs-genel-bilgileri\/"]}]},{"@type":"ImageObject","inLanguage":"tr","@id":"https:\/\/uhsk.org\/2025\/kurs-genel-bilgileri\/#primaryimage","url":"https:\/\/uhsk.org\/2025\/wp-content\/uploads\/2023\/07\/countdown.png","contentUrl":"https:\/\/uhsk.org\/2025\/wp-content\/uploads\/2023\/07\/countdown.png","width":512,"height":512},{"@type":"BreadcrumbList","@id":"https:\/\/uhsk.org\/2025\/kurs-genel-bilgileri\/#breadcrumb","itemListElement":[{"@type":"ListItem","position":1,"name":"Anasayfa","item":"https:\/\/uhsk.org\/2025\/"},{"@type":"ListItem","position":2,"name":"Kurs Genel Bilgileri"}]},{"@type":"WebSite","@id":"https:\/\/uhsk.org\/2025\/#website","url":"https:\/\/uhsk.org\/2025\/","name":"8. Uluslararas\u0131 ve 26. Ulusal Halk Sa\u011fl\u0131\u011f\u0131 Kongresi","description":"","publisher":{"@id":"https:\/\/uhsk.org\/2025\/#organization"},"potentialAction":[{"@type":"SearchAction","target":{"@type":"EntryPoint","urlTemplate":"https:\/\/uhsk.org\/2025\/?s={search_term_string}"},"query-input":{"@type":"PropertyValueSpecification","valueRequired":true,"valueName":"search_term_string"}}],"inLanguage":"tr"},{"@type":"Organization","@id":"https:\/\/uhsk.org\/2025\/#organization","name":"8. Uluslararas\u0131 ve 26. Ulusal Halk Sa\u011fl\u0131\u011f\u0131 Kongresi","url":"https:\/\/uhsk.org\/2025\/","logo":{"@type":"ImageObject","inLanguage":"tr","@id":"https:\/\/uhsk.org\/2025\/#\/schema\/logo\/image\/","url":"http:\/\/uhsk.org\/2025\/wp-content\/uploads\/2024\/07\/non-profil.png","contentUrl":"http:\/\/uhsk.org\/2025\/wp-content\/uploads\/2024\/07\/non-profil.png","width":125,"height":164,"caption":"8. Uluslararas\u0131 ve 26. Ulusal Halk Sa\u011fl\u0131\u011f\u0131 Kongresi"},"image":{"@id":"https:\/\/uhsk.org\/2025\/#\/schema\/logo\/image\/"}}]}},"_links":{"self":[{"href":"https:\/\/uhsk.org\/2025\/wp-json\/wp\/v2\/pages\/6890","targetHints":{"allow":["GET"]}}],"collection":[{"href":"https:\/\/uhsk.org\/2025\/wp-json\/wp\/v2\/pages"}],"about":[{"href":"https:\/\/uhsk.org\/2025\/wp-json\/wp\/v2\/types\/page"}],"author":[{"embeddable":true,"href":"https:\/\/uhsk.org\/2025\/wp-json\/wp\/v2\/users\/1"}],"replies":[{"embeddable":true,"href":"https:\/\/uhsk.org\/2025\/wp-json\/wp\/v2\/comments?post=6890"}],"version-history":[{"count":65,"href":"https:\/\/uhsk.org\/2025\/wp-json\/wp\/v2\/pages\/6890\/revisions"}],"predecessor-version":[{"id":8502,"href":"https:\/\/uhsk.org\/2025\/wp-json\/wp\/v2\/pages\/6890\/revisions\/8502"}],"wp:attachment":[{"href":"https:\/\/uhsk.org\/2025\/wp-json\/wp\/v2\/media?parent=6890"}],"curies":[{"name":"wp","href":"https:\/\/api.w.org\/{rel}","templated":true}]}}