{"id":5787,"date":"2023-06-19T18:06:24","date_gmt":"2023-06-19T18:06:24","guid":{"rendered":"https:\/\/uhsk.org\/2025\/?page_id=5787"},"modified":"2025-06-20T13:07:59","modified_gmt":"2025-06-20T13:07:59","slug":"iletisim","status":"publish","type":"page","link":"https:\/\/uhsk.org\/2025\/iletisim\/","title":{"rendered":"\u0130leti\u015fim"},"content":{"rendered":"<div class=\"wpb-content-wrapper\"><p>[vc_row][vc_column][vc_empty_space height=&#8221;50px&#8221;][\/vc_column][\/vc_row][vc_row][vc_column width=&#8221;1\/4&#8243;][\/vc_column][vc_column width=&#8221;1\/2&#8243;][vc_custom_heading text=&#8221;<b>Bilimsel Sekretarya<\/b>&#8221; font_container=&#8221;tag:h2|font_size:25|text_align:center|color:%23002b5b|line_height:1&#8243; use_theme_fonts=&#8221;yes&#8221; show_border=&#8221;yes&#8221; border_skin=&#8221;primary&#8221; border_type=&#8221;middle-border-center&#8221; border_size=&#8221;xs&#8221;][\/vc_column][vc_column width=&#8221;1\/4&#8243;][\/vc_column][\/vc_row][vc_row css=&#8221;.vc_custom_1632487015988{padding-top: 10px !important;}&#8221;][vc_column width=&#8221;2\/6&#8243;][\/vc_column][vc_column width=&#8221;1\/6&#8243;][vc_single_image image=&#8221;2369&#8243; img_size=&#8221;150&#215;150&#8243; alignment=&#8221;center&#8221;][\/vc_column][vc_column width=&#8221;3\/6&#8243;][vc_empty_space height=&#8221;10px&#8221;]<div class=\"porto-sicon-box  wpb_custom_0d407020ef70912d57c437006c06c574 style_1 default-icon\"><div class=\"porto-sicon-default\"><div class=\"porto-just-icon-wrapper porto-icon circle\" style=\"color:#ffffff;background:#d40707;font-size:16px;\"><i class=\"fas fa-user\"><\/i><\/div><\/div><div class=\"porto-sicon-header\"><h3 class=\"porto-sicon-title\" style=\"color:#0a0a0a;\"><strong>Do\u00e7. Dr. Derya \u00c7AMUR<\/strong><\/h3><p>Kongre Sekreteri<\/p><\/div> <!-- header --><\/div><!-- porto-sicon-box --><div class=\"porto-sicon-box  wpb_custom_0d407020ef70912d57c437006c06c574 style_1 default-icon\"><div class=\"porto-sicon-default\"><div class=\"porto-just-icon-wrapper porto-icon circle\" style=\"color:#ffffff;background:#d40707;font-size:16px;\"><i class=\"fas fa-envelope\"><\/i><\/div><\/div><div class=\"porto-sicon-header\"><h3 class=\"porto-sicon-title\" style=\"color:#000000;\">kongresekreterihasuder@gmail.com<\/h3><\/div> <!-- header --><\/div><!-- porto-sicon-box -->[\/vc_column][\/vc_row][vc_row][vc_column][vc_empty_space height=&#8221;50px&#8221;][\/vc_column][\/vc_row][vc_row][vc_column width=&#8221;1\/4&#8243;][\/vc_column][vc_column width=&#8221;1\/2&#8243; offset=&#8221;vc_hidden-xs&#8221; conditional_render=&#8221;%5B%7B%22value_role%22%3A%22administrator%22%7D%5D&#8221;][vc_custom_heading text=&#8221;<b>Organizasyon Sekretaryas\u0131<\/b>&#8221; font_container=&#8221;tag:h2|font_size:25|text_align:center|color:%23002b5b|line_height:1&#8243; use_theme_fonts=&#8221;yes&#8221; show_border=&#8221;yes&#8221; border_skin=&#8221;primary&#8221; border_type=&#8221;middle-border-center&#8221; border_size=&#8221;xs&#8221;][\/vc_column][vc_column width=&#8221;1\/4&#8243;][\/vc_column][\/vc_row][vc_row][vc_column width=&#8221;1\/4&#8243;][\/vc_column][vc_column width=&#8221;1\/2&#8243; offset=&#8221;vc_hidden-xl vc_hidden-lg vc_hidden-md vc_hidden-sm&#8221; conditional_render=&#8221;%5B%7B%22value_role%22%3A%22administrator%22%7D%5D&#8221;][vc_custom_heading text=&#8221;<b>Organizasyon Sekretaryas\u0131<\/b>&#8221; font_container=&#8221;tag:h4|font_size:20|text_align:center|color:%23002b5b|line_height:1&#8243; use_theme_fonts=&#8221;yes&#8221; show_border=&#8221;yes&#8221; border_skin=&#8221;primary&#8221; border_type=&#8221;middle-border-center&#8221; border_size=&#8221;xs&#8221;][\/vc_column][vc_column width=&#8221;1\/4&#8243;][\/vc_column][\/vc_row][vc_row css=&#8221;.vc_custom_1632487015988{padding-top: 10px !important;}&#8221;][vc_column width=&#8221;2\/6&#8243;][\/vc_column][vc_column width=&#8221;1\/6&#8243;][vc_single_image image=&#8221;2712&#8243; img_size=&#8221;145&#215;100&#8243; alignment=&#8221;center&#8221;][\/vc_column][vc_column width=&#8221;3\/6&#8243;][vc_empty_space height=&#8221;10px&#8221;]<div class=\"porto-sicon-box  wpb_custom_0d407020ef70912d57c437006c06c574 style_1 default-icon\"><div class=\"porto-sicon-default\"><div class=\"porto-just-icon-wrapper porto-icon circle\" style=\"color:#ffffff;background:#d40707;font-size:16px;\"><i class=\"fas fa-user\"><\/i><\/div><\/div><div class=\"porto-sicon-header\"><h3 class=\"porto-sicon-title\" style=\"color:#0a0a0a;\"><strong>Ya\u011fmur KO\u00c7Y\u0130\u011e\u0130T<\/strong><\/h3><\/div> <!-- header --><\/div><!-- porto-sicon-box --><div class=\"porto-sicon-box  wpb_custom_0d407020ef70912d57c437006c06c574 style_1 default-icon\"><div class=\"porto-sicon-default\"><div class=\"porto-just-icon-wrapper porto-icon circle\" style=\"color:#ffffff;background:#d40707;font-size:16px;\"><i class=\"fas fa-map-marker-alt\"><\/i><\/div><\/div><div class=\"porto-sicon-header\"><h3 class=\"porto-sicon-title\" style=\"color:#000000;\">Moment Be\u015ftepe<\/h3><p>Be\u015ftepe Mah. 32. Cad. No: 1 \/ 123 Yenimahalle - ANKARA<\/p><\/div> <!-- header --><\/div><!-- porto-sicon-box --><div class=\"porto-sicon-box  wpb_custom_0d407020ef70912d57c437006c06c574 style_1 default-icon\"><div class=\"porto-sicon-default\"><div class=\"porto-just-icon-wrapper porto-icon circle\" style=\"color:#ffffff;background:#d40707;font-size:16px;\"><i class=\"fas fa-phone\"><\/i><\/div><\/div><div class=\"porto-sicon-header\"><h3 class=\"porto-sicon-title\" style=\"color:#0a0a0a;\">+90 532 051 35 85<\/h3><\/div> <!-- header --><\/div><!-- porto-sicon-box --><div class=\"porto-sicon-box  wpb_custom_0d407020ef70912d57c437006c06c574 style_1 default-icon\"><div class=\"porto-sicon-default\"><div class=\"porto-just-icon-wrapper porto-icon circle\" style=\"color:#ffffff;background:#d40707;font-size:16px;\"><i class=\"fas fa-envelope\"><\/i><\/div><\/div><div class=\"porto-sicon-header\"><h3 class=\"porto-sicon-title\" style=\"color:#0a0a0a;\">uhsk@pinkongre.com<\/h3><\/div> <!-- header --><\/div><!-- porto-sicon-box -->[\/vc_column][\/vc_row][vc_row css=&#8221;.vc_custom_1687512154628{margin-top: 0px !important;padding-top: 0px !important;background-color: #e5e5e5 !important;}&#8221; conditional_render=&#8221;%5B%7B%22value_role%22%3A%22administrator%22%7D%5D&#8221;][vc_column offset=&#8221;vc_hidden-xl vc_hidden-lg vc_hidden-md vc_hidden-sm&#8221; conditional_render=&#8221;%5B%7B%22value_role%22%3A%22administrator%22%7D%5D&#8221;][vc_column_text css=&#8221;&#8221;]<div class=\"porto-block\" data-id=\"8134\"><style>.vc_custom_1687512154628{margin-top: 0px !important;padding-top: 0px !important;background-color: #e5e5e5 !important;}.vc_custom_1720165871439{padding-bottom: 5px !important;}<\/style><p>[vc_row css=\".vc_custom_1687512154628{margin-top: 0px !important;padding-top: 0px !important;background-color: #e5e5e5 !important;}\" conditional_render=\"%5B%7B%22value_role%22%3A%22administrator%22%7D%5D\"][vc_column offset=\"vc_hidden-xl vc_hidden-lg vc_hidden-md vc_hidden-sm\" conditional_render=\"%5B%7B%22value_role%22%3A%22administrator%22%7D%5D\"][vc_row_inner css=\".vc_custom_1720165871439{padding-bottom: 5px !important;}\"][vc_column_inner width=\"1\/3\" offset=\"vc_col-xs-4\"][vc_single_image image=\"8082\" img_size=\"full\" alignment=\"center\" css=\"\" label=\"\"][\/vc_column_inner][vc_column_inner width=\"1\/3\" offset=\"vc_col-xs-4\"][vc_single_image image=\"8081\" img_size=\"150x36\" alignment=\"center\" css=\"\" label=\"\"][\/vc_column_inner][vc_column_inner width=\"1\/3\" offset=\"vc_col-xs-4\"][vc_single_image image=\"2481\" img_size=\"36x25\" alignment=\"center\" css=\"\" label=\"\"][\/vc_column_inner][\/vc_row_inner][\/vc_column][\/vc_row]<\/p>\r\n<\/div>[\/vc_column_text][\/vc_column][\/vc_row]<\/p>\n<\/div>","protected":false},"excerpt":{"rendered":"<p>[vc_row][vc_column][vc_empty_space height=&#8221;50px&#8221;][\/vc_column][\/vc_row][vc_row][vc_column width=&#8221;1\/4&#8243;][\/vc_column][vc_column width=&#8221;1\/2&#8243;][vc_custom_heading text=&#8221;Bilimsel Sekretarya&#8221; font_container=&#8221;tag:h2|font_size:25|text_align:center|color:%23002b5b|line_height:1&#8243; use_theme_fonts=&#8221;yes&#8221; show_border=&#8221;yes&#8221; border_skin=&#8221;primary&#8221; border_type=&#8221;middle-border-center&#8221; border_size=&#8221;xs&#8221;][\/vc_column][vc_column width=&#8221;1\/4&#8243;][\/vc_column][\/vc_row][vc_row css=&#8221;.vc_custom_1632487015988{padding-top: 10px !important;}&#8221;][vc_column width=&#8221;2\/6&#8243;][\/vc_column][vc_column width=&#8221;1\/6&#8243;][vc_single_image image=&#8221;2369&#8243; img_size=&#8221;150&#215;150&#8243; alignment=&#8221;center&#8221;][\/vc_column][vc_column width=&#8221;3\/6&#8243;][vc_empty_space height=&#8221;10px&#8221;][\/vc_column][\/vc_row][vc_row][vc_column][vc_empty_space height=&#8221;50px&#8221;][\/vc_column][\/vc_row][vc_row][vc_column width=&#8221;1\/4&#8243;][\/vc_column][vc_column width=&#8221;1\/2&#8243; offset=&#8221;vc_hidden-xs&#8221; conditional_render=&#8221;%5B%7B%22value_role%22%3A%22administrator%22%7D%5D&#8221;][vc_custom_heading text=&#8221;Organizasyon Sekretaryas\u0131&#8221; font_container=&#8221;tag:h2|font_size:25|text_align:center|color:%23002b5b|line_height:1&#8243; use_theme_fonts=&#8221;yes&#8221; show_border=&#8221;yes&#8221; border_skin=&#8221;primary&#8221; border_type=&#8221;middle-border-center&#8221; border_size=&#8221;xs&#8221;][\/vc_column][vc_column width=&#8221;1\/4&#8243;][\/vc_column][\/vc_row][vc_row][vc_column width=&#8221;1\/4&#8243;][\/vc_column][vc_column width=&#8221;1\/2&#8243; offset=&#8221;vc_hidden-xl vc_hidden-lg vc_hidden-md vc_hidden-sm&#8221; conditional_render=&#8221;%5B%7B%22value_role%22%3A%22administrator%22%7D%5D&#8221;][vc_custom_heading text=&#8221;Organizasyon Sekretaryas\u0131&#8221; font_container=&#8221;tag:h4|font_size:20|text_align:center|color:%23002b5b|line_height:1&#8243; use_theme_fonts=&#8221;yes&#8221; show_border=&#8221;yes&#8221; border_skin=&#8221;primary&#8221; border_type=&#8221;middle-border-center&#8221; border_size=&#8221;xs&#8221;][\/vc_column][vc_column width=&#8221;1\/4&#8243;][\/vc_column][\/vc_row][vc_row css=&#8221;.vc_custom_1632487015988{padding-top: 10px [&hellip;]<\/p>\n","protected":false},"author":1,"featured_media":0,"parent":0,"menu_order":0,"comment_status":"closed","ping_status":"closed","template":"","meta":{"footnotes":""},"class_list":["post-5787","page","type-page","status-publish","hentry"],"yoast_head":"<!-- This site is optimized with the Yoast SEO plugin v25.3 - https:\/\/yoast.com\/wordpress\/plugins\/seo\/ -->\n<title>\u0130leti\u015fim - 9. Uluslararas\u0131 ve 27. Ulusal Halk Sa\u011fl\u0131\u011f\u0131 Kongresi<\/title>\n<meta name=\"robots\" content=\"index, follow, max-snippet:-1, max-image-preview:large, max-video-preview:-1\" \/>\n<link rel=\"canonical\" href=\"https:\/\/uhsk.org\/2025\/iletisim\/\" \/>\n<meta name=\"twitter:card\" content=\"summary_large_image\" \/>\n<meta name=\"twitter:title\" content=\"\u0130leti\u015fim - 9. Uluslararas\u0131 ve 27. Ulusal Halk Sa\u011fl\u0131\u011f\u0131 Kongresi\" \/>\n<meta name=\"twitter:description\" content=\"[vc_row][vc_column][vc_empty_space height=&#8221;50px&#8221;][\/vc_column][\/vc_row][vc_row][vc_column width=&#8221;1\/4&#8243;][\/vc_column][vc_column width=&#8221;1\/2&#8243;][vc_custom_heading text=&#8221;Bilimsel Sekretarya&#8221; font_container=&#8221;tag:h2|font_size:25|text_align:center|color:%23002b5b|line_height:1&#8243; use_theme_fonts=&#8221;yes&#8221; show_border=&#8221;yes&#8221; border_skin=&#8221;primary&#8221; border_type=&#8221;middle-border-center&#8221; border_size=&#8221;xs&#8221;][\/vc_column][vc_column width=&#8221;1\/4&#8243;][\/vc_column][\/vc_row][vc_row css=&#8221;.vc_custom_1632487015988{padding-top: 10px !important;}&#8221;][vc_column width=&#8221;2\/6&#8243;][\/vc_column][vc_column width=&#8221;1\/6&#8243;][vc_single_image image=&#8221;2369&#8243; img_size=&#8221;150&#215;150&#8243; alignment=&#8221;center&#8221;][\/vc_column][vc_column width=&#8221;3\/6&#8243;][vc_empty_space height=&#8221;10px&#8221;][\/vc_column][\/vc_row][vc_row][vc_column][vc_empty_space height=&#8221;50px&#8221;][\/vc_column][\/vc_row][vc_row][vc_column width=&#8221;1\/4&#8243;][\/vc_column][vc_column width=&#8221;1\/2&#8243; offset=&#8221;vc_hidden-xs&#8221; conditional_render=&#8221;%5B%7B%22value_role%22%3A%22administrator%22%7D%5D&#8221;][vc_custom_heading text=&#8221;Organizasyon Sekretaryas\u0131&#8221; font_container=&#8221;tag:h2|font_size:25|text_align:center|color:%23002b5b|line_height:1&#8243; use_theme_fonts=&#8221;yes&#8221; show_border=&#8221;yes&#8221; border_skin=&#8221;primary&#8221; border_type=&#8221;middle-border-center&#8221; border_size=&#8221;xs&#8221;][\/vc_column][vc_column width=&#8221;1\/4&#8243;][\/vc_column][\/vc_row][vc_row][vc_column width=&#8221;1\/4&#8243;][\/vc_column][vc_column width=&#8221;1\/2&#8243; offset=&#8221;vc_hidden-xl vc_hidden-lg vc_hidden-md vc_hidden-sm&#8221; conditional_render=&#8221;%5B%7B%22value_role%22%3A%22administrator%22%7D%5D&#8221;][vc_custom_heading text=&#8221;Organizasyon Sekretaryas\u0131&#8221; font_container=&#8221;tag:h4|font_size:20|text_align:center|color:%23002b5b|line_height:1&#8243; use_theme_fonts=&#8221;yes&#8221; show_border=&#8221;yes&#8221; border_skin=&#8221;primary&#8221; border_type=&#8221;middle-border-center&#8221; border_size=&#8221;xs&#8221;][\/vc_column][vc_column width=&#8221;1\/4&#8243;][\/vc_column][\/vc_row][vc_row css=&#8221;.vc_custom_1632487015988{padding-top: 10px [&hellip;]\" \/>\n<meta name=\"twitter:label1\" content=\"Tahmini okuma s\u00fcresi\" \/>\n\t<meta name=\"twitter:data1\" content=\"3 dakika\" \/>\n<script type=\"application\/ld+json\" class=\"yoast-schema-graph\">{\"@context\":\"https:\/\/schema.org\",\"@graph\":[{\"@type\":\"WebPage\",\"@id\":\"https:\/\/uhsk.org\/2025\/iletisim\/\",\"url\":\"https:\/\/uhsk.org\/2025\/iletisim\/\",\"name\":\"\u0130leti\u015fim - 9. Uluslararas\u0131 ve 27. Ulusal Halk Sa\u011fl\u0131\u011f\u0131 Kongresi\",\"isPartOf\":{\"@id\":\"https:\/\/uhsk.org\/2025\/#website\"},\"datePublished\":\"2023-06-19T18:06:24+00:00\",\"dateModified\":\"2025-06-20T13:07:59+00:00\",\"breadcrumb\":{\"@id\":\"https:\/\/uhsk.org\/2025\/iletisim\/#breadcrumb\"},\"inLanguage\":\"tr\",\"potentialAction\":[{\"@type\":\"ReadAction\",\"target\":[\"https:\/\/uhsk.org\/2025\/iletisim\/\"]}]},{\"@type\":\"BreadcrumbList\",\"@id\":\"https:\/\/uhsk.org\/2025\/iletisim\/#breadcrumb\",\"itemListElement\":[{\"@type\":\"ListItem\",\"position\":1,\"name\":\"Anasayfa\",\"item\":\"https:\/\/uhsk.org\/2025\/\"},{\"@type\":\"ListItem\",\"position\":2,\"name\":\"\u0130leti\u015fim\"}]},{\"@type\":\"WebSite\",\"@id\":\"https:\/\/uhsk.org\/2025\/#website\",\"url\":\"https:\/\/uhsk.org\/2025\/\",\"name\":\"8. Uluslararas\u0131 ve 26. Ulusal Halk Sa\u011fl\u0131\u011f\u0131 Kongresi\",\"description\":\"\",\"publisher\":{\"@id\":\"https:\/\/uhsk.org\/2025\/#organization\"},\"potentialAction\":[{\"@type\":\"SearchAction\",\"target\":{\"@type\":\"EntryPoint\",\"urlTemplate\":\"https:\/\/uhsk.org\/2025\/?s={search_term_string}\"},\"query-input\":{\"@type\":\"PropertyValueSpecification\",\"valueRequired\":true,\"valueName\":\"search_term_string\"}}],\"inLanguage\":\"tr\"},{\"@type\":\"Organization\",\"@id\":\"https:\/\/uhsk.org\/2025\/#organization\",\"name\":\"8. Uluslararas\u0131 ve 26. Ulusal Halk Sa\u011fl\u0131\u011f\u0131 Kongresi\",\"url\":\"https:\/\/uhsk.org\/2025\/\",\"logo\":{\"@type\":\"ImageObject\",\"inLanguage\":\"tr\",\"@id\":\"https:\/\/uhsk.org\/2025\/#\/schema\/logo\/image\/\",\"url\":\"http:\/\/uhsk.org\/2025\/wp-content\/uploads\/2024\/07\/non-profil.png\",\"contentUrl\":\"http:\/\/uhsk.org\/2025\/wp-content\/uploads\/2024\/07\/non-profil.png\",\"width\":125,\"height\":164,\"caption\":\"8. Uluslararas\u0131 ve 26. Ulusal Halk Sa\u011fl\u0131\u011f\u0131 Kongresi\"},\"image\":{\"@id\":\"https:\/\/uhsk.org\/2025\/#\/schema\/logo\/image\/\"}}]}<\/script>\n<!-- \/ Yoast SEO plugin. -->","yoast_head_json":{"title":"\u0130leti\u015fim - 9. Uluslararas\u0131 ve 27. Ulusal Halk Sa\u011fl\u0131\u011f\u0131 Kongresi","robots":{"index":"index","follow":"follow","max-snippet":"max-snippet:-1","max-image-preview":"max-image-preview:large","max-video-preview":"max-video-preview:-1"},"canonical":"https:\/\/uhsk.org\/2025\/iletisim\/","twitter_card":"summary_large_image","twitter_title":"\u0130leti\u015fim - 9. Uluslararas\u0131 ve 27. Ulusal Halk Sa\u011fl\u0131\u011f\u0131 Kongresi","twitter_description":"[vc_row][vc_column][vc_empty_space height=&#8221;50px&#8221;][\/vc_column][\/vc_row][vc_row][vc_column width=&#8221;1\/4&#8243;][\/vc_column][vc_column width=&#8221;1\/2&#8243;][vc_custom_heading text=&#8221;Bilimsel Sekretarya&#8221; font_container=&#8221;tag:h2|font_size:25|text_align:center|color:%23002b5b|line_height:1&#8243; use_theme_fonts=&#8221;yes&#8221; show_border=&#8221;yes&#8221; border_skin=&#8221;primary&#8221; border_type=&#8221;middle-border-center&#8221; border_size=&#8221;xs&#8221;][\/vc_column][vc_column width=&#8221;1\/4&#8243;][\/vc_column][\/vc_row][vc_row css=&#8221;.vc_custom_1632487015988{padding-top: 10px !important;}&#8221;][vc_column width=&#8221;2\/6&#8243;][\/vc_column][vc_column width=&#8221;1\/6&#8243;][vc_single_image image=&#8221;2369&#8243; img_size=&#8221;150&#215;150&#8243; alignment=&#8221;center&#8221;][\/vc_column][vc_column width=&#8221;3\/6&#8243;][vc_empty_space height=&#8221;10px&#8221;][\/vc_column][\/vc_row][vc_row][vc_column][vc_empty_space height=&#8221;50px&#8221;][\/vc_column][\/vc_row][vc_row][vc_column width=&#8221;1\/4&#8243;][\/vc_column][vc_column width=&#8221;1\/2&#8243; offset=&#8221;vc_hidden-xs&#8221; conditional_render=&#8221;%5B%7B%22value_role%22%3A%22administrator%22%7D%5D&#8221;][vc_custom_heading text=&#8221;Organizasyon Sekretaryas\u0131&#8221; font_container=&#8221;tag:h2|font_size:25|text_align:center|color:%23002b5b|line_height:1&#8243; use_theme_fonts=&#8221;yes&#8221; show_border=&#8221;yes&#8221; border_skin=&#8221;primary&#8221; border_type=&#8221;middle-border-center&#8221; border_size=&#8221;xs&#8221;][\/vc_column][vc_column width=&#8221;1\/4&#8243;][\/vc_column][\/vc_row][vc_row][vc_column width=&#8221;1\/4&#8243;][\/vc_column][vc_column width=&#8221;1\/2&#8243; offset=&#8221;vc_hidden-xl vc_hidden-lg vc_hidden-md vc_hidden-sm&#8221; conditional_render=&#8221;%5B%7B%22value_role%22%3A%22administrator%22%7D%5D&#8221;][vc_custom_heading text=&#8221;Organizasyon Sekretaryas\u0131&#8221; font_container=&#8221;tag:h4|font_size:20|text_align:center|color:%23002b5b|line_height:1&#8243; use_theme_fonts=&#8221;yes&#8221; show_border=&#8221;yes&#8221; border_skin=&#8221;primary&#8221; border_type=&#8221;middle-border-center&#8221; border_size=&#8221;xs&#8221;][\/vc_column][vc_column width=&#8221;1\/4&#8243;][\/vc_column][\/vc_row][vc_row css=&#8221;.vc_custom_1632487015988{padding-top: 10px [&hellip;]","twitter_misc":{"Tahmini okuma s\u00fcresi":"3 dakika"},"schema":{"@context":"https:\/\/schema.org","@graph":[{"@type":"WebPage","@id":"https:\/\/uhsk.org\/2025\/iletisim\/","url":"https:\/\/uhsk.org\/2025\/iletisim\/","name":"\u0130leti\u015fim - 9. Uluslararas\u0131 ve 27. Ulusal Halk Sa\u011fl\u0131\u011f\u0131 Kongresi","isPartOf":{"@id":"https:\/\/uhsk.org\/2025\/#website"},"datePublished":"2023-06-19T18:06:24+00:00","dateModified":"2025-06-20T13:07:59+00:00","breadcrumb":{"@id":"https:\/\/uhsk.org\/2025\/iletisim\/#breadcrumb"},"inLanguage":"tr","potentialAction":[{"@type":"ReadAction","target":["https:\/\/uhsk.org\/2025\/iletisim\/"]}]},{"@type":"BreadcrumbList","@id":"https:\/\/uhsk.org\/2025\/iletisim\/#breadcrumb","itemListElement":[{"@type":"ListItem","position":1,"name":"Anasayfa","item":"https:\/\/uhsk.org\/2025\/"},{"@type":"ListItem","position":2,"name":"\u0130leti\u015fim"}]},{"@type":"WebSite","@id":"https:\/\/uhsk.org\/2025\/#website","url":"https:\/\/uhsk.org\/2025\/","name":"8. Uluslararas\u0131 ve 26. Ulusal Halk Sa\u011fl\u0131\u011f\u0131 Kongresi","description":"","publisher":{"@id":"https:\/\/uhsk.org\/2025\/#organization"},"potentialAction":[{"@type":"SearchAction","target":{"@type":"EntryPoint","urlTemplate":"https:\/\/uhsk.org\/2025\/?s={search_term_string}"},"query-input":{"@type":"PropertyValueSpecification","valueRequired":true,"valueName":"search_term_string"}}],"inLanguage":"tr"},{"@type":"Organization","@id":"https:\/\/uhsk.org\/2025\/#organization","name":"8. Uluslararas\u0131 ve 26. Ulusal Halk Sa\u011fl\u0131\u011f\u0131 Kongresi","url":"https:\/\/uhsk.org\/2025\/","logo":{"@type":"ImageObject","inLanguage":"tr","@id":"https:\/\/uhsk.org\/2025\/#\/schema\/logo\/image\/","url":"http:\/\/uhsk.org\/2025\/wp-content\/uploads\/2024\/07\/non-profil.png","contentUrl":"http:\/\/uhsk.org\/2025\/wp-content\/uploads\/2024\/07\/non-profil.png","width":125,"height":164,"caption":"8. Uluslararas\u0131 ve 26. Ulusal Halk Sa\u011fl\u0131\u011f\u0131 Kongresi"},"image":{"@id":"https:\/\/uhsk.org\/2025\/#\/schema\/logo\/image\/"}}]}},"_links":{"self":[{"href":"https:\/\/uhsk.org\/2025\/wp-json\/wp\/v2\/pages\/5787","targetHints":{"allow":["GET"]}}],"collection":[{"href":"https:\/\/uhsk.org\/2025\/wp-json\/wp\/v2\/pages"}],"about":[{"href":"https:\/\/uhsk.org\/2025\/wp-json\/wp\/v2\/types\/page"}],"author":[{"embeddable":true,"href":"https:\/\/uhsk.org\/2025\/wp-json\/wp\/v2\/users\/1"}],"replies":[{"embeddable":true,"href":"https:\/\/uhsk.org\/2025\/wp-json\/wp\/v2\/comments?post=5787"}],"version-history":[{"count":19,"href":"https:\/\/uhsk.org\/2025\/wp-json\/wp\/v2\/pages\/5787\/revisions"}],"predecessor-version":[{"id":8256,"href":"https:\/\/uhsk.org\/2025\/wp-json\/wp\/v2\/pages\/5787\/revisions\/8256"}],"wp:attachment":[{"href":"https:\/\/uhsk.org\/2025\/wp-json\/wp\/v2\/media?parent=5787"}],"curies":[{"name":"wp","href":"https:\/\/api.w.org\/{rel}","templated":true}]}}