{"id":5702,"date":"2023-06-19T13:20:15","date_gmt":"2023-06-19T13:20:15","guid":{"rendered":"https:\/\/uhsk.org\/2025\/?page_id=5702"},"modified":"2025-10-09T13:14:57","modified_gmt":"2025-10-09T13:14:57","slug":"genel-bilgiler","status":"publish","type":"page","link":"https:\/\/uhsk.org\/2025\/genel-bilgiler\/","title":{"rendered":"Genel Bilgiler"},"content":{"rendered":"<div class=\"wpb-content-wrapper\"><p>[vc_row css=&#8221;.vc_custom_1687195891883{margin-top: 50px !important;}&#8221; conditional_render=&#8221;%5B%7B%22value_role%22%3A%22administrator%22%7D%5D&#8221;][vc_column width=&#8221;1\/6&#8243;][\/vc_column][vc_column width=&#8221;4\/6&#8243;][vc_row_inner][vc_column_inner width=&#8221;1\/2&#8243;]<div class=\"porto-sicon-box  wpb_custom_1ff4e1113edf6260b4a4bcde4c3196cf style_1 top-icon\"><div class=\"porto-sicon-top\"><div id=\"porto-icon-62457627069de2d2f85a39\" class=\"porto-just-icon-wrapper porto-sicon-img\" style=\"font-size: 75px;\"><img loading=\"lazy\" decoding=\"async\" class=\"img-icon\" alt=\"\" src=\"https:\/\/uhsk.org\/2025\/wp-content\/uploads\/2023\/06\/calendar.png\" width=\"128\" height=\"128\" \/><\/div><\/div><div class=\"porto-sicon-header\"><h3 class=\"porto-sicon-title\" style=\"color:#002b5b;\">Kongre Tarihi ve Yeri<\/h3><p>Kongre <strong>10-13 Aral\u0131k 2025<\/strong> tarihleri aras\u0131nda <strong>Akka Hotel Antedon - Antalya<\/strong>'da ger\u00e7ekle\u015ftirilecektir.<\/p><\/div> <!-- header --><\/div><!-- porto-sicon-box -->[\/vc_column_inner][vc_column_inner width=&#8221;1\/2&#8243;]<div class=\"porto-sicon-box  wpb_custom_1ff4e1113edf6260b4a4bcde4c3196cf style_1 top-icon\"><div class=\"porto-sicon-top\"><div id=\"porto-icon-78118461969de2d2f8616f\" class=\"porto-just-icon-wrapper porto-sicon-img\" style=\"font-size: 75px;\"><img loading=\"lazy\" decoding=\"async\" class=\"img-icon\" alt=\"\" src=\"https:\/\/uhsk.org\/2025\/wp-content\/uploads\/2023\/06\/speak.png\" width=\"64\" height=\"64\" \/><\/div><\/div><div class=\"porto-sicon-header\"><h3 class=\"porto-sicon-title\" style=\"color:#002b5b;\">Kongre Dili<\/h3><p>Kongre dili T\u00fcrk\u00e7e ve \u0130ngilizcedir. Kongre s\u00fcresince T\u00fcrk\u00e7e \u2013 \u0130ngilizce e\u015f zamanl\u0131 \u00e7eviri yap\u0131lacakt\u0131r.<\/p><\/div> <!-- header --><\/div><!-- porto-sicon-box -->[\/vc_column_inner][\/vc_row_inner][vc_row_inner][vc_column_inner width=&#8221;1\/2&#8243; offset=&#8221;vc_hidden-xs&#8221;][vc_separator][\/vc_column_inner][vc_column_inner width=&#8221;1\/2&#8243; offset=&#8221;vc_hidden-xs&#8221;][vc_separator][\/vc_column_inner][\/vc_row_inner][vc_row_inner][vc_column_inner width=&#8221;1\/2&#8243;]<div class=\"porto-sicon-box  wpb_custom_1ff4e1113edf6260b4a4bcde4c3196cf style_1 top-icon\"><div class=\"porto-sicon-top\"><div id=\"porto-icon-70944007169de2d2f8683b\" class=\"porto-just-icon-wrapper porto-sicon-img\" style=\"font-size: 75px;\"><img loading=\"lazy\" decoding=\"async\" class=\"img-icon\" alt=\"\" src=\"https:\/\/uhsk.org\/2025\/wp-content\/uploads\/2023\/06\/award.png\" width=\"64\" height=\"64\" \/><\/div><\/div><div class=\"porto-sicon-header\"><h3 class=\"porto-sicon-title\" style=\"color:#002b5b;\">Kongre Kat\u0131l\u0131m belgesi<\/h3><p>Kat\u0131l\u0131m Belgesi kongre tamamlad\u0131ktan sonra e-posta ile g\u00f6nderilecektir.<\/p><\/div> <!-- header --><\/div><!-- porto-sicon-box -->[\/vc_column_inner][vc_column_inner width=&#8221;1\/2&#8243;]<div class=\"porto-sicon-box  wpb_custom_1ff4e1113edf6260b4a4bcde4c3196cf style_1 top-icon\"><div class=\"porto-sicon-top\"><div id=\"porto-icon-61747155169de2d2f86f6c\" class=\"porto-just-icon-wrapper porto-sicon-img\" style=\"font-size: 75px;\"><img loading=\"lazy\" decoding=\"async\" class=\"img-icon\" alt=\"\" src=\"https:\/\/uhsk.org\/2025\/wp-content\/uploads\/2024\/07\/presentations.png\" width=\"512\" height=\"512\" \/><\/div><\/div><div class=\"porto-sicon-header\"><h3 class=\"porto-sicon-title\" style=\"color:#002b5b;\">Bildiri Sunumlar\u0131<\/h3><p>Kabul edilen t\u00fcm bildiriler Kongrede <strong>S\u00d6ZL\u00dc<\/strong> sunulacakt\u0131r.<\/p><\/div> <!-- header --><\/div><!-- porto-sicon-box -->[\/vc_column_inner][\/vc_row_inner][vc_row_inner][vc_column_inner width=&#8221;1\/2&#8243; offset=&#8221;vc_hidden-xs&#8221;][vc_separator][\/vc_column_inner][vc_column_inner width=&#8221;1\/2&#8243; offset=&#8221;vc_hidden-sm vc_hidden-xs&#8221;][vc_separator][\/vc_column_inner][\/vc_row_inner][vc_row_inner][vc_column_inner width=&#8221;1\/2&#8243;]<div class=\"porto-sicon-box  wpb_custom_1ff4e1113edf6260b4a4bcde4c3196cf style_1 top-icon\"><div class=\"porto-sicon-top\"><div id=\"porto-icon-49365077269de2d2f8764b\" class=\"porto-just-icon-wrapper porto-sicon-img\" style=\"font-size: 75px;\"><img loading=\"lazy\" decoding=\"async\" class=\"img-icon\" alt=\"\" src=\"https:\/\/uhsk.org\/2025\/wp-content\/uploads\/2023\/06\/book.png\" width=\"128\" height=\"128\" \/><\/div><\/div><div class=\"porto-sicon-header\"><h3 class=\"porto-sicon-title\" style=\"color:#002b5b;\">Kongre Kitab\u0131<\/h3><p>Kitap kongre sonras\u0131 web sitesine y\u00fcklenecek ve kat\u0131l\u0131mc\u0131lara duyurulacakt\u0131r.<\/p><\/div> <!-- header --><\/div><!-- porto-sicon-box -->[\/vc_column_inner][vc_column_inner width=&#8221;1\/2&#8243;]<div class=\"porto-sicon-box  wpb_custom_1ff4e1113edf6260b4a4bcde4c3196cf style_1 top-icon\"><div class=\"porto-sicon-top\"><div id=\"porto-icon-195675225769de2d2f87d2e\" class=\"porto-just-icon-wrapper porto-sicon-img\" style=\"font-size: 75px;\"><img loading=\"lazy\" decoding=\"async\" class=\"img-icon\" alt=\"\" src=\"https:\/\/uhsk.org\/2025\/wp-content\/uploads\/2023\/06\/online-registration.png\" width=\"64\" height=\"64\" \/><\/div><\/div><div class=\"porto-sicon-header\"><h3 class=\"porto-sicon-title\" style=\"color:#002b5b;\">Kay\u0131t<\/h3><p>Kongre kay\u0131tlar\u0131 kongre web sitesinde bulunan <strong>\u201cOnline Kay\u0131t\u201d<\/strong> linki \u00fczerinden yap\u0131lacakt\u0131r. Bildiri y\u00fcklemek ve g\u00f6ndermek i\u00e7in Bildiri Sisteminde kay\u0131t olu\u015fturulmas\u0131 gerekmektedir. Bu a\u015famada \u00f6deme yap\u0131lmas\u0131 zorunlulu\u011fu yoktur.<\/p><\/div> <!-- header --><\/div><!-- porto-sicon-box -->[\/vc_column_inner][\/vc_row_inner][vc_row_inner][vc_column_inner width=&#8221;1\/2&#8243; offset=&#8221;vc_hidden-xs&#8221;][vc_separator][\/vc_column_inner][vc_column_inner width=&#8221;1\/2&#8243; offset=&#8221;vc_hidden-sm vc_hidden-xs&#8221;][vc_separator][\/vc_column_inner][\/vc_row_inner][vc_row_inner][vc_column_inner width=&#8221;1\/2&#8243;]<div class=\"porto-sicon-box  wpb_custom_1ff4e1113edf6260b4a4bcde4c3196cf style_1 top-icon\"><div class=\"porto-sicon-top\"><div id=\"porto-icon-177028777869de2d2f88403\" class=\"porto-just-icon-wrapper porto-sicon-img\" style=\"font-size: 75px;\"><img loading=\"lazy\" decoding=\"async\" class=\"img-icon\" alt=\"\" src=\"https:\/\/uhsk.org\/2025\/wp-content\/uploads\/2023\/06\/application.png\" width=\"128\" height=\"128\" \/><\/div><\/div><div class=\"porto-sicon-header\"><h3 class=\"porto-sicon-title\" style=\"color:#002b5b;\">Do\u00e7entlik Ba\u015fvuru Kriteri<\/h3><p>Kongre Kitab\u0131nda bas\u0131lan \u00f6zet\/tam metin bildiriler \u00dcAK taraf\u0131ndan<br \/>\nbelirlenen kriterlere g\u00f6re Do\u00e7entlik ba\u015fvurular\u0131nda kullan\u0131labilmektedir.<\/p><\/div> <!-- header --><\/div><!-- porto-sicon-box -->[\/vc_column_inner][vc_column_inner width=&#8221;1\/2&#8243;]<div class=\"porto-sicon-box  wpb_custom_1ff4e1113edf6260b4a4bcde4c3196cf style_1 top-icon\"><div class=\"porto-sicon-top\"><div id=\"porto-icon-137212438769de2d2f88aeb\" class=\"porto-just-icon-wrapper porto-sicon-img\" style=\"font-size: 75px;\"><img loading=\"lazy\" decoding=\"async\" class=\"img-icon\" alt=\"\" src=\"https:\/\/uhsk.org\/2025\/wp-content\/uploads\/2024\/09\/tubitak-logo.png\" width=\"300\" height=\"296\" \/><\/div><\/div><div class=\"porto-sicon-header\"><h3 class=\"porto-sicon-title\" style=\"color:#002b5b;\">T\u00dcB\u0130TAK Deste\u011fi<\/h3><p>9. Uluslararas\u0131 -27. Ulusal Halk Sa\u011fl\u0131\u011f\u0131 Kongresi T\u00dcB\u0130TAK taraf\u0131ndan \u201c2223-B Yurt \u0130\u00e7i Bilimsel Etkinlik D\u00fczenleme Deste\u011fi\u201d kapsam\u0131nda desteklenmektedir.<\/p><\/div> <!-- header --><\/div><!-- porto-sicon-box -->[\/vc_column_inner][\/vc_row_inner][vc_row_inner][vc_column_inner width=&#8221;1\/2&#8243; offset=&#8221;vc_hidden-xs&#8221;][vc_separator][\/vc_column_inner][vc_column_inner width=&#8221;1\/2&#8243; offset=&#8221;vc_hidden-sm vc_hidden-xs&#8221;][vc_separator][\/vc_column_inner][\/vc_row_inner][vc_row_inner][vc_column_inner width=&#8221;1\/4&#8243;][\/vc_column_inner][vc_column_inner width=&#8221;2\/4&#8243;]<div class=\"porto-sicon-box  wpb_custom_1ff4e1113edf6260b4a4bcde4c3196cf style_1 top-icon\"><div class=\"porto-sicon-top\"><div id=\"porto-icon-183100617769de2d2f891bb\" class=\"porto-just-icon-wrapper porto-sicon-img\" style=\"font-size: 75px;\"><img loading=\"lazy\" decoding=\"async\" class=\"img-icon\" alt=\"\" src=\"https:\/\/uhsk.org\/2025\/wp-content\/uploads\/2023\/11\/scholarship.png\" width=\"512\" height=\"512\" \/><\/div><\/div><div class=\"porto-sicon-header\"><h3 class=\"porto-sicon-title\" style=\"color:#002b5b;\">Asistan Bursu<\/h3><p>Bildirisi kabul edilen halk sa\u011fl\u0131\u011f\u0131 asistanlar\u0131na kongreye kay\u0131t tarihine<br \/>\ng\u00f6re \u00f6ncelikli olarak burs sa\u011flanacakt\u0131r. Burs miktar\u0131 ve say\u0131s\u0131 daha sonra ilan edilecektir.<\/p><\/div> <!-- header --><\/div><!-- porto-sicon-box -->[\/vc_column_inner][vc_column_inner width=&#8221;1\/4&#8243;][\/vc_column_inner][\/vc_row_inner][\/vc_column][vc_column width=&#8221;1\/6&#8243;][\/vc_column][\/vc_row][vc_row][vc_column][vc_empty_space height=&#8221;70px&#8221;][\/vc_column][\/vc_row][vc_row css=&#8221;.vc_custom_1687512154628{margin-top: 0px !important;padding-top: 0px !important;background-color: #e5e5e5 !important;}&#8221; conditional_render=&#8221;%5B%7B%22value_role%22%3A%22administrator%22%7D%5D&#8221;][vc_column offset=&#8221;vc_hidden-xl vc_hidden-lg vc_hidden-md vc_hidden-sm&#8221; conditional_render=&#8221;%5B%7B%22value_role%22%3A%22administrator%22%7D%5D&#8221;][vc_column_text css=&#8221;&#8221;]<div class=\"porto-block\" data-id=\"8134\"><style>.vc_custom_1687512154628{margin-top: 0px !important;padding-top: 0px !important;background-color: #e5e5e5 !important;}.vc_custom_1720165871439{padding-bottom: 5px !important;}<\/style><p>[vc_row css=\".vc_custom_1687512154628{margin-top: 0px !important;padding-top: 0px !important;background-color: #e5e5e5 !important;}\" conditional_render=\"%5B%7B%22value_role%22%3A%22administrator%22%7D%5D\"][vc_column offset=\"vc_hidden-xl vc_hidden-lg vc_hidden-md vc_hidden-sm\" conditional_render=\"%5B%7B%22value_role%22%3A%22administrator%22%7D%5D\"][vc_row_inner css=\".vc_custom_1720165871439{padding-bottom: 5px !important;}\"][vc_column_inner width=\"1\/3\" offset=\"vc_col-xs-4\"][vc_single_image image=\"8082\" img_size=\"full\" alignment=\"center\" css=\"\" label=\"\"][\/vc_column_inner][vc_column_inner width=\"1\/3\" offset=\"vc_col-xs-4\"][vc_single_image image=\"8081\" img_size=\"150x36\" alignment=\"center\" css=\"\" label=\"\"][\/vc_column_inner][vc_column_inner width=\"1\/3\" offset=\"vc_col-xs-4\"][vc_single_image image=\"2481\" img_size=\"36x25\" alignment=\"center\" css=\"\" label=\"\"][\/vc_column_inner][\/vc_row_inner][\/vc_column][\/vc_row]<\/p>\r\n<\/div>[\/vc_column_text][\/vc_column][\/vc_row]<\/p>\n<\/div>","protected":false},"excerpt":{"rendered":"<p>[vc_row css=&#8221;.vc_custom_1687195891883{margin-top: 50px !important;}&#8221; conditional_render=&#8221;%5B%7B%22value_role%22%3A%22administrator%22%7D%5D&#8221;][vc_column width=&#8221;1\/6&#8243;][\/vc_column][vc_column width=&#8221;4\/6&#8243;][vc_row_inner][vc_column_inner width=&#8221;1\/2&#8243;][\/vc_column_inner][vc_column_inner width=&#8221;1\/2&#8243;][\/vc_column_inner][\/vc_row_inner][vc_row_inner][vc_column_inner width=&#8221;1\/2&#8243; offset=&#8221;vc_hidden-xs&#8221;][vc_separator][\/vc_column_inner][vc_column_inner width=&#8221;1\/2&#8243; offset=&#8221;vc_hidden-xs&#8221;][vc_separator][\/vc_column_inner][\/vc_row_inner][vc_row_inner][vc_column_inner width=&#8221;1\/2&#8243;][\/vc_column_inner][vc_column_inner width=&#8221;1\/2&#8243;][\/vc_column_inner][\/vc_row_inner][vc_row_inner][vc_column_inner width=&#8221;1\/2&#8243; offset=&#8221;vc_hidden-xs&#8221;][vc_separator][\/vc_column_inner][vc_column_inner width=&#8221;1\/2&#8243; offset=&#8221;vc_hidden-sm vc_hidden-xs&#8221;][vc_separator][\/vc_column_inner][\/vc_row_inner][vc_row_inner][vc_column_inner width=&#8221;1\/2&#8243;][\/vc_column_inner][vc_column_inner width=&#8221;1\/2&#8243;][\/vc_column_inner][\/vc_row_inner][vc_row_inner][vc_column_inner width=&#8221;1\/2&#8243; offset=&#8221;vc_hidden-xs&#8221;][vc_separator][\/vc_column_inner][vc_column_inner width=&#8221;1\/2&#8243; offset=&#8221;vc_hidden-sm vc_hidden-xs&#8221;][vc_separator][\/vc_column_inner][\/vc_row_inner][vc_row_inner][vc_column_inner width=&#8221;1\/2&#8243;][\/vc_column_inner][vc_column_inner width=&#8221;1\/2&#8243;][\/vc_column_inner][\/vc_row_inner][vc_row_inner][vc_column_inner width=&#8221;1\/2&#8243; offset=&#8221;vc_hidden-xs&#8221;][vc_separator][\/vc_column_inner][vc_column_inner width=&#8221;1\/2&#8243; offset=&#8221;vc_hidden-sm vc_hidden-xs&#8221;][vc_separator][\/vc_column_inner][\/vc_row_inner][vc_row_inner][vc_column_inner width=&#8221;1\/4&#8243;][\/vc_column_inner][vc_column_inner width=&#8221;2\/4&#8243;][\/vc_column_inner][vc_column_inner width=&#8221;1\/4&#8243;][\/vc_column_inner][\/vc_row_inner][\/vc_column][vc_column width=&#8221;1\/6&#8243;][\/vc_column][\/vc_row][vc_row][vc_column][vc_empty_space height=&#8221;70px&#8221;][\/vc_column][\/vc_row][vc_row css=&#8221;.vc_custom_1687512154628{margin-top: 0px !important;padding-top: 0px !important;background-color: #e5e5e5 !important;}&#8221; conditional_render=&#8221;%5B%7B%22value_role%22%3A%22administrator%22%7D%5D&#8221;][vc_column offset=&#8221;vc_hidden-xl vc_hidden-lg vc_hidden-md vc_hidden-sm&#8221; conditional_render=&#8221;%5B%7B%22value_role%22%3A%22administrator%22%7D%5D&#8221;][vc_column_text css=&#8221;&#8221;][\/vc_column_text][\/vc_column][\/vc_row]<\/p>\n","protected":false},"author":1,"featured_media":0,"parent":0,"menu_order":0,"comment_status":"closed","ping_status":"closed","template":"","meta":{"footnotes":""},"class_list":["post-5702","page","type-page","status-publish","hentry"],"yoast_head":"<!-- This site is optimized with the Yoast SEO plugin v25.3 - https:\/\/yoast.com\/wordpress\/plugins\/seo\/ -->\n<title>Genel Bilgiler - 9. Uluslararas\u0131 ve 27. Ulusal Halk Sa\u011fl\u0131\u011f\u0131 Kongresi<\/title>\n<meta name=\"robots\" content=\"index, follow, max-snippet:-1, max-image-preview:large, max-video-preview:-1\" \/>\n<link rel=\"canonical\" href=\"https:\/\/uhsk.org\/2025\/genel-bilgiler\/\" \/>\n<meta name=\"twitter:card\" content=\"summary_large_image\" \/>\n<meta name=\"twitter:title\" content=\"Genel Bilgiler - 9. Uluslararas\u0131 ve 27. Ulusal Halk Sa\u011fl\u0131\u011f\u0131 Kongresi\" \/>\n<meta name=\"twitter:description\" content=\"[vc_row css=&#8221;.vc_custom_1687195891883{margin-top: 50px !important;}&#8221; conditional_render=&#8221;%5B%7B%22value_role%22%3A%22administrator%22%7D%5D&#8221;][vc_column width=&#8221;1\/6&#8243;][\/vc_column][vc_column width=&#8221;4\/6&#8243;][vc_row_inner][vc_column_inner width=&#8221;1\/2&#8243;][\/vc_column_inner][vc_column_inner width=&#8221;1\/2&#8243;][\/vc_column_inner][\/vc_row_inner][vc_row_inner][vc_column_inner width=&#8221;1\/2&#8243; offset=&#8221;vc_hidden-xs&#8221;][vc_separator][\/vc_column_inner][vc_column_inner width=&#8221;1\/2&#8243; offset=&#8221;vc_hidden-xs&#8221;][vc_separator][\/vc_column_inner][\/vc_row_inner][vc_row_inner][vc_column_inner width=&#8221;1\/2&#8243;][\/vc_column_inner][vc_column_inner width=&#8221;1\/2&#8243;][\/vc_column_inner][\/vc_row_inner][vc_row_inner][vc_column_inner width=&#8221;1\/2&#8243; offset=&#8221;vc_hidden-xs&#8221;][vc_separator][\/vc_column_inner][vc_column_inner width=&#8221;1\/2&#8243; offset=&#8221;vc_hidden-sm vc_hidden-xs&#8221;][vc_separator][\/vc_column_inner][\/vc_row_inner][vc_row_inner][vc_column_inner width=&#8221;1\/2&#8243;][\/vc_column_inner][vc_column_inner width=&#8221;1\/2&#8243;][\/vc_column_inner][\/vc_row_inner][vc_row_inner][vc_column_inner width=&#8221;1\/2&#8243; offset=&#8221;vc_hidden-xs&#8221;][vc_separator][\/vc_column_inner][vc_column_inner width=&#8221;1\/2&#8243; offset=&#8221;vc_hidden-sm vc_hidden-xs&#8221;][vc_separator][\/vc_column_inner][\/vc_row_inner][vc_row_inner][vc_column_inner width=&#8221;1\/2&#8243;][\/vc_column_inner][vc_column_inner width=&#8221;1\/2&#8243;][\/vc_column_inner][\/vc_row_inner][vc_row_inner][vc_column_inner width=&#8221;1\/2&#8243; offset=&#8221;vc_hidden-xs&#8221;][vc_separator][\/vc_column_inner][vc_column_inner width=&#8221;1\/2&#8243; offset=&#8221;vc_hidden-sm vc_hidden-xs&#8221;][vc_separator][\/vc_column_inner][\/vc_row_inner][vc_row_inner][vc_column_inner width=&#8221;1\/4&#8243;][\/vc_column_inner][vc_column_inner width=&#8221;2\/4&#8243;][\/vc_column_inner][vc_column_inner width=&#8221;1\/4&#8243;][\/vc_column_inner][\/vc_row_inner][\/vc_column][vc_column width=&#8221;1\/6&#8243;][\/vc_column][\/vc_row][vc_row][vc_column][vc_empty_space height=&#8221;70px&#8221;][\/vc_column][\/vc_row][vc_row css=&#8221;.vc_custom_1687512154628{margin-top: 0px !important;padding-top: 0px !important;background-color: #e5e5e5 !important;}&#8221; conditional_render=&#8221;%5B%7B%22value_role%22%3A%22administrator%22%7D%5D&#8221;][vc_column offset=&#8221;vc_hidden-xl vc_hidden-lg vc_hidden-md vc_hidden-sm&#8221; conditional_render=&#8221;%5B%7B%22value_role%22%3A%22administrator%22%7D%5D&#8221;][vc_column_text css=&#8221;&#8221;][\/vc_column_text][\/vc_column][\/vc_row]\" \/>\n<meta name=\"twitter:label1\" content=\"Tahmini okuma s\u00fcresi\" \/>\n\t<meta name=\"twitter:data1\" content=\"4 dakika\" \/>\n<script type=\"application\/ld+json\" class=\"yoast-schema-graph\">{\"@context\":\"https:\/\/schema.org\",\"@graph\":[{\"@type\":\"WebPage\",\"@id\":\"https:\/\/uhsk.org\/2025\/genel-bilgiler\/\",\"url\":\"https:\/\/uhsk.org\/2025\/genel-bilgiler\/\",\"name\":\"Genel Bilgiler - 9. Uluslararas\u0131 ve 27. Ulusal Halk Sa\u011fl\u0131\u011f\u0131 Kongresi\",\"isPartOf\":{\"@id\":\"https:\/\/uhsk.org\/2025\/#website\"},\"datePublished\":\"2023-06-19T13:20:15+00:00\",\"dateModified\":\"2025-10-09T13:14:57+00:00\",\"breadcrumb\":{\"@id\":\"https:\/\/uhsk.org\/2025\/genel-bilgiler\/#breadcrumb\"},\"inLanguage\":\"tr\",\"potentialAction\":[{\"@type\":\"ReadAction\",\"target\":[\"https:\/\/uhsk.org\/2025\/genel-bilgiler\/\"]}]},{\"@type\":\"BreadcrumbList\",\"@id\":\"https:\/\/uhsk.org\/2025\/genel-bilgiler\/#breadcrumb\",\"itemListElement\":[{\"@type\":\"ListItem\",\"position\":1,\"name\":\"Anasayfa\",\"item\":\"https:\/\/uhsk.org\/2025\/\"},{\"@type\":\"ListItem\",\"position\":2,\"name\":\"Genel Bilgiler\"}]},{\"@type\":\"WebSite\",\"@id\":\"https:\/\/uhsk.org\/2025\/#website\",\"url\":\"https:\/\/uhsk.org\/2025\/\",\"name\":\"8. Uluslararas\u0131 ve 26. Ulusal Halk Sa\u011fl\u0131\u011f\u0131 Kongresi\",\"description\":\"\",\"publisher\":{\"@id\":\"https:\/\/uhsk.org\/2025\/#organization\"},\"potentialAction\":[{\"@type\":\"SearchAction\",\"target\":{\"@type\":\"EntryPoint\",\"urlTemplate\":\"https:\/\/uhsk.org\/2025\/?s={search_term_string}\"},\"query-input\":{\"@type\":\"PropertyValueSpecification\",\"valueRequired\":true,\"valueName\":\"search_term_string\"}}],\"inLanguage\":\"tr\"},{\"@type\":\"Organization\",\"@id\":\"https:\/\/uhsk.org\/2025\/#organization\",\"name\":\"8. Uluslararas\u0131 ve 26. Ulusal Halk Sa\u011fl\u0131\u011f\u0131 Kongresi\",\"url\":\"https:\/\/uhsk.org\/2025\/\",\"logo\":{\"@type\":\"ImageObject\",\"inLanguage\":\"tr\",\"@id\":\"https:\/\/uhsk.org\/2025\/#\/schema\/logo\/image\/\",\"url\":\"http:\/\/uhsk.org\/2025\/wp-content\/uploads\/2024\/07\/non-profil.png\",\"contentUrl\":\"http:\/\/uhsk.org\/2025\/wp-content\/uploads\/2024\/07\/non-profil.png\",\"width\":125,\"height\":164,\"caption\":\"8. Uluslararas\u0131 ve 26. Ulusal Halk Sa\u011fl\u0131\u011f\u0131 Kongresi\"},\"image\":{\"@id\":\"https:\/\/uhsk.org\/2025\/#\/schema\/logo\/image\/\"}}]}<\/script>\n<!-- \/ Yoast SEO plugin. -->","yoast_head_json":{"title":"Genel Bilgiler - 9. Uluslararas\u0131 ve 27. Ulusal Halk Sa\u011fl\u0131\u011f\u0131 Kongresi","robots":{"index":"index","follow":"follow","max-snippet":"max-snippet:-1","max-image-preview":"max-image-preview:large","max-video-preview":"max-video-preview:-1"},"canonical":"https:\/\/uhsk.org\/2025\/genel-bilgiler\/","twitter_card":"summary_large_image","twitter_title":"Genel Bilgiler - 9. Uluslararas\u0131 ve 27. Ulusal Halk Sa\u011fl\u0131\u011f\u0131 Kongresi","twitter_description":"[vc_row css=&#8221;.vc_custom_1687195891883{margin-top: 50px !important;}&#8221; conditional_render=&#8221;%5B%7B%22value_role%22%3A%22administrator%22%7D%5D&#8221;][vc_column width=&#8221;1\/6&#8243;][\/vc_column][vc_column width=&#8221;4\/6&#8243;][vc_row_inner][vc_column_inner width=&#8221;1\/2&#8243;][\/vc_column_inner][vc_column_inner width=&#8221;1\/2&#8243;][\/vc_column_inner][\/vc_row_inner][vc_row_inner][vc_column_inner width=&#8221;1\/2&#8243; offset=&#8221;vc_hidden-xs&#8221;][vc_separator][\/vc_column_inner][vc_column_inner width=&#8221;1\/2&#8243; offset=&#8221;vc_hidden-xs&#8221;][vc_separator][\/vc_column_inner][\/vc_row_inner][vc_row_inner][vc_column_inner width=&#8221;1\/2&#8243;][\/vc_column_inner][vc_column_inner width=&#8221;1\/2&#8243;][\/vc_column_inner][\/vc_row_inner][vc_row_inner][vc_column_inner width=&#8221;1\/2&#8243; offset=&#8221;vc_hidden-xs&#8221;][vc_separator][\/vc_column_inner][vc_column_inner width=&#8221;1\/2&#8243; offset=&#8221;vc_hidden-sm vc_hidden-xs&#8221;][vc_separator][\/vc_column_inner][\/vc_row_inner][vc_row_inner][vc_column_inner width=&#8221;1\/2&#8243;][\/vc_column_inner][vc_column_inner width=&#8221;1\/2&#8243;][\/vc_column_inner][\/vc_row_inner][vc_row_inner][vc_column_inner width=&#8221;1\/2&#8243; offset=&#8221;vc_hidden-xs&#8221;][vc_separator][\/vc_column_inner][vc_column_inner width=&#8221;1\/2&#8243; offset=&#8221;vc_hidden-sm vc_hidden-xs&#8221;][vc_separator][\/vc_column_inner][\/vc_row_inner][vc_row_inner][vc_column_inner width=&#8221;1\/2&#8243;][\/vc_column_inner][vc_column_inner width=&#8221;1\/2&#8243;][\/vc_column_inner][\/vc_row_inner][vc_row_inner][vc_column_inner width=&#8221;1\/2&#8243; offset=&#8221;vc_hidden-xs&#8221;][vc_separator][\/vc_column_inner][vc_column_inner width=&#8221;1\/2&#8243; offset=&#8221;vc_hidden-sm vc_hidden-xs&#8221;][vc_separator][\/vc_column_inner][\/vc_row_inner][vc_row_inner][vc_column_inner width=&#8221;1\/4&#8243;][\/vc_column_inner][vc_column_inner width=&#8221;2\/4&#8243;][\/vc_column_inner][vc_column_inner width=&#8221;1\/4&#8243;][\/vc_column_inner][\/vc_row_inner][\/vc_column][vc_column width=&#8221;1\/6&#8243;][\/vc_column][\/vc_row][vc_row][vc_column][vc_empty_space height=&#8221;70px&#8221;][\/vc_column][\/vc_row][vc_row css=&#8221;.vc_custom_1687512154628{margin-top: 0px !important;padding-top: 0px !important;background-color: #e5e5e5 !important;}&#8221; conditional_render=&#8221;%5B%7B%22value_role%22%3A%22administrator%22%7D%5D&#8221;][vc_column offset=&#8221;vc_hidden-xl vc_hidden-lg vc_hidden-md vc_hidden-sm&#8221; conditional_render=&#8221;%5B%7B%22value_role%22%3A%22administrator%22%7D%5D&#8221;][vc_column_text css=&#8221;&#8221;][\/vc_column_text][\/vc_column][\/vc_row]","twitter_misc":{"Tahmini okuma s\u00fcresi":"4 dakika"},"schema":{"@context":"https:\/\/schema.org","@graph":[{"@type":"WebPage","@id":"https:\/\/uhsk.org\/2025\/genel-bilgiler\/","url":"https:\/\/uhsk.org\/2025\/genel-bilgiler\/","name":"Genel Bilgiler - 9. Uluslararas\u0131 ve 27. Ulusal Halk Sa\u011fl\u0131\u011f\u0131 Kongresi","isPartOf":{"@id":"https:\/\/uhsk.org\/2025\/#website"},"datePublished":"2023-06-19T13:20:15+00:00","dateModified":"2025-10-09T13:14:57+00:00","breadcrumb":{"@id":"https:\/\/uhsk.org\/2025\/genel-bilgiler\/#breadcrumb"},"inLanguage":"tr","potentialAction":[{"@type":"ReadAction","target":["https:\/\/uhsk.org\/2025\/genel-bilgiler\/"]}]},{"@type":"BreadcrumbList","@id":"https:\/\/uhsk.org\/2025\/genel-bilgiler\/#breadcrumb","itemListElement":[{"@type":"ListItem","position":1,"name":"Anasayfa","item":"https:\/\/uhsk.org\/2025\/"},{"@type":"ListItem","position":2,"name":"Genel Bilgiler"}]},{"@type":"WebSite","@id":"https:\/\/uhsk.org\/2025\/#website","url":"https:\/\/uhsk.org\/2025\/","name":"8. Uluslararas\u0131 ve 26. Ulusal Halk Sa\u011fl\u0131\u011f\u0131 Kongresi","description":"","publisher":{"@id":"https:\/\/uhsk.org\/2025\/#organization"},"potentialAction":[{"@type":"SearchAction","target":{"@type":"EntryPoint","urlTemplate":"https:\/\/uhsk.org\/2025\/?s={search_term_string}"},"query-input":{"@type":"PropertyValueSpecification","valueRequired":true,"valueName":"search_term_string"}}],"inLanguage":"tr"},{"@type":"Organization","@id":"https:\/\/uhsk.org\/2025\/#organization","name":"8. Uluslararas\u0131 ve 26. Ulusal Halk Sa\u011fl\u0131\u011f\u0131 Kongresi","url":"https:\/\/uhsk.org\/2025\/","logo":{"@type":"ImageObject","inLanguage":"tr","@id":"https:\/\/uhsk.org\/2025\/#\/schema\/logo\/image\/","url":"http:\/\/uhsk.org\/2025\/wp-content\/uploads\/2024\/07\/non-profil.png","contentUrl":"http:\/\/uhsk.org\/2025\/wp-content\/uploads\/2024\/07\/non-profil.png","width":125,"height":164,"caption":"8. Uluslararas\u0131 ve 26. Ulusal Halk Sa\u011fl\u0131\u011f\u0131 Kongresi"},"image":{"@id":"https:\/\/uhsk.org\/2025\/#\/schema\/logo\/image\/"}}]}},"_links":{"self":[{"href":"https:\/\/uhsk.org\/2025\/wp-json\/wp\/v2\/pages\/5702","targetHints":{"allow":["GET"]}}],"collection":[{"href":"https:\/\/uhsk.org\/2025\/wp-json\/wp\/v2\/pages"}],"about":[{"href":"https:\/\/uhsk.org\/2025\/wp-json\/wp\/v2\/types\/page"}],"author":[{"embeddable":true,"href":"https:\/\/uhsk.org\/2025\/wp-json\/wp\/v2\/users\/1"}],"replies":[{"embeddable":true,"href":"https:\/\/uhsk.org\/2025\/wp-json\/wp\/v2\/comments?post=5702"}],"version-history":[{"count":75,"href":"https:\/\/uhsk.org\/2025\/wp-json\/wp\/v2\/pages\/5702\/revisions"}],"predecessor-version":[{"id":8517,"href":"https:\/\/uhsk.org\/2025\/wp-json\/wp\/v2\/pages\/5702\/revisions\/8517"}],"wp:attachment":[{"href":"https:\/\/uhsk.org\/2025\/wp-json\/wp\/v2\/media?parent=5702"}],"curies":[{"name":"wp","href":"https:\/\/api.w.org\/{rel}","templated":true}]}}