{"id":6142,"date":"2023-07-05T13:39:09","date_gmt":"2023-07-05T13:39:09","guid":{"rendered":"https:\/\/uhsk.org\/2024en\/?page_id=6142"},"modified":"2024-07-26T09:34:57","modified_gmt":"2024-07-26T09:34:57","slug":"registration","status":"publish","type":"page","link":"https:\/\/uhsk.org\/2024en\/registration\/","title":{"rendered":"Registration"},"content":{"rendered":"<div class=\"wpb-content-wrapper\"><p>[vc_row css=&#8221;.vc_custom_1721811128630{margin-top: 30px !important;margin-bottom: 50px !important;}&#8221; conditional_render=&#8221;%5B%7B%22value_role%22%3A%22administrator%22%7D%5D&#8221;][vc_column width=&#8221;1\/4&#8243;][\/vc_column][vc_column width=&#8221;1\/2&#8243;][vc_text_separator title=&#8221;<b>Registration Fees<\/b>&#8221; color=&#8221;custom&#8221; border_width=&#8221;4&#8243; css=&#8221;&#8221; style=&#8221;solid&#8221; element=&#8221;h2&#8243; accent_color=&#8221;#1e73be&#8221;][\/vc_column][vc_column width=&#8221;1\/4&#8243;][\/vc_column][\/vc_row][vc_row conditional_render=&#8221;%5B%7B%22value_role%22%3A%22administrator%22%7D%5D&#8221;][vc_column width=&#8221;1\/5&#8243;][\/vc_column][vc_column width=&#8221;3\/5&#8243; animation_type=&#8221;fadeIn&#8221; conditional_render=&#8221;%5B%7B%22value_role%22%3A%22administrator%22%7D%5D&#8221;][vc_column_text css=&#8221;&#8221;]<\/p>\n<table class=\"table table-bordered\" style=\"color: #000;\">\n<tbody>\n<tr style=\"background: #fff; color: #87286c;\">\n<td style=\"text-align: center; color: #d40606; background: white; font-size: 2em; vertical-align: middle; width: 70%;\"><strong>Registration Type<\/strong><\/td>\n<td style=\"text-align: center; border: 2px solid #002b5b; background: #002b5b; color: #fff;\"><b>Fee<\/b><\/td>\n<\/tr>\n<tr style=\"background: #f3f3f3;\">\n<td style=\"text-align: left;\"><strong>Registiration Fee<\/strong><\/td>\n<td style=\"text-align: center;\"><strong style=\"font-size: 1.2em;\">350 \u20ac<\/strong><\/td>\n<\/tr>\n<tr>\n<td style=\"text-align: left;\"><strong>Reduced Fee for Participants from Countrty List Below*<br \/>\n<\/strong><\/td>\n<td style=\"text-align: center;\"><strong style=\"font-size: 1.2em;\">275 \u20ac<\/strong><\/td>\n<\/tr>\n<tr style=\"background: #f3f3f3;\">\n<td style=\"text-align: left;\"><strong>Daily Attendance<\/strong><\/td>\n<td style=\"text-align: center;\"><strong style=\"font-size: 1.2em;\">200\u20ac<\/strong><\/td>\n<\/tr>\n<\/tbody>\n<\/table>\n<p>[\/vc_column_text][vc_column_text css=&#8221;&#8221;]<i class=\"fa fa-check\" style=\"font-size: 1.2em; padding-right: 10px; color: #d40606;\"><\/i> European region (as per WHO definition) Low and middle-income Country list according to the World Bank: Albania, Armenia, Azerbaijan, Belarus, Bosnia and Herzegovina, Bulgaria, Georgia, Kazakhstan, Kosovo, Kyrgyz Republic, Moldova, Montenegro, North Macedonia, Serbia, Tajikistan, Turkmenistan, Ukraine, Uzbekistan.<br \/>\n<i class=\"fa fa-check\" style=\"font-size: 1.2em; padding-right: 10px; color: #d40606;\"><\/i> The registration fee covers participation in scientific sessions, lunch, coffee breaks and congress documents.<br \/>\n<i class=\"fa fa-check\" style=\"font-size: 1.2em; padding-right: 10px; color: #d40606;\"><\/i> The daily participation fee includes participation in scientific sessions for 1 day, lunch, coffee breaks and congress documents.<br \/>\n<i class=\"fa fa-check\" style=\"font-size: 1.2em; padding-right: 10px; color: #d40606;\"><\/i> 20% VAT will be added to registration prices.[\/vc_column_text][vc_column_text css=&#8221;&#8221;]<i class=\"fa fa-check\" style=\"font-size: 1.2em; padding-right: 10px; color: #d40606;\"><\/i> Accommodation service is not provided in the congress organization. The organization of accommodation will be carried out by the participants themselves.<br \/>\n<i class=\"fa fa-check\" style=\"font-size: 1.2em; padding-right: 10px; color: #d40606;\"><\/i> Participants who want to book accommodation at the congress hotel can contact Pin Congress official \u00d6mer Altay (<a href=\"mailto:omer.altay@pinkongre.com\">omer.altay@pinkongre.com<\/a> \u2013 0532 600 26 66).[\/vc_column_text]<div class=\"porto-btn-ctn-center \"><a class=\"porto-btn porto-adjust-bottom-margin porto-btn-block porto-btn-fade-bg   wpb_custom_b2eff572b8140cae3bf0edd6a06638b2  porto-btn-center  \"  rel='' href = \"https:\/\/meetinghand.com\/e\/8th-international-and-26th-national-congress-of-public-health\/registration\" target='_blank' data-hover=\"#ffffff\" data-border-color=\"\" data-bg=\"#dd3333\" data-hover-bg=\"#8c0400\" data-border-hover=\"\" data-shadow-click=\"none\" data-shadow=\"\" style=\"border:none;background: #dd3333;color: #ffffff;\"><span class=\"porto-btn-hover\" style=\"background-color:#8c0400\"><\/span><span class=\"porto-btn-data porto-btn-text \" >CLICK TO REGISTER<\/span><\/a><\/div>[\/vc_column][vc_column width=&#8221;1\/5&#8243;][\/vc_column][\/vc_row][vc_row conditional_render=&#8221;%5B%7B%22value_role%22%3A%22administrator%22%7D%5D&#8221;][vc_column][vc_empty_space][\/vc_column][\/vc_row][vc_row css=&#8221;.vc_custom_1721813259462{margin-top: 30px !important;margin-bottom: 50px !important;}&#8221; conditional_render=&#8221;%5B%7B%22value_role%22%3A%22administrator%22%7D%5D&#8221;][vc_column width=&#8221;1\/4&#8243;][\/vc_column][vc_column width=&#8221;1\/2&#8243;][vc_text_separator title=&#8221;<b>Transport<\/b>&#8221; color=&#8221;custom&#8221; border_width=&#8221;4&#8243; css=&#8221;&#8221; style=&#8221;solid&#8221; element=&#8221;h2&#8243; accent_color=&#8221;#1e73be&#8221;][\/vc_column][vc_column width=&#8221;1\/4&#8243;][\/vc_column][\/vc_row][vc_row conditional_render=&#8221;%5B%7B%22value_role%22%3A%22administrator%22%7D%5D&#8221;][vc_column width=&#8221;1\/6&#8243; animation_type=&#8221;fadeIn&#8221; conditional_render=&#8221;%5B%7B%22value_role%22%3A%22administrator%22%7D%5D&#8221;][\/vc_column][vc_column width=&#8221;2\/6&#8243;][vc_raw_html css=&#8221;&#8221;]JTNDaWZyYW1lJTIwc3JjJTNEJTIyaHR0cHMlM0ElMkYlMkZ3d3cuZ29vZ2xlLmNvbSUyRm1hcHMlMkZlbWJlZCUzRnBiJTNEJTIxMW0xOCUyMTFtMTIlMjExbTMlMjExZDMwNTkuMzM1MTcxMzc3MTg2MyUyMTJkMzIuODQyMDQwMjc1ODU1MjklMjEzZDM5LjkzMzg5MTg4NDg4NTMyJTIxMm0zJTIxMWYwJTIxMmYwJTIxM2YwJTIxM20yJTIxMWkxMDI0JTIxMmk3NjglMjE0ZjEzLjElMjEzbTMlMjExbTIlMjExczB4MTRkMzRlZmE5OTE5ZjNkNSUyNTNBMHg2ODFmZmRiZDBjYzI4ZDBhJTIxMnNUaGUlMjUyMEFua2FyYSUyNTIwSG90ZWwlMjE1ZTAlMjEzbTIlMjExc3RyJTIxMnN0ciUyMTR2MTcyMTgxMTg0ODU3NSUyMTVtMiUyMTFzdHIlMjEyc3RyJTIyJTIwd2lkdGglM0QlMjI2MDAlMjIlMjBoZWlnaHQlM0QlMjI0NTAlMjIlMjBzdHlsZSUzRCUyMmJvcmRlciUzQTAlM0IlMjIlMjBhbGxvd2Z1bGxzY3JlZW4lM0QlMjIlMjIlMjBsb2FkaW5nJTNEJTIybGF6eSUyMiUyMHJlZmVycmVycG9saWN5JTNEJTIybm8tcmVmZXJyZXItd2hlbi1kb3duZ3JhZGUlMjIlM0UlM0MlMkZpZnJhbWUlM0U=[\/vc_raw_html][\/vc_column][vc_column width=&#8221;2\/6&#8243;][vc_column_text css=&#8221;&#8221;]<i class=\"fa fa-check\" style=\"font-size: 1.2em; padding-right: 10px; color: #d40606;\"><\/i> The congress hotel is located in the High Speed Train Station building. It is 7 km away from Ankara Intercity Bus Terminal.<br \/>\n<i class=\"fa fa-check\" style=\"font-size: 1.2em; padding-right: 10px; color: #d40606;\"><\/i> There is a HAVA\u015e bus stop in front of the train station. It is possible to reach the hotel from Esenbo\u011fa Airport and from the hotel to the airport directly by HAVA\u015e buses.<br \/>\n<i class=\"fa fa-check\" style=\"font-size: 1.2em; padding-right: 10px; color: #d40606;\"><\/i> Those who want to use the rail transportation system should get on ANKARAY and get off at Maltepe stop. The hotel can be reached by crossing the Train Station Tunnel (Asker \u00c7ar\u015f\u0131s\u0131 Tunnel) on foot.[\/vc_column_text][\/vc_column][vc_column width=&#8221;1\/6&#8243;][\/vc_column][\/vc_row][vc_row][vc_column][vc_empty_space height=&#8221;50px&#8221;][\/vc_column][\/vc_row][vc_row css=&#8221;.vc_custom_1720175922152{margin-top: 0px !important;padding-top: 0px !important;background-color: #e5e5e5 !important;}&#8221; conditional_render=&#8221;%5B%7B%22value_role%22%3A%22administrator%22%7D%5D&#8221;][vc_column offset=&#8221;vc_hidden-xl vc_hidden-lg vc_hidden-md vc_hidden-sm&#8221; conditional_render=&#8221;%5B%7B%22value_role%22%3A%22administrator%22%7D%5D&#8221;][vc_row_inner css=&#8221;.vc_custom_1720165871439{padding-bottom: 5px !important;}&#8221;][vc_column_inner width=&#8221;1\/3&#8243; offset=&#8221;vc_col-xs-4&#8243;][vc_single_image image=&#8221;7659&#8243; img_size=&#8221;full&#8221; alignment=&#8221;center&#8221; css=&#8221;&#8221;][\/vc_column_inner][vc_column_inner width=&#8221;1\/3&#8243; offset=&#8221;vc_col-xs-4&#8243;][vc_single_image image=&#8221;7660&#8243; img_size=&#8221;73&#215;25&#8243; alignment=&#8221;center&#8221; css=&#8221;&#8221;][\/vc_column_inner][vc_column_inner width=&#8221;1\/3&#8243; offset=&#8221;vc_col-xs-4&#8243;][vc_single_image image=&#8221;7666&#8243; img_size=&#8221;36&#215;25&#8243; alignment=&#8221;center&#8221; css=&#8221;&#8221;][\/vc_column_inner][\/vc_row_inner][\/vc_column][\/vc_row]<\/p>\n<\/div>","protected":false},"excerpt":{"rendered":"<p>[vc_row css=&#8221;.vc_custom_1721811128630{margin-top: 30px !important;margin-bottom: 50px !important;}&#8221; conditional_render=&#8221;%5B%7B%22value_role%22%3A%22administrator%22%7D%5D&#8221;][vc_column width=&#8221;1\/4&#8243;][\/vc_column][vc_column width=&#8221;1\/2&#8243;][vc_text_separator title=&#8221;Registration Fees&#8221; color=&#8221;custom&#8221; border_width=&#8221;4&#8243; css=&#8221;&#8221; style=&#8221;solid&#8221; element=&#8221;h2&#8243; accent_color=&#8221;#1e73be&#8221;][\/vc_column][vc_column width=&#8221;1\/4&#8243;][\/vc_column][\/vc_row][vc_row conditional_render=&#8221;%5B%7B%22value_role%22%3A%22administrator%22%7D%5D&#8221;][vc_column width=&#8221;1\/5&#8243;][\/vc_column][vc_column width=&#8221;3\/5&#8243; animation_type=&#8221;fadeIn&#8221; conditional_render=&#8221;%5B%7B%22value_role%22%3A%22administrator%22%7D%5D&#8221;][vc_column_text css=&#8221;&#8221;] Registration Type Fee Registiration Fee 350 \u20ac Reduced Fee for Participants from Countrty List Below* 275 \u20ac Daily Attendance 200\u20ac [\/vc_column_text][vc_column_text css=&#8221;&#8221;] European region (as per WHO definition) Low and middle-income [&hellip;]<\/p>\n","protected":false},"author":1,"featured_media":0,"parent":0,"menu_order":0,"comment_status":"closed","ping_status":"closed","template":"","meta":{"footnotes":""},"class_list":["post-6142","page","type-page","status-publish","hentry"],"_links":{"self":[{"href":"https:\/\/uhsk.org\/2024en\/wp-json\/wp\/v2\/pages\/6142","targetHints":{"allow":["GET"]}}],"collection":[{"href":"https:\/\/uhsk.org\/2024en\/wp-json\/wp\/v2\/pages"}],"about":[{"href":"https:\/\/uhsk.org\/2024en\/wp-json\/wp\/v2\/types\/page"}],"author":[{"embeddable":true,"href":"https:\/\/uhsk.org\/2024en\/wp-json\/wp\/v2\/users\/1"}],"replies":[{"embeddable":true,"href":"https:\/\/uhsk.org\/2024en\/wp-json\/wp\/v2\/comments?post=6142"}],"version-history":[{"count":72,"href":"https:\/\/uhsk.org\/2024en\/wp-json\/wp\/v2\/pages\/6142\/revisions"}],"predecessor-version":[{"id":7766,"href":"https:\/\/uhsk.org\/2024en\/wp-json\/wp\/v2\/pages\/6142\/revisions\/7766"}],"wp:attachment":[{"href":"https:\/\/uhsk.org\/2024en\/wp-json\/wp\/v2\/media?parent=6142"}],"curies":[{"name":"wp","href":"https:\/\/api.w.org\/{rel}","templated":true}]}}