{"id":5782,"date":"2023-06-19T17:59:39","date_gmt":"2023-06-19T17:59:39","guid":{"rendered":"https:\/\/uhsk.org\/2024\/?page_id=5782"},"modified":"2024-07-05T11:44:54","modified_gmt":"2024-07-05T11:44:54","slug":"davet","status":"publish","type":"page","link":"https:\/\/uhsk.org\/2024\/davet\/","title":{"rendered":"Davet"},"content":{"rendered":"<div class=\"wpb-content-wrapper\"><p>[vc_row wrap_container=&#8221;yes&#8221; css=&#8221;.vc_custom_1720161741365{padding-top: 80px !important;padding-bottom: 80px !important;background-color: #ffffff !important;}&#8221; conditional_render=&#8221;%5B%7B%22value_role%22%3A%22administrator%22%7D%5D&#8221;][vc_column conditional_render=&#8221;%5B%7B%22value_role%22%3A%22administrator%22%7D%5D&#8221;][vc_row_inner][vc_column_inner width=&#8221;1\/4&#8243;][vc_single_image image=&#8221;7441&#8243; img_size=&#8221;152&#215;201&#8243; alignment=&#8221;center&#8221; css=&#8221;&#8221; animation_delay=&#8221;&#8221; animation_type=&#8221;fadeIn&#8221; label=&#8221;&#8221;][vc_column_text css=&#8221;.vc_custom_1720014904150{margin-top: -10px !important;}&#8221;]<\/p>\n<h5 style=\"text-align: center; margin-bottom: 0px; color: #e31e24;\">Prof. Dr. B\u00fclent KILI\u00c7<\/h5>\n<p style=\"text-align: center;\">Kongre Ba\u015fkan\u0131<\/p>\n<p>[\/vc_column_text][\/vc_column_inner][vc_column_inner width=&#8221;3\/4&#8243;][vc_column_text css=&#8221;&#8221;]<strong style=\"color: #e31e24; font-size: 16px;\">De\u011ferli Halk Sa\u011fl\u0131\u011f\u0131 Uzmanlar\u0131, Akademisyenleri, Asistanlar\u0131 ve \u00c7al\u0131\u015fanlar\u0131,<\/strong><\/p>\n<p style=\"text-align: justify;\">Bu y\u0131lki kongremizin ana temas\u0131n\u0131 <strong style=\"color: #e31e24;\">\u201cYerel Y\u00f6netimler ve Halk Sa\u011fl\u0131\u011f\u0131\u201d<\/strong> olarak belirledik. \u0130\u00e7inde bulundu\u011fumuz 2024 y\u0131l\u0131, Mart ay\u0131nda ger\u00e7ekle\u015fen yerel y\u00f6netim se\u00e7imleri nedeniyle il ve il\u00e7e belediyelerinden, k\u00f6y muhtarl\u0131klar\u0131na kadar t\u00fcm yerel bile\u015fenlerin \u00f6n plana \u00e7\u0131kt\u0131\u011f\u0131 bir y\u0131l oldu. \u00dclkemizde ba\u015fta belediyeler olmak \u00fczere, t\u00fcm yerel otoriteler giderek b\u00fcy\u00fck bir \u00f6nem kazan\u0131yor. Bunun bir nedeni de yerel y\u00f6netimlerin halk sa\u011fl\u0131\u011f\u0131 hizmetleri a\u00e7\u0131s\u0131ndan b\u00fcy\u00fck sorumluluklar\u0131 ve g\u00f6revleri olmas\u0131. Yerel y\u00f6netimlerin halk sa\u011fl\u0131\u011f\u0131yla ilgili i\u00e7me suyundan oyun parklar\u0131na, pazar yerlerinden mezarl\u0131klara kadar pek \u00e7ok g\u00f6revi var. \u00d6te yandan son d\u00f6nemde baz\u0131 belediyelerin \u00fccretsiz HPV a\u015f\u0131s\u0131 sa\u011flamas\u0131 gibi uygulamalar da dikkat \u00e7ekiyor. Bu nedenle bu y\u0131lki kongremizde T\u00fcrkiye\u2019de yerel y\u00f6netimlerin halk sa\u011fl\u0131\u011f\u0131 a\u00e7\u0131s\u0131ndan giderek artan \u00f6nemini ele almaya ve tart\u0131\u015fmaya \u00e7al\u0131\u015faca\u011f\u0131z<\/p>\n<p style=\"text-align: justify;\">Ancak d\u00fcnyada ve \u00fclkemizde ku\u015fkusuz \u00e7ok say\u0131da halk sa\u011fl\u0131\u011f\u0131 sorunu da \u00f6nemini koruyor. Gazze\u2019de ya\u015fanan trajedi, ya\u015fam\u0131n\u0131 kaybeden elli bine yak\u0131n insan, y\u00fcz bine yak\u0131n yaral\u0131 ve tamamen y\u0131k\u0131lan bir yerle\u015fim alan\u0131 ile ya\u015fad\u0131\u011f\u0131m\u0131z co\u011frafyan\u0131n \u00e7ok yak\u0131n\u0131nda t\u00fcm yak\u0131c\u0131l\u0131\u011f\u0131yla devam etmekte. \u0130nsanl\u0131\u011f\u0131n, \u00f6zg\u00fcrl\u00fc\u011f\u00fcn ve demokrasinin be\u015fi\u011fi oldu\u011funu iddia eden \u00fclkelerin bu felaket kar\u015f\u0131s\u0131ndaki suskunlu\u011fundan daha da \u00f6nemlisi, binlerce insan\u0131n bombalanmas\u0131n\u0131 finanse eden \u00fclkelerin de ayn\u0131 \u00fclkeler olmas\u0131. Jean Paul Sartre bu ikiy\u00fczl\u00fcl\u00fc\u011f\u00fc \u201c<em>soylu ruhlar\u0131m\u0131z asl\u0131nda \u0131rk\u00e7\u0131d\u0131r<\/em>\u201d diyerek ifade etmi\u015fti.<\/p>\n<p style=\"text-align: justify;\">\u00dclkemizde ise iki b\u00fcy\u00fck sorun devam etmekte: \u00d6ncelikle Kahramanmara\u015f merkezli 6 \u015eubat 2023 tarihinde ya\u015fad\u0131\u011f\u0131m\u0131z depremlerden sonra afet durumlar\u0131na haz\u0131rl\u0131k a\u015famalar\u0131nda ve afet sonras\u0131nda ne kadar yetersiz oldu\u011fumuz bir kez daha ortaya \u00e7\u0131km\u0131\u015ft\u0131r. Aradan ge\u00e7en 1.5 y\u0131ll\u0131k s\u00fcreden sonra halk sa\u011fl\u0131k hizmetlerindeki yetersizliklerin de devam etti\u011fini g\u00f6r\u00fcyoruz. Di\u011fer b\u00fcy\u00fck sorun ise \u00fclkemizdeki g\u00f6\u00e7men politikalar\u0131n\u0131n iflas etmesidir. \u00dclkemiz ya\u015fad\u0131\u011f\u0131 ekonomik krizin \u00fczerine art\u0131k ciddi sosyal krizlerle de y\u00fcz y\u00fcze gelmek \u00fczeredir.<\/p>\n<p style=\"text-align: justify;\">Ancak t\u00fcm sorunlar\u0131m\u0131za kar\u015f\u0131n her zaman oldu\u011fu gibi umutluyuz! Matt Haig <em>\u201cGece Yar\u0131s\u0131 K\u00fct\u00fcphanesi\u201d<\/em>nde ya\u015fam\u0131 bir k\u00fct\u00fcphane metaforu \u00fczerinden ele al\u0131r ve pi\u015fman oldu\u011fumuz ve yeniden ya\u015famak istedi\u011fimiz t\u00fcm hayatlar\u0131 \u00f6n\u00fcm\u00fcze yeni bir kitap olarak getirir. Matt Haig roman\u0131n\u0131 <em>\u201cya\u015fa ve \u00f6\u011frenmeye devam et, hayat bir b\u00fct\u00fcnd\u00fcr\u201d<\/em> mesaj\u0131yla bitirir. \u0130\u015fte bu nedenle sadece k\u00f6t\u00fc olaylara de\u011fil, iyi yerel y\u00f6netim \u00f6rneklerinde oldu\u011fu gibi ba\u015far\u0131lara da odaklan\u0131yor ve umudumuzu korumaya devam ediyoruz.<\/p>\n<p style=\"text-align: justify;\">Bu ba\u011flamda halk sa\u011fl\u0131\u011f\u0131na g\u00f6n\u00fcl veren herkesi 5-7 Aral\u0131k 2024 tarihleri aras\u0131nda Ankara\u2019da d\u00fczenleyece\u011fimiz <strong style=\"color: #e31e24;\">8.Uluslararas\u0131 ve 26. Ulusal Halk Sa\u011fl\u0131\u011f\u0131 Kongresi<\/strong>\u2019ne davet ediyoruz. Kongremizin konferanslar, paneller, bildiri sunumlar\u0131, grup \u00e7al\u0131\u015fmalar\u0131 ve \u00e7e\u015fitli kurslardan olu\u015fan zengin bilimsel ortam\u0131nda birlikte olmak, sorunlar\u0131 ve \u00e7\u00f6z\u00fcm \u00f6nerilerini tart\u0131\u015fmak, \u00e7al\u0131\u015fmalar\u0131m\u0131z\u0131 ve deneyimlerimizi payla\u015fmak i\u00e7in yan yana olabilmek ve y\u00fcz y\u00fcze g\u00f6r\u00fc\u015febilmek dile\u011fiyle sayg\u0131lar\u0131m\u0131z\u0131 sunuyoruz.<\/p>\n<p>[\/vc_column_text][\/vc_column_inner][\/vc_row_inner][\/vc_column][\/vc_row][vc_row css=&#8221;.vc_custom_1687512154628{margin-top: 0px !important;padding-top: 0px !important;background-color: #e5e5e5 !important;}&#8221; conditional_render=&#8221;%5B%7B%22value_role%22%3A%22administrator%22%7D%5D&#8221;][vc_column offset=&#8221;vc_hidden-xl vc_hidden-lg vc_hidden-md vc_hidden-sm&#8221; conditional_render=&#8221;%5B%7B%22value_role%22%3A%22administrator%22%7D%5D&#8221;][vc_row_inner css=&#8221;.vc_custom_1720165871439{padding-bottom: 5px !important;}&#8221;][vc_column_inner width=&#8221;1\/3&#8243; offset=&#8221;vc_col-xs-4&#8243;][vc_single_image image=&#8221;7408&#8243; img_size=&#8221;full&#8221; alignment=&#8221;center&#8221; css=&#8221;&#8221;][\/vc_column_inner][vc_column_inner width=&#8221;1\/3&#8243; offset=&#8221;vc_col-xs-4&#8243;][vc_single_image image=&#8221;7396&#8243; img_size=&#8221;73&#215;25&#8243; alignment=&#8221;center&#8221; css=&#8221;&#8221;][\/vc_column_inner][vc_column_inner width=&#8221;1\/3&#8243; offset=&#8221;vc_col-xs-4&#8243;][vc_single_image image=&#8221;2481&#8243; img_size=&#8221;36&#215;25&#8243; alignment=&#8221;center&#8221;][\/vc_column_inner][\/vc_row_inner][\/vc_column][\/vc_row]<\/p>\n<\/div>","protected":false},"excerpt":{"rendered":"<p>[vc_row wrap_container=&#8221;yes&#8221; css=&#8221;.vc_custom_1720161741365{padding-top: 80px !important;padding-bottom: 80px !important;background-color: #ffffff !important;}&#8221; conditional_render=&#8221;%5B%7B%22value_role%22%3A%22administrator%22%7D%5D&#8221;][vc_column conditional_render=&#8221;%5B%7B%22value_role%22%3A%22administrator%22%7D%5D&#8221;][vc_row_inner][vc_column_inner width=&#8221;1\/4&#8243;][vc_single_image image=&#8221;7441&#8243; img_size=&#8221;152&#215;201&#8243; alignment=&#8221;center&#8221; css=&#8221;&#8221; animation_delay=&#8221;&#8221; animation_type=&#8221;fadeIn&#8221; label=&#8221;&#8221;][vc_column_text css=&#8221;.vc_custom_1720014904150{margin-top: -10px !important;}&#8221;] Prof. Dr. B\u00fclent KILI\u00c7 Kongre Ba\u015fkan\u0131 [\/vc_column_text][\/vc_column_inner][vc_column_inner width=&#8221;3\/4&#8243;][vc_column_text css=&#8221;&#8221;]De\u011ferli Halk Sa\u011fl\u0131\u011f\u0131 Uzmanlar\u0131, Akademisyenleri, Asistanlar\u0131 ve \u00c7al\u0131\u015fanlar\u0131, Bu y\u0131lki kongremizin ana temas\u0131n\u0131 \u201cYerel Y\u00f6netimler ve Halk Sa\u011fl\u0131\u011f\u0131\u201d olarak belirledik. \u0130\u00e7inde bulundu\u011fumuz 2024 y\u0131l\u0131, Mart [&hellip;]<\/p>\n","protected":false},"author":1,"featured_media":0,"parent":0,"menu_order":0,"comment_status":"closed","ping_status":"closed","template":"","meta":{"footnotes":""},"class_list":["post-5782","page","type-page","status-publish","hentry"],"yoast_head":"<!-- This site is optimized with the Yoast SEO plugin v23.7 - https:\/\/yoast.com\/wordpress\/plugins\/seo\/ -->\n<title>Davet - 8. Uluslararas\u0131 ve 26. Ulusal Halk Sa\u011fl\u0131\u011f\u0131 Kongresi<\/title>\n<meta name=\"robots\" content=\"index, follow, max-snippet:-1, max-image-preview:large, max-video-preview:-1\" \/>\n<link rel=\"canonical\" href=\"http:\/\/uhsk.org\/2024\/davet\/\" \/>\n<meta name=\"twitter:card\" content=\"summary_large_image\" \/>\n<meta name=\"twitter:title\" content=\"Davet - 8. Uluslararas\u0131 ve 26. Ulusal Halk Sa\u011fl\u0131\u011f\u0131 Kongresi\" \/>\n<meta name=\"twitter:description\" content=\"[vc_row wrap_container=&#8221;yes&#8221; css=&#8221;.vc_custom_1720161741365{padding-top: 80px !important;padding-bottom: 80px !important;background-color: #ffffff !important;}&#8221; conditional_render=&#8221;%5B%7B%22value_role%22%3A%22administrator%22%7D%5D&#8221;][vc_column conditional_render=&#8221;%5B%7B%22value_role%22%3A%22administrator%22%7D%5D&#8221;][vc_row_inner][vc_column_inner width=&#8221;1\/4&#8243;][vc_single_image image=&#8221;7441&#8243; img_size=&#8221;152&#215;201&#8243; alignment=&#8221;center&#8221; css=&#8221;&#8221; animation_delay=&#8221;&#8221; animation_type=&#8221;fadeIn&#8221; label=&#8221;&#8221;][vc_column_text css=&#8221;.vc_custom_1720014904150{margin-top: -10px !important;}&#8221;] Prof. Dr. B\u00fclent KILI\u00c7 Kongre Ba\u015fkan\u0131 [\/vc_column_text][\/vc_column_inner][vc_column_inner width=&#8221;3\/4&#8243;][vc_column_text css=&#8221;&#8221;]De\u011ferli Halk Sa\u011fl\u0131\u011f\u0131 Uzmanlar\u0131, Akademisyenleri, Asistanlar\u0131 ve \u00c7al\u0131\u015fanlar\u0131, Bu y\u0131lki kongremizin ana temas\u0131n\u0131 \u201cYerel Y\u00f6netimler ve Halk Sa\u011fl\u0131\u011f\u0131\u201d olarak belirledik. \u0130\u00e7inde bulundu\u011fumuz 2024 y\u0131l\u0131, Mart [&hellip;]\" \/>\n<meta name=\"twitter:label1\" content=\"Tahmini okuma s\u00fcresi\" \/>\n\t<meta name=\"twitter:data1\" content=\"4 dakika\" \/>\n<script type=\"application\/ld+json\" class=\"yoast-schema-graph\">{\"@context\":\"https:\/\/schema.org\",\"@graph\":[{\"@type\":\"WebPage\",\"@id\":\"http:\/\/uhsk.org\/2024\/davet\/\",\"url\":\"http:\/\/uhsk.org\/2024\/davet\/\",\"name\":\"Davet - 8. Uluslararas\u0131 ve 26. Ulusal Halk Sa\u011fl\u0131\u011f\u0131 Kongresi\",\"isPartOf\":{\"@id\":\"https:\/\/uhsk.org\/2024\/#website\"},\"datePublished\":\"2023-06-19T17:59:39+00:00\",\"dateModified\":\"2024-07-05T11:44:54+00:00\",\"breadcrumb\":{\"@id\":\"http:\/\/uhsk.org\/2024\/davet\/#breadcrumb\"},\"inLanguage\":\"tr\",\"potentialAction\":[{\"@type\":\"ReadAction\",\"target\":[\"http:\/\/uhsk.org\/2024\/davet\/\"]}]},{\"@type\":\"BreadcrumbList\",\"@id\":\"http:\/\/uhsk.org\/2024\/davet\/#breadcrumb\",\"itemListElement\":[{\"@type\":\"ListItem\",\"position\":1,\"name\":\"Anasayfa\",\"item\":\"https:\/\/uhsk.org\/2024\/\"},{\"@type\":\"ListItem\",\"position\":2,\"name\":\"Davet\"}]},{\"@type\":\"WebSite\",\"@id\":\"https:\/\/uhsk.org\/2024\/#website\",\"url\":\"https:\/\/uhsk.org\/2024\/\",\"name\":\"8. Uluslararas\u0131 ve 26. Ulusal Halk Sa\u011fl\u0131\u011f\u0131 Kongresi\",\"description\":\"\",\"publisher\":{\"@id\":\"https:\/\/uhsk.org\/2024\/#organization\"},\"potentialAction\":[{\"@type\":\"SearchAction\",\"target\":{\"@type\":\"EntryPoint\",\"urlTemplate\":\"https:\/\/uhsk.org\/2024\/?s={search_term_string}\"},\"query-input\":{\"@type\":\"PropertyValueSpecification\",\"valueRequired\":true,\"valueName\":\"search_term_string\"}}],\"inLanguage\":\"tr\"},{\"@type\":\"Organization\",\"@id\":\"https:\/\/uhsk.org\/2024\/#organization\",\"name\":\"8. Uluslararas\u0131 ve 26. Ulusal Halk Sa\u011fl\u0131\u011f\u0131 Kongresi\",\"url\":\"https:\/\/uhsk.org\/2024\/\",\"logo\":{\"@type\":\"ImageObject\",\"inLanguage\":\"tr\",\"@id\":\"https:\/\/uhsk.org\/2024\/#\/schema\/logo\/image\/\",\"url\":\"http:\/\/uhsk.org\/2024\/wp-content\/uploads\/2024\/07\/non-profil.png\",\"contentUrl\":\"http:\/\/uhsk.org\/2024\/wp-content\/uploads\/2024\/07\/non-profil.png\",\"width\":125,\"height\":164,\"caption\":\"8. Uluslararas\u0131 ve 26. Ulusal Halk Sa\u011fl\u0131\u011f\u0131 Kongresi\"},\"image\":{\"@id\":\"https:\/\/uhsk.org\/2024\/#\/schema\/logo\/image\/\"}}]}<\/script>\n<!-- \/ Yoast SEO plugin. -->","yoast_head_json":{"title":"Davet - 8. Uluslararas\u0131 ve 26. Ulusal Halk Sa\u011fl\u0131\u011f\u0131 Kongresi","robots":{"index":"index","follow":"follow","max-snippet":"max-snippet:-1","max-image-preview":"max-image-preview:large","max-video-preview":"max-video-preview:-1"},"canonical":"http:\/\/uhsk.org\/2024\/davet\/","twitter_card":"summary_large_image","twitter_title":"Davet - 8. Uluslararas\u0131 ve 26. Ulusal Halk Sa\u011fl\u0131\u011f\u0131 Kongresi","twitter_description":"[vc_row wrap_container=&#8221;yes&#8221; css=&#8221;.vc_custom_1720161741365{padding-top: 80px !important;padding-bottom: 80px !important;background-color: #ffffff !important;}&#8221; conditional_render=&#8221;%5B%7B%22value_role%22%3A%22administrator%22%7D%5D&#8221;][vc_column conditional_render=&#8221;%5B%7B%22value_role%22%3A%22administrator%22%7D%5D&#8221;][vc_row_inner][vc_column_inner width=&#8221;1\/4&#8243;][vc_single_image image=&#8221;7441&#8243; img_size=&#8221;152&#215;201&#8243; alignment=&#8221;center&#8221; css=&#8221;&#8221; animation_delay=&#8221;&#8221; animation_type=&#8221;fadeIn&#8221; label=&#8221;&#8221;][vc_column_text css=&#8221;.vc_custom_1720014904150{margin-top: -10px !important;}&#8221;] Prof. Dr. B\u00fclent KILI\u00c7 Kongre Ba\u015fkan\u0131 [\/vc_column_text][\/vc_column_inner][vc_column_inner width=&#8221;3\/4&#8243;][vc_column_text css=&#8221;&#8221;]De\u011ferli Halk Sa\u011fl\u0131\u011f\u0131 Uzmanlar\u0131, Akademisyenleri, Asistanlar\u0131 ve \u00c7al\u0131\u015fanlar\u0131, Bu y\u0131lki kongremizin ana temas\u0131n\u0131 \u201cYerel Y\u00f6netimler ve Halk Sa\u011fl\u0131\u011f\u0131\u201d olarak belirledik. \u0130\u00e7inde bulundu\u011fumuz 2024 y\u0131l\u0131, Mart [&hellip;]","twitter_misc":{"Tahmini okuma s\u00fcresi":"4 dakika"},"schema":{"@context":"https:\/\/schema.org","@graph":[{"@type":"WebPage","@id":"http:\/\/uhsk.org\/2024\/davet\/","url":"http:\/\/uhsk.org\/2024\/davet\/","name":"Davet - 8. Uluslararas\u0131 ve 26. Ulusal Halk Sa\u011fl\u0131\u011f\u0131 Kongresi","isPartOf":{"@id":"https:\/\/uhsk.org\/2024\/#website"},"datePublished":"2023-06-19T17:59:39+00:00","dateModified":"2024-07-05T11:44:54+00:00","breadcrumb":{"@id":"http:\/\/uhsk.org\/2024\/davet\/#breadcrumb"},"inLanguage":"tr","potentialAction":[{"@type":"ReadAction","target":["http:\/\/uhsk.org\/2024\/davet\/"]}]},{"@type":"BreadcrumbList","@id":"http:\/\/uhsk.org\/2024\/davet\/#breadcrumb","itemListElement":[{"@type":"ListItem","position":1,"name":"Anasayfa","item":"https:\/\/uhsk.org\/2024\/"},{"@type":"ListItem","position":2,"name":"Davet"}]},{"@type":"WebSite","@id":"https:\/\/uhsk.org\/2024\/#website","url":"https:\/\/uhsk.org\/2024\/","name":"8. Uluslararas\u0131 ve 26. Ulusal Halk Sa\u011fl\u0131\u011f\u0131 Kongresi","description":"","publisher":{"@id":"https:\/\/uhsk.org\/2024\/#organization"},"potentialAction":[{"@type":"SearchAction","target":{"@type":"EntryPoint","urlTemplate":"https:\/\/uhsk.org\/2024\/?s={search_term_string}"},"query-input":{"@type":"PropertyValueSpecification","valueRequired":true,"valueName":"search_term_string"}}],"inLanguage":"tr"},{"@type":"Organization","@id":"https:\/\/uhsk.org\/2024\/#organization","name":"8. Uluslararas\u0131 ve 26. Ulusal Halk Sa\u011fl\u0131\u011f\u0131 Kongresi","url":"https:\/\/uhsk.org\/2024\/","logo":{"@type":"ImageObject","inLanguage":"tr","@id":"https:\/\/uhsk.org\/2024\/#\/schema\/logo\/image\/","url":"http:\/\/uhsk.org\/2024\/wp-content\/uploads\/2024\/07\/non-profil.png","contentUrl":"http:\/\/uhsk.org\/2024\/wp-content\/uploads\/2024\/07\/non-profil.png","width":125,"height":164,"caption":"8. Uluslararas\u0131 ve 26. Ulusal Halk Sa\u011fl\u0131\u011f\u0131 Kongresi"},"image":{"@id":"https:\/\/uhsk.org\/2024\/#\/schema\/logo\/image\/"}}]}},"_links":{"self":[{"href":"https:\/\/uhsk.org\/2024\/wp-json\/wp\/v2\/pages\/5782","targetHints":{"allow":["GET"]}}],"collection":[{"href":"https:\/\/uhsk.org\/2024\/wp-json\/wp\/v2\/pages"}],"about":[{"href":"https:\/\/uhsk.org\/2024\/wp-json\/wp\/v2\/types\/page"}],"author":[{"embeddable":true,"href":"https:\/\/uhsk.org\/2024\/wp-json\/wp\/v2\/users\/1"}],"replies":[{"embeddable":true,"href":"https:\/\/uhsk.org\/2024\/wp-json\/wp\/v2\/comments?post=5782"}],"version-history":[{"count":19,"href":"https:\/\/uhsk.org\/2024\/wp-json\/wp\/v2\/pages\/5782\/revisions"}],"predecessor-version":[{"id":7537,"href":"https:\/\/uhsk.org\/2024\/wp-json\/wp\/v2\/pages\/5782\/revisions\/7537"}],"wp:attachment":[{"href":"https:\/\/uhsk.org\/2024\/wp-json\/wp\/v2\/media?parent=5782"}],"curies":[{"name":"wp","href":"https:\/\/api.w.org\/{rel}","templated":true}]}}