{"id":6708,"date":"2023-08-09T06:39:56","date_gmt":"2023-08-09T06:39:56","guid":{"rendered":"https:\/\/uhsk.org\/2023\/?page_id=6708"},"modified":"2023-08-10T10:47:20","modified_gmt":"2023-08-10T10:47:20","slug":"bildiri-degerlendirme-olcutleri","status":"publish","type":"page","link":"https:\/\/uhsk.org\/2023\/bildiri-degerlendirme-olcutleri\/","title":{"rendered":"Bildiri De\u011ferlendirme \u00d6l\u00e7\u00fctleri"},"content":{"rendered":"<section class=\"wpb-content-wrapper\"><p>[vc_row][vc_column][vc_empty_space height=&#8221;50px&#8221;][\/vc_column][\/vc_row][vc_row full_width=&#8221;stretch_row&#8221; wrap_container=&#8221;yes&#8221; conditional_render=&#8221;%5B%7B%22value_role%22%3A%22administrator%22%7D%5D&#8221;][vc_column][vc_tta_tour style=&#8221;modern&#8221; spacing=&#8221;&#8221; controls_size=&#8221;md&#8221; active_section=&#8221;1&#8243; no_fill_content_area=&#8221;true&#8221;][vc_tta_section title=&#8221;N\u0130CEL\u0130KSEL ARA\u015eTIRMA DE\u011eERLEND\u0130RME \u00d6L\u00c7\u00dcTLER\u0130&#8221; tab_id=&#8221;1691566049555-07ffce7b-8332&#8243;][vc_custom_heading text=&#8221;N\u0130CEL\u0130KSEL ARA\u015eTIRMA DE\u011eERLEND\u0130RME \u00d6L\u00c7\u00dcTLER\u0130&#8221; font_container=&#8221;tag:h2|font_size:25|text_align:center|color:%23001b89&#8243; use_theme_fonts=&#8221;yes&#8221; text_transform=&#8221;text-uppercase&#8221; font_weight=&#8221;700&#8243; css=&#8221;.vc_custom_1691577664797{margin-bottom: 5px !important;}&#8221;][vc_column_text]<\/p>\n<table class=\"table-bordered\" style=\"border: 1px solid #ccc; color: #000;\">\n<tbody>\n<tr>\n<td style=\"width: 5%; text-align: center;\"><strong>1<\/strong><\/td>\n<td style=\"width: 60%;\">\u00c7al\u0131\u015fma konusu \u00f6zg\u00fcn m\u00fc?<\/td>\n<td>o \u00d6zg\u00fcn de\u011fil (0 puan)<br \/>\no K\u0131smen \u00f6zg\u00fcn (2 puan)<br \/>\no \u00d6zg\u00fcn (5 puan)<\/td>\n<\/tr>\n<tr style=\"background: #f2f2f2;\">\n<td style=\"text-align: center;\"><strong>2<\/strong><\/td>\n<td>\u00c7al\u0131\u015fman\u0131n ba\u015fl\u0131\u011f\u0131 \u00e7al\u0131\u015fman\u0131n i\u00e7eri\u011fini ve y\u00f6ntemini yans\u0131t\u0131yor mu?<\/td>\n<td>o Hay\u0131r (0 puan)<br \/>\no Evet, k\u0131smen (2 puan)<br \/>\no Evet, tam olarak (5 puan)<\/td>\n<\/tr>\n<tr>\n<td style=\"text-align: center;\"><strong>3<\/strong><\/td>\n<td>\u00c7al\u0131\u015fman\u0131n amac\u0131 ve\/veya ara\u015ft\u0131rma sorusu, varsa hipotezleri net olarak belirtilmi\u015f mi?<\/td>\n<td>o Hay\u0131r (0 puan)<br \/>\no Evet, k\u0131smen (2 puan)<br \/>\no Evet, tam olarak (5 puan)<\/td>\n<\/tr>\n<tr style=\"background: #f2f2f2;\">\n<td style=\"text-align: center;\"><strong>4<\/strong><\/td>\n<td>\u00c7al\u0131\u015fmaya dahil edilen ki\u015filer belirtilmi\u015f mi? (varsa \u00e7al\u0131\u015fmaya al\u0131nma ya da d\u0131\u015flama \u00f6l\u00e7\u00fctleri)<\/td>\n<td>o Hay\u0131r (0 puan)<br \/>\no Evet, k\u0131smen (2 puan)<br \/>\no Evet, tam olarak (5 puan)<\/td>\n<\/tr>\n<tr>\n<td style=\"text-align: center;\"><strong>5<\/strong><\/td>\n<td>\u00c7al\u0131\u015fman\u0131n yeri, zaman\u0131, tasar\u0131m\u0131 (\u00e7al\u0131\u015fma tipi) belirtilmi\u015f mi?<\/td>\n<td>o Hay\u0131r (0 puan)<br \/>\no Evet, k\u0131smen (2 puan)<br \/>\no Evet, tam olarak (5 puan)<\/td>\n<\/tr>\n<tr style=\"background: #f2f2f2;\">\n<td style=\"text-align: center;\"><strong>6<\/strong><\/td>\n<td>\u00c7al\u0131\u015fma tasar\u0131m\u0131, \u00e7al\u0131\u015fman\u0131n amac\u0131na uygun mu?<\/td>\n<td>o Uygun de\u011fil (0 puan)<br \/>\no K\u0131smen uygun (2 puan)<br \/>\no Tam olarak uygun (5 puan)<\/td>\n<\/tr>\n<tr>\n<td style=\"text-align: center;\"><strong>7<\/strong><\/td>\n<td>\u00c7al\u0131\u015fman\u0131n evreni, \u00f6rnek b\u00fcy\u00fckl\u00fc\u011f\u00fc ve \u00f6rnekleme y\u00f6ntemi belirtilmi\u015f mi?<\/td>\n<td>o Hay\u0131r (0 puan)<br \/>\no Evet, k\u0131smen (2 puan)<br \/>\no Evet, tam olarak (5 puan)<\/td>\n<\/tr>\n<tr style=\"background: #f2f2f2;\">\n<td style=\"text-align: center;\"><strong>8<\/strong><\/td>\n<td>\u00c7al\u0131\u015fman\u0131n veri toplama y\u00f6ntemi belirtilmi\u015f mi?<\/td>\n<td>o Hay\u0131r (0 puan)<br \/>\no Evet, k\u0131smen (2 puan)<br \/>\no Evet, tam olarak (5 puan)<\/td>\n<\/tr>\n<tr>\n<td style=\"text-align: center;\"><strong>9<\/strong><\/td>\n<td>\u00c7al\u0131\u015fman\u0131n (ba\u011f\u0131ml\u0131-ba\u011f\u0131ms\u0131z) de\u011fi\u015fkenleri belirtilmi\u015f mi?<\/td>\n<td>o Hay\u0131r (0 puan)<br \/>\no Evet, k\u0131smen (2 puan)<br \/>\no Evet, tam olarak (5 puan)<\/td>\n<\/tr>\n<tr style=\"background: #f2f2f2;\">\n<td style=\"text-align: center;\"><strong>10<\/strong><\/td>\n<td>\u00c7al\u0131\u015fmada kullan\u0131lan istatistiksel y\u00f6ntemler belirtilmi\u015f mi?<\/td>\n<td>o Uygun de\u011fil (0 puan)<br \/>\no K\u0131smen uygun (2 puan)<br \/>\no Tam olarak uygun (5 puan)<\/td>\n<\/tr>\n<tr>\n<td style=\"text-align: center;\"><strong>11<\/strong><\/td>\n<td>Bulgular ara\u015ft\u0131rman\u0131n ama\u00e7lar\u0131 do\u011frultunda yaz\u0131lm\u0131\u015f m\u0131?<\/td>\n<td>o Hay\u0131r (0 puan)<br \/>\no Evet, k\u0131smen (2 puan)<br \/>\no Evet, tam olarak (5 puan)<\/td>\n<\/tr>\n<tr style=\"background: #f2f2f2;\">\n<td style=\"text-align: center;\"><strong>12<\/strong><\/td>\n<td>Bulgular anla\u015f\u0131l\u0131r bi\u00e7imde ve istatistiksel analiz sonu\u00e7lar\u0131n\u0131 da i\u00e7erecek \u015fekilde verilmi\u015f mi?<\/td>\n<td>o Hay\u0131r (0 puan)<br \/>\no Evet, k\u0131smen (2 puan)<br \/>\no Evet, tam olarak (5 puan)<\/td>\n<\/tr>\n<tr>\n<td style=\"text-align: center;\"><strong>13<\/strong><\/td>\n<td>\u00c7al\u0131\u015fman\u0131n olas\u0131 taraf tutma kaynaklar\u0131 ve\/veya s\u0131n\u0131rl\u0131l\u0131klar\u0131 belirtilmi\u015f mi?<\/td>\n<td>o Hay\u0131r (0 puan)<br \/>\no Evet, k\u0131smen (2 puan)<br \/>\no Evet, tam olarak (5 puan)<\/td>\n<\/tr>\n<tr style=\"background: #f2f2f2;\">\n<td style=\"text-align: center;\"><strong>14<\/strong><\/td>\n<td>\u00c7al\u0131\u015fma sonu\u00e7lar\u0131na dayanan \u00f6nerilerde bulunulmu\u015f mu?<\/td>\n<td>o Hay\u0131r (0 puan)<br \/>\no Evet, k\u0131smen (2 puan)<br \/>\no Evet, tam olarak (5 puan)<\/td>\n<\/tr>\n<tr>\n<td style=\"text-align: center;\"><strong>15<\/strong><\/td>\n<td>\u00c7al\u0131\u015fma anla\u015f\u0131l\u0131r \u015fekilde yaz\u0131lm\u0131\u015f m\u0131?<\/td>\n<td>o Hay\u0131r (0 puan)<br \/>\no Evet, k\u0131smen (2 puan)<br \/>\no Evet, tam olarak (5 puan)<\/td>\n<\/tr>\n<tr style=\"background: #f2f2f2;\">\n<td style=\"text-align: center;\"><strong>16<\/strong><\/td>\n<td>\u00c7al\u0131\u015fman\u0131n halk sa\u011fl\u0131\u011f\u0131 alan\u0131na katk\u0131s\u0131 nedir?<\/td>\n<td>o Katk\u0131s\u0131 yok (0 puan)<br \/>\no S\u0131n\u0131rl\u0131 katk\u0131s\u0131 var (5 puan)<br \/>\no Katk\u0131s\u0131 var (10 puan)<br \/>\no \u00c7ok katk\u0131s\u0131 var (25 puan)<\/td>\n<\/tr>\n<\/tbody>\n<\/table>\n<p>[\/vc_column_text][\/vc_tta_section][vc_tta_section title=&#8221;N\u0130TEL\u0130KSEL ARA\u015eTIRMA DE\u011eERLEND\u0130RME \u00d6L\u00c7\u00dcTLER\u0130&#8221; tab_id=&#8221;1691566049556-a1bb947b-f678&#8243;][vc_custom_heading text=&#8221;N\u0130TEL\u0130KSEL ARA\u015eTIRMA DE\u011eERLEND\u0130RME \u00d6L\u00c7\u00dcTLER\u0130&#8221; font_container=&#8221;tag:h2|font_size:25|text_align:center|color:%23001b89&#8243; use_theme_fonts=&#8221;yes&#8221; text_transform=&#8221;text-uppercase&#8221; font_weight=&#8221;700&#8243; css=&#8221;.vc_custom_1691577701295{margin-bottom: 5px !important;}&#8221;][vc_column_text]<\/p>\n<table class=\"table-bordered\" style=\"border: 1px solid #ccc; color: #000;\">\n<tbody>\n<tr>\n<td style=\"text-align: center; width: 5%;\"><strong>1<\/strong><\/td>\n<td style=\"width: 60%;\">\u00c7al\u0131\u015fma konusu \u00f6zg\u00fcn m\u00fc?<\/td>\n<td>o \u00d6zg\u00fcn de\u011fil (0 puan)<br \/>\no K\u0131smen \u00f6zg\u00fcn (2 puan)<br \/>\no \u00d6zg\u00fcn (5 puan)<\/td>\n<\/tr>\n<tr style=\"background: #f2f2f2;\">\n<td style=\"text-align: center;\"><strong>2<\/strong><\/td>\n<td>\u00c7al\u0131\u015fman\u0131n ba\u015fl\u0131\u011f\u0131 \u00e7al\u0131\u015fman\u0131n i\u00e7eri\u011fini ve y\u00f6ntemini yans\u0131t\u0131yor mu?<\/td>\n<td>o Hay\u0131r (0 puan)<br \/>\no Evet, k\u0131smen (2 puan)<br \/>\no Evet, tam olarak (5 puan)<\/td>\n<\/tr>\n<tr>\n<td style=\"text-align: center;\"><strong>3<\/strong><\/td>\n<td>Ara\u015ft\u0131rmada se\u00e7ilen y\u00f6ntem (ler)in ne oldu\u011fu (odak grup ve\/veya derinlemesine g\u00f6r\u00fc\u015fme ve\/veya dok\u00fcman analizi vb.) a\u00e7\u0131klanm\u0131\u015f m\u0131?<\/td>\n<td>o Hay\u0131r (0 puan)<br \/>\no Evet, k\u0131smen (2 puan)<br \/>\no Evet, tam olarak (5 puan)<\/td>\n<\/tr>\n<tr style=\"background: #f2f2f2;\">\n<td style=\"text-align: center;\"><strong>4<\/strong><\/td>\n<td>\u00c7al\u0131\u015fmaya kat\u0131lacak ki\u015fi say\u0131s\u0131 ve \u00f6rneklem y\u00f6ntemi a\u00e7\u0131klanm\u0131\u015f m\u0131?<\/td>\n<td>o Hay\u0131r (0 puan)<br \/>\no Evet, k\u0131smen (2 puan)<br \/>\no Evet, tam olarak (5 puan)<\/td>\n<\/tr>\n<tr>\n<td style=\"text-align: center;\"><strong>5<\/strong><\/td>\n<td>Kat\u0131l\u0131mc\u0131lar\u0131n se\u00e7im kriterleri ve nas\u0131l se\u00e7ildikleri belirtilmi\u015f mi?<\/td>\n<td>o Hay\u0131r (0 puan)<br \/>\no Evet, k\u0131smen (2 puan)<br \/>\no Evet, tam olarak (5 puan)<\/td>\n<\/tr>\n<tr style=\"background: #f2f2f2;\">\n<td style=\"text-align: center;\"><strong>6<\/strong><\/td>\n<td>G\u00f6r\u00fc\u015fmeleri kimlerin yapt\u0131\u011f\u0131 ve g\u00f6r\u00fc\u015fmecilerin deneyimleri belirtilmi\u015f mi?<\/td>\n<td>o Hay\u0131r (0 puan)<br \/>\no Evet, k\u0131smen (2 puan)<br \/>\no Evet, tam olarak (5 puan)<\/td>\n<\/tr>\n<tr>\n<td style=\"text-align: center;\"><strong>7<\/strong><\/td>\n<td>G\u00f6r\u00fc\u015fmelerin yeri ve s\u00fcresi belirtilmi\u015f mi?<\/td>\n<td>o Hay\u0131r (0 puan)<br \/>\no Evet, k\u0131smen (2 puan)<br \/>\no Evet, tam olarak (5 puan)<\/td>\n<\/tr>\n<tr style=\"background: #f2f2f2;\">\n<td style=\"text-align: center;\"><strong>8<\/strong><\/td>\n<td>Veri toplamak i\u00e7in kullan\u0131lan ara\u00e7 gere\u00e7 hakk\u0131nda yeterli bilgi sunulmu\u015f mu (yar\u0131 yap\u0131land\u0131r\u0131lm\u0131\u015f, yap\u0131land\u0131r\u0131lmam\u0131\u015f vb.)?<\/td>\n<td>o Hay\u0131r (0 puan)<br \/>\no Evet, k\u0131smen (2 puan)<br \/>\no Evet, somut olarak (5 puan)<\/td>\n<\/tr>\n<tr>\n<td style=\"text-align: center;\"><strong>9<\/strong><\/td>\n<td>Verilerin ka\u00e7 ki\u015fi taraf\u0131ndan ve nas\u0131l kodland\u0131\u011f\u0131 (elle veya belli bir programda) belirtilmi\u015f mi?<\/td>\n<td>o Hay\u0131r (0 puan)<br \/>\no Evet, k\u0131smen (2 puan)<br \/>\no Evet, somut olarak (5 puan)<\/td>\n<\/tr>\n<tr style=\"background: #f2f2f2;\">\n<td style=\"text-align: center;\"><strong>10<\/strong><\/td>\n<td>Ne t\u00fcr bir analiz yap\u0131ld\u0131\u011f\u0131 belirtilmi\u015f mi (tema analizi gibi)?<\/td>\n<td>o Hay\u0131r (0 puan)<br \/>\no Evet, k\u0131smen (2 puan)<br \/>\no Evet, somut olarak (5 puan)<\/td>\n<\/tr>\n<tr>\n<td style=\"text-align: center;\"><strong>11<\/strong><\/td>\n<td>Ara\u015ft\u0131rman\u0131n bulgular b\u00f6l\u00fcm\u00fc ama\u00e7lar\u0131 a\u00e7\u0131s\u0131ndan yeterli mi?<\/td>\n<td>o Uygun de\u011fil (0 puan)<br \/>\no K\u0131smen yeterli (2 puan)<br \/>\no Yeterli (5 puan)<\/td>\n<\/tr>\n<tr style=\"background: #f2f2f2;\">\n<td style=\"text-align: center;\"><strong>12<\/strong><\/td>\n<td>\u00c7al\u0131\u015fman\u0131n olas\u0131 taraf tutma kaynaklar\u0131 ve\/veya s\u0131n\u0131rl\u0131l\u0131klar\u0131 belirtilmi\u015f mi?<\/td>\n<td>o Hay\u0131r (0 puan)<br \/>\no Evet, k\u0131smen (2 puan)<br \/>\no Evet, somut olarak (5 puan)<\/td>\n<\/tr>\n<tr>\n<td style=\"text-align: center;\"><strong>13<\/strong><\/td>\n<td>Sonu\u00e7lar ara\u015ft\u0131rma bulgular\u0131na dayal\u0131 olarak \u00fcretilmi\u015f mi?<\/td>\n<td>o Hay\u0131r (0 puan)<br \/>\no K\u0131smen (Bulgulara dayal\u0131 olmayan sonu\u00e7lar var) (2 puan)<br \/>\no Evet, tamam\u0131 bulgulara dayal\u0131 (5 puan)<\/td>\n<\/tr>\n<tr style=\"background: #f2f2f2;\">\n<td style=\"text-align: center;\"><strong>14<\/strong><\/td>\n<td>Ara\u015ft\u0131rman\u0131n yol a\u00e7t\u0131\u011f\u0131 yeni sorular, yap\u0131c\u0131 \u00f6neriler veya planlanan eylemler belirtilmi\u015f mi?<\/td>\n<td>o Hay\u0131r (0 puan)<br \/>\no K\u0131smen (2 puan)<br \/>\no Evet (5 puan)<\/td>\n<\/tr>\n<tr>\n<td style=\"text-align: center;\"><strong>15<\/strong><\/td>\n<td>\u00c7al\u0131\u015fma anla\u015f\u0131l\u0131r \u015fekilde yaz\u0131lm\u0131\u015f m\u0131?<\/td>\n<td>o Hay\u0131r (0 puan)<br \/>\no Evet, k\u0131smen (2 puan)<br \/>\no Evet, tam olarak (5 puan)<\/td>\n<\/tr>\n<tr style=\"background: #f2f2f2;\">\n<td style=\"text-align: center;\"><strong>16<\/strong><\/td>\n<td>\u00c7al\u0131\u015fman\u0131n halk sa\u011fl\u0131\u011f\u0131 alan\u0131na katk\u0131s\u0131 nedir?<\/td>\n<td>o Katk\u0131s\u0131 yok (0 puan)<br \/>\no S\u0131n\u0131rl\u0131 katk\u0131s\u0131 var (5 puan)<br \/>\no Katk\u0131s\u0131 var (10 puan)<br \/>\no \u00c7ok katk\u0131s\u0131 var (25 puan)<\/td>\n<\/tr>\n<\/tbody>\n<\/table>\n<p>[\/vc_column_text][\/vc_tta_section][vc_tta_section title=&#8221;\u00d6ZG\u00dcN ARA\u015eTIRMA DI\u015eINDAK\u0130 B\u0130LD\u0130R\u0130LER \u0130\u00c7\u0130N DE\u011eERLEND\u0130RME \u00d6L\u00c7\u00dcTLER\u0130&#8221; tab_id=&#8221;1691566962788-5d90a935-1d12&#8243;][vc_custom_heading text=&#8221;\u00d6ZG\u00dcN ARA\u015eTIRMA DI\u015eINDAK\u0130 B\u0130LD\u0130R\u0130LER* \u0130\u00c7\u0130N DE\u011eERLEND\u0130RME \u00d6L\u00c7\u00dcTLER\u0130&#8221; font_container=&#8221;tag:h2|font_size:25|text_align:center|color:%23001b89&#8243; use_theme_fonts=&#8221;yes&#8221; text_transform=&#8221;text-uppercase&#8221; font_weight=&#8221;700&#8243; css=&#8221;.vc_custom_1691664011563{margin-bottom: 5px !important;}&#8221;][vc_column_text]<strong>*Saha Uygulamalar\u0131 ve Deneyimleri, Politika De\u011ferlendirmeleri, Kongre Ana Temas\u0131yla \u0130lgili De\u011ferlendirmeler<\/strong>[\/vc_column_text][vc_column_text]<\/p>\n<table class=\"table-bordered\" style=\"border: 1px solid #ccc; color: #000;\">\n<tbody>\n<tr>\n<td style=\"text-align: center; width: 5%;\"><strong>1<\/strong><\/td>\n<td style=\"width: 60%;\">Konunun halk sa\u011fl\u0131\u011f\u0131 a\u00e7\u0131s\u0131ndan \u00f6nemi a\u00e7\u0131klanm\u0131\u015f m\u0131?<\/td>\n<td>o Hay\u0131r (0 puan)<br \/>\no K\u0131smen (5 puan)<br \/>\no Evet (10 puan)<\/td>\n<\/tr>\n<tr style=\"background: #f2f2f2;\">\n<td style=\"text-align: center;\"><strong>2<\/strong><\/td>\n<td>Konuyla ilgili ulusal ve\/veya uluslararas\u0131 uygulamalara yer veren g\u00fcncel literat\u00fcr kapsanm\u0131\u015f m\u0131?<\/td>\n<td>o Hay\u0131r (0 puan)<br \/>\no K\u0131smen (5 puan)<br \/>\no Evet (10 puan)<\/td>\n<\/tr>\n<tr>\n<td style=\"text-align: center;\"><strong>3<\/strong><\/td>\n<td>Konuyla ilgili tarihsel s\u00fcre\u00e7 de\u011ferlendirilmi\u015f mi?<\/td>\n<td>o Hay\u0131r (0 puan)<br \/>\no K\u0131smen (5 puan)<br \/>\no Evet (10 puan)<\/td>\n<\/tr>\n<tr style=\"background: #f2f2f2;\">\n<td style=\"text-align: center;\"><strong>4<\/strong><\/td>\n<td>Konuyla ilgili taraflar\/kurumlar vb tan\u0131mlanm\u0131\u015f veya de\u011ferlendirilmi\u015f mi?<\/td>\n<td>o Hay\u0131r (0 puan)<br \/>\no K\u0131smen (5 puan)<br \/>\no Evet (10 puan)<\/td>\n<\/tr>\n<tr>\n<td style=\"text-align: center;\"><strong>5<\/strong><\/td>\n<td>Konuyla ilgili de\u011ferlendirmeler yeterince tart\u0131\u015f\u0131lm\u0131\u015f m\u0131?<\/td>\n<td>o Hay\u0131r (0 puan)<br \/>\no K\u0131smen (5 puan)<br \/>\no Evet (10 puan)<\/td>\n<\/tr>\n<tr style=\"background: #f2f2f2;\">\n<td style=\"text-align: center;\"><strong>6<\/strong><\/td>\n<td>Konuyla ilgili \u00e7\u00f6z\u00fcm \u00f6nerileri ve\/veya ara\u015ft\u0131rma gereksinimleri belirtilmi\u015f mi?<\/td>\n<td>o Hay\u0131r (0 puan)<br \/>\no K\u0131smen (5 puan)<br \/>\no Evet (10 puan)<\/td>\n<\/tr>\n<tr>\n<td style=\"text-align: center;\"><strong>7<\/strong><\/td>\n<td>Konu halk sa\u011fl\u0131\u011f\u0131 a\u00e7\u0131s\u0131ndan \u00f6nemli mi?<\/td>\n<td>o Hay\u0131r (0 puan)<br \/>\no K\u0131smen (10 puan)<br \/>\no Evet (20 puan)<\/td>\n<\/tr>\n<tr style=\"background: #f2f2f2;\">\n<td style=\"text-align: center;\"><strong>8<\/strong><\/td>\n<td>Bildiri kongrede sunulma ve tart\u0131\u015f\u0131lma de\u011feri ta\u015f\u0131yor mu?<\/td>\n<td>o Hay\u0131r (0 puan)<br \/>\no K\u0131smen (10 puan)<br \/>\no Evet (20 puan)<\/td>\n<\/tr>\n<\/tbody>\n<\/table>\n<p>[\/vc_column_text][\/vc_tta_section][\/vc_tta_tour][\/vc_column][\/vc_row][vc_row][vc_column][vc_empty_space height=&#8221;250px&#8221;][\/vc_column][\/vc_row][vc_row css=&#8221;.vc_custom_1687459575140{background-color: #e5e5e5 !important;}&#8221; conditional_render=&#8221;%5B%7B%22value_role%22%3A%22administrator%22%7D%5D&#8221;][vc_column offset=&#8221;vc_hidden-xl vc_hidden-lg vc_hidden-md vc_hidden-sm&#8221; conditional_render=&#8221;%5B%7B%22value_role%22%3A%22administrator%22%7D%5D&#8221;][vc_row_inner][vc_column_inner width=&#8221;1\/3&#8243; offset=&#8221;vc_col-xs-4&#8243;][vc_single_image image=&#8221;6113&#8243; img_size=&#8221;full&#8221; alignment=&#8221;center&#8221;][\/vc_column_inner][vc_column_inner width=&#8221;1\/3&#8243; offset=&#8221;vc_col-xs-4&#8243;][vc_single_image image=&#8221;6003&#8243; img_size=&#8221;full&#8221; alignment=&#8221;center&#8221; css=&#8221;.vc_custom_1687460030326{margin-top: -8px !important;}&#8221;][\/vc_column_inner][vc_column_inner width=&#8221;1\/3&#8243; offset=&#8221;vc_col-xs-4&#8243;][vc_single_image image=&#8221;2481&#8243; img_size=&#8221;36&#215;25&#8243; alignment=&#8221;center&#8221;][\/vc_column_inner][\/vc_row_inner][\/vc_column][\/vc_row]<\/p>\n<\/section>","protected":false},"excerpt":{"rendered":"<p>[vc_row][vc_column][vc_empty_space height=&#8221;50px&#8221;][\/vc_column][\/vc_row][vc_row full_width=&#8221;stretch_row&#8221; wrap_container=&#8221;yes&#8221; conditional_render=&#8221;%5B%7B%22value_role%22%3A%22administrator%22%7D%5D&#8221;][vc_column][vc_tta_tour style=&#8221;modern&#8221; spacing=&#8221;&#8221; controls_size=&#8221;md&#8221; active_section=&#8221;1&#8243; no_fill_content_area=&#8221;true&#8221;][vc_tta_section title=&#8221;N\u0130CEL\u0130KSEL ARA\u015eTIRMA DE\u011eERLEND\u0130RME \u00d6L\u00c7\u00dcTLER\u0130&#8221; tab_id=&#8221;1691566049555-07ffce7b-8332&#8243;][vc_custom_heading text=&#8221;N\u0130CEL\u0130KSEL ARA\u015eTIRMA DE\u011eERLEND\u0130RME \u00d6L\u00c7\u00dcTLER\u0130&#8221; font_container=&#8221;tag:h2|font_size:25|text_align:center|color:%23001b89&#8243; use_theme_fonts=&#8221;yes&#8221; text_transform=&#8221;text-uppercase&#8221; font_weight=&#8221;700&#8243; css=&#8221;.vc_custom_1691577664797{margin-bottom: 5px !important;}&#8221;][vc_column_text] 1 \u00c7al\u0131\u015fma konusu \u00f6zg\u00fcn m\u00fc? o \u00d6zg\u00fcn de\u011fil (0 puan) o K\u0131smen \u00f6zg\u00fcn (2 puan) o \u00d6zg\u00fcn (5 puan) 2 \u00c7al\u0131\u015fman\u0131n ba\u015fl\u0131\u011f\u0131 \u00e7al\u0131\u015fman\u0131n i\u00e7eri\u011fini ve y\u00f6ntemini yans\u0131t\u0131yor mu? o [&hellip;]<\/p>\n","protected":false},"author":1,"featured_media":0,"parent":0,"menu_order":0,"comment_status":"closed","ping_status":"closed","template":"","meta":{"footnotes":""},"class_list":["post-6708","page","type-page","status-publish","hentry"],"_links":{"self":[{"href":"https:\/\/uhsk.org\/2023\/wp-json\/wp\/v2\/pages\/6708","targetHints":{"allow":["GET"]}}],"collection":[{"href":"https:\/\/uhsk.org\/2023\/wp-json\/wp\/v2\/pages"}],"about":[{"href":"https:\/\/uhsk.org\/2023\/wp-json\/wp\/v2\/types\/page"}],"author":[{"embeddable":true,"href":"https:\/\/uhsk.org\/2023\/wp-json\/wp\/v2\/users\/1"}],"replies":[{"embeddable":true,"href":"https:\/\/uhsk.org\/2023\/wp-json\/wp\/v2\/comments?post=6708"}],"version-history":[{"count":47,"href":"https:\/\/uhsk.org\/2023\/wp-json\/wp\/v2\/pages\/6708\/revisions"}],"predecessor-version":[{"id":6787,"href":"https:\/\/uhsk.org\/2023\/wp-json\/wp\/v2\/pages\/6708\/revisions\/6787"}],"wp:attachment":[{"href":"https:\/\/uhsk.org\/2023\/wp-json\/wp\/v2\/media?parent=6708"}],"curies":[{"name":"wp","href":"https:\/\/api.w.org\/{rel}","templated":true}]}}