{"id":6706,"date":"2023-08-09T06:27:25","date_gmt":"2023-08-09T06:27:25","guid":{"rendered":"https:\/\/uhsk.org\/2023\/?page_id=6706"},"modified":"2023-08-11T13:36:51","modified_gmt":"2023-08-11T13:36:51","slug":"bildiri-genel-kurallari","status":"publish","type":"page","link":"https:\/\/uhsk.org\/2023\/bildiri-genel-kurallari\/","title":{"rendered":"Bildiri Genel Kurallar\u0131"},"content":{"rendered":"<section class=\"wpb-content-wrapper\"><p>[vc_row][vc_column][vc_empty_space height=&#8221;50px&#8221;][\/vc_column][\/vc_row][vc_row full_width=&#8221;stretch_row&#8221; wrap_container=&#8221;yes&#8221; conditional_render=&#8221;%5B%7B%22value_role%22%3A%22administrator%22%7D%5D&#8221;][vc_column][vc_tta_tour style=&#8221;modern&#8221; spacing=&#8221;&#8221; controls_size=&#8221;md&#8221; active_section=&#8221;1&#8243; no_fill_content_area=&#8221;true&#8221;][vc_tta_section title=&#8221;B\u0130LD\u0130R\u0130LER \u0130LE \u0130LG\u0130L\u0130 GENEL KURALLAR&#8221; tab_id=&#8221;1691566049555-07ffce7b-8332&#8243;][vc_custom_heading text=&#8221;B\u0130LD\u0130R\u0130LER \u0130LE \u0130LG\u0130L\u0130 GENEL KURALLAR&#8221; font_container=&#8221;tag:h2|text_align:left|color:%23dd3333&#8243; use_theme_fonts=&#8221;yes&#8221; font_weight=&#8221;600&#8243; show_border=&#8221;yes&#8221; border_skin=&#8221;primary&#8221;][vc_column_text]<\/p>\n<ul>\n<li><strong style=\"color: darkred;\">Kabul edilen bildirilerin tamam\u0131 Kongre\u2019de S\u00d6ZL\u00dc sunulacakt\u0131r.<\/strong><\/li>\n<li>T\u00fcm bildiri ba\u015fvurular\u0131 kongre web sayfas\u0131nda yer alan Online Bildiri G\u00f6nderim Sistemi kullan\u0131larak yap\u0131lmal\u0131d\u0131r. E-posta ya da posta\/kargo ile g\u00f6nderilen bildiriler de\u011ferlendirmeye al\u0131nmayacakt\u0131r.<\/li>\n<li>Kongrede sunulan bildiriler ISBN al\u0131nm\u0131\u015f e-Kongre Kitab\u0131\u2019nda yay\u0131mlanacakt\u0131r.<\/li>\n<li>Kabul edilen bildirinin Kongre Kitab\u0131\u2019nda yer alabilmesi i\u00e7in bildirinin kongrede sunulmas\u0131 ve bildiri yazarlar\u0131ndan en az birisinin kongreye kay\u0131t yapt\u0131rmas\u0131 gerekmektedir.<\/li>\n<li>Bildiriler T\u00fcrk\u00e7e ya da \u0130ngilizce olarak g\u00f6nderilebilir. Gerek T\u00fcrk\u00e7e gerekse \u0130ngilizce yaz\u0131lm\u0131\u015f bildiriler dilbilgisi, anla\u015f\u0131l\u0131rl\u0131k ve yaz\u0131m kurallar\u0131 a\u00e7\u0131s\u0131ndan \u00f6zenli haz\u0131rlanm\u0131\u015f olmal\u0131d\u0131r. Bu konuda sorunlu olan ya da \u00f6nerilen d\u00fczeltmelerin yap\u0131lmad\u0131\u011f\u0131 bildiriler kabul edilmeyecektir.<\/li>\n<li>Bildiriler Kongre web sayfas\u0131nda yer alan \u201cKongre Konular\u0131\u201d ile uyumlu olmal\u0131d\u0131r. \u201cKongre Konular\u0131\u201d ile uyumlu bulunmayan bildiriler kongrede sunulmak \u00fczere kabul edilmeyecektir.<\/li>\n<li>Edit\u00f6r taraf\u0131ndan ilk de\u011ferlendirilmesi yap\u0131lan bildiriler Bilimsel Kurul\u2019da yer alan hakemler taraf\u0131ndan \u00e7ift-k\u00f6r (blind review) olarak de\u011ferlendirilecektir.<\/li>\n<li>Her bildiri iki hakem taraf\u0131ndan de\u011ferlendirilir. Uyumsuz de\u011ferlendirme raporlar\u0131 oldu\u011funda, ek hakem atanabilir.<\/li>\n<li>G\u00f6nderilen bildirilerin kabul edilip edilmeyece\u011fine hakem de\u011ferlendirmesi sonucunda Edit\u00f6rler Kurulu taraf\u0131ndan karar verilecektir. Bildirinin kabul edilip edilmedi\u011fi sorumlu yazara e-posta ile bildirilir.<\/li>\n<li>De\u011ferlendirme s\u00fcreci, kongre web sayfas\u0131ndaki bildiri sistemi \u00fczerinden bildiri g\u00f6nderi sistemine kay\u0131tl\u0131 ki\u015fi taraf\u0131ndan izlenebilecektir. Ayr\u0131ca bildiri sisteme y\u00fcklendi\u011finde, yeniden d\u00fczenleme istendi\u011finde, bildiri kongrede sunulmak \u00fczere kabul ya da reddedildi\u011finde bildiri sahibine e-posta ile bildirimler g\u00f6nderilecektir. Bu nedenle e-postan\u0131n ve istenmeyen (spam) e-postalar\u0131n zaman zaman kontrol edilmesi \u00f6nerilir.<\/li>\n<li><strong>\u201c\u00d6zg\u00fcn Ara\u015ft\u0131rma\u201d<\/strong> t\u00fcr\u00fcndeki bildiriler sadece <strong>\u00d6ZET<\/strong> olarak y\u00fcklenecek, kongre kitab\u0131nda da \u00d6ZET olarak bas\u0131lacakt\u0131r.<\/li>\n<li><strong>\u201cSaha Uygulamalar\u0131 ve Deneyimleri\u201d, \u201cPolitika De\u011ferlendirmeleri\u201d ve \u201cKongre Ana Temas\u0131yla (Cumhuriyetin 100. Y\u0131l\u0131nda Halk Sa\u011fl\u0131\u011f\u0131: Ge\u00e7mi\u015ften Gelece\u011fe) \u0130lgili De\u011ferlendirmeler\u201d<\/strong> t\u00fcr\u00fcndeki bildirilerin <strong>TAM MET\u0130N<\/strong> olarak y\u00fcklenmesi zorunludur.<\/li>\n<li>\u0130nsan ya da hayvan \u00fczerinde yap\u0131lan \u00f6zg\u00fcn ara\u015ft\u0131rma t\u00fcr\u00fc bildirilerde Etik Kurul onay\u0131 al\u0131nm\u0131\u015f olmas\u0131 gerekir. \u00c7al\u0131\u015fman\u0131n Etik Kurul onay\u0131 al\u0131nma durumu, hangi Etik Kurul\u2019dan onay al\u0131nd\u0131\u011f\u0131 ve Etik Kurul onay tarih ve numaras\u0131 belirtilmelidir. Gerekti\u011finde edit\u00f6r taraf\u0131ndan Etik Kurul onay belgesi istenebilir. Etik Kurul onay\u0131 gerektirmeyen \u00e7al\u0131\u015fmalarda bu durum gerek\u00e7eleriyle a\u00e7\u0131klanmal\u0131d\u0131r (kamuya a\u00e7\u0131k verilerin de\u011ferlendirildi\u011fi \u00e7al\u0131\u015fmalar gibi).<\/li>\n<li>Bildiri metinlerinde herhangi bir finansal destek al\u0131n\u0131p al\u0131nmad\u0131\u011f\u0131 ve bir \u00e7\u0131kar \u00e7at\u0131\u015fmas\u0131 olup olmad\u0131\u011f\u0131 belirtilmelidir.<\/li>\n<li>Bildiri e\u011fer bilimsel bir dergide yay\u0131na kabul edilmi\u015f veya yay\u0131mlanm\u0131\u015f bir makaleden haz\u0131rlanm\u0131\u015f ise makalenin k\u00fcnyesi ba\u015fvuru s\u0131ras\u0131nda belirtilmelidir.<\/li>\n<li>Bildiriye konu olan \u00e7al\u0131\u015fma daha \u00f6nce ba\u015fka bir kongrede sunulmu\u015f ise sunulan bildirinin k\u00fcnyesi ba\u015fvuru s\u0131ras\u0131nda belirtilmelidir.<\/li>\n<li>T\u00fct\u00fcn ya da silah end\u00fcstrisi gibi sa\u011fl\u0131\u011fa zarar veren kurulu\u015flardan sponsorluk alan ya da fon kullanan bildiriler kabul edilmeyecektir.<\/li>\n<\/ul>\n<p>[\/vc_column_text][\/vc_tta_section][vc_tta_section title=&#8221;B\u0130LD\u0130R\u0130 T\u00dcRLER\u0130&#8221; tab_id=&#8221;1691585133929-f89d3eee-79ab&#8221;][vc_custom_heading text=&#8221;B\u0130LD\u0130R\u0130 T\u00dcRLER\u0130&#8221; font_container=&#8221;tag:h2|text_align:left|color:%23dd3333&#8243; use_theme_fonts=&#8221;yes&#8221; font_weight=&#8221;600&#8243; show_border=&#8221;yes&#8221; border_skin=&#8221;primary&#8221;][vc_row_inner css=&#8221;.vc_custom_1691758392451{margin-top: 0px !important;background-color: #ffd8d8 !important;border-radius: 10px !important;}&#8221;][vc_column_inner css=&#8221;.vc_custom_1691757929776{margin-top: 20px !important;margin-right: 10px !important;margin-left: 10px !important;}&#8221;][vc_custom_heading text=&#8221;\u00d6ZG\u00dcN ARA\u015eTIRMA T\u00dcR\u00dc B\u0130LD\u0130R\u0130LER&#8221; font_container=&#8221;tag:h3|text_align:left|color:%23dd3333&#8243; use_theme_fonts=&#8221;yes&#8221; font_weight=&#8221;600&#8243;][vc_column_text]Kongre konular\u0131 ile ilgili yap\u0131lm\u0131\u015f <strong>N\u0130CEL\u0130KSEL<\/strong> ya da <strong>N\u0130TEL\u0130KSEL<\/strong> ara\u015ft\u0131rmalard\u0131r. \u00d6zg\u00fcn ara\u015ft\u0131rma bildirileri <strong>\u00d6ZET<\/strong>\u00a0olarak sisteme y\u00fcklenecek ve kongre kitab\u0131nda <strong>\u00d6ZET <\/strong>olarak bas\u0131lacakt\u0131r. Tam Metin y\u00fcklenmemelidir.[\/vc_column_text][\/vc_column_inner][\/vc_row_inner][vc_row_inner css=&#8221;.vc_custom_1691758262324{margin-top: 0px !important;margin-bottom: 0px !important;}&#8221;][vc_column_inner css=&#8221;.vc_custom_1691758256579{margin-top: 0px !important;margin-bottom: 0px !important;}&#8221;][vc_empty_space height=&#8221;5px&#8221; css=&#8221;.vc_custom_1691758273219{margin-top: 0px !important;margin-bottom: 0px !important;}&#8221;][\/vc_column_inner][\/vc_row_inner][vc_row_inner css=&#8221;.vc_custom_1691758225813{background-color: #d8e8ff !important;border-radius: 10px !important;}&#8221;][vc_column_inner css=&#8221;.vc_custom_1691758244868{margin-top: 25px !important;margin-right: 10px !important;margin-left: 10px !important;}&#8221;][vc_custom_heading text=&#8221;\u00d6ZG\u00dcN ARA\u015eTIRMA T\u00dcR\u00dc DI\u015eINDAK\u0130 B\u0130LD\u0130R\u0130LER&#8221; font_container=&#8221;tag:h3|text_align:left|color:%23002b5b&#8221; use_theme_fonts=&#8221;yes&#8221; font_weight=&#8221;600&#8243;][vc_column_text]<\/p>\n<h5 style=\"color: #002b5b;\"><i class=\"fa fa-check-square\"><\/i>\u00a0\u00a0 Saha Uygulamalar\u0131 ve Deneyimleri<\/h4>\n<p>Halk Sa\u011fl\u0131\u011f\u0131 ile ilgili olmak \u00fczere, sahada ger\u00e7ekle\u015ftirilen yeni ya da \u00f6zg\u00fcn uygulamalara ili\u015fkin deneyimleri tan\u0131mlayan ve\/veya mevcut uygulamalara ili\u015fkin ele\u015ftirel de\u011ferlendirmeler yapan, tart\u0131\u015fan bildirilerdir.\u00a0<strong>TAM MET\u0130N<\/strong>\u00a0olmas\u0131 zorunludur.<\/p>\n<h5 style=\"color: #002b5b;\"><i class=\"fa fa-check-square\"><\/i>\u00a0\u00a0 Politika De\u011ferlendirmeleri<\/h4>\n<p>Halk sa\u011fl\u0131\u011f\u0131 alan\u0131ndaki belirli bir politikaya y\u00f6nelik, literat\u00fcre dayal\u0131 g\u00fcncel durum de\u011ferlendirmesi yapan, konuyla ilgili \u00f6nerileri ve ara\u015ft\u0131rma gereksinimlerini ele alan bildirilerdir.\u00a0<strong>TAM MET\u0130N<\/strong>\u00a0olmas\u0131 zorunludur.<\/p>\n<h5 style=\"color: #002b5b;\"><i class=\"fa fa-check-square\"><\/i>\u00a0\u00a0 Kongre Ana Temas\u0131yla (Cumhuriyetin 100. Y\u0131l\u0131nda Halk Sa\u011fl\u0131\u011f\u0131: Ge\u00e7mi\u015ften Gelece\u011fe) \u0130lgili De\u011ferlendirmeler<\/h4>\n<p>\u201cCumhuriyetin 100. Y\u0131l\u0131nda Halk Sa\u011fl\u0131\u011f\u0131: Ge\u00e7mi\u015ften Gelece\u011fe\u201d temas\u0131na uygun konular\u0131 ele alan, \u00f6zg\u00fcn ara\u015ft\u0131rma d\u0131\u015f\u0131ndaki (konuyla ilgili literat\u00fcre dayal\u0131 g\u00fcncel durum de\u011ferlendirmesi yapan, \u00f6nerileri ve ara\u015ft\u0131rma gereksinimlerini ele alan) bildirilerdir.\u00a0<strong>TAM MET\u0130N<\/strong>\u00a0olmas\u0131 zorunludur.[\/vc_column_text][\/vc_column_inner][\/vc_row_inner][\/vc_tta_section][vc_tta_section title=&#8221;\u00d6ZG\u00dcN ARA\u015eTIRMA T\u00dcR\u00dc B\u0130LD\u0130R\u0130LER \u0130\u00c7\u0130N YAZIM KURALLARI&#8221; tab_id=&#8221;1691585169545-0572207a-7a9d&#8221;][vc_custom_heading text=&#8221;\u00d6ZG\u00dcN ARA\u015eTIRMA T\u00dcR\u00dc B\u0130LD\u0130R\u0130LER \u0130\u00c7\u0130N YAZIM KURALLARI&#8221; font_container=&#8221;tag:h2|text_align:left|color:%23dd3333&#8243; use_theme_fonts=&#8221;yes&#8221; font_weight=&#8221;600&#8243; show_border=&#8221;yes&#8221; border_skin=&#8221;primary&#8221;][vc_column_text]<\/p>\n<ul>\n<li><strong>\u00d6zg\u00fcn Ara\u015ft\u0131rma t\u00fcr\u00fc bildiriler \u00d6ZET olarak y\u00fcklenecektir.<\/strong><\/li>\n<li><strong>Nicel ara\u015ft\u0131rma<\/strong> y\u00f6ntemleri ile yap\u0131lm\u0131\u015f \u00e7al\u0131\u015fmalara ait bildiriler en az 1500, en fazla 4000 karakter (bo\u015fluksuz) olmal\u0131d\u0131r.<\/li>\n<li><strong>Nitel ara\u015ft\u0131rma<\/strong> y\u00f6ntemleri ile yap\u0131lm\u0131\u015f \u00e7al\u0131\u015fmalara ait bildiriler en az 1500, en fazla 6250 karakter (bo\u015fluksuz) olmal\u0131d\u0131r.<\/li>\n<li>Bildiri metni resim, tablo, grafik, kaynak\u00e7a i\u00e7ermemelidir.<\/li>\n<li>Yazarlar bildirideki isim s\u0131ras\u0131na g\u00f6re sisteme kaydedilmelidir.<\/li>\n<li>Bildiriler yap\u0131land\u0131r\u0131lm\u0131\u015f \u00f6zet olarak haz\u0131rlanmal\u0131 ve a\u015fa\u011f\u0131daki b\u00f6l\u00fcmlerden olu\u015fmal\u0131d\u0131r. Her b\u00f6l\u00fcm belirtilen kriterlere uygun olmal\u0131d\u0131r:\n<ul>\n<li><strong>Ba\u015fl\u0131k:<\/strong> \u0130lk harf hari\u00e7 k\u00fc\u00e7\u00fck harflerle yaz\u0131lmal\u0131, \u00e7al\u0131\u015fman\u0131n i\u00e7eri\u011fini ve y\u00f6ntemini yans\u0131tmal\u0131, bo\u015fluklu olarak 100 karakteri ge\u00e7memelidir.<\/li>\n<li><strong>Giri\u015f ve Ama\u00e7:<\/strong> Ara\u015ft\u0131rman\u0131n konusu hakk\u0131nda k\u0131saca bilgi verilmeli, \u00e7al\u0131\u015fman\u0131n \u00f6nemi ve amac\u0131 net bir \u015fekilde belirtmelidir.<\/li>\n<li><strong>Gere\u00e7 ve Y\u00f6ntem:<\/strong> Ara\u015ft\u0131rman\u0131n tipi, yeri, zaman\u0131, evreni, \u00f6rnek b\u00fcy\u00fckl\u00fc\u011f\u00fc ve \u00f6rneklem y\u00f6ntemi, etik kurul onay\u0131 durumu, varsa destekleyen kurulu\u015f ve finansman, veri toplama y\u00f6ntemi, de\u011fi\u015fkenleri, verilerin analizinde kullan\u0131lan istatistik testler belirtilmelidir.<\/li>\n<li><strong>Bulgular:<\/strong> \u00c7al\u0131\u015fman\u0131n bulgular\u0131 a\u00e7\u0131k ve net \u015fekilde sunulmal\u0131d\u0131r.<\/li>\n<li><strong>Sonu\u00e7:<\/strong> \u00c7al\u0131\u015fman\u0131n \u00f6nemli sonu\u00e7lar\u0131, mevcut bilgiye katk\u0131s\u0131 ve buna dayal\u0131 \u00e7\u0131kar\u0131mlar, \u00f6neriler yer almal\u0131d\u0131r.<\/li>\n<li><strong>Anahtar kelimeler:<\/strong> En az 3, en fazla 5 kelime<\/li>\n<\/ul>\n<\/li>\n<\/ul>\n<p>[\/vc_column_text][\/vc_tta_section][vc_tta_section title=&#8221;\u00d6ZG\u00dcN ARA\u015eTIRMA DI\u015eINDAK\u0130 B\u0130LD\u0130R\u0130LER \u0130\u00c7\u0130N YAZIM KURALLARI&#8221; tab_id=&#8221;1691585269755-50358e32-3d2c&#8221;][vc_custom_heading text=&#8221;\u00d6ZG\u00dcN ARA\u015eTIRMA DI\u015eINDAK\u0130 B\u0130LD\u0130R\u0130LER \u0130\u00c7\u0130N YAZIM KURALLARI&#8221; font_container=&#8221;tag:h2|text_align:left|color:%23dd3333&#8243; use_theme_fonts=&#8221;yes&#8221; font_weight=&#8221;600&#8243; show_border=&#8221;yes&#8221; border_skin=&#8221;primary&#8221;][vc_column_text]<\/p>\n<ul>\n<li><strong>Saha Uygulamalar\u0131 ve Deneyimleri<\/strong><\/li>\n<li><strong>Politika De\u011ferlendirmeleri<\/strong><\/li>\n<li><strong>Kongre Ana Temas\u0131yla (Cumhuriyetin 100. Y\u0131l\u0131nda Halk Sa\u011fl\u0131\u011f\u0131: Ge\u00e7mi\u015ften Gelece\u011fe) \u0130lgili De\u011ferlendirmeler<\/strong><\/li>\n<\/ul>\n<p>Bu \u00fc\u00e7 t\u00fcrde haz\u0131rlanm\u0131\u015f bildiriler;<\/p>\n<ul>\n<li><strong>TAM MET\u0130N\u00a0olmak zorundad\u0131r.<\/strong><\/li>\n<li><strong>TAM MET\u0130N Word dosyas\u0131 olarak (yazar isimleri ve kurum bilgileri olmadan) Bildiri Sisteminde 8.ad\u0131m da y\u00fcklenecektir.<\/strong><\/li>\n<li>Bildiri metni resim, tablo, grafik i\u00e7erebilir.<\/li>\n<li>En az 12 500, en fazla 25 000 karakter (bo\u015fluksuz) olmal\u0131d\u0131r (Resim, tablo, grafik ve kaynak\u00e7a dahil).<\/li>\n<li>Kaynaklar yaz\u0131lmal\u0131d\u0131r. Metin i\u00e7indeki kaynak g\u00f6steriminde ve kaynak\u00e7a olu\u015fturulmas\u0131nda T\u00fcrkiye Halk Sa\u011fl\u0131\u011f\u0131 Dergisi kaynak yaz\u0131m kurallar\u0131 (<a href=\"https:\/\/dergipark.org.tr\/tr\/pub\/tjph\">https:\/\/dergipark.org.tr\/tr\/pub\/tjph<\/a>) kullan\u0131lmal\u0131d\u0131r. Yaz\u0131m kurallar\u0131na uygun olmayan tam metin bildirilere Kongre Kitab\u0131\u2019nda yer verilmeyecektir.<\/li>\n<\/ul>\n<p>[\/vc_column_text][\/vc_tta_section][vc_tta_section title=&#8221;S\u00d6ZL\u00dc B\u0130LD\u0130R\u0130 SUNUM KURALLARI&#8221; tab_id=&#8221;1691585370274-9901131f-1d2e&#8221;][vc_custom_heading text=&#8221;S\u00d6ZL\u00dc B\u0130LD\u0130R\u0130 SUNUM KURALLARI&#8221; font_container=&#8221;tag:h2|text_align:left|color:%23dd3333&#8243; use_theme_fonts=&#8221;yes&#8221; font_weight=&#8221;600&#8243; show_border=&#8221;yes&#8221; border_skin=&#8221;primary&#8221;][vc_column_text]<\/p>\n<ul>\n<li>S\u00f6zl\u00fc bildiriler i\u00e7in sunum s\u00fcresi 10 dakikad\u0131r (8 dk. sunum, 2 dk tart\u0131\u015fma)<\/li>\n<li>Sunum i\u00e7in kapak dahil en fazla 10-12 slayt haz\u0131rlanmas\u0131 \u00f6nerilir.<\/li>\n<li>Bildiri ba\u015fl\u0131\u011f\u0131n\u0131n alt\u0131na yazarlar\u0131 ve sorumlu yazar\u0131n e-posta adresini yazmay\u0131 unutmay\u0131n\u0131z.<\/li>\n<\/ul>\n<p>[\/vc_column_text][\/vc_tta_section][\/vc_tta_tour][\/vc_column][\/vc_row][vc_row][vc_column width=&#8221;1\/3&#8243;][\/vc_column][vc_column width=&#8221;1\/3&#8243;][vc_column_text css=&#8221;.vc_custom_1691672051974{margin-bottom: 0px !important;}&#8221;]<\/p>\n<p style=\"text-align: center; font-size: 1.5em;\"><strong>Bildiri G\u00f6ndermek i\u00e7in<\/strong><\/p>\n<p>[\/vc_column_text][vc_single_image image=&#8221;6803&#8243; img_size=&#8221;full&#8221; alignment=&#8221;center&#8221; onclick=&#8221;custom_link&#8221; img_link_target=&#8221;_blank&#8221; link=&#8221;https:\/\/www.abstractmodule.com\/2023uhsk\/?plng=tur&#8221; css=&#8221;.vc_custom_1691672094783{margin-top: 5px !important;}&#8221;][\/vc_column][vc_column width=&#8221;1\/3&#8243;][\/vc_column][\/vc_row][vc_row][vc_column][vc_empty_space height=&#8221;50px&#8221;][\/vc_column][\/vc_row][vc_row css=&#8221;.vc_custom_1687459575140{background-color: #e5e5e5 !important;}&#8221; conditional_render=&#8221;%5B%7B%22value_role%22%3A%22administrator%22%7D%5D&#8221;][vc_column offset=&#8221;vc_hidden-xl vc_hidden-lg vc_hidden-md vc_hidden-sm&#8221; conditional_render=&#8221;%5B%7B%22value_role%22%3A%22administrator%22%7D%5D&#8221;][vc_row_inner][vc_column_inner width=&#8221;1\/3&#8243; offset=&#8221;vc_col-xs-4&#8243;][vc_single_image image=&#8221;6113&#8243; img_size=&#8221;full&#8221; alignment=&#8221;center&#8221;][\/vc_column_inner][vc_column_inner width=&#8221;1\/3&#8243; offset=&#8221;vc_col-xs-4&#8243;][vc_single_image image=&#8221;6003&#8243; img_size=&#8221;full&#8221; alignment=&#8221;center&#8221; css=&#8221;.vc_custom_1687460030326{margin-top: -8px !important;}&#8221;][\/vc_column_inner][vc_column_inner width=&#8221;1\/3&#8243; offset=&#8221;vc_col-xs-4&#8243;][vc_single_image image=&#8221;2481&#8243; img_size=&#8221;36&#215;25&#8243; alignment=&#8221;center&#8221;][\/vc_column_inner][\/vc_row_inner][\/vc_column][\/vc_row]<\/p>\n<\/section>","protected":false},"excerpt":{"rendered":"<p>[vc_row][vc_column][vc_empty_space height=&#8221;50px&#8221;][\/vc_column][\/vc_row][vc_row full_width=&#8221;stretch_row&#8221; wrap_container=&#8221;yes&#8221; conditional_render=&#8221;%5B%7B%22value_role%22%3A%22administrator%22%7D%5D&#8221;][vc_column][vc_tta_tour style=&#8221;modern&#8221; spacing=&#8221;&#8221; controls_size=&#8221;md&#8221; active_section=&#8221;1&#8243; no_fill_content_area=&#8221;true&#8221;][vc_tta_section title=&#8221;B\u0130LD\u0130R\u0130LER \u0130LE \u0130LG\u0130L\u0130 GENEL KURALLAR&#8221; tab_id=&#8221;1691566049555-07ffce7b-8332&#8243;][vc_custom_heading text=&#8221;B\u0130LD\u0130R\u0130LER \u0130LE \u0130LG\u0130L\u0130 GENEL KURALLAR&#8221; font_container=&#8221;tag:h2|text_align:left|color:%23dd3333&#8243; use_theme_fonts=&#8221;yes&#8221; font_weight=&#8221;600&#8243; show_border=&#8221;yes&#8221; border_skin=&#8221;primary&#8221;][vc_column_text] Kabul edilen bildirilerin tamam\u0131 Kongre\u2019de S\u00d6ZL\u00dc sunulacakt\u0131r. T\u00fcm bildiri ba\u015fvurular\u0131 kongre web sayfas\u0131nda yer alan Online Bildiri G\u00f6nderim Sistemi kullan\u0131larak yap\u0131lmal\u0131d\u0131r. E-posta ya da posta\/kargo ile g\u00f6nderilen bildiriler de\u011ferlendirmeye [&hellip;]<\/p>\n","protected":false},"author":1,"featured_media":0,"parent":0,"menu_order":0,"comment_status":"closed","ping_status":"closed","template":"","meta":{"footnotes":""},"class_list":["post-6706","page","type-page","status-publish","hentry"],"_links":{"self":[{"href":"https:\/\/uhsk.org\/2023\/wp-json\/wp\/v2\/pages\/6706","targetHints":{"allow":["GET"]}}],"collection":[{"href":"https:\/\/uhsk.org\/2023\/wp-json\/wp\/v2\/pages"}],"about":[{"href":"https:\/\/uhsk.org\/2023\/wp-json\/wp\/v2\/types\/page"}],"author":[{"embeddable":true,"href":"https:\/\/uhsk.org\/2023\/wp-json\/wp\/v2\/users\/1"}],"replies":[{"embeddable":true,"href":"https:\/\/uhsk.org\/2023\/wp-json\/wp\/v2\/comments?post=6706"}],"version-history":[{"count":25,"href":"https:\/\/uhsk.org\/2023\/wp-json\/wp\/v2\/pages\/6706\/revisions"}],"predecessor-version":[{"id":6822,"href":"https:\/\/uhsk.org\/2023\/wp-json\/wp\/v2\/pages\/6706\/revisions\/6822"}],"wp:attachment":[{"href":"https:\/\/uhsk.org\/2023\/wp-json\/wp\/v2\/media?parent=6706"}],"curies":[{"name":"wp","href":"https:\/\/api.w.org\/{rel}","templated":true}]}}