{"id":5890,"date":"2023-06-21T13:25:31","date_gmt":"2023-06-21T13:25:31","guid":{"rendered":"https:\/\/uhsk.org\/2023\/?page_id=5890"},"modified":"2023-07-19T06:21:47","modified_gmt":"2023-07-19T06:21:47","slug":"bildiri-odulleri","status":"publish","type":"page","link":"https:\/\/uhsk.org\/2023\/bildiri-odulleri\/","title":{"rendered":"Bildiri \u00d6d\u00fclleri"},"content":{"rendered":"<section class=\"wpb-content-wrapper\"><p>[vc_row full_width=&#8221;stretch_row&#8221; wrap_container=&#8221;yes&#8221; conditional_render=&#8221;%5B%7B%22value_role%22%3A%22administrator%22%7D%5D&#8221;][vc_column offset=&#8221;vc_hidden-xs&#8221; conditional_render=&#8221;%5B%7B%22value_role%22%3A%22administrator%22%7D%5D&#8221;][vc_row_inner css=&#8221;.vc_custom_1687414427994{margin-top: 50px !important;border-top-width: 3px !important;border-right-width: 3px !important;border-bottom-width: 3px !important;border-left-width: 3px !important;padding-top: 30px !important;padding-right: 20px !important;padding-bottom: 10px !important;padding-left: 20px !important;background-color: #fdeaea !important;border-left-color: #c73231 !important;border-left-style: solid !important;border-right-color: #c73231 !important;border-right-style: solid !important;border-top-color: #c73231 !important;border-top-style: solid !important;border-bottom-color: #c73231 !important;border-bottom-style: solid !important;border-radius: 15px !important;}&#8221;][vc_column_inner width=&#8221;1\/4&#8243; offset=&#8221;vc_hidden-xs&#8221;][vc_empty_space height=&#8221;10px&#8221;][vc_single_image image=&#8221;5896&#8243; img_size=&#8221;179&#215;179&#8243; alignment=&#8221;center&#8221;][\/vc_column_inner][vc_column_inner width=&#8221;3\/4&#8243; offset=&#8221;vc_hidden-xs&#8221;][vc_custom_heading text=&#8221;<b>EN \u0130Y\u0130 B\u0130LD\u0130R\u0130 \u00d6D\u00dcL\u00dc<\/b>&#8221; font_container=&#8221;tag:h4|text_align:left|color:%23c73231&#8243; use_theme_fonts=&#8221;yes&#8221;][vc_column_text]<\/p>\n<p style=\"text-align: justify;\">Toplum sa\u011fl\u0131\u011f\u0131 alan\u0131nda konusu, ara\u015ft\u0131rma y\u00f6ntemi, sonu\u00e7 ve \u00f6nerileriyle \u00f6nemli katk\u0131lar\u0131 oldu\u011fu ve fark yaratt\u0131\u011f\u0131 d\u00fc\u015f\u00fcn\u00fclen ara\u015ft\u0131rmalardan haz\u0131rlanan bildirilere \u201c<strong>En \u0130yi Bildiri\u201d\u00a0<\/strong>\u00f6d\u00fcl\u00fc verilecektir. Bu kategoride birinci, ikinci ve \u00fc\u00e7\u00fcnc\u00fc se\u00e7ilen bildirilerin sorumlu yazarlar\u0131na (\u00f6d\u00fcl hakk\u0131n\u0131 di\u011fer yazarlardan birine devretme hakk\u0131 sakl\u0131 kalmak \u00fczere) 2024 y\u0131l\u0131nda yap\u0131lacak Halk Sa\u011fl\u0131\u011f\u0131 Kongresi\u2019ne \u00fccretsiz kay\u0131t yapt\u0131rma hakk\u0131 tan\u0131nacakt\u0131r. \u00d6d\u00fcl sahibi isterse \u00f6d\u00fcl\u00fcn\u00fc (gelecek y\u0131l kullanmak yerine) bu y\u0131lki kongre kay\u0131t \u00fccretinin iadesi bi\u00e7iminde de kullanabilir.<\/p>\n<p>[\/vc_column_text][\/vc_column_inner][\/vc_row_inner][\/vc_column][\/vc_row][vc_row full_width=&#8221;stretch_row&#8221; wrap_container=&#8221;yes&#8221; conditional_render=&#8221;%5B%7B%22value_role%22%3A%22administrator%22%7D%5D&#8221;][vc_column offset=&#8221;vc_hidden-xs&#8221; conditional_render=&#8221;%5B%7B%22value_role%22%3A%22administrator%22%7D%5D&#8221;][vc_row_inner css=&#8221;.vc_custom_1687354935992{margin-top: 50px !important;border-top-width: 3px !important;border-right-width: 3px !important;border-bottom-width: 3px !important;border-left-width: 3px !important;padding-top: 30px !important;padding-right: 20px !important;padding-bottom: 10px !important;padding-left: 20px !important;background-color: #f0f8ff !important;border-left-color: #002b5b !important;border-left-style: solid !important;border-right-color: #002b5b !important;border-right-style: solid !important;border-top-color: #002b5b !important;border-top-style: solid !important;border-bottom-color: #002b5b !important;border-bottom-style: solid !important;border-radius: 15px !important;}&#8221;][vc_column_inner width=&#8221;1\/4&#8243; offset=&#8221;vc_hidden-xs&#8221;][vc_empty_space height=&#8221;10px&#8221;][vc_single_image image=&#8221;5896&#8243; img_size=&#8221;179&#215;179&#8243; alignment=&#8221;center&#8221;][\/vc_column_inner][vc_column_inner width=&#8221;3\/4&#8243; offset=&#8221;vc_hidden-xs&#8221;][vc_custom_heading text=&#8221;<b>SAHADA \u00c7ALI\u015eAN HALK SA\u011eLI\u011eI UZMANI B\u0130LD\u0130R\u0130 \u00d6D\u00dcL\u00dc<\/b>&#8221; font_container=&#8221;tag:h4|text_align:left|color:%23002b5b&#8221; use_theme_fonts=&#8221;yes&#8221;][vc_column_text]<\/p>\n<p style=\"text-align: justify;\">Sahada \u00e7al\u0131\u015fan halk sa\u011fl\u0131\u011f\u0131 uzmanlar\u0131 taraf\u0131ndan yap\u0131lan nitelikli saha ara\u015ft\u0131rmalar\u0131n\u0131 \u00f6zendirmek ve halk sa\u011fl\u0131\u011f\u0131 uzmanlar\u0131n\u0131 saha ara\u015ft\u0131rmas\u0131 yapmak konusunda te\u015fvik etmek amac\u0131yla \u201c<strong>Sahada \u00c7al\u0131\u015fan Halk Sa\u011fl\u0131\u011f\u0131 Uzman\u0131 Bildiri \u00d6d\u00fcl\u00fc<\/strong>\u201d verilecektir. Bu \u00f6d\u00fcle aday bildirinin ilk isim yazar\u0131 halen ve \u00e7al\u0131\u015fman\u0131n yap\u0131ld\u0131\u011f\u0131 d\u00f6nemde sahada \u00e7al\u0131\u015f\u0131yor olmal\u0131 ve \u00e7al\u0131\u015fma sahada yap\u0131lm\u0131\u015f olmal\u0131d\u0131r. Bu kategoride birinci, ikinci ve \u00fc\u00e7\u00fcnc\u00fc se\u00e7ilen bildirilerin sorumlu yazarlar\u0131na (\u00f6d\u00fcl hakk\u0131n\u0131 di\u011fer yazarlardan birine devretme hakk\u0131 sakl\u0131 kalmak \u00fczere) 2024 y\u0131l\u0131nda yap\u0131lacak Halk Sa\u011fl\u0131\u011f\u0131 Kongresi\u2019ne \u00fccretsiz kay\u0131t yapt\u0131rma hakk\u0131 tan\u0131nacakt\u0131r. \u00d6d\u00fcl sahibi isterse \u00f6d\u00fcl\u00fcn\u00fc (gelecek y\u0131l kullanmak yerine) bu y\u0131lki kongre kay\u0131t \u00fccretinin iadesi bi\u00e7iminde de kullanabilir.<\/p>\n<p>[\/vc_column_text][\/vc_column_inner][\/vc_row_inner][\/vc_column][\/vc_row][vc_row full_width=&#8221;stretch_row&#8221; wrap_container=&#8221;yes&#8221; conditional_render=&#8221;%5B%7B%22value_role%22%3A%22administrator%22%7D%5D&#8221;][vc_column offset=&#8221;vc_hidden-xs&#8221; conditional_render=&#8221;%5B%7B%22value_role%22%3A%22administrator%22%7D%5D&#8221;][vc_row_inner css=&#8221;.vc_custom_1687414485418{margin-top: 50px !important;border-top-width: 3px !important;border-right-width: 3px !important;border-bottom-width: 3px !important;border-left-width: 3px !important;padding-top: 30px !important;padding-right: 20px !important;padding-bottom: 10px !important;padding-left: 20px !important;background-color: #fff4e2 !important;border-left-color: #895602 !important;border-left-style: solid !important;border-right-color: #895602 !important;border-right-style: solid !important;border-top-color: #895602 !important;border-top-style: solid !important;border-bottom-color: #895602 !important;border-bottom-style: solid !important;border-radius: 15px !important;}&#8221;][vc_column_inner width=&#8221;1\/4&#8243; offset=&#8221;vc_hidden-xs&#8221;][vc_empty_space height=&#8221;10px&#8221;][vc_single_image image=&#8221;5896&#8243; img_size=&#8221;179&#215;179&#8243; alignment=&#8221;center&#8221;][\/vc_column_inner][vc_column_inner width=&#8221;3\/4&#8243; offset=&#8221;vc_hidden-xs&#8221;][vc_custom_heading text=&#8221;<b>DR. HAFIZ CEMAL LOKMANHEK\u0130M VE E\u015e\u0130 SAB\u0130HA LOKMANHEK\u0130M SA\u011eLIK VAKFI B\u0130LD\u0130R\u0130 \u00d6D\u00dcL\u00dc<\/b>&#8221; font_container=&#8221;tag:h4|text_align:left|color:%23895602&#8243; use_theme_fonts=&#8221;yes&#8221;][vc_column_text]<\/p>\n<p style=\"text-align: justify;\">Cinsiyet, engellilik, etnik k\u00f6ken, dil, yoksulluk, g\u00f6\u00e7, yerinden edilme gibi nedenlerle dezavantajl\u0131 durumda olan gruplar\u0131n sorunlar\u0131n\u0131 ve bunlara y\u00f6nelik \u00e7\u00f6z\u00fcm \u00f6nerilerini ortaya koyan ara\u015ft\u0131rmalardan haz\u0131rlanm\u0131\u015f bir bildiriye \u201c<strong>Dr. Haf\u0131z Cemal Lokmanhekim ve E\u015fi Sabiha Lokmanhekim Sa\u011fl\u0131k Vakf\u0131\u00a0Bildiri \u00d6d\u00fcl\u00fc\u201d\u00a0<\/strong>verilecektir. \u00a0Bu kategoride \u00f6d\u00fcle de\u011fer bulunan bildirinin sorumlu yazar\u0131na (\u00f6d\u00fcl hakk\u0131n\u0131 di\u011fer yazarlardan birine devretme hakk\u0131 sakl\u0131 kalmak \u00fczere) 2024 y\u0131l\u0131nda yap\u0131lacak Halk Sa\u011fl\u0131\u011f\u0131 Kongre\u2019sinde \u00fccretsiz kay\u0131t ve konaklama hakk\u0131 tan\u0131nacakt\u0131r.<\/p>\n<p>[\/vc_column_text][\/vc_column_inner][\/vc_row_inner][\/vc_column][\/vc_row][vc_row full_width=&#8221;stretch_row&#8221; wrap_container=&#8221;yes&#8221; conditional_render=&#8221;%5B%7B%22value_role%22%3A%22administrator%22%7D%5D&#8221;][vc_column][vc_row_inner css=&#8221;.vc_custom_1687355080408{margin-top: 50px !important;padding-top: 30px !important;padding-right: 20px !important;padding-bottom: 10px !important;padding-left: 20px !important;}&#8221;][vc_column_inner width=&#8221;1\/4&#8243; offset=&#8221;vc_hidden-xl vc_hidden-lg vc_hidden-md vc_hidden-sm&#8221;][vc_empty_space height=&#8221;10px&#8221;][vc_single_image image=&#8221;5896&#8243; img_size=&#8221;179&#215;179&#8243; alignment=&#8221;center&#8221;][\/vc_column_inner][vc_column_inner width=&#8221;3\/4&#8243; offset=&#8221;vc_hidden-xl vc_hidden-lg vc_hidden-md vc_hidden-sm&#8221;][vc_custom_heading text=&#8221;<b>EN \u0130Y\u0130 B\u0130LD\u0130R\u0130 \u00d6D\u00dcL\u00dc<\/b>&#8221; font_container=&#8221;tag:h4|text_align:left|color:%23c73231&#8243; use_theme_fonts=&#8221;yes&#8221;][vc_column_text]<\/p>\n<p style=\"text-align: justify;\">Toplum sa\u011fl\u0131\u011f\u0131 alan\u0131nda konusu, ara\u015ft\u0131rma y\u00f6ntemi, sonu\u00e7 ve \u00f6nerileriyle \u00f6nemli katk\u0131lar\u0131 oldu\u011fu ve fark yaratt\u0131\u011f\u0131 d\u00fc\u015f\u00fcn\u00fclen ara\u015ft\u0131rmalardan haz\u0131rlanan bildirilere \u201c<strong>En \u0130yi Bildiri\u201d\u00a0<\/strong>\u00f6d\u00fcl\u00fc verilecektir. Bu kategoride birinci, ikinci ve \u00fc\u00e7\u00fcnc\u00fc se\u00e7ilen bildirilerin sorumlu yazarlar\u0131na (\u00f6d\u00fcl hakk\u0131n\u0131 di\u011fer yazarlardan birine devretme hakk\u0131 sakl\u0131 kalmak \u00fczere) 2024 y\u0131l\u0131nda yap\u0131lacak Halk Sa\u011fl\u0131\u011f\u0131 Kongresi\u2019ne \u00fccretsiz kay\u0131t yapt\u0131rma hakk\u0131 tan\u0131nacakt\u0131r. \u00d6d\u00fcl sahibi isterse \u00f6d\u00fcl\u00fcn\u00fc (gelecek y\u0131l kullanmak yerine) bu y\u0131lki kongre kay\u0131t \u00fccretinin iadesi bi\u00e7iminde de kullanabilir.<\/p>\n<p>[\/vc_column_text][\/vc_column_inner][\/vc_row_inner][\/vc_column][\/vc_row][vc_row full_width=&#8221;stretch_row&#8221; wrap_container=&#8221;yes&#8221; conditional_render=&#8221;%5B%7B%22value_role%22%3A%22administrator%22%7D%5D&#8221;][vc_column][vc_row_inner css=&#8221;.vc_custom_1687355080408{margin-top: 50px !important;padding-top: 30px !important;padding-right: 20px !important;padding-bottom: 10px !important;padding-left: 20px !important;}&#8221;][vc_column_inner width=&#8221;1\/4&#8243; offset=&#8221;vc_hidden-xl vc_hidden-lg vc_hidden-md vc_hidden-sm&#8221;][vc_empty_space height=&#8221;10px&#8221;][vc_single_image image=&#8221;5896&#8243; img_size=&#8221;179&#215;179&#8243; alignment=&#8221;center&#8221;][\/vc_column_inner][vc_column_inner width=&#8221;3\/4&#8243; offset=&#8221;vc_hidden-xl vc_hidden-lg vc_hidden-md vc_hidden-sm&#8221;][vc_custom_heading text=&#8221;<b>SAHADA \u00c7ALI\u015eAN HALK SA\u011eLI\u011eI UZMANI B\u0130LD\u0130R\u0130 \u00d6D\u00dcL\u00dc<\/b>&#8221; font_container=&#8221;tag:h4|text_align:left|color:%23002b5b&#8221; use_theme_fonts=&#8221;yes&#8221;][vc_column_text]<\/p>\n<p style=\"text-align: justify;\">Sahada \u00e7al\u0131\u015fan halk sa\u011fl\u0131\u011f\u0131 uzmanlar\u0131 taraf\u0131ndan yap\u0131lan nitelikli saha ara\u015ft\u0131rmalar\u0131n\u0131 \u00f6zendirmek ve halk sa\u011fl\u0131\u011f\u0131 uzmanlar\u0131n\u0131 saha ara\u015ft\u0131rmas\u0131 yapmak konusunda te\u015fvik etmek amac\u0131yla \u201c<strong>Sahada \u00c7al\u0131\u015fan Halk Sa\u011fl\u0131\u011f\u0131 Uzman\u0131 Bildiri \u00d6d\u00fcl\u00fc<\/strong>\u201d verilecektir. Bu \u00f6d\u00fcle aday bildirinin ilk isim yazar\u0131 halen ve \u00e7al\u0131\u015fman\u0131n yap\u0131ld\u0131\u011f\u0131 d\u00f6nemde sahada \u00e7al\u0131\u015f\u0131yor olmal\u0131 ve \u00e7al\u0131\u015fma sahada yap\u0131lm\u0131\u015f olmal\u0131d\u0131r. Bu kategoride birinci, ikinci ve \u00fc\u00e7\u00fcnc\u00fc se\u00e7ilen bildirilerin sorumlu yazarlar\u0131na (\u00f6d\u00fcl hakk\u0131n\u0131 di\u011fer yazarlardan birine devretme hakk\u0131 sakl\u0131 kalmak \u00fczere) 2024 y\u0131l\u0131nda yap\u0131lacak Halk Sa\u011fl\u0131\u011f\u0131 Kongresi\u2019ne \u00fccretsiz kay\u0131t yapt\u0131rma hakk\u0131 tan\u0131nacakt\u0131r. \u00d6d\u00fcl sahibi isterse \u00f6d\u00fcl\u00fcn\u00fc (gelecek y\u0131l kullanmak yerine) bu y\u0131lki kongre kay\u0131t \u00fccretinin iadesi bi\u00e7iminde de kullanabilir.<\/p>\n<p>[\/vc_column_text][\/vc_column_inner][\/vc_row_inner][\/vc_column][\/vc_row][vc_row full_width=&#8221;stretch_row&#8221; wrap_container=&#8221;yes&#8221; conditional_render=&#8221;%5B%7B%22value_role%22%3A%22administrator%22%7D%5D&#8221;][vc_column][vc_row_inner css=&#8221;.vc_custom_1687355080408{margin-top: 50px !important;padding-top: 30px !important;padding-right: 20px !important;padding-bottom: 10px !important;padding-left: 20px !important;}&#8221;][vc_column_inner width=&#8221;1\/4&#8243; offset=&#8221;vc_hidden-xl vc_hidden-lg vc_hidden-md vc_hidden-sm&#8221;][vc_empty_space height=&#8221;10px&#8221;][vc_single_image image=&#8221;5896&#8243; img_size=&#8221;179&#215;179&#8243; alignment=&#8221;center&#8221;][\/vc_column_inner][vc_column_inner width=&#8221;3\/4&#8243; offset=&#8221;vc_hidden-xl vc_hidden-lg vc_hidden-md vc_hidden-sm&#8221;][vc_custom_heading text=&#8221;<b>DR. HAFIZ CEMAL LOKMANHEK\u0130M VE E\u015e\u0130 SAB\u0130HA LOKMANHEK\u0130M SA\u011eLIK VAKFI B\u0130LD\u0130R\u0130 \u00d6D\u00dcL\u00dc<\/b>&#8221; font_container=&#8221;tag:h4|text_align:left|color:%23895602&#8243; use_theme_fonts=&#8221;yes&#8221;][vc_column_text]<\/p>\n<p style=\"text-align: justify;\">Cinsiyet, engellilik, etnik k\u00f6ken, dil, yoksulluk, g\u00f6\u00e7, yerinden edilme gibi nedenlerle dezavantajl\u0131 durumda olan gruplar\u0131n sorunlar\u0131n\u0131 ve bunlara y\u00f6nelik \u00e7\u00f6z\u00fcm \u00f6nerilerini ortaya koyan ara\u015ft\u0131rmalardan haz\u0131rlanm\u0131\u015f bir bildiriye \u201c<strong>Dr. Haf\u0131z Cemal Lokmanhekim ve E\u015fi Sabiha Lokmanhekim Sa\u011fl\u0131k Vakf\u0131\u00a0Bildiri \u00d6d\u00fcl\u00fc\u201d\u00a0<\/strong>verilecektir. \u00a0Bu kategoride \u00f6d\u00fcle de\u011fer bulunan bildirinin sorumlu yazar\u0131na (\u00f6d\u00fcl hakk\u0131n\u0131 di\u011fer yazarlardan birine devretme hakk\u0131 sakl\u0131 kalmak \u00fczere) 2024 y\u0131l\u0131nda yap\u0131lacak Halk Sa\u011fl\u0131\u011f\u0131 Kongre\u2019sinde \u00fccretsiz kay\u0131t ve konaklama hakk\u0131 tan\u0131nacakt\u0131r.<\/p>\n<p>[\/vc_column_text][\/vc_column_inner][\/vc_row_inner][\/vc_column][\/vc_row][vc_row][vc_column][vc_empty_space height=&#8221;100px&#8221;][\/vc_column][\/vc_row][vc_row css=&#8221;.vc_custom_1687459575140{background-color: #e5e5e5 !important;}&#8221; conditional_render=&#8221;%5B%7B%22value_role%22%3A%22administrator%22%7D%5D&#8221;][vc_column offset=&#8221;vc_hidden-xl vc_hidden-lg vc_hidden-md vc_hidden-sm&#8221; conditional_render=&#8221;%5B%7B%22value_role%22%3A%22administrator%22%7D%5D&#8221;][vc_row_inner][vc_column_inner width=&#8221;1\/3&#8243; offset=&#8221;vc_col-xs-4&#8243;][vc_single_image image=&#8221;6113&#8243; img_size=&#8221;full&#8221; alignment=&#8221;center&#8221; label=&#8221;&#8221;][\/vc_column_inner][vc_column_inner width=&#8221;1\/3&#8243; offset=&#8221;vc_col-xs-4&#8243;][vc_single_image image=&#8221;6003&#8243; img_size=&#8221;full&#8221; alignment=&#8221;center&#8221; css=&#8221;.vc_custom_1687460030326{margin-top: -8px !important;}&#8221;][\/vc_column_inner][vc_column_inner width=&#8221;1\/3&#8243; offset=&#8221;vc_col-xs-4&#8243;][vc_single_image image=&#8221;2481&#8243; img_size=&#8221;36&#215;25&#8243; alignment=&#8221;center&#8221;][\/vc_column_inner][\/vc_row_inner][\/vc_column][\/vc_row]<\/p>\n<\/section>","protected":false},"excerpt":{"rendered":"<p>[vc_row full_width=&#8221;stretch_row&#8221; wrap_container=&#8221;yes&#8221; conditional_render=&#8221;%5B%7B%22value_role%22%3A%22administrator%22%7D%5D&#8221;][vc_column offset=&#8221;vc_hidden-xs&#8221; conditional_render=&#8221;%5B%7B%22value_role%22%3A%22administrator%22%7D%5D&#8221;][vc_row_inner css=&#8221;.vc_custom_1687414427994{margin-top: 50px !important;border-top-width: 3px !important;border-right-width: 3px !important;border-bottom-width: 3px !important;border-left-width: 3px !important;padding-top: 30px !important;padding-right: 20px !important;padding-bottom: 10px !important;padding-left: 20px !important;background-color: #fdeaea !important;border-left-color: #c73231 !important;border-left-style: solid !important;border-right-color: #c73231 !important;border-right-style: solid !important;border-top-color: #c73231 !important;border-top-style: solid !important;border-bottom-color: #c73231 !important;border-bottom-style: solid !important;border-radius: 15px !important;}&#8221;][vc_column_inner width=&#8221;1\/4&#8243; offset=&#8221;vc_hidden-xs&#8221;][vc_empty_space height=&#8221;10px&#8221;][vc_single_image image=&#8221;5896&#8243; img_size=&#8221;179&#215;179&#8243; alignment=&#8221;center&#8221;][\/vc_column_inner][vc_column_inner width=&#8221;3\/4&#8243; offset=&#8221;vc_hidden-xs&#8221;][vc_custom_heading text=&#8221;EN \u0130Y\u0130 [&hellip;]<\/p>\n","protected":false},"author":1,"featured_media":0,"parent":0,"menu_order":0,"comment_status":"closed","ping_status":"closed","template":"","meta":{"footnotes":""},"class_list":["post-5890","page","type-page","status-publish","hentry"],"_links":{"self":[{"href":"https:\/\/uhsk.org\/2023\/wp-json\/wp\/v2\/pages\/5890","targetHints":{"allow":["GET"]}}],"collection":[{"href":"https:\/\/uhsk.org\/2023\/wp-json\/wp\/v2\/pages"}],"about":[{"href":"https:\/\/uhsk.org\/2023\/wp-json\/wp\/v2\/types\/page"}],"author":[{"embeddable":true,"href":"https:\/\/uhsk.org\/2023\/wp-json\/wp\/v2\/users\/1"}],"replies":[{"embeddable":true,"href":"https:\/\/uhsk.org\/2023\/wp-json\/wp\/v2\/comments?post=5890"}],"version-history":[{"count":20,"href":"https:\/\/uhsk.org\/2023\/wp-json\/wp\/v2\/pages\/5890\/revisions"}],"predecessor-version":[{"id":6117,"href":"https:\/\/uhsk.org\/2023\/wp-json\/wp\/v2\/pages\/5890\/revisions\/6117"}],"wp:attachment":[{"href":"https:\/\/uhsk.org\/2023\/wp-json\/wp\/v2\/media?parent=5890"}],"curies":[{"name":"wp","href":"https:\/\/api.w.org\/{rel}","templated":true}]}}