{"id":5695,"date":"2023-06-19T13:07:41","date_gmt":"2023-06-19T13:07:41","guid":{"rendered":"https:\/\/uhsk.org\/2023\/?page_id=5695"},"modified":"2023-07-19T06:22:35","modified_gmt":"2023-07-19T06:22:35","slug":"kongre-konulari","status":"publish","type":"page","link":"https:\/\/uhsk.org\/2023\/kongre-konulari\/","title":{"rendered":"Kongre Konular\u0131"},"content":{"rendered":"<section class=\"wpb-content-wrapper\"><p>[vc_row css=&#8221;.vc_custom_1687180681003{margin-top: 50px !important;}&#8221; conditional_render=&#8221;%5B%7B%22value_role%22%3A%22administrator%22%7D%5D&#8221;][vc_column offset=&#8221;vc_hidden-xs&#8221; conditional_render=&#8221;%5B%7B%22value_role%22%3A%22administrator%22%7D%5D&#8221;][vc_row_inner][vc_column_inner width=&#8221;1\/6&#8243;][\/vc_column_inner][vc_column_inner width=&#8221;2\/6&#8243;][vc_column_text]<\/p>\n<ul class=\"list list-icons list-icons-style-3 list-primary\">\n<li><i class=\"fa fa-check\"><\/i> Acil Durumlar ve Afetler<\/li>\n<li><i class=\"fa fa-check\"><\/i> A\u011f\u0131z ve Di\u015f Sa\u011fl\u0131\u011f\u0131<\/li>\n<li><i class=\"fa fa-check\"><\/i> Ba\u011f\u0131ml\u0131l\u0131k Yap\u0131c\u0131 Maddelerin Kontrol\u00fc (T\u00fct\u00fcn, Alkol vb.)<\/li>\n<li><i class=\"fa fa-check\"><\/i> Bula\u015f\u0131c\u0131 Hastal\u0131klar ve Ba\u011f\u0131\u015f\u0131klama<\/li>\n<li><i class=\"fa fa-check\"><\/i> Bula\u015f\u0131c\u0131 Olmayan Hastal\u0131klar ve Yeti Yitimi<\/li>\n<li><i class=\"fa fa-check\"><\/i> \u00c7evre Sa\u011fl\u0131\u011f\u0131<\/li>\n<li><i class=\"fa fa-check\"><\/i> \u00c7ocuk ve Adolesan Sa\u011fl\u0131\u011f\u0131<\/li>\n<li><i class=\"fa fa-check\"><\/i> Demografi ve Sa\u011fl\u0131k<\/li>\n<li><i class=\"fa fa-check\"><\/i> Dezavantajl\u0131 Gruplar<\/li>\n<li><i class=\"fa fa-check\"><\/i> Dijital Sa\u011fl\u0131k<\/li>\n<li><i class=\"fa fa-check\"><\/i> Epidemiyoloji<\/li>\n<li><i class=\"fa fa-check\"><\/i> Ergonomi<\/li>\n<li><i class=\"fa fa-check\"><\/i> G\u00f6\u00e7 ve Halk Sa\u011fl\u0131\u011f\u0131<\/li>\n<li><i class=\"fa fa-check\"><\/i> \u0130klim Krizi<\/li>\n<li><i class=\"fa fa-check\"><\/i> \u0130\u015f Sa\u011fl\u0131\u011f\u0131 ve G\u00fcvenli\u011fi<\/li>\n<li><i class=\"fa fa-check\"><\/i> Kazalar ve Yaralanmalar<\/li>\n<li><i class=\"fa fa-check\"><\/i> Mezuniyet \u00d6ncesi Halk Sa\u011fl\u0131\u011f\u0131 E\u011fitimi<\/li>\n<li><i class=\"fa fa-check\"><\/i> Mezuniyet Sonras\u0131 Halk Sa\u011fl\u0131\u011f\u0131 E\u011fitimi<\/li>\n<\/ul>\n<p>[\/vc_column_text][\/vc_column_inner][vc_column_inner width=&#8221;2\/6&#8243;][vc_column_text]<\/p>\n<ul class=\"list list-icons list-icons-style-3 list-primary\">\n<li><i class=\"fa fa-check\"><\/i> Okul Sa\u011fl\u0131\u011f\u0131<\/li>\n<li><i class=\"fa fa-check\"><\/i> Sa\u011fl\u0131k Antropolojisi ve Sosyolojisi<\/li>\n<li><i class=\"fa fa-check\"><\/i> Sa\u011fl\u0131k E\u011fitimi ve Sa\u011fl\u0131k \u0130leti\u015fimi<\/li>\n<li><i class=\"fa fa-check\"><\/i> Sa\u011fl\u0131k \u0130nsang\u00fcc\u00fc<\/li>\n<li><i class=\"fa fa-check\"><\/i> Sa\u011fl\u0131k Politikalar\u0131, Sa\u011fl\u0131k Sistemleri ve Sa\u011fl\u0131k Ekonomisi<\/li>\n<li><i class=\"fa fa-check\"><\/i> Sa\u011fl\u0131k Y\u00f6netimi ve Sa\u011fl\u0131k Hizmetleri<\/li>\n<li><i class=\"fa fa-check\"><\/i> Sa\u011fl\u0131kl\u0131 Kentler<\/li>\n<li><i class=\"fa fa-check\"><\/i> Sa\u011fl\u0131kl\u0131 Ya\u015fam ve Sa\u011fl\u0131\u011f\u0131n Geli\u015ftirilmesi<\/li>\n<li><i class=\"fa fa-check\"><\/i> Sava\u015f ve Halk Sa\u011fl\u0131\u011f\u0131<\/li>\n<li><i class=\"fa fa-check\"><\/i> \u015eiddet ve Halk Sa\u011fl\u0131\u011f\u0131<\/li>\n<li><i class=\"fa fa-check\"><\/i> Toplum Beslenmesi<\/li>\n<li><i class=\"fa fa-check\"><\/i> Toplum Ruh Sa\u011fl\u0131\u011f\u0131<\/li>\n<li><i class=\"fa fa-check\"><\/i> Turist Sa\u011fl\u0131\u011f\u0131<\/li>\n<li><i class=\"fa fa-check\"><\/i> Uluslararas\u0131 Sa\u011fl\u0131k<\/li>\n<li><i class=\"fa fa-check\"><\/i> \u00dcreme Sa\u011fl\u0131\u011f\u0131 ve Kad\u0131n Sa\u011fl\u0131\u011f\u0131<\/li>\n<li><i class=\"fa fa-check\"><\/i> Ya\u015fam Kalitesi<\/li>\n<li><i class=\"fa fa-check\"><\/i> Ya\u015fl\u0131 Sa\u011fl\u0131\u011f\u0131<\/li>\n<li><i class=\"fa fa-check\"><\/i> Halk Sa\u011fl\u0131\u011f\u0131n\u0131n Di\u011fer Konular\u0131<\/li>\n<\/ul>\n<p>[\/vc_column_text][\/vc_column_inner][vc_column_inner width=&#8221;1\/6&#8243;][\/vc_column_inner][\/vc_row_inner][\/vc_column][\/vc_row][vc_row css=&#8221;.vc_custom_1687180681003{margin-top: 50px !important;}&#8221; conditional_render=&#8221;%5B%7B%22value_role%22%3A%22administrator%22%7D%5D&#8221;][vc_column offset=&#8221;vc_hidden-xl vc_hidden-lg vc_hidden-md vc_hidden-sm&#8221; conditional_render=&#8221;%5B%7B%22value_role%22%3A%22administrator%22%7D%5D&#8221;][vc_row_inner][vc_column_inner width=&#8221;1\/6&#8243;][\/vc_column_inner][vc_column_inner width=&#8221;4\/6&#8243;][vc_column_text]<\/p>\n<ul class=\"list list-icons list-icons-style-3 list-primary\">\n<li><i class=\"fa fa-check\"><\/i> Acil Durumlar ve Afetler<\/li>\n<li><i class=\"fa fa-check\"><\/i> A\u011f\u0131z ve Di\u015f Sa\u011fl\u0131\u011f\u0131<\/li>\n<li><i class=\"fa fa-check\"><\/i> Ba\u011f\u0131ml\u0131l\u0131k Yap\u0131c\u0131 Maddelerin Kontrol\u00fc (T\u00fct\u00fcn, Alkol vb.)<\/li>\n<li><i class=\"fa fa-check\"><\/i> Bula\u015f\u0131c\u0131 Hastal\u0131klar ve Ba\u011f\u0131\u015f\u0131klama<\/li>\n<li><i class=\"fa fa-check\"><\/i> Bula\u015f\u0131c\u0131 Olmayan Hastal\u0131klar ve Yeti Yitimi<\/li>\n<li><i class=\"fa fa-check\"><\/i> \u00c7evre Sa\u011fl\u0131\u011f\u0131<\/li>\n<li><i class=\"fa fa-check\"><\/i> \u00c7ocuk ve Adolesan Sa\u011fl\u0131\u011f\u0131<\/li>\n<li><i class=\"fa fa-check\"><\/i> Demografi ve Sa\u011fl\u0131k<\/li>\n<li><i class=\"fa fa-check\"><\/i> Dezavantajl\u0131 Gruplar<\/li>\n<li><i class=\"fa fa-check\"><\/i> Dijital Sa\u011fl\u0131k<\/li>\n<li><i class=\"fa fa-check\"><\/i> Epidemiyoloji<\/li>\n<li><i class=\"fa fa-check\"><\/i> Ergonomi<\/li>\n<li><i class=\"fa fa-check\"><\/i> G\u00f6\u00e7 ve Halk Sa\u011fl\u0131\u011f\u0131<\/li>\n<li><i class=\"fa fa-check\"><\/i> \u0130klim Krizi<\/li>\n<li><i class=\"fa fa-check\"><\/i> \u0130\u015f Sa\u011fl\u0131\u011f\u0131 ve G\u00fcvenli\u011fi<\/li>\n<li><i class=\"fa fa-check\"><\/i> Kazalar ve Yaralanmalar<\/li>\n<li><i class=\"fa fa-check\"><\/i> Mezuniyet \u00d6ncesi Halk Sa\u011fl\u0131\u011f\u0131 E\u011fitimi<\/li>\n<li><i class=\"fa fa-check\"><\/i> Mezuniyet Sonras\u0131 Halk Sa\u011fl\u0131\u011f\u0131 E\u011fitimi<\/li>\n<li><i class=\"fa fa-check\"><\/i> Okul Sa\u011fl\u0131\u011f\u0131<\/li>\n<li><i class=\"fa fa-check\"><\/i> Sa\u011fl\u0131k Antropolojisi ve Sosyolojisi<\/li>\n<li><i class=\"fa fa-check\"><\/i> Sa\u011fl\u0131k E\u011fitimi ve Sa\u011fl\u0131k \u0130leti\u015fimi<\/li>\n<li><i class=\"fa fa-check\"><\/i> Sa\u011fl\u0131k \u0130nsang\u00fcc\u00fc<\/li>\n<li><i class=\"fa fa-check\"><\/i> Sa\u011fl\u0131k Politikalar\u0131, Sa\u011fl\u0131k Sistemleri ve Sa\u011fl\u0131k Ekonomisi<\/li>\n<li><i class=\"fa fa-check\"><\/i> Sa\u011fl\u0131k Y\u00f6netimi ve Sa\u011fl\u0131k Hizmetleri<\/li>\n<li><i class=\"fa fa-check\"><\/i> Sa\u011fl\u0131kl\u0131 Kentler<\/li>\n<li><i class=\"fa fa-check\"><\/i> Sa\u011fl\u0131kl\u0131 Ya\u015fam ve Sa\u011fl\u0131\u011f\u0131n Geli\u015ftirilmesi<\/li>\n<li><i class=\"fa fa-check\"><\/i> Sava\u015f ve Halk Sa\u011fl\u0131\u011f\u0131<\/li>\n<li><i class=\"fa fa-check\"><\/i> \u015eiddet ve Halk Sa\u011fl\u0131\u011f\u0131<\/li>\n<li><i class=\"fa fa-check\"><\/i> Toplum Beslenmesi<\/li>\n<li><i class=\"fa fa-check\"><\/i> Toplum Ruh Sa\u011fl\u0131\u011f\u0131<\/li>\n<li><i class=\"fa fa-check\"><\/i> Turist Sa\u011fl\u0131\u011f\u0131<\/li>\n<li><i class=\"fa fa-check\"><\/i> Uluslararas\u0131 Sa\u011fl\u0131k<\/li>\n<li><i class=\"fa fa-check\"><\/i> \u00dcreme Sa\u011fl\u0131\u011f\u0131 ve Kad\u0131n Sa\u011fl\u0131\u011f\u0131<\/li>\n<li><i class=\"fa fa-check\"><\/i> Ya\u015fam Kalitesi<\/li>\n<li><i class=\"fa fa-check\"><\/i> Ya\u015fl\u0131 Sa\u011fl\u0131\u011f\u0131<\/li>\n<li><i class=\"fa fa-check\"><\/i> Halk Sa\u011fl\u0131\u011f\u0131n\u0131n Di\u011fer Konular\u0131<\/li>\n<\/ul>\n<p>[\/vc_column_text][\/vc_column_inner][vc_column_inner width=&#8221;1\/6&#8243;][\/vc_column_inner][\/vc_row_inner][\/vc_column][\/vc_row][vc_row css=&#8221;.vc_custom_1687459575140{background-color: #e5e5e5 !important;}&#8221; conditional_render=&#8221;%5B%7B%22value_role%22%3A%22administrator%22%7D%5D&#8221;][vc_column offset=&#8221;vc_hidden-xl vc_hidden-lg vc_hidden-md vc_hidden-sm&#8221; conditional_render=&#8221;%5B%7B%22value_role%22%3A%22administrator%22%7D%5D&#8221;][vc_row_inner][vc_column_inner width=&#8221;1\/3&#8243; offset=&#8221;vc_col-xs-4&#8243;][vc_single_image image=&#8221;6113&#8243; img_size=&#8221;full&#8221; alignment=&#8221;center&#8221; label=&#8221;&#8221;][\/vc_column_inner][vc_column_inner width=&#8221;1\/3&#8243; offset=&#8221;vc_col-xs-4&#8243;][vc_single_image image=&#8221;6003&#8243; img_size=&#8221;full&#8221; alignment=&#8221;center&#8221; css=&#8221;.vc_custom_1687460030326{margin-top: -8px !important;}&#8221;][\/vc_column_inner][vc_column_inner width=&#8221;1\/3&#8243; offset=&#8221;vc_col-xs-4&#8243;][vc_single_image image=&#8221;2481&#8243; img_size=&#8221;36&#215;25&#8243; alignment=&#8221;center&#8221;][\/vc_column_inner][\/vc_row_inner][\/vc_column][\/vc_row]<\/p>\n<\/section>","protected":false},"excerpt":{"rendered":"<p>[vc_row css=&#8221;.vc_custom_1687180681003{margin-top: 50px !important;}&#8221; conditional_render=&#8221;%5B%7B%22value_role%22%3A%22administrator%22%7D%5D&#8221;][vc_column offset=&#8221;vc_hidden-xs&#8221; conditional_render=&#8221;%5B%7B%22value_role%22%3A%22administrator%22%7D%5D&#8221;][vc_row_inner][vc_column_inner width=&#8221;1\/6&#8243;][\/vc_column_inner][vc_column_inner width=&#8221;2\/6&#8243;][vc_column_text] Acil Durumlar ve Afetler A\u011f\u0131z ve Di\u015f Sa\u011fl\u0131\u011f\u0131 Ba\u011f\u0131ml\u0131l\u0131k Yap\u0131c\u0131 Maddelerin Kontrol\u00fc (T\u00fct\u00fcn, Alkol vb.) Bula\u015f\u0131c\u0131 Hastal\u0131klar ve Ba\u011f\u0131\u015f\u0131klama Bula\u015f\u0131c\u0131 Olmayan Hastal\u0131klar ve Yeti Yitimi \u00c7evre Sa\u011fl\u0131\u011f\u0131 \u00c7ocuk ve Adolesan Sa\u011fl\u0131\u011f\u0131 Demografi ve Sa\u011fl\u0131k Dezavantajl\u0131 Gruplar Dijital Sa\u011fl\u0131k Epidemiyoloji Ergonomi G\u00f6\u00e7 ve Halk Sa\u011fl\u0131\u011f\u0131 \u0130klim Krizi [&hellip;]<\/p>\n","protected":false},"author":1,"featured_media":0,"parent":0,"menu_order":0,"comment_status":"closed","ping_status":"closed","template":"","meta":{"footnotes":""},"class_list":["post-5695","page","type-page","status-publish","hentry"],"_links":{"self":[{"href":"https:\/\/uhsk.org\/2023\/wp-json\/wp\/v2\/pages\/5695","targetHints":{"allow":["GET"]}}],"collection":[{"href":"https:\/\/uhsk.org\/2023\/wp-json\/wp\/v2\/pages"}],"about":[{"href":"https:\/\/uhsk.org\/2023\/wp-json\/wp\/v2\/types\/page"}],"author":[{"embeddable":true,"href":"https:\/\/uhsk.org\/2023\/wp-json\/wp\/v2\/users\/1"}],"replies":[{"embeddable":true,"href":"https:\/\/uhsk.org\/2023\/wp-json\/wp\/v2\/comments?post=5695"}],"version-history":[{"count":11,"href":"https:\/\/uhsk.org\/2023\/wp-json\/wp\/v2\/pages\/5695\/revisions"}],"predecessor-version":[{"id":6119,"href":"https:\/\/uhsk.org\/2023\/wp-json\/wp\/v2\/pages\/5695\/revisions\/6119"}],"wp:attachment":[{"href":"https:\/\/uhsk.org\/2023\/wp-json\/wp\/v2\/media?parent=5695"}],"curies":[{"name":"wp","href":"https:\/\/api.w.org\/{rel}","templated":true}]}}