{"id":5078,"date":"2022-08-31T06:43:25","date_gmt":"2022-08-31T06:43:25","guid":{"rendered":"https:\/\/uhsk.org\/2022\/?page_id=5078"},"modified":"2022-12-11T18:56:43","modified_gmt":"2022-12-11T18:56:43","slug":"duyurular","status":"publish","type":"page","link":"https:\/\/uhsk.org\/2022\/duyurular\/","title":{"rendered":"Duyurular"},"content":{"rendered":"<p>[vc_row wrap_container=&#8221;yes&#8221; css=&#8221;.vc_custom_1653659300402{margin-bottom: 20px !important;padding-top: 0px !important;padding-bottom: 0px !important;background-image: url(http:\/\/uhsk.org\/2022\/wp-content\/uploads\/2022\/05\/bant_header.png?id=4481) !important;}&#8221;][vc_column offset=&#8221;vc_col-md-4&#8243; animation_type=&#8221;fadeInLeft&#8221;][vc_custom_heading text=&#8221;DUYURULAR&#8221; font_container=&#8221;tag:h3|font_size:25|text_align:left|color:%23ffffff&#8221; google_fonts=&#8221;font_family:Montserrat%3Aregular%2C700|font_style:700%20bold%20regular%3A700%3Anormal&#8221; text_transform=&#8221;text-uppercase&#8221; css=&#8221;.vc_custom_1661928182465{margin-top: 9px !important;margin-bottom: 9px !important;margin-left: 30px !important;}&#8221;][\/vc_column][\/vc_row][vc_row][vc_column width=&#8221;1\/3&#8243;][vc_single_image image=&#8221;5172&#8243; img_size=&#8221;1024&#215;700&#8243; alignment=&#8221;center&#8221; onclick=&#8221;link_image&#8221;][vc_column_text]<\/p>\n<p style=\"text-align: center;\">Kongre Web Sitesi Yay\u0131nda&#8230;<\/p>\n<p>[\/vc_column_text][\/vc_column][vc_column width=&#8221;1\/3&#8243;][vc_single_image image=&#8221;5170&#8243; img_size=&#8221;1024&#215;700&#8243; alignment=&#8221;center&#8221; onclick=&#8221;link_image&#8221;][vc_column_text]<\/p>\n<p style=\"text-align: center;\">Bildiri Sistemi A\u00e7\u0131lm\u0131\u015ft\u0131r<\/p>\n<p>[\/vc_column_text][\/vc_column][vc_column width=&#8221;1\/3&#8243;][vc_single_image image=&#8221;5044&#8243; img_size=&#8221;1024&#215;700&#8243; alignment=&#8221;center&#8221; onclick=&#8221;link_image&#8221; lightbox=&#8221;yes&#8221; zoom_icon=&#8221;yes&#8221;][vc_column_text]<\/p>\n<p style=\"text-align: center;\">Kongre Kurslar\u0131 Hk.<\/p>\n<p>[\/vc_column_text][\/vc_column][\/vc_row][vc_row][vc_column][vc_separator][\/vc_column][\/vc_row][vc_row][vc_column width=&#8221;1\/3&#8243;][vc_single_image image=&#8221;5171&#8243; img_size=&#8221;1024&#215;700&#8243; alignment=&#8221;center&#8221; onclick=&#8221;link_image&#8221;][vc_column_text]<\/p>\n<p style=\"text-align: center;\">Bildiri G\u00f6nderimi i\u00e7in Son Tarih 15 Ekim 2022&#8230;<\/p>\n<p>[\/vc_column_text][\/vc_column][vc_column width=&#8221;1\/3&#8243;][vc_single_image image=&#8221;5174&#8243; img_size=&#8221;1024&#215;700&#8243; alignment=&#8221;center&#8221; onclick=&#8221;link_image&#8221;][vc_column_text]<\/p>\n<p style=\"text-align: center;\">Erken Kay\u0131t Hk.<\/p>\n<p>[\/vc_column_text][\/vc_column][vc_column width=&#8221;1\/3&#8243;][vc_single_image image=&#8221;5173&#8243; img_size=&#8221;1024&#215;700&#8243; alignment=&#8221;center&#8221; onclick=&#8221;link_image&#8221;][vc_column_text]<\/p>\n<p style=\"text-align: center;\">Erken Kay\u0131t Hk.<\/p>\n<p>[\/vc_column_text][\/vc_column][\/vc_row][vc_row][vc_column][vc_separator][\/vc_column][\/vc_row][vc_row][vc_column width=&#8221;1\/3&#8243;][vc_single_image image=&#8221;5169&#8243; img_size=&#8221;1024&#215;700&#8243; alignment=&#8221;center&#8221; onclick=&#8221;link_image&#8221;][vc_column_text]<\/p>\n<p style=\"text-align: center;\">Kongre Bilimsel Program\u0131 Yay\u0131nland\u0131&#8230;<\/p>\n<p>[\/vc_column_text][\/vc_column][vc_column width=&#8221;1\/3&#8243;][vc_single_image image=&#8221;5175&#8243; img_size=&#8221;1024&#215;700&#8243; alignment=&#8221;center&#8221; onclick=&#8221;link_image&#8221;][vc_column_text]<\/p>\n<p style=\"text-align: center;\">Bildiri G\u00f6nderim Tarihi Uzat\u0131ld\u0131&#8230;<\/p>\n<p>[\/vc_column_text][\/vc_column][vc_column width=&#8221;1\/3&#8243;][vc_single_image image=&#8221;5192&#8243; img_size=&#8221;1024&#215;700&#8243; alignment=&#8221;center&#8221; onclick=&#8221;link_image&#8221;][vc_column_text]<\/p>\n<p style=\"text-align: center;\">\u0130\u015f Sa\u011fl\u0131\u011f\u0131 Epidemiyolojisi Kursu Hk.<\/p>\n<p>[\/vc_column_text][\/vc_column][\/vc_row][vc_row][vc_column][vc_separator][\/vc_column][\/vc_row][vc_row][vc_column width=&#8221;1\/3&#8243;][vc_single_image image=&#8221;5191&#8243; img_size=&#8221;1024&#215;700&#8243; alignment=&#8221;center&#8221; onclick=&#8221;link_image&#8221;][vc_column_text]<\/p>\n<p style=\"text-align: center;\">Ergen Dostu Sa\u011fl\u0131k Hizmetlerinin Geli\u015ftirilmesi Kursu Hk.<\/p>\n<p>[\/vc_column_text][\/vc_column][vc_column width=&#8221;1\/3&#8243;][vc_single_image image=&#8221;5193&#8243; img_size=&#8221;1024&#215;700&#8243; alignment=&#8221;center&#8221; onclick=&#8221;link_image&#8221;][vc_column_text]<\/p>\n<p style=\"text-align: center;\">\u0130\u015f Yerinde Risk Y\u00f6netimi Kursu Hk.<\/p>\n<p>[\/vc_column_text][\/vc_column][vc_column width=&#8221;1\/3&#8243;][vc_single_image image=&#8221;5194&#8243; img_size=&#8221;1024&#215;700&#8243; alignment=&#8221;center&#8221; onclick=&#8221;link_image&#8221;][vc_column_text]<\/p>\n<p style=\"text-align: center;\">\u0130\u015f Yerinde Sa\u011fl\u0131k G\u00f6zetimi Kursu Hk.<\/p>\n<p>[\/vc_column_text][\/vc_column][\/vc_row][vc_row][vc_column][vc_separator][\/vc_column][\/vc_row][vc_row][vc_column width=&#8221;1\/3&#8243;][vc_single_image image=&#8221;5195&#8243; img_size=&#8221;1024&#215;700&#8243; alignment=&#8221;center&#8221; onclick=&#8221;link_image&#8221;][vc_column_text]<\/p>\n<p style=\"text-align: center;\">Kad\u0131n Sa\u011fl\u0131\u011f\u0131nda Kurumsal ve Bireysel Savunuculuk Kursu Hk.<\/p>\n<p>[\/vc_column_text][\/vc_column][vc_column width=&#8221;1\/3&#8243;][vc_single_image image=&#8221;5196&#8243; img_size=&#8221;1024&#215;700&#8243; alignment=&#8221;center&#8221; onclick=&#8221;link_image&#8221;][vc_column_text]<\/p>\n<p style=\"text-align: center;\">Nitel Ara\u015ft\u0131rmalar Kursu Hk.<\/p>\n<p>[\/vc_column_text][\/vc_column][vc_column width=&#8221;1\/3&#8243;][vc_single_image image=&#8221;5197&#8243; img_size=&#8221;1024&#215;700&#8243; alignment=&#8221;center&#8221; onclick=&#8221;link_image&#8221;][vc_column_text]<\/p>\n<p style=\"text-align: center;\">\u00d6z Bildirim \u00d6l\u00e7eklerinin K\u00fclt\u00fcrel Uyarlamas\u0131 ve Klasik Psikometrik Analizler (Ge\u00e7erlilik &#8211; G\u00fcvenilirlik) Kursu Hk.<\/p>\n<p>[\/vc_column_text][\/vc_column][\/vc_row][vc_row][vc_column][vc_separator][\/vc_column][\/vc_row][vc_row][vc_column width=&#8221;1\/3&#8243;][vc_single_image image=&#8221;5198&#8243; img_size=&#8221;1024&#215;700&#8243; alignment=&#8221;center&#8221; onclick=&#8221;link_image&#8221;][vc_column_text]<\/p>\n<p style=\"text-align: center;\">Sa\u011fl\u0131k Ara\u015ft\u0131rmalar\u0131nda Ara\u015ft\u0131rma ve Yay\u0131n Eti\u011fi Kursu Hk.<\/p>\n<p>[\/vc_column_text][\/vc_column][vc_column width=&#8221;1\/3&#8243;][vc_single_image image=&#8221;5199&#8243; img_size=&#8221;1024&#215;700&#8243; alignment=&#8221;center&#8221; onclick=&#8221;link_image&#8221;][vc_column_text]<\/p>\n<p style=\"text-align: center;\">Sa\u011fl\u0131k Etki De\u011ferlendirme Kursu Hk.<\/p>\n<p>[\/vc_column_text][\/vc_column][vc_column width=&#8221;1\/3&#8243;][vc_single_image image=&#8221;5200&#8243; img_size=&#8221;1024&#215;700&#8243; alignment=&#8221;center&#8221; onclick=&#8221;link_image&#8221;][vc_column_text]<\/p>\n<p style=\"text-align: center;\">Sa\u011fl\u0131kta E\u015fitsizlikler Tarih\u00e7e, Kuram ve Uygulama Kursu Hk.<\/p>\n<p>[\/vc_column_text][\/vc_column][\/vc_row][vc_row][vc_column][vc_separator][\/vc_column][\/vc_row][vc_row][vc_column width=&#8221;1\/3&#8243;][vc_single_image image=&#8221;5201&#8243; img_size=&#8221;1024&#215;700&#8243; alignment=&#8221;center&#8221; onclick=&#8221;link_image&#8221;][vc_column_text]<\/p>\n<p style=\"text-align: center;\">Sosyal Medya \u0130\u00e7in Sa\u011fl\u0131k \u0130le \u0130lgili \u0130\u00e7erik Haz\u0131rlama Kursu Hk.<\/p>\n<p>[\/vc_column_text][\/vc_column][vc_column width=&#8221;1\/3&#8243;][vc_single_image image=&#8221;5202&#8243; img_size=&#8221;1024&#215;700&#8243; alignment=&#8221;center&#8221; onclick=&#8221;link_image&#8221;][vc_column_text]<\/p>\n<p style=\"text-align: center;\">T\u00fct\u00fcn Kontrol\u00fc ve Sigara Ba\u011f\u0131ml\u0131l\u0131\u011f\u0131 Tedavisi Kursu Hk.<\/p>\n<p>[\/vc_column_text][\/vc_column][vc_column width=&#8221;1\/3&#8243;][vc_single_image image=&#8221;5203&#8243; img_size=&#8221;1024&#215;700&#8243; alignment=&#8221;center&#8221; onclick=&#8221;link_image&#8221;][vc_column_text]<\/p>\n<p style=\"text-align: center;\">T\u00fct\u00fcn Kontrol\u00fcnde Toplum Liderli\u011fi \u0130\u00e7in Kapasite Geli\u015ftirme Kursu Hk.<\/p>\n<p>[\/vc_column_text][\/vc_column][\/vc_row][vc_row][vc_column][vc_separator][\/vc_column][\/vc_row][vc_row][vc_column width=&#8221;1\/3&#8243;][vc_single_image image=&#8221;5204&#8243; img_size=&#8221;1024&#215;700&#8243; alignment=&#8221;center&#8221; onclick=&#8221;custom_link&#8221; img_link_target=&#8221;_blank&#8221; link=&#8221;https:\/\/hasuder.org\/Duyurular\/Detay\/halk-sagligi-yeterlik-kurulu\/2022-yilinda-yapilacak-halk-sagligi-yeterlik-sinavi-duyurusu\/79ea93a8-64bb-4a38-8364-3a06fcba303f&#8221;][vc_custom_heading text=&#8221;Halk Sa\u011fl\u0131\u011f\u0131 Yeterlilik S\u0131nav\u0131 Hk.&#8221; font_container=&#8221;tag:p|text_align:center&#8221; use_theme_fonts=&#8221;yes&#8221; link=&#8221;url:https%3A%2F%2Fhasuder.org%2FDuyurular%2FDetay%2Fhalk-sagligi-yeterlik-kurulu%2F2022-yilinda-yapilacak-halk-sagligi-yeterlik-sinavi-duyurusu%2F79ea93a8-64bb-4a38-8364-3a06fcba303f|target:_blank&#8221;][\/vc_column][vc_column width=&#8221;1\/3&#8243;][vc_single_image image=&#8221;5518&#8243; img_size=&#8221;1024&#215;700&#8243; alignment=&#8221;center&#8221; onclick=&#8221;custom_link&#8221; img_link_target=&#8221;_blank&#8221; link=&#8221;http:\/\/uhsk.org\/2022\/dosya\/kongre_sonuc_bildirgesi.pdf&#8221; label=&#8221;&#8221;][vc_custom_heading text=&#8221;Kongre Sonu\u00e7 Bildirgesi&#8221; font_container=&#8221;tag:p|text_align:center&#8221; use_theme_fonts=&#8221;yes&#8221; link=&#8221;url:http%3A%2F%2Fuhsk.org%2F2022%2Fdosya%2Fkongre_sonuc_bildirgesi.pdf|target:_blank&#8221;][\/vc_column][vc_column width=&#8221;1\/3&#8243;][vc_single_image image=&#8221;5520&#8243; img_size=&#8221;1024&#215;700&#8243; alignment=&#8221;center&#8221; onclick=&#8221;link_image&#8221;][vc_custom_heading text=&#8221;Bildiri \u00d6d\u00fclleri Hk.&#8221; font_container=&#8221;tag:p|text_align:center&#8221; use_theme_fonts=&#8221;yes&#8221;][\/vc_column][\/vc_row]<\/p>\n","protected":false},"excerpt":{"rendered":"<p>[vc_row wrap_container=&#8221;yes&#8221; css=&#8221;.vc_custom_1653659300402{margin-bottom: 20px !important;padding-top: 0px !important;padding-bottom: 0px !important;background-image: url(http:\/\/uhsk.org\/2022\/wp-content\/uploads\/2022\/05\/bant_header.png?id=4481) !important;}&#8221;][vc_column offset=&#8221;vc_col-md-4&#8243; animation_type=&#8221;fadeInLeft&#8221;][vc_custom_heading text=&#8221;DUYURULAR&#8221; font_container=&#8221;tag:h3|font_size:25|text_align:left|color:%23ffffff&#8221; google_fonts=&#8221;font_family:Montserrat%3Aregular%2C700|font_style:700%20bold%20regular%3A700%3Anormal&#8221; text_transform=&#8221;text-uppercase&#8221; css=&#8221;.vc_custom_1661928182465{margin-top: 9px !important;margin-bottom: 9px !important;margin-left: 30px !important;}&#8221;][\/vc_column][\/vc_row][vc_row][vc_column width=&#8221;1\/3&#8243;][vc_single_image image=&#8221;5172&#8243; img_size=&#8221;1024&#215;700&#8243; alignment=&#8221;center&#8221; onclick=&#8221;link_image&#8221;][vc_column_text] Kongre Web Sitesi Yay\u0131nda&#8230; [\/vc_column_text][\/vc_column][vc_column width=&#8221;1\/3&#8243;][vc_single_image image=&#8221;5170&#8243; img_size=&#8221;1024&#215;700&#8243; alignment=&#8221;center&#8221; onclick=&#8221;link_image&#8221;][vc_column_text] Bildiri Sistemi A\u00e7\u0131lm\u0131\u015ft\u0131r [\/vc_column_text][\/vc_column][vc_column width=&#8221;1\/3&#8243;][vc_single_image image=&#8221;5044&#8243; img_size=&#8221;1024&#215;700&#8243; alignment=&#8221;center&#8221; onclick=&#8221;link_image&#8221; lightbox=&#8221;yes&#8221; zoom_icon=&#8221;yes&#8221;][vc_column_text] Kongre Kurslar\u0131 Hk. [\/vc_column_text][\/vc_column][\/vc_row][vc_row][vc_column][vc_separator][\/vc_column][\/vc_row][vc_row][vc_column width=&#8221;1\/3&#8243;][vc_single_image [&hellip;]<\/p>\n","protected":false},"author":1,"featured_media":0,"parent":0,"menu_order":0,"comment_status":"closed","ping_status":"closed","template":"","meta":{"footnotes":""},"class_list":["post-5078","page","type-page","status-publish","hentry"],"_links":{"self":[{"href":"https:\/\/uhsk.org\/2022\/wp-json\/wp\/v2\/pages\/5078","targetHints":{"allow":["GET"]}}],"collection":[{"href":"https:\/\/uhsk.org\/2022\/wp-json\/wp\/v2\/pages"}],"about":[{"href":"https:\/\/uhsk.org\/2022\/wp-json\/wp\/v2\/types\/page"}],"author":[{"embeddable":true,"href":"https:\/\/uhsk.org\/2022\/wp-json\/wp\/v2\/users\/1"}],"replies":[{"embeddable":true,"href":"https:\/\/uhsk.org\/2022\/wp-json\/wp\/v2\/comments?post=5078"}],"version-history":[{"count":16,"href":"https:\/\/uhsk.org\/2022\/wp-json\/wp\/v2\/pages\/5078\/revisions"}],"predecessor-version":[{"id":5530,"href":"https:\/\/uhsk.org\/2022\/wp-json\/wp\/v2\/pages\/5078\/revisions\/5530"}],"wp:attachment":[{"href":"https:\/\/uhsk.org\/2022\/wp-json\/wp\/v2\/media?parent=5078"}],"curies":[{"name":"wp","href":"https:\/\/api.w.org\/{rel}","templated":true}]}}