{"id":3130,"date":"2021-09-29T16:22:51","date_gmt":"2021-09-29T16:22:51","guid":{"rendered":"https:\/\/uhsk.org\/2022\/?page_id=3130"},"modified":"2022-11-28T11:34:19","modified_gmt":"2022-11-28T11:34:19","slug":"registration","status":"publish","type":"page","link":"https:\/\/uhsk.org\/2022\/registration\/","title":{"rendered":"Registration"},"content":{"rendered":"<p>[vc_row wrap_container=&#8221;yes&#8221; css=&#8221;.vc_custom_1653659233890{margin-bottom: 20px !important;padding-top: 0px !important;padding-bottom: 0px !important;background-image: url(http:\/\/uhsk.org\/2022\/wp-content\/uploads\/2022\/05\/bant_header.png?id=4481) !important;}&#8221;][vc_column offset=&#8221;vc_col-md-4&#8243; animation_type=&#8221;fadeInLeft&#8221;][vc_custom_heading text=&#8221;REGISTRATION&#8221; font_container=&#8221;tag:h3|font_size:25|text_align:left|color:%23ffffff&#8221; google_fonts=&#8221;font_family:Montserrat%3Aregular%2C700|font_style:700%20bold%20regular%3A700%3Anormal&#8221; text_transform=&#8221;text-uppercase&#8221; css=&#8221;.vc_custom_1655233380869{margin-top: 9px !important;margin-bottom: 9px !important;margin-left: 30px !important;}&#8221;][\/vc_column][\/vc_row][vc_row css=&#8221;.vc_custom_1632487015988{padding-top: 10px !important;}&#8221;][vc_column width=&#8221;1\/4&#8243;][\/vc_column][vc_column width=&#8221;1\/2&#8243;][vc_custom_heading text=&#8221;<b>Registration Fee<\/b>&#8221; font_container=&#8221;tag:h2|font_size:25|text_align:left|color:%232167ac|line_height:1&#8243; use_theme_fonts=&#8221;yes&#8221; show_border=&#8221;yes&#8221; border_skin=&#8221;primary&#8221; border_type=&#8221;middle-border-center&#8221; border_size=&#8221;xs&#8221;][\/vc_column][vc_column width=&#8221;1\/4&#8243;][\/vc_column][\/vc_row][vc_row css=&#8221;.vc_custom_1632487015988{padding-top: 10px !important;}&#8221;][vc_column][vc_column_text]<\/p>\n<table class=\" aligncenter\" style=\"color: #000; width: 50%;\">\n<tbody>\n<tr>\n<td style=\"color: #fff; text-align: left; border: 1px solid #87286c; border-left: 2px solid #87286c; border-bottom: 2px solid #87286c; width: 30%; background: #8d3374;\"><strong>Registiration Fee<\/strong><\/td>\n<td style=\"text-align: center; border: 1px solid #87286c; border-left: 2px solid #87286c; border-right: 2px solid #87286c; border-bottom: 2px solid #87286c; color: #740f4a; width: 20%;\" colspan=\"2\"><strong>100 \u20ac<\/strong><\/td>\n<\/tr>\n<\/tbody>\n<\/table>\n<p>[\/vc_column_text][vc_message]<\/p>\n<ul>\n<li>The registration fee covers participation in scientific sessions, lunch, coffee breaks and congress documents.<\/li>\n<li>The above registration fees are valid for participants staying at the congress hotel. Participants staying outside the congress hotel will be charged an &#8220;External Participation Fee&#8221; of 40 \u20ac per day<\/li>\n<li>18% VAT will be added to the registration prices..<\/li>\n<\/ul>\n<p>[\/vc_message][\/vc_column][\/vc_row][vc_row][vc_column][vc_btn title=&#8221;CLICK FOR REGISTRATION&#8221; style=&#8221;modern&#8221; color=&#8221;danger&#8221; size=&#8221;xl&#8221; align=&#8221;center&#8221; link=&#8221;url:https%3A%2F%2Finphc.meetinghand.net%2Fen%2Faccount%2Fregister|target:_blank&#8221;][\/vc_column][\/vc_row][vc_row][vc_column][vc_separator][\/vc_column][\/vc_row][vc_row css=&#8221;.vc_custom_1632487015988{padding-top: 10px !important;}&#8221;][vc_column width=&#8221;1\/4&#8243;][\/vc_column][vc_column width=&#8221;1\/2&#8243;][vc_custom_heading text=&#8221;<b>Accomodation Fees<\/b>&#8221; font_container=&#8221;tag:h2|font_size:25|text_align:left|color:%232167ac|line_height:1&#8243; use_theme_fonts=&#8221;yes&#8221; show_border=&#8221;yes&#8221; border_skin=&#8221;primary&#8221; border_type=&#8221;middle-border-center&#8221; border_size=&#8221;xs&#8221;][\/vc_column][vc_column width=&#8221;1\/4&#8243;][\/vc_column][\/vc_row][vc_row css=&#8221;.vc_custom_1632487015988{padding-top: 10px !important;}&#8221;][vc_column][vc_column_text]<\/p>\n<table class=\" aligncenter\" style=\"color: #000; font-weight: bolder; width: 60%;\">\n<tbody>\n<tr>\n<td style=\"text-align: center; color: #740f4a; font-size: 1.2em;\" colspan=\"2\">Asteria Kremlin Palace<br \/>\n(4 Night Package Price)<\/td>\n<\/tr>\n<tr>\n<td style=\"text-align: left; border: 1px solid #740f4a; background: #b8cbd9; color: #fff; width: 30%;\">Single Room<\/td>\n<td style=\"text-align: center; border: 1px solid #740f4a; color: #740f4a; width: 20%;\">500 \u20ac<\/td>\n<\/tr>\n<tr>\n<td style=\"text-align: left; border: 1px solid #740f4a; background: #869fb2; color: #fff;\">Double Room (Per Person)<\/td>\n<td style=\"text-align: center; border: 1px solid #740f4a; color: #740f4a;\">300 \u20ac<\/td>\n<\/tr>\n<\/tbody>\n<\/table>\n<p>[\/vc_column_text][vc_message]<\/p>\n<ul>\n<li>Package rates include 4 nights of all-inclusive stay, including 30 November 2022 check-in and 4 December 2022 check-out.<\/li>\n<li>The price of accommodation with an accompanying person is the price of a double room (Two people Total 500 \u20ac). No registration fee will be charged from the accompanying persons.<\/li>\n<li>Note: Participants who want to participate with their family should contact Pin Congress for different room types.<\/li>\n<li>8% VAT will be added to the accommodation prices.<\/li>\n<li>The advertised accommodation fees are valid until 31 August 2022.<\/li>\n<li>After this date, the revised accommodation rates will be announced according to the new rates to be determined by the hotel for new room reservations.<\/li>\n<li>To make your room requests effective, the stay must be paid by 31 August 2021.<\/li>\n<\/ul>\n<p>[\/vc_message][\/vc_column][\/vc_row][vc_row][vc_column][vc_separator][\/vc_column][\/vc_row][vc_row css=&#8221;.vc_custom_1632487015988{padding-top: 10px !important;}&#8221;][vc_column width=&#8221;1\/4&#8243;][\/vc_column][vc_column width=&#8221;1\/2&#8243;][vc_custom_heading text=&#8221;<b>Transfer Fees<\/b>&#8221; font_container=&#8221;tag:h2|font_size:25|text_align:left|color:%232167ac|line_height:1&#8243; use_theme_fonts=&#8221;yes&#8221; show_border=&#8221;yes&#8221; border_skin=&#8221;primary&#8221; border_type=&#8221;middle-border-center&#8221; border_size=&#8221;xs&#8221;][\/vc_column][vc_column width=&#8221;1\/4&#8243;][\/vc_column][\/vc_row][vc_row css=&#8221;.vc_custom_1632487015988{padding-top: 10px !important;}&#8221;][vc_column width=&#8221;1\/4&#8243;][\/vc_column][vc_column width=&#8221;1\/2&#8243;][vc_message]Transfer fees will be announced when the congress date approaches.[\/vc_message][\/vc_column][vc_column width=&#8221;1\/4&#8243;][\/vc_column][\/vc_row][vc_row disable_element=&#8221;yes&#8221; css=&#8221;.vc_custom_1655109585974{padding-top: 10px !important;}&#8221;][vc_column][vc_column_text]<\/p>\n<table style=\"color: #000;\">\n<tbody>\n<tr>\n<td style=\"text-align: left; border: 1px solid #740f4a; background: #ae3a7c; width: 70%; color: #fff;\"><strong>Tek Y\u00f6n Transfer<\/strong> (Havaalan\u0131 \u2013 Otel \/ Otel \u2013 Havaalan\u0131)<\/td>\n<td style=\"text-align: center; border: 1px solid #740f4a; color: #740f4a;\"><strong>300 \u20ba<\/strong><\/td>\n<\/tr>\n<tr>\n<td style=\"text-align: left; border: 1px solid #740f4a; background: #740f4a; color: #fff;\"><strong>\u00c7ift Y\u00f6n Transfer<\/strong> (Havaalan\u0131 \u2013 Otel \u2013 Havaalan\u0131)<\/td>\n<td style=\"text-align: center; border: 1px solid #740f4a; color: #7b1b53; border-left: 1px solid #0e8eb8;\"><strong>600 \u20ba<\/strong><\/td>\n<\/tr>\n<\/tbody>\n<\/table>\n<p>[\/vc_column_text][vc_column_text]<\/p>\n<ul class=\"list list-icons list-icons-style-3 list-dark\">\n<li><i class=\"fa fa-check\"><\/i> Yukar\u0131da belirtilen transfer fiyatlar\u0131 ki\u015fi ba\u015f\u0131 toplu transfer \u00f6demesi i\u00e7in ge\u00e7erli olup \u00f6zel transfer talepleri i\u00e7in Pin Kongre ile irtibata ge\u00e7ilmesi gerekmektedir, \u00fccretlendirme ayr\u0131ca yap\u0131lacakt\u0131r.<\/li>\n<li><i class=\"fa fa-check\"><\/i> Transfer saatleri ilerleyen tarihlerde ayr\u0131ca duyurulacakt\u0131r.<\/li>\n<li><i class=\"fa fa-check\"><\/i> Fiyatlara %18 KDV eklenecektir.<\/li>\n<\/ul>\n<p>[\/vc_column_text][\/vc_column][\/vc_row][vc_row disable_element=&#8221;yes&#8221;][vc_column][vc_separator][vc_column_text]<\/p>\n<h4 style=\"font-weight: bolder; color: #af3b7d;\">TOPLU TA\u015eIMA B\u0130LG\u0130LER\u0130<\/h4>\n<ul class=\"list list-icons list-icons-style-3 list-dark\">\n<li><i class=\"fa fa-check\"><\/i> Havaliman\u0131ndan <strong>511<\/strong> numaral\u0131 otob\u00fcs ile\u00a0 kongre merkezine ula\u015fabilirsiniz. Asteria Kremlin Palace i\u00e7in <strong>11597<\/strong> nolu durakta inmeniz gerekmektedir.<\/li>\n<li><i class=\"fa fa-check\"><\/i> Antalya ili i\u00e7in detayl\u0131 toplu ta\u015f\u0131ma bilgilerine <a href=\"https:\/\/www.antalyakart.com.tr\/\" target=\"_blank\" rel=\"noopener\"><strong>AntalyaKart<\/strong><\/a> uygulamas\u0131ndan ula\u015fabilirsiniz.<\/li>\n<\/ul>\n<p>[\/vc_column_text][\/vc_column][\/vc_row][vc_row][vc_column][vc_message message_box_color=&#8221;danger&#8221;]<strong>Cancellation \/ Refund Policy<\/strong><\/p>\n<ul>\n<li>All cancellation requests must be notified by email uhsk@pinkongre.com Pin Congress address.<\/li>\n<li>For cancellation requests made before 31 August 2022, 10% of the deposited fee will be refunded after deducting bank charges.<\/li>\n<li>No refunds will be given for cancellations made after 31 August 2022.<\/li>\n<li>All refunds will be made after the congress.<\/li>\n<\/ul>\n<p>[\/vc_message][\/vc_column][\/vc_row]<\/p>\n","protected":false},"excerpt":{"rendered":"<p>[vc_row wrap_container=&#8221;yes&#8221; css=&#8221;.vc_custom_1653659233890{margin-bottom: 20px !important;padding-top: 0px !important;padding-bottom: 0px !important;background-image: url(http:\/\/uhsk.org\/2022\/wp-content\/uploads\/2022\/05\/bant_header.png?id=4481) !important;}&#8221;][vc_column offset=&#8221;vc_col-md-4&#8243; animation_type=&#8221;fadeInLeft&#8221;][vc_custom_heading text=&#8221;REGISTRATION&#8221; font_container=&#8221;tag:h3|font_size:25|text_align:left|color:%23ffffff&#8221; google_fonts=&#8221;font_family:Montserrat%3Aregular%2C700|font_style:700%20bold%20regular%3A700%3Anormal&#8221; text_transform=&#8221;text-uppercase&#8221; css=&#8221;.vc_custom_1655233380869{margin-top: 9px !important;margin-bottom: 9px !important;margin-left: 30px !important;}&#8221;][\/vc_column][\/vc_row][vc_row css=&#8221;.vc_custom_1632487015988{padding-top: 10px !important;}&#8221;][vc_column width=&#8221;1\/4&#8243;][\/vc_column][vc_column width=&#8221;1\/2&#8243;][vc_custom_heading text=&#8221;Registration Fee&#8221; font_container=&#8221;tag:h2|font_size:25|text_align:left|color:%232167ac|line_height:1&#8243; use_theme_fonts=&#8221;yes&#8221; show_border=&#8221;yes&#8221; border_skin=&#8221;primary&#8221; border_type=&#8221;middle-border-center&#8221; border_size=&#8221;xs&#8221;][\/vc_column][vc_column width=&#8221;1\/4&#8243;][\/vc_column][\/vc_row][vc_row css=&#8221;.vc_custom_1632487015988{padding-top: 10px !important;}&#8221;][vc_column][vc_column_text] Registiration Fee 100 \u20ac [\/vc_column_text][vc_message] The registration fee covers participation in scientific sessions, lunch, [&hellip;]<\/p>\n","protected":false},"author":1,"featured_media":0,"parent":0,"menu_order":0,"comment_status":"closed","ping_status":"closed","template":"","meta":{"footnotes":""},"class_list":["post-3130","page","type-page","status-publish","hentry"],"_links":{"self":[{"href":"https:\/\/uhsk.org\/2022\/wp-json\/wp\/v2\/pages\/3130","targetHints":{"allow":["GET"]}}],"collection":[{"href":"https:\/\/uhsk.org\/2022\/wp-json\/wp\/v2\/pages"}],"about":[{"href":"https:\/\/uhsk.org\/2022\/wp-json\/wp\/v2\/types\/page"}],"author":[{"embeddable":true,"href":"https:\/\/uhsk.org\/2022\/wp-json\/wp\/v2\/users\/1"}],"replies":[{"embeddable":true,"href":"https:\/\/uhsk.org\/2022\/wp-json\/wp\/v2\/comments?post=3130"}],"version-history":[{"count":23,"href":"https:\/\/uhsk.org\/2022\/wp-json\/wp\/v2\/pages\/3130\/revisions"}],"predecessor-version":[{"id":5501,"href":"https:\/\/uhsk.org\/2022\/wp-json\/wp\/v2\/pages\/3130\/revisions\/5501"}],"wp:attachment":[{"href":"https:\/\/uhsk.org\/2022\/wp-json\/wp\/v2\/media?parent=3130"}],"curies":[{"name":"wp","href":"https:\/\/api.w.org\/{rel}","templated":true}]}}