{"id":2755,"date":"2021-09-26T09:58:31","date_gmt":"2021-09-26T09:58:31","guid":{"rendered":"https:\/\/uhsk.org\/kongre\/?page_id=2755"},"modified":"2022-11-21T08:47:09","modified_gmt":"2022-11-21T08:47:09","slug":"bildiri-kurallari","status":"publish","type":"page","link":"https:\/\/uhsk.org\/2022\/bildiri-kurallari\/","title":{"rendered":"Bildiri Kurallar\u0131"},"content":{"rendered":"<p>[vc_row wrap_container=&#8221;yes&#8221; css=&#8221;.vc_custom_1653659300402{margin-bottom: 20px !important;padding-top: 0px !important;padding-bottom: 0px !important;background-image: url(http:\/\/uhsk.org\/2022\/wp-content\/uploads\/2022\/05\/bant_header.png?id=4481) !important;}&#8221;][vc_column offset=&#8221;vc_col-md-4&#8243; animation_type=&#8221;fadeInLeft&#8221;][vc_custom_heading text=&#8221;B\u0130LD\u0130R\u0130 KURALLARI&#8221; font_container=&#8221;tag:h3|font_size:25|text_align:left|color:%23ffffff&#8221; google_fonts=&#8221;font_family:Montserrat%3Aregular%2C700|font_style:700%20bold%20regular%3A700%3Anormal&#8221; text_transform=&#8221;text-uppercase&#8221; css=&#8221;.vc_custom_1632650328437{margin-top: 9px !important;margin-bottom: 9px !important;margin-left: 30px !important;}&#8221;][\/vc_column][\/vc_row][vc_row][vc_column][vc_tour skin=&#8221;primary&#8221; type=&#8221;tabs-navigation&#8221;][vc_tab show_icon=&#8221;yes&#8221; icon_skin=&#8221;primary&#8221; title=&#8221;B\u0130LD\u0130R\u0130LER \u0130LE \u0130LG\u0130L\u0130 GENEL KURALLAR&#8221; tab_id=&#8221;ed4be484-d23f-6&#8243;][vc_custom_heading text=&#8221;B\u0130LD\u0130R\u0130LER \u0130LE \u0130LG\u0130L\u0130 GENEL KURALLAR&#8221; font_container=&#8221;tag:h3|font_size:23|text_align:left|color:%230a0a0a&#8221; google_fonts=&#8221;font_family:Montserrat%3Aregular%2C700|font_style:700%20bold%20regular%3A700%3Anormal&#8221; text_transform=&#8221;text-uppercase&#8221; show_border=&#8221;yes&#8221; css=&#8221;.vc_custom_1657021595971{margin-top: 9px !important;margin-bottom: 9px !important;margin-left: 30px !important;}&#8221;][vc_column_text css=&#8221;.vc_custom_1658143905954{margin-left: 20px !important;}&#8221;]<\/p>\n<ul style=\"text-align: justify;\">\n<li>T\u00fcm bildiri ba\u015fvurular\u0131 kongre web sayfas\u0131nda yer alan Online Bildiri G\u00f6nderim Sistemi kullan\u0131larak yap\u0131lmal\u0131d\u0131r. E-posta ya da posta\/kargo ile g\u00f6nderilen bildiriler de\u011ferlendirmeye al\u0131nmayacakt\u0131r.<\/li>\n<li>Kongrede sunulan bildiriler ISBN al\u0131nm\u0131\u015f e-Kongre Kitab\u0131\u2019nda yay\u0131mlanacakt\u0131r.<\/li>\n<li>Kabul edilen bildirinin Kongre Kitab\u0131\u2019nda yer alabilmesi i\u00e7in bildirinin kongrede sunulmas\u0131 ve bildiri yazarlar\u0131ndan en az birisinin kongreye kay\u0131t yapt\u0131rmas\u0131 gerekmektedir.<\/li>\n<li>Bildiriler T\u00fcrk\u00e7e ya da \u0130ngilizce olarak g\u00f6nderilebilir. Gerek T\u00fcrk\u00e7e gerekse \u0130ngilizce yaz\u0131lm\u0131\u015f bildiriler dilbilgisi, anla\u015f\u0131l\u0131rl\u0131k ve yaz\u0131m kurallar\u0131 a\u00e7\u0131s\u0131ndan \u00f6zenli haz\u0131rlanm\u0131\u015f olmal\u0131d\u0131r. Bu konuda sorunlu olan ya da \u00f6nerilen d\u00fczeltmelerin yap\u0131lmad\u0131\u011f\u0131 bildiriler kabul edilmeyecektir.<\/li>\n<li>Ba\u015fvurusu yap\u0131lan bildiriler Kongre web sayfas\u0131nda yer alan \u201cKongre Konular\u0131\u201d ile uyumlu olmal\u0131d\u0131r. Ba\u015fvuru sonras\u0131 ilk incelemeyi yapan Edit\u00f6r \u201cKongre Konular\u0131\u201d ile uyumlu bulunmayan bildiriler i\u00e7in RET karar\u0131 \u00f6nerebilir. Reddedilmesi \u00f6nerilen bildiriler Edit\u00f6rler Kurulu taraf\u0131ndan karara ba\u011flan\u0131r.<\/li>\n<li>Sisteme y\u00fcklenen bildiriler ilgili Edit\u00f6r taraf\u0131ndan de\u011ferlendirildikten sonra Bilimsel Kurul\u2019da yer alan hakemler taraf\u0131ndan \u00e7ift-k\u00f6r (blind review) olarak de\u011ferlendirilecektir.<\/li>\n<li>G\u00f6nderilen bildirilerin kabul edilip edilmeyece\u011fine hakem de\u011ferlendirmesi sonucunda karar verilecektir. Her bildiri en az 2 hakem taraf\u0131ndan de\u011ferlendirilir. Uyumsuz de\u011ferlendirme raporlar\u0131 oldu\u011funda, ek hakem atanabilir; son karar Edit\u00f6r taraf\u0131ndan verilir.<\/li>\n<li>De\u011ferlendirme s\u00fcreci, kongre web sayfas\u0131ndaki bildiri sistemi \u00fczerinden bildiri g\u00f6nderi sistemine kay\u0131tl\u0131 ki\u015fi taraf\u0131ndan izlenebilecektir. Ayr\u0131ca bildiri sisteme y\u00fcklendi\u011finde, yeniden d\u00fczenleme istendi\u011finde, bildiri kongrede sunulmak \u00fczere kabul ya da reddedildi\u011finde bildiri sahibine e-posta ile bildirimler g\u00f6nderilecektir. Bu nedenle e-postan\u0131n ve istenmeyen (spam) e-postalar\u0131n zaman zaman kontrol edilmesi \u00f6nerilir.<\/li>\n<li>Kabul edilen bildiriler Kongre\u2019de iki \u015fekilde sunulacakt\u0131r: s\u00f6zl\u00fc bildiri ve poster bildiri. Kabul edilen bildirinin sunum t\u00fcr\u00fc (s\u00f6zl\u00fc\/poster), de\u011ferlendirmeyi yapan hakemlerin \u00f6nerisiyle Edit\u00f6rler Kurulu taraf\u0131ndan belirlenir. Hakem de\u011ferlendirmesi sonras\u0131nda bildirinin kabul edilip edilmedi\u011fi, kabul edildi ise sunum t\u00fcr\u00fc (S\u00f6zl\u00fc \/ Poster) sorumlu yazara e-posta ile bildirilir.<\/li>\n<li>\u0130nsan ya da hayvan \u00fczerinde yap\u0131lan \u00f6zg\u00fcn ara\u015ft\u0131rma t\u00fcr\u00fc bildirilerde Etik Kurul onay\u0131 al\u0131nm\u0131\u015f olmas\u0131 gerekir. \u00c7al\u0131\u015fman\u0131n Etik Kurul onay\u0131 al\u0131nma durumu, hangi Etik Kurul\u2019dan onay al\u0131nd\u0131\u011f\u0131 ve Etik Kurul onay tarih ve numaras\u0131 belirtilmelidir. Gerekti\u011finde edit\u00f6r taraf\u0131ndan Etik Kurul onay belgesi istenebilir. Etik Kurul onay\u0131 gerektirmeyen \u00e7al\u0131\u015fmalarda bu durum gerek\u00e7eleriyle a\u00e7\u0131klanmal\u0131d\u0131r (kamuya a\u00e7\u0131k verilerin de\u011ferlendirildi\u011fi \u00e7al\u0131\u015fmalar gibi).<\/li>\n<li>Bildiri metinlerinde herhangi bir finansal destek al\u0131n\u0131p al\u0131nmad\u0131\u011f\u0131 ve bir \u00e7\u0131kar \u00e7at\u0131\u015fmas\u0131 olup olmad\u0131\u011f\u0131 belirtilmelidir.<\/li>\n<li>Bildiri e\u011fer bilimsel bir dergide yay\u0131na kabul edilmi\u015f veya yay\u0131mlanm\u0131\u015f bir makaleden haz\u0131rlanm\u0131\u015f ise makalenin k\u00fcnyesi ba\u015fvuru s\u0131ras\u0131nda belirtilmelidir.<\/li>\n<li>Bildiriye konu olan \u00e7al\u0131\u015fma daha \u00f6nce ba\u015fka bir kongrede sunulmu\u015f ise sunulan bildirinin k\u00fcnyesi ba\u015fvuru s\u0131ras\u0131nda belirtilmelidir.<\/li>\n<li>T\u00fct\u00fcn ya da silah end\u00fcstrisi gibi sa\u011fl\u0131\u011fa zarar veren kurulu\u015flardan sponsorluk alan ya da fon kullanan bildiriler kabul edilmeyecektir.<\/li>\n<\/ul>\n<p>[\/vc_column_text][\/vc_tab][vc_tab title=&#8221;B\u0130LD\u0130R\u0130 T\u00dcRLER\u0130&#8221; tab_id=&#8221;1632652316251-2-1&#8243;][vc_custom_heading text=&#8221;B\u0130LD\u0130R\u0130 T\u00dcRLER\u0130&#8221; font_container=&#8221;tag:h3|font_size:23|text_align:left|color:%230a0a0a&#8221; google_fonts=&#8221;font_family:Montserrat%3Aregular%2C700|font_style:700%20bold%20regular%3A700%3Anormal&#8221; text_transform=&#8221;text-uppercase&#8221; show_border=&#8221;yes&#8221; css=&#8221;.vc_custom_1657189417253{margin-top: 9px !important;margin-bottom: 9px !important;margin-left: 20px !important;}&#8221;][vc_column_text css=&#8221;.vc_custom_1657193912953{margin-left: 20px !important;}&#8221;]<\/p>\n<p style=\"text-align: justify; font-weight: 600;\">Kongreye a\u015fa\u011f\u0131daki 4 t\u00fcrde bildiri g\u00f6nderilebilir:<\/p>\n<p>[\/vc_column_text]<div class=\"porto-sicon-box  vc_custom_1657193681474  wpb_custom_f28e5e2edf8cf49b99ee62bdd3bae2f7 style_1 left-icon\"><div class=\"porto-sicon-left\"><div class=\"porto-just-icon-wrapper porto-icon circle\" style=\"color:#ffffff;background:#af3b7d;font-size:15px;\"><i class=\"fas fa-check\"><\/i><\/div><\/div><div class=\"porto-sicon-body\"><div class=\"porto-sicon-header\"><h4 class=\"porto-sicon-title\" style=\"color:#af3b7d;\">\u00d6zg\u00fcn Ara\u015ft\u0131rmalar<\/h4><\/div> <!-- header --><\/div><\/div><!-- porto-sicon-box -->[vc_column_text css=&#8221;.vc_custom_1657189158179{margin-left: 20px !important;}&#8221;]<\/p>\n<p style=\"text-align: justify;\">Kongre konular\u0131 ile ilgili yap\u0131lm\u0131\u015f niceliksel ya da niteliksel ara\u015ft\u0131rmalard\u0131r. \u00d6zg\u00fcn ara\u015ft\u0131rma bildirileri <strong>\u00d6ZET<\/strong> ya da <strong>TAM MET\u0130N<\/strong> olabilir. Bildirinin bildiri sistemine ilk y\u00fcklenmesi sonras\u0131 \u00f6zet\/tam metin konusunda de\u011fi\u015fiklik yap\u0131lamaz. Bildirin kabul edilmesi halinde Kongre e-kitab\u0131na bildiri sistemindeki hali bas\u0131lacakt\u0131r (\u00d6zet ya da tam metin).<\/p>\n<p>[\/vc_column_text]<div class=\"porto-sicon-box  vc_custom_1657193699671  wpb_custom_f28e5e2edf8cf49b99ee62bdd3bae2f7 style_1 left-icon\"><div class=\"porto-sicon-left\"><div class=\"porto-just-icon-wrapper porto-icon circle\" style=\"color:#ffffff;background:#af3b7d;font-size:15px;\"><i class=\"fas fa-check\"><\/i><\/div><\/div><div class=\"porto-sicon-body\"><div class=\"porto-sicon-header\"><h4 class=\"porto-sicon-title\" style=\"color:#af3b7d;\">Saha Uygulamalar\u0131 ve Deneyimleri<\/h4><\/div> <!-- header --><\/div><\/div><!-- porto-sicon-box -->[vc_column_text css=&#8221;.vc_custom_1657189221772{margin-left: 20px !important;}&#8221;]<\/p>\n<p style=\"text-align: justify;\">Halk Sa\u011fl\u0131\u011f\u0131 ile ilgili olmak \u00fczere, sahada ger\u00e7ekle\u015ftirilen yeni ya da \u00f6zg\u00fcn uygulamalara ili\u015fkin deneyimleri tan\u0131mlayan ve\/veya mevcut uygulamalara ili\u015fkin ele\u015ftirel de\u011ferlendirmeler yapan, tart\u0131\u015fan bildirilerdir. <strong>TAM MET\u0130N<\/strong> olmas\u0131 zorunludur.<\/p>\n<p>[\/vc_column_text]<div class=\"porto-sicon-box  vc_custom_1657193719038  wpb_custom_f28e5e2edf8cf49b99ee62bdd3bae2f7 style_1 left-icon\"><div class=\"porto-sicon-left\"><div class=\"porto-just-icon-wrapper porto-icon circle\" style=\"color:#ffffff;background:#af3b7d;font-size:15px;\"><i class=\"fas fa-check\"><\/i><\/div><\/div><div class=\"porto-sicon-body\"><div class=\"porto-sicon-header\"><h4 class=\"porto-sicon-title\" style=\"color:#af3b7d;\">Politika De\u011ferlendirmeleri<\/h4><\/div> <!-- header --><\/div><\/div><!-- porto-sicon-box -->[vc_column_text css=&#8221;.vc_custom_1657189256616{margin-left: 20px !important;}&#8221;]<\/p>\n<p style=\"text-align: justify;\">Halk sa\u011fl\u0131\u011f\u0131 alan\u0131ndaki belirli bir politikaya y\u00f6nelik, literat\u00fcre dayal\u0131 g\u00fcncel durum de\u011ferlendirmesi yapan, konuyla ilgili \u00f6nerileri ve ara\u015ft\u0131rma gereksinimlerini ele alan bildirilerdir. <strong>TAM MET\u0130N<\/strong> olmas\u0131 zorunludur.<\/p>\n<p>[\/vc_column_text]<div class=\"porto-sicon-box  vc_custom_1657193763071  wpb_custom_f28e5e2edf8cf49b99ee62bdd3bae2f7 style_1 left-icon\"><div class=\"porto-sicon-left\"><div class=\"porto-just-icon-wrapper porto-icon circle\" style=\"color:#ffffff;background:#af3b7d;font-size:15px;\"><i class=\"fas fa-check\"><\/i><\/div><\/div><div class=\"porto-sicon-body\"><div class=\"porto-sicon-header\"><h4 class=\"porto-sicon-title\" style=\"color:#af3b7d;\">Kongre Ana Temas\u0131yla (Sava\u015f ve \u015eiddet G\u00f6lgesinde Sa\u011fl\u0131k) \u0130lgili De\u011ferlendirmeler<\/h4><\/div> <!-- header --><\/div><\/div><!-- porto-sicon-box -->[vc_column_text css=&#8221;.vc_custom_1657189279121{margin-left: 20px !important;}&#8221;]<\/p>\n<p style=\"text-align: justify;\">Sava\u015f ve \u015fiddet konular\u0131n\u0131 halk sa\u011fl\u0131\u011f\u0131 a\u00e7\u0131s\u0131ndan ele alan, konuyla ilgili literat\u00fcre dayal\u0131 g\u00fcncel durum de\u011ferlendirmesi yapan, \u00f6nerileri ve ara\u015ft\u0131rma gereksinimlerini ele alan bildirilerdir. <strong>TAM MET\u0130N<\/strong> olmas\u0131 zorunludur.<\/p>\n<p>[\/vc_column_text][\/vc_tab][vc_tab title=&#8221;\u00d6ZG\u00dcN ARA\u015eTIRMA T\u00dcR\u00dc B\u0130LD\u0130R\u0130 YAZIM KURALLARI&#8221; tab_id=&#8221;1632652344498-3-9&#8243;][vc_custom_heading text=&#8221;\u00d6ZG\u00dcN ARA\u015eTIRMA T\u00dcR\u00dc B\u0130LD\u0130R\u0130 YAZIM KURALLARI&#8221; font_container=&#8221;tag:h3|font_size:23|text_align:left|color:%230a0a0a&#8221; google_fonts=&#8221;font_family:Montserrat%3Aregular%2C700|font_style:700%20bold%20regular%3A700%3Anormal&#8221; text_transform=&#8221;text-uppercase&#8221; show_border=&#8221;yes&#8221; css=&#8221;.vc_custom_1656941632648{margin-top: 9px !important;margin-bottom: 9px !important;margin-left: 30px !important;}&#8221;][vc_custom_heading text=&#8221;\u00d6ZG\u00dcN ARA\u015eTIRMA \u00d6ZET B\u0130LD\u0130R\u0130&#8221; font_container=&#8221;tag:h5|text_align:left|color:%23ffffff&#8221; google_fonts=&#8221;font_family:Montserrat%3Aregular%2C700|font_style:700%20bold%20regular%3A700%3Anormal&#8221; text_transform=&#8221;text-uppercase&#8221; css=&#8221;.vc_custom_1656941653681{margin-top: 9px !important;margin-bottom: 9px !important;margin-left: 30px !important;padding-top: 10px !important;padding-bottom: 10px !important;padding-left: 10px !important;background-color: #a73779 !important;}&#8221;][vc_column_text css=&#8221;.vc_custom_1657199906694{margin-left: 20px !important;}&#8221;]<\/p>\n<ul style=\"text-align: justify;\">\n<li>Nicel ara\u015ft\u0131rma y\u00f6ntemleri ile yap\u0131lm\u0131\u015f \u00e7al\u0131\u015fmalara ait bildiriler en az 1500, en fazla 4000 karakter (bo\u015fluksuz) olmal\u0131d\u0131r.<\/li>\n<li>Nitel ara\u015ft\u0131rma y\u00f6ntemleri ile yap\u0131lm\u0131\u015f \u00e7al\u0131\u015fmalara ait bildiriler en az 1500, en fazla 6250 karakter (bo\u015fluksuz) olmal\u0131d\u0131r.<\/li>\n<li>Bildiri metni resim, tablo, grafik i\u00e7ermemelidir.<\/li>\n<li>Yazarlar bildirideki isim s\u0131ras\u0131na g\u00f6re sisteme kaydedilmelidir.<\/li>\n<li>Bildiriler a\u015fa\u011f\u0131daki b\u00f6l\u00fcmlerden olu\u015fmal\u0131 ve her b\u00f6l\u00fcm belirtilen kriterlere uygun olmal\u0131d\u0131r:\n<ul>\n<li><strong>Ba\u015fl\u0131k:<\/strong>\u00a0\u0130lk harf hari\u00e7 k\u00fc\u00e7\u00fck harflerle yaz\u0131lmal\u0131, \u00e7al\u0131\u015fman\u0131n i\u00e7eri\u011fini ve y\u00f6ntemini yans\u0131tmal\u0131, \u00a0bo\u015fluklu olarak 100 karakteri ge\u00e7memelidir.<\/li>\n<li><strong>Giri\u015f ve Ama\u00e7:\u00a0<\/strong>Ara\u015ft\u0131rman\u0131n konusu hakk\u0131nda k\u0131saca bilgi verilmeli, \u00e7al\u0131\u015fman\u0131n \u00f6nemi ve amac\u0131 net bir \u015fekilde belirtmelidir.<\/li>\n<li><strong>Gere\u00e7 ve Y\u00f6ntem:<\/strong>\u00a0Ara\u015ft\u0131rman\u0131n tipi, yeri, zaman\u0131, evreni, \u00f6rnek b\u00fcy\u00fckl\u00fc\u011f\u00fc ve \u00f6rneklem y\u00f6ntemi, etik kurul onay\u0131 durumu, varsa destekleyen kurulu\u015f ve finansman, veri toplama y\u00f6ntemi, de\u011fi\u015fkenleri, verilerin analizinde kullan\u0131lan istatistik testler belirtilmelidir.<\/li>\n<li><strong>Bulgular:\u00a0<\/strong>\u00c7al\u0131\u015fman\u0131n bulgular\u0131 a\u00e7\u0131k ve net \u015fekilde sunulmal\u0131d\u0131r.<\/li>\n<li><strong>Sonu\u00e7:\u00a0<\/strong>\u00c7al\u0131\u015fman\u0131n \u00f6nemli sonu\u00e7lar\u0131, mevcut bilgiye katk\u0131s\u0131 ve buna dayal\u0131 \u00e7\u0131kar\u0131mlar, \u00f6neriler yer almal\u0131d\u0131r.<\/li>\n<li><strong>Anahtar kelimeler:<\/strong>\u00a0En az 3, en fazla 5 kelime<\/li>\n<\/ul>\n<\/li>\n<\/ul>\n<p>[\/vc_column_text][vc_custom_heading text=&#8221;\u00d6ZG\u00dcN ARA\u015eTIRMA TAM MET\u0130N B\u0130LD\u0130R\u0130&#8221; font_container=&#8221;tag:h5|text_align:left|color:%23ffffff&#8221; google_fonts=&#8221;font_family:Montserrat%3Aregular%2C700|font_style:700%20bold%20regular%3A700%3Anormal&#8221; text_transform=&#8221;text-uppercase&#8221; css=&#8221;.vc_custom_1656941646944{margin-top: 9px !important;margin-bottom: 9px !important;margin-left: 30px !important;padding-top: 10px !important;padding-bottom: 10px !important;padding-left: 10px !important;background-color: #a73779 !important;}&#8221;][vc_column_text css=&#8221;.vc_custom_1657199945909{margin-left: 20px !important;}&#8221;]<\/p>\n<ul style=\"text-align: justify;\">\n<li>Bildiriler kaynaklar hari\u00e7 en az 6250, en fazla 25 000 karakter (bo\u015fluksuz) olmal\u0131d\u0131r.<\/li>\n<li>Yazarlar bildirideki isim s\u0131ras\u0131na g\u00f6re sisteme kaydedilmelidir.<\/li>\n<li>Bildiriler a\u015fa\u011f\u0131daki b\u00f6l\u00fcmlerden olu\u015fmal\u0131 ve her b\u00f6l\u00fcm belirtilen kriterlere uygun olmal\u0131d\u0131r:\n<ul>\n<li><strong>Ba\u015fl\u0131k:<\/strong>\u00a0\u0130lk harf hari\u00e7 k\u00fc\u00e7\u00fck harflerle yaz\u0131lmal\u0131, \u00e7al\u0131\u015fman\u0131n i\u00e7eri\u011fini ve y\u00f6ntemini yans\u0131tmal\u0131,\u00a0 bo\u015fluklu olarak 100 karakteri ge\u00e7memelidir.<\/li>\n<li><strong>Giri\u015f ve Ama\u00e7:\u00a0<\/strong>Ara\u015ft\u0131rman\u0131n konusu hakk\u0131nda k\u0131saca bilgi verilmeli, \u00e7al\u0131\u015fman\u0131n \u00f6nemi ve amac\u0131 net bir \u015fekilde belirtmelidir.<\/li>\n<li><strong>Gere\u00e7 ve Y\u00f6ntem:<\/strong>\u00a0Ara\u015ft\u0131rman\u0131n tipi, yeri, zaman\u0131, evreni, \u00f6rnek b\u00fcy\u00fckl\u00fc\u011f\u00fc ve \u00f6rneklem y\u00f6ntemi, etik kurul onay\u0131 durumu, varsa destekleyen kurulu\u015f ve finansman, ba\u011f\u0131ml\u0131 ve ba\u011f\u0131ms\u0131z de\u011fi\u015fkenleri, veri toplama y\u00f6ntemi, de\u011fi\u015fkenleri, verilerin analizinde kullan\u0131lan istatistiksel testler belirtilmelidir.<\/li>\n<li><strong>Bulgular:\u00a0<\/strong>\u00c7al\u0131\u015fman\u0131n bulgular\u0131 a\u00e7\u0131k ve net \u015fekilde sunulmal\u0131d\u0131r. Toplam 5 adeti ge\u00e7memek kayd\u0131yla resim, tablo ve grafik eklenebilir.<\/li>\n<li><strong>Tart\u0131\u015fma:<\/strong>\u00a0G\u00fcncel literat\u00fcr do\u011frultusunda \u00e7al\u0131\u015fman\u0131n \u00f6nemli bulgular\u0131 ile \u00e7al\u0131\u015fmadaki olas\u0131 taraf tutma kaynaklar\u0131 ve s\u0131n\u0131rl\u0131l\u0131klar tart\u0131\u015f\u0131lmal\u0131d\u0131r.<\/li>\n<li><strong>Sonu\u00e7:\u00a0<\/strong>\u00c7al\u0131\u015fman\u0131n \u00f6nemli sonu\u00e7lar\u0131, mevcut bilgiye katk\u0131s\u0131 ve buna dayal\u0131 \u00e7\u0131kar\u0131mlar, \u00f6neriler yer almal\u0131d\u0131r.<\/li>\n<li><strong>Kaynaklar:<\/strong>\u00a0Metin i\u00e7indeki kaynak g\u00f6steriminde ve kaynak\u00e7a olu\u015fturulmas\u0131nda T\u00fcrkiye Halk Sa\u011fl\u0131\u011f\u0131 Dergisi kaynak yaz\u0131m kurallar\u0131 (<a href=\"https:\/\/dergipark.org.tr\/tr\/pub\/tjph\">https:\/\/dergipark.org.tr\/tr\/pub\/tjph<\/a>) kullan\u0131lmal\u0131d\u0131r. Yaz\u0131m kurallar\u0131na uygun olmayan tam metin bildirilere Kongre kitab\u0131nda yer verilmeyecek, sadece \u00f6zet b\u00f6l\u00fcmleri bas\u0131lacakt\u0131r.<\/li>\n<li><strong>Anahtar kelimeler:<\/strong>\u00a0En az 3, en fazla 5 kelime<\/li>\n<\/ul>\n<\/li>\n<\/ul>\n<p>[\/vc_column_text][\/vc_tab][vc_tab title=&#8221;D\u0130\u011eER B\u0130LD\u0130R\u0130 T\u00dcRLER\u0130 \u0130\u00c7\u0130N YAZIM KURALLARI&#8221; tab_id=&#8221;1632652389705-4-3&#8243;][vc_custom_heading text=&#8221;\u00d6ZG\u00dcN ARA\u015eTIRMA DI\u015eINDAK\u0130 B\u0130LD\u0130R\u0130LER \u0130\u00c7\u0130N YAZIM KURALLARI&#8221; font_container=&#8221;tag:h3|font_size:23|text_align:left|color:%230a0a0a&#8221; google_fonts=&#8221;font_family:Montserrat%3Aregular%2C700|font_style:700%20bold%20regular%3A700%3Anormal&#8221; text_transform=&#8221;text-uppercase&#8221; show_border=&#8221;yes&#8221; css=&#8221;.vc_custom_1656941720399{margin-top: 9px !important;margin-bottom: 9px !important;margin-left: 30px !important;}&#8221;][vc_column_text css=&#8221;.vc_custom_1657200925967{margin-left: 20px !important;}&#8221;]<\/p>\n<ul style=\"text-align: justify;\">\n<li><strong>Saha Uygulamalar\u0131 ve Deneyimleri<\/strong><\/li>\n<li><strong>Politika De\u011ferlendirmeleri<\/strong><\/li>\n<li><strong>Kongre Ana Temas\u0131yla (Sava\u015f ve \u015eiddet G\u00f6lgesinde Sa\u011fl\u0131k) \u0130lgili De\u011ferlendirmeler<\/strong><\/li>\n<\/ul>\n<p>Bu \u00fc\u00e7 t\u00fcrde haz\u0131rlanm\u0131\u015f bildiriler;<\/p>\n<ul>\n<li><strong>TAM MET\u0130N<\/strong> olmak zorundad\u0131r.<\/li>\n<li>En az 12 500, en fazla 25 000 karakter (bo\u015fluksuz) olmal\u0131d\u0131r.<\/li>\n<li>Kaynaklar yaz\u0131lmal\u0131d\u0131r. Metin i\u00e7indeki kaynak g\u00f6steriminde ve kaynak\u00e7a olu\u015fturulmas\u0131nda T\u00fcrkiye Halk Sa\u011fl\u0131\u011f\u0131 Dergisi kaynak yaz\u0131m kurallar\u0131 (<a href=\"https:\/\/dergipark.org.tr\/tr\/pub\/tjph\">https:\/\/dergipark.org.tr\/tr\/pub\/tjph<\/a>) kullan\u0131lmal\u0131d\u0131r. Yaz\u0131m kurallar\u0131na uygun olmayan tam metin bildirilere Kongre Kitab\u0131\u2019nda yer verilmeyecektir.<\/li>\n<\/ul>\n<p>[\/vc_column_text][\/vc_tab][vc_tab title=&#8221;S\u00d6ZL\u00dc B\u0130LD\u0130R\u0130 SUNUM KURALLARI&#8221; tab_id=&#8221;1667456058028-4-2&#8243;][vc_custom_heading text=&#8221;S\u00d6ZL\u00dc B\u0130LD\u0130R\u0130 SUNUM KURALLARI&#8221; font_container=&#8221;tag:h3|font_size:23|text_align:left|color:%230a0a0a&#8221; google_fonts=&#8221;font_family:Montserrat%3Aregular%2C700|font_style:700%20bold%20regular%3A700%3Anormal&#8221; text_transform=&#8221;text-uppercase&#8221; show_border=&#8221;yes&#8221; css=&#8221;.vc_custom_1667456177346{margin-top: 9px !important;margin-bottom: 9px !important;margin-left: 30px !important;}&#8221;][vc_column_text css=&#8221;.vc_custom_1667456206348{margin-left: 20px !important;}&#8221;]<\/p>\n<ul style=\"text-align: justify;\">\n<li>S\u00f6zl\u00fc bildiriler i\u00e7in sunum s\u00fcresi 10 dakikad\u0131r (8 dk. sunum, 2 dk tart\u0131\u015fma)<\/li>\n<li>Sunum i\u00e7in kapak dahil en fazla 10-12 slayt haz\u0131rlanmas\u0131 \u00f6nerilir.<\/li>\n<li>Bildiri ba\u015fl\u0131\u011f\u0131n\u0131n alt\u0131na yazarlar\u0131 ve sorumlu yazar\u0131n e-posta adresini yazmay\u0131 unutmay\u0131n\u0131z.<\/li>\n<\/ul>\n<p>[\/vc_column_text][\/vc_tab][vc_tab title=&#8221;POSTER B\u0130LD\u0130R\u0130 SUNUM KURALLARI&#8221; tab_id=&#8221;1667456209587-5-5&#8243;][vc_custom_heading text=&#8221;POSTER B\u0130LD\u0130R\u0130 SUNUM KURALLARI&#8221; font_container=&#8221;tag:h3|font_size:23|text_align:left|color:%230a0a0a&#8221; google_fonts=&#8221;font_family:Montserrat%3Aregular%2C700|font_style:700%20bold%20regular%3A700%3Anormal&#8221; text_transform=&#8221;text-uppercase&#8221; show_border=&#8221;yes&#8221; css=&#8221;.vc_custom_1667456221281{margin-top: 9px !important;margin-bottom: 9px !important;margin-left: 30px !important;}&#8221;][vc_column_text css=&#8221;.vc_custom_1669020426984{margin-left: 20px !important;}&#8221;]<\/p>\n<ul style=\"text-align: justify;\">\n<li>Poster sunumunuzu e-poster ekran\u0131na tam oturmas\u0131 i\u00e7in \u00f6rnek \u015fablonu kullanarak haz\u0131rlaman\u0131z gerekmektedir.<\/li>\n<li>Slayt\u0131n boyutlar\u0131n\u0131 ve y\u00f6n\u00fcn\u00fc de\u011fi\u015ftirmeyiniz.<\/li>\n<li>Poster sunumunuzu \u00abgeni\u015f ekran\u00bb veya 16:9 olarak bilinen dikey formatta haz\u0131rlay\u0131n\u0131z.<\/li>\n<li>Poster sunumunuzu tek slayt olarak haz\u0131rlay\u0131n\u0131z.<\/li>\n<li>Bildiri ba\u015fl\u0131\u011f\u0131n\u0131n alt\u0131na yazarlar\u0131 ve sorumlu yazar\u0131n e-posta adresini yazmay\u0131 unutmay\u0131n\u0131z.<\/li>\n<li>Kaynaklar\u0131n slaytta yer almas\u0131na gerek yoktur, kongre kitab\u0131nda bulunmas\u0131 yeterlidir.<\/li>\n<li>G\u00f6rsel ekledi\u011finizde, g\u00f6r\u00fcnt\u00fc kalitesinin y\u00fcksek oldu\u011fundan emin olunuz.<\/li>\n<li>Posterinizi tamamlad\u0131\u011f\u0131n\u0131zda PDF format\u0131na d\u00f6n\u00fc\u015ft\u00fcrerek g\u00f6ndermeniz gerekmektedir. PDF dosyas\u0131na dosya ismi olarak bildiri numaran\u0131z\u0131 yaz\u0131n\u0131z.<\/li>\n<li>Yukar\u0131daki ko\u015fullar\u0131 sa\u011flamak ko\u015fuluyla istedi\u011finiz slayt d\u00fczeni ve arka plan\u0131 kullanabilir, tablo, grafik ya da g\u00f6rsel ekleyebilirsiniz.<\/li>\n<li>\u00d6rnek e-poster \u015fablonunu indirmek i\u00e7in <a href=\"http:\/\/uhsk.org\/2022\/dosya\/poster_bildiri_sablonu.pptx\"><strong>t\u0131klay\u0131n\u0131z.<\/strong><\/a><\/li>\n<\/ul>\n<p>[\/vc_column_text][vc_btn title=&#8221;Posterinizi Y\u00fcklemek \u0130\u00e7in T\u0131klay\u0131n\u0131z&#8221; style=&#8221;modern&#8221; color=&#8221;danger&#8221; align=&#8221;center&#8221; i_icon_fontawesome=&#8221;fas fa-upload&#8221; add_icon=&#8221;true&#8221; link=&#8221;url:https%3A%2F%2Fforms.gle%2F6sLerxu9DJGM9XE27|target:_blank&#8221;][vc_empty_space height=&#8221;20px&#8221;][vc_message message_box_color=&#8221;danger&#8221; icon_fontawesome=&#8221;fas fa-exclamation-triangle&#8221;]Poster Bildiriler, 01 ve 02 Aral\u0131k 2022 tarihlerinde E-Poster olarak sergilenecektir. Poster bildiri yazarlar\u0131n\u0131n 01 ve 02 Aral\u0131k 2022 tarihlerinde kahve aralar\u0131nda E-Poster alan\u0131nda olmalar\u0131 beklenmektedir.[\/vc_message][\/vc_tab][\/vc_tour][\/vc_column][\/vc_row]<\/p>\n","protected":false},"excerpt":{"rendered":"<p>[vc_row wrap_container=&#8221;yes&#8221; css=&#8221;.vc_custom_1653659300402{margin-bottom: 20px !important;padding-top: 0px !important;padding-bottom: 0px !important;background-image: url(http:\/\/uhsk.org\/2022\/wp-content\/uploads\/2022\/05\/bant_header.png?id=4481) !important;}&#8221;][vc_column offset=&#8221;vc_col-md-4&#8243; animation_type=&#8221;fadeInLeft&#8221;][vc_custom_heading text=&#8221;B\u0130LD\u0130R\u0130 KURALLARI&#8221; font_container=&#8221;tag:h3|font_size:25|text_align:left|color:%23ffffff&#8221; google_fonts=&#8221;font_family:Montserrat%3Aregular%2C700|font_style:700%20bold%20regular%3A700%3Anormal&#8221; text_transform=&#8221;text-uppercase&#8221; css=&#8221;.vc_custom_1632650328437{margin-top: 9px !important;margin-bottom: 9px !important;margin-left: 30px !important;}&#8221;][\/vc_column][\/vc_row][vc_row][vc_column][vc_tour skin=&#8221;primary&#8221; type=&#8221;tabs-navigation&#8221;][vc_tab show_icon=&#8221;yes&#8221; icon_skin=&#8221;primary&#8221; title=&#8221;B\u0130LD\u0130R\u0130LER \u0130LE \u0130LG\u0130L\u0130 GENEL KURALLAR&#8221; tab_id=&#8221;ed4be484-d23f-6&#8243;][vc_custom_heading text=&#8221;B\u0130LD\u0130R\u0130LER \u0130LE \u0130LG\u0130L\u0130 GENEL KURALLAR&#8221; font_container=&#8221;tag:h3|font_size:23|text_align:left|color:%230a0a0a&#8221; google_fonts=&#8221;font_family:Montserrat%3Aregular%2C700|font_style:700%20bold%20regular%3A700%3Anormal&#8221; text_transform=&#8221;text-uppercase&#8221; show_border=&#8221;yes&#8221; css=&#8221;.vc_custom_1657021595971{margin-top: 9px !important;margin-bottom: 9px !important;margin-left: 30px !important;}&#8221;][vc_column_text css=&#8221;.vc_custom_1658143905954{margin-left: 20px !important;}&#8221;] T\u00fcm [&hellip;]<\/p>\n","protected":false},"author":1,"featured_media":0,"parent":0,"menu_order":0,"comment_status":"closed","ping_status":"closed","template":"","meta":{"footnotes":""},"class_list":["post-2755","page","type-page","status-publish","hentry"],"_links":{"self":[{"href":"https:\/\/uhsk.org\/2022\/wp-json\/wp\/v2\/pages\/2755","targetHints":{"allow":["GET"]}}],"collection":[{"href":"https:\/\/uhsk.org\/2022\/wp-json\/wp\/v2\/pages"}],"about":[{"href":"https:\/\/uhsk.org\/2022\/wp-json\/wp\/v2\/types\/page"}],"author":[{"embeddable":true,"href":"https:\/\/uhsk.org\/2022\/wp-json\/wp\/v2\/users\/1"}],"replies":[{"embeddable":true,"href":"https:\/\/uhsk.org\/2022\/wp-json\/wp\/v2\/comments?post=2755"}],"version-history":[{"count":65,"href":"https:\/\/uhsk.org\/2022\/wp-json\/wp\/v2\/pages\/2755\/revisions"}],"predecessor-version":[{"id":5476,"href":"https:\/\/uhsk.org\/2022\/wp-json\/wp\/v2\/pages\/2755\/revisions\/5476"}],"wp:attachment":[{"href":"https:\/\/uhsk.org\/2022\/wp-json\/wp\/v2\/media?parent=2755"}],"curies":[{"name":"wp","href":"https:\/\/api.w.org\/{rel}","templated":true}]}}