{"id":2526,"date":"2021-09-24T12:14:56","date_gmt":"2021-09-24T12:14:56","guid":{"rendered":"https:\/\/uhsk.org\/kongre\/?page_id=2526"},"modified":"2022-10-18T11:31:21","modified_gmt":"2022-10-18T11:31:21","slug":"genel-bilgiler","status":"publish","type":"page","link":"https:\/\/uhsk.org\/2022\/genel-bilgiler\/","title":{"rendered":"Genel Bilgiler"},"content":{"rendered":"<p>[vc_row wrap_container=&#8221;yes&#8221; css=&#8221;.vc_custom_1653659108315{margin-bottom: 20px !important;padding-top: 0px !important;padding-bottom: 0px !important;background-image: url(http:\/\/uhsk.org\/2022\/wp-content\/uploads\/2022\/05\/bant_header.png?id=4481) !important;}&#8221;][vc_column offset=&#8221;vc_col-md-4&#8243; animation_type=&#8221;fadeInLeft&#8221;][vc_custom_heading text=&#8221;GENEL B\u0130LG\u0130LER&#8221; font_container=&#8221;tag:h3|font_size:25|text_align:left|color:%23ffffff&#8221; google_fonts=&#8221;font_family:Montserrat%3Aregular%2C700|font_style:700%20bold%20regular%3A700%3Anormal&#8221; text_transform=&#8221;text-uppercase&#8221; css=&#8221;.vc_custom_1632481525963{margin-top: 9px !important;margin-bottom: 9px !important;margin-left: 30px !important;}&#8221;][\/vc_column][\/vc_row][vc_row css=&#8221;.vc_custom_1657193391005{padding-top: 10px !important;}&#8221;][vc_column]<div class=\"porto-sicon-box  wpb_custom_f28e5e2edf8cf49b99ee62bdd3bae2f7 style_1 left-icon\"><div class=\"porto-sicon-left\"><div class=\"porto-just-icon-wrapper porto-icon circle\" style=\"color:#ffffff;background:#af3b7d;font-size:32px;\"><i class=\"fas fa-wifi\"><\/i><\/div><\/div><div class=\"porto-sicon-body\"><div class=\"porto-sicon-header\"><h4 class=\"porto-sicon-title\" style=\"color:#af3b7d;\">Kongre Tarihi ve Yeri<\/h4><\/div> <!-- header --><div class=\"porto-sicon-description\" style=\"\">Kongre 01-04 Aral\u0131k 2022 tarihleri aras\u0131nda Antalya Asteria Kremlin Palace Hotel&#8217;de ger\u00e7ekle\u015ftirilecektir.<\/div> <!-- description --><\/div><\/div><!-- porto-sicon-box -->[vc_separator color=&#8221;white&#8221;]<div class=\"porto-sicon-box  wpb_custom_f28e5e2edf8cf49b99ee62bdd3bae2f7 style_1 left-icon\"><div class=\"porto-sicon-left\"><div class=\"porto-just-icon-wrapper porto-icon circle\" style=\"color:#ffffff;background:#af3b7d;font-size:32px;\"><i class=\"far fa-comments\"><\/i><\/div><\/div><div class=\"porto-sicon-body\"><div class=\"porto-sicon-header\"><h4 class=\"porto-sicon-title\" style=\"color:#af3b7d;\">Kongre Dili<\/h4><\/div> <!-- header --><div class=\"porto-sicon-description\" style=\"\">Kongre dili T\u00fcrk\u00e7e ve \u0130ngilizcedir. Kongre s\u00fcresince T\u00fcrk\u00e7e \u2013 \u0130ngilizce e\u015f zamanl\u0131 \u00e7eviri yap\u0131lacakt\u0131r.<\/div> <!-- description --><\/div><\/div><!-- porto-sicon-box -->[vc_separator color=&#8221;white&#8221;]<div class=\"porto-sicon-box  wpb_custom_f28e5e2edf8cf49b99ee62bdd3bae2f7 style_1 left-icon\"><div class=\"porto-sicon-left\"><div class=\"porto-just-icon-wrapper porto-icon circle\" style=\"color:#ffffff;background:#af3b7d;font-size:32px;\"><i class=\"fas fa-book\"><\/i><\/div><\/div><div class=\"porto-sicon-body\"><div class=\"porto-sicon-header\"><h4 class=\"porto-sicon-title\" style=\"color:#af3b7d;\">Kongre Kitab\u0131<\/h4><\/div> <!-- header --><div class=\"porto-sicon-description\" style=\"\">Kongre kayd\u0131n\u0131 yapt\u0131ran ve bildirisi kabul edilen kat\u0131l\u0131mc\u0131lar\u0131n bildirileri\u00a0<b>ISBN No al\u0131nm\u0131\u015f e-Kongre Kitab\u0131nda<\/b>\u00a0yer alacakt\u0131r. Kitap kongre sonras\u0131 web sitemize y\u00fcklenecektir.<\/div> <!-- description --><\/div><\/div><!-- porto-sicon-box -->[vc_separator color=&#8221;white&#8221;]<div class=\"porto-sicon-box  wpb_custom_f28e5e2edf8cf49b99ee62bdd3bae2f7 style_1 left-icon\"><div class=\"porto-sicon-left\"><div class=\"porto-just-icon-wrapper porto-icon circle\" style=\"color:#ffffff;background:#af3b7d;font-size:32px;\"><i class=\"far fa-file-alt\"><\/i><\/div><\/div><div class=\"porto-sicon-body\"><div class=\"porto-sicon-header\"><h4 class=\"porto-sicon-title\" style=\"color:#af3b7d;\">Kongre Kat\u0131l\u0131m Belgesi<\/h4><\/div> <!-- header --><div class=\"porto-sicon-description\" style=\"\">Kat\u0131l\u0131m Belgesi kongre tamamlad\u0131ktan sonra e-posta ile g\u00f6nderilecektir.<\/div> <!-- description --><\/div><\/div><!-- porto-sicon-box -->[vc_separator color=&#8221;white&#8221;]<div class=\"porto-sicon-box  wpb_custom_f28e5e2edf8cf49b99ee62bdd3bae2f7 style_1 left-icon\"><div class=\"porto-sicon-left\"><div id=\"porto-icon-175633852569d4e480e06aa\" class=\"porto-just-icon-wrapper porto-sicon-img  porto-u-circle\" style=\"background:#af3b7d;font-size: 32px;\"><img loading=\"lazy\" decoding=\"async\" class=\"img-icon\" alt=\"\" src=\"https:\/\/uhsk.org\/2022\/wp-content\/uploads\/2022\/09\/TUBITAK_logo.png\" width=\"1848\" height=\"2048\" \/><\/div><\/div><div class=\"porto-sicon-body\"><div class=\"porto-sicon-header\"><h4 class=\"porto-sicon-title\" style=\"color:#af3b7d;\">T\u00fcbitak Deste\u011fi<\/h4><\/div> <!-- header --><div class=\"porto-sicon-description\" style=\"\">6. Uluslararas\u0131 -24. Ulusal Halk Sa\u011fl\u0131\u011f\u0131 Kongresi T\u00dcB\u0130TAK taraf\u0131ndan &#8220;Yurt \u0130\u00e7i Bilimsel Etkinlik D\u00fczenleme Deste\u011fi&#8221; kapsam\u0131nda desteklenmektedir.<\/div> <!-- description --><\/div><\/div><!-- porto-sicon-box -->[vc_separator color=&#8221;white&#8221;]<div class=\"porto-sicon-box  wpb_custom_f28e5e2edf8cf49b99ee62bdd3bae2f7 style_1 left-icon\"><div class=\"porto-sicon-left\"><div class=\"porto-just-icon-wrapper porto-icon circle\" style=\"color:#ffffff;background:#af3b7d;font-size:32px;\"><i class=\"fas fa-money-check\"><\/i><\/div><\/div><div class=\"porto-sicon-body\"><div class=\"porto-sicon-header\"><h4 class=\"porto-sicon-title\" style=\"color:#af3b7d;\">Kredilendirme<\/h4><\/div> <!-- header --><div class=\"porto-sicon-description\" style=\"\">Kongre ve kongre kurslar\u0131, T\u00fcrk Tabipleri Birli\u011fi (TTB) taraf\u0131ndan kredilendirilecektir.<\/div> <!-- description --><\/div><\/div><!-- porto-sicon-box -->[vc_separator color=&#8221;white&#8221;]<div class=\"porto-sicon-box  wpb_custom_f28e5e2edf8cf49b99ee62bdd3bae2f7 style_1 left-icon\"><div class=\"porto-sicon-left\"><div class=\"porto-just-icon-wrapper porto-icon circle\" style=\"color:#ffffff;background:#af3b7d;font-size:32px;\"><i class=\"fas fa-check-double\"><\/i><\/div><\/div><div class=\"porto-sicon-body\"><div class=\"porto-sicon-header\"><h4 class=\"porto-sicon-title\" style=\"color:#af3b7d;\">Do\u00e7entlik Ba\u015fvuru Kriteri<\/h4><\/div> <!-- header --><div class=\"porto-sicon-description\" style=\"\">Kongre \u00dcAK (\u00dcniversiteleraras\u0131 Kurul Ba\u015fkanl\u0131\u011f\u0131) taraf\u0131ndan ilan edilen &#8220;Uluslararas\u0131 Bilimsel Toplant\u0131: Farkl\u0131 \u00fclkelerden bilim insanlar\u0131n\u0131n bilim kurulunda bulundu\u011fu ve sunumlar\u0131n bilimsel \u00f6n incelemeden ge\u00e7irilerek kabul edildi\u011fi toplant\u0131&#8221; kriterini sa\u011flamaktad\u0131r.<\/div> <!-- description --><\/div><\/div><!-- porto-sicon-box -->[vc_separator color=&#8221;white&#8221;]<div class=\"porto-sicon-box  wpb_custom_f28e5e2edf8cf49b99ee62bdd3bae2f7 style_1 left-icon\"><div class=\"porto-sicon-left\"><div class=\"porto-just-icon-wrapper porto-icon circle\" style=\"color:#ffffff;background:#af3b7d;font-size:32px;\"><i class=\"fas fa-graduation-cap\"><\/i><\/div><\/div><div class=\"porto-sicon-body\"><div class=\"porto-sicon-header\"><h4 class=\"porto-sicon-title\" style=\"color:#af3b7d;\">Asistan Bursu<\/h4><\/div> <!-- header --><div class=\"porto-sicon-description\" style=\"\">Bildirisi kabul edilen halk sa\u011fl\u0131\u011f\u0131 asistanlar\u0131na kongreye kay\u0131t tarihine g\u00f6re \u00f6ncelikli olarak burs sa\u011flanacakt\u0131r.<br \/>\nBurs miktar\u0131 ve say\u0131s\u0131 daha sonra ilan edilecektir.<\/div> <!-- description --><\/div><\/div><!-- porto-sicon-box -->[vc_separator color=&#8221;white&#8221;]<div class=\"porto-sicon-box  wpb_custom_f28e5e2edf8cf49b99ee62bdd3bae2f7 style_1 left-icon\"><div class=\"porto-sicon-left\"><div class=\"porto-just-icon-wrapper porto-icon circle\" style=\"color:#ffffff;background:#af3b7d;font-size:32px;\"><i class=\"fas fa-user-check\"><\/i><\/div><\/div><div class=\"porto-sicon-body\"><div class=\"porto-sicon-header\"><h4 class=\"porto-sicon-title\" style=\"color:#af3b7d;\">Kay\u0131t<\/h4><\/div> <!-- header --><div class=\"porto-sicon-description\" style=\"\">Kongre kay\u0131tlar\u0131 kongre web sitesinde bulunan <strong>&#8220;Online Kay\u0131t&#8221;<\/strong> linki \u00fczerinden yap\u0131lacakt\u0131r.<\/div> <!-- description --><\/div><\/div><!-- porto-sicon-box -->[vc_separator color=&#8221;white&#8221;]<div class=\"porto-sicon-box  wpb_custom_f28e5e2edf8cf49b99ee62bdd3bae2f7 style_1 left-icon\"><div class=\"porto-sicon-left\"><div class=\"porto-just-icon-wrapper porto-icon circle\" style=\"color:#ffffff;background:#af3b7d;font-size:32px;\"><i class=\"far fa-edit\"><\/i><\/div><\/div><div class=\"porto-sicon-body\"><div class=\"porto-sicon-header\"><h4 class=\"porto-sicon-title\" style=\"color:#af3b7d;\">Halk Sa\u011fl\u0131\u011f\u0131 Yeterlik S\u0131nav\u0131<\/h4><\/div> <!-- header --><div class=\"porto-sicon-description\" style=\"\">Teorik S\u0131nav Kongrenin 1. G\u00fcn\u00fc (1.12.2022), Pratik S\u0131nav ise Kongrenin 3. g\u00fcn\u00fc (3.12.2022) yap\u0131lacakt\u0131r. Duyuru Metni ve Ba\u015fvuru i\u00e7in <a href=\"https:\/\/hasuder.org\/Duyurular\/Detay\/halk-sagligi-yeterlik-kurulu\/2022-yilinda-yapilacak-halk-sagligi-yeterlik-sinavi-duyurusu\/79ea93a8-64bb-4a38-8364-3a06fcba303f\" target=\"_blank\" rel=\"noopener\"><strong>t\u0131klay\u0131n\u0131z.<\/strong><\/a><\/div> <!-- description --><\/div><\/div><!-- porto-sicon-box -->[\/vc_column][\/vc_row]<\/p>\n","protected":false},"excerpt":{"rendered":"<p>[vc_row wrap_container=&#8221;yes&#8221; css=&#8221;.vc_custom_1653659108315{margin-bottom: 20px !important;padding-top: 0px !important;padding-bottom: 0px !important;background-image: url(http:\/\/uhsk.org\/2022\/wp-content\/uploads\/2022\/05\/bant_header.png?id=4481) !important;}&#8221;][vc_column offset=&#8221;vc_col-md-4&#8243; animation_type=&#8221;fadeInLeft&#8221;][vc_custom_heading text=&#8221;GENEL B\u0130LG\u0130LER&#8221; font_container=&#8221;tag:h3|font_size:25|text_align:left|color:%23ffffff&#8221; google_fonts=&#8221;font_family:Montserrat%3Aregular%2C700|font_style:700%20bold%20regular%3A700%3Anormal&#8221; text_transform=&#8221;text-uppercase&#8221; css=&#8221;.vc_custom_1632481525963{margin-top: 9px !important;margin-bottom: 9px !important;margin-left: 30px !important;}&#8221;][\/vc_column][\/vc_row][vc_row css=&#8221;.vc_custom_1657193391005{padding-top: 10px !important;}&#8221;][vc_column][vc_separator color=&#8221;white&#8221;][vc_separator color=&#8221;white&#8221;][vc_separator color=&#8221;white&#8221;][vc_separator color=&#8221;white&#8221;][vc_separator color=&#8221;white&#8221;][vc_separator color=&#8221;white&#8221;][vc_separator color=&#8221;white&#8221;][vc_separator color=&#8221;white&#8221;][vc_separator color=&#8221;white&#8221;][\/vc_column][\/vc_row]<\/p>\n","protected":false},"author":1,"featured_media":0,"parent":0,"menu_order":0,"comment_status":"closed","ping_status":"closed","template":"","meta":{"footnotes":""},"class_list":["post-2526","page","type-page","status-publish","hentry"],"_links":{"self":[{"href":"https:\/\/uhsk.org\/2022\/wp-json\/wp\/v2\/pages\/2526","targetHints":{"allow":["GET"]}}],"collection":[{"href":"https:\/\/uhsk.org\/2022\/wp-json\/wp\/v2\/pages"}],"about":[{"href":"https:\/\/uhsk.org\/2022\/wp-json\/wp\/v2\/types\/page"}],"author":[{"embeddable":true,"href":"https:\/\/uhsk.org\/2022\/wp-json\/wp\/v2\/users\/1"}],"replies":[{"embeddable":true,"href":"https:\/\/uhsk.org\/2022\/wp-json\/wp\/v2\/comments?post=2526"}],"version-history":[{"count":42,"href":"https:\/\/uhsk.org\/2022\/wp-json\/wp\/v2\/pages\/2526\/revisions"}],"predecessor-version":[{"id":5189,"href":"https:\/\/uhsk.org\/2022\/wp-json\/wp\/v2\/pages\/2526\/revisions\/5189"}],"wp:attachment":[{"href":"https:\/\/uhsk.org\/2022\/wp-json\/wp\/v2\/media?parent=2526"}],"curies":[{"name":"wp","href":"https:\/\/api.w.org\/{rel}","templated":true}]}}