{"id":2583,"date":"2021-09-24T18:10:51","date_gmt":"2021-09-24T18:10:51","guid":{"rendered":"https:\/\/uhsk.org\/kongre\/?page_id=2583"},"modified":"2021-12-09T12:52:13","modified_gmt":"2021-12-09T12:52:13","slug":"kayit","status":"publish","type":"page","link":"https:\/\/uhsk.org\/2021\/tr\/kayit\/","title":{"rendered":"Kay\u0131t"},"content":{"rendered":"<p>[vc_row wrap_container=&#8221;yes&#8221; css=&#8221;.vc_custom_1632428991323{margin-bottom: 20px !important;padding-top: 0px !important;padding-bottom: 0px !important;background-color: #2d316e !important;}&#8221;][vc_column offset=&#8221;vc_col-md-4&#8243; animation_type=&#8221;fadeInLeft&#8221;][vc_custom_heading text=&#8221;KAYIT&#8221; font_container=&#8221;tag:h3|font_size:25|text_align:left|color:%23ffffff&#8221; google_fonts=&#8221;font_family:Montserrat%3Aregular%2C700|font_style:700%20bold%20regular%3A700%3Anormal&#8221; text_transform=&#8221;text-uppercase&#8221; css=&#8221;.vc_custom_1632506812067{margin-top: 9px !important;margin-bottom: 9px !important;margin-left: 30px !important;}&#8221;][\/vc_column][\/vc_row][vc_row css=&#8221;.vc_custom_1632487015988{padding-top: 10px !important;}&#8221;][vc_column width=&#8221;1\/4&#8243;][\/vc_column][vc_column width=&#8221;1\/2&#8243;][vc_custom_heading text=&#8221;<b>KAYIT \u00dcCRETLER\u0130<\/b>&#8221; font_container=&#8221;tag:h3|font_size:25|text_align:center|line_height:1&#8243; use_theme_fonts=&#8221;yes&#8221; show_border=&#8221;yes&#8221; border_skin=&#8221;primary&#8221; border_type=&#8221;middle-border-center&#8221; border_size=&#8221;xs&#8221;][\/vc_column][vc_column width=&#8221;1\/4&#8243;][\/vc_column][\/vc_row][vc_row css=&#8221;.vc_custom_1632487015988{padding-top: 10px !important;}&#8221;][vc_column]<div class=\"porto-price-boxes pricing-table  no-borders\"><div class=\"row\"><div class=\" col-lg-4 col-md-6\"><div class=\"porto-price-box plan  plan-quaternary plan-btn-top\"><h3><strong>DERNEK \u00dcYES\u0130<\/strong><em class=\"desc\">UZMAN \u2013 \u00d6\u011eRET\u0130M \u00dcYES\u0130<\/em><span class=\"plan-price\"><span class=\"price\">250 \u20ba<\/span><\/span><\/h3><\/div><\/div><div class=\" col-lg-4 col-md-6\"><div class=\"porto-price-box plan  plan-quaternary plan-btn-top\"><h3><strong>DERNEK \u00dcYES\u0130 OLMAYAN<\/strong><em class=\"desc\">UZMAN - \u00d6\u011eRET\u0130M \u00dcYES\u0130<\/em><span class=\"plan-price\"><span class=\"price\">350 \u20ba<\/span><\/span><\/h3><\/div><\/div><div class=\" col-lg-4 col-md-6\"><div class=\"porto-price-box plan  plan-quaternary plan-btn-top\"><h3><strong>ARA\u015eTIRMA G\u00d6REVL\u0130S\u0130<\/strong><em class=\"desc\">DOKTORA VE Y\u00dcKSEK L\u0130SANS \u00d6\u011eRENC\u0130S\u0130<\/em><span class=\"plan-price\"><span class=\"price\">150 \u20ba<\/span><\/span><\/h3><\/div><\/div><\/div><\/div>[\/vc_column][\/vc_row][vc_row css=&#8221;.vc_custom_1632487015988{padding-top: 10px !important;}&#8221;][vc_column width=&#8221;1\/6&#8243;][\/vc_column][vc_column width=&#8221;4\/6&#8243;]<div class=\"porto-price-boxes pricing-table  no-borders\"><div class=\"row\"><div class=\" col-lg-6 col-md-6\"><div class=\"porto-price-box plan  plan-quaternary plan-btn-top\"><h3><strong>L\u0130SANS \u00d6\u011eRENC\u0130S\u0130<\/strong><span class=\"plan-price\"><span class=\"price\">75 \u20ba<\/span><\/span><\/h3><\/div><\/div><div class=\" col-lg-6 col-md-6\"><div class=\"porto-price-box plan  plan-quaternary plan-btn-top\"><h3><strong>D\u0130\u011eER KATLIMCI<\/strong><em class=\"desc\">(STK, KAMU, \u00d6ZEL SEKT\u00d6R VB.)<\/em><span class=\"plan-price\"><span class=\"price\">350 \u20ba<\/span><\/span><\/h3><\/div><\/div><\/div><\/div>[vc_btn title=&#8221;KAYIT OLMAK \u0130\u00c7\u0130N TIKLAYINIZ&#8221; style=&#8221;3d&#8221; color=&#8221;juicy-pink&#8221; size=&#8221;lg&#8221; align=&#8221;center&#8221; button_block=&#8221;true&#8221; link=&#8221;url:https%3A%2F%2Fuhsk2021.meetinghand.com%2Faccount%2Fguest%2Fregister|target:_blank&#8221;][\/vc_column][vc_column width=&#8221;1\/6&#8243;][\/vc_column][\/vc_row][vc_row][vc_column][vc_message message_box_style=&#8221;3d&#8221; message_box_color=&#8221;success&#8221; icon_fontawesome=&#8221;fas fa-check&#8221;]<\/p>\n<ul>\n<li>Doktora, Y\u00fcksek Lisans ve Lisans \u00f6\u011frencisi kayd\u0131n\u0131 se\u00e7en kat\u0131l\u0131mc\u0131lar\u0131n, \u00f6\u011frenci olduklar\u0131n\u0131 g\u00f6steren belgeyi <strong>sisteme y\u00fcklemeleri gerekmektedir<\/strong>.(\u00d6\u011frenci Kimlik Kart\u0131&#8217;n\u0131n foto\u011fraf olarak sisteme y\u00fcklenmesi yeterlidir.)<\/li>\n<li>Kongreye kay\u0131t yapt\u0131ran kat\u0131l\u0131mc\u0131lar\u0131n \u00e7evrimi\u00e7i yay\u0131n sistemine giri\u015f yapabilmeleri i\u00e7in gerekli bilgiler e-posta adreslerine iletilecektir.<\/li>\n<li>Yukar\u0131da belirtilen fiyatlara %18 KDV dahildir.<\/li>\n<\/ul>\n<p>[\/vc_message][vc_separator color=&#8221;white&#8221;][vc_message color=&#8221;danger&#8221; message_box_style=&#8221;3d&#8221; message_box_color=&#8221;danger&#8221; icon_fontawesome=&#8221;fas fa-times&#8221;]<strong>\u0130ptal \/ \u0130ade \u015eartlar\u0131<\/strong><\/p>\n<ul>\n<li>\u0130ptal talepleri kongre organizasyon acentesi Pin Kongre Organizasyon&#8217;a yaz\u0131l\u0131 olarak g\u00f6nderilmelidir.<\/li>\n<li>30 Kas\u0131m 2021 tarihine kadar yap\u0131lan iptal ba\u015fvurular\u0131nda %50&#8217;si iade edilir. Bu tarihinden sonra talep edilecek iptallerde iade yap\u0131lmaz.<\/li>\n<li>\u0130ptal nedenli geri \u00f6demeler kongre bitiminden sonra yap\u0131lacakt\u0131r.<\/li>\n<\/ul>\n<p>[\/vc_message][\/vc_column][\/vc_row]<\/p>\n","protected":false},"excerpt":{"rendered":"<p>[vc_row wrap_container=&#8221;yes&#8221; css=&#8221;.vc_custom_1632428991323{margin-bottom: 20px !important;padding-top: 0px !important;padding-bottom: 0px !important;background-color: #2d316e !important;}&#8221;][vc_column offset=&#8221;vc_col-md-4&#8243; animation_type=&#8221;fadeInLeft&#8221;][vc_custom_heading text=&#8221;KAYIT&#8221; font_container=&#8221;tag:h3|font_size:25|text_align:left|color:%23ffffff&#8221; google_fonts=&#8221;font_family:Montserrat%3Aregular%2C700|font_style:700%20bold%20regular%3A700%3Anormal&#8221; text_transform=&#8221;text-uppercase&#8221; css=&#8221;.vc_custom_1632506812067{margin-top: 9px !important;margin-bottom: 9px !important;margin-left: 30px !important;}&#8221;][\/vc_column][\/vc_row][vc_row css=&#8221;.vc_custom_1632487015988{padding-top: 10px !important;}&#8221;][vc_column width=&#8221;1\/4&#8243;][\/vc_column][vc_column width=&#8221;1\/2&#8243;][vc_custom_heading text=&#8221;KAYIT \u00dcCRETLER\u0130&#8221; font_container=&#8221;tag:h3|font_size:25|text_align:center|line_height:1&#8243; use_theme_fonts=&#8221;yes&#8221; show_border=&#8221;yes&#8221; border_skin=&#8221;primary&#8221; border_type=&#8221;middle-border-center&#8221; border_size=&#8221;xs&#8221;][\/vc_column][vc_column width=&#8221;1\/4&#8243;][\/vc_column][\/vc_row][vc_row css=&#8221;.vc_custom_1632487015988{padding-top: 10px !important;}&#8221;][vc_column][\/vc_column][\/vc_row][vc_row css=&#8221;.vc_custom_1632487015988{padding-top: 10px !important;}&#8221;][vc_column width=&#8221;1\/6&#8243;][\/vc_column][vc_column width=&#8221;4\/6&#8243;][vc_btn title=&#8221;KAYIT OLMAK \u0130\u00c7\u0130N TIKLAYINIZ&#8221; style=&#8221;3d&#8221; color=&#8221;juicy-pink&#8221; size=&#8221;lg&#8221; align=&#8221;center&#8221; button_block=&#8221;true&#8221; [&hellip;]<\/p>\n","protected":false},"author":1,"featured_media":0,"parent":0,"menu_order":0,"comment_status":"closed","ping_status":"closed","template":"","meta":{"om_disable_all_campaigns":false,"footnotes":""},"class_list":["post-2583","page","type-page","status-publish","hentry"],"_links":{"self":[{"href":"https:\/\/uhsk.org\/2021\/wp-json\/wp\/v2\/pages\/2583","targetHints":{"allow":["GET"]}}],"collection":[{"href":"https:\/\/uhsk.org\/2021\/wp-json\/wp\/v2\/pages"}],"about":[{"href":"https:\/\/uhsk.org\/2021\/wp-json\/wp\/v2\/types\/page"}],"author":[{"embeddable":true,"href":"https:\/\/uhsk.org\/2021\/wp-json\/wp\/v2\/users\/1"}],"replies":[{"embeddable":true,"href":"https:\/\/uhsk.org\/2021\/wp-json\/wp\/v2\/comments?post=2583"}],"version-history":[{"count":91,"href":"https:\/\/uhsk.org\/2021\/wp-json\/wp\/v2\/pages\/2583\/revisions"}],"predecessor-version":[{"id":4198,"href":"https:\/\/uhsk.org\/2021\/wp-json\/wp\/v2\/pages\/2583\/revisions\/4198"}],"wp:attachment":[{"href":"https:\/\/uhsk.org\/2021\/wp-json\/wp\/v2\/media?parent=2583"}],"curies":[{"name":"wp","href":"https:\/\/api.w.org\/{rel}","templated":true}]}}