{"id":2545,"date":"2021-09-24T12:50:57","date_gmt":"2021-09-24T12:50:57","guid":{"rendered":"https:\/\/uhsk.org\/kongre\/?page_id=2545"},"modified":"2021-12-09T12:52:22","modified_gmt":"2021-12-09T12:52:22","slug":"konular","status":"publish","type":"page","link":"https:\/\/uhsk.org\/2021\/tr\/konular\/","title":{"rendered":"Kongre Konular\u0131"},"content":{"rendered":"<p>[vc_row wrap_container=&#8221;yes&#8221; css=&#8221;.vc_custom_1632428991323{margin-bottom: 20px !important;padding-top: 0px !important;padding-bottom: 0px !important;background-color: #2d316e !important;}&#8221;][vc_column offset=&#8221;vc_col-md-4&#8243; animation_type=&#8221;fadeInLeft&#8221;][vc_custom_heading text=&#8221;KONGRE KONULARI&#8221; font_container=&#8221;tag:h3|font_size:25|text_align:left|color:%23ffffff&#8221; google_fonts=&#8221;font_family:Montserrat%3Aregular%2C700|font_style:700%20bold%20regular%3A700%3Anormal&#8221; text_transform=&#8221;text-uppercase&#8221; css=&#8221;.vc_custom_1632487827283{margin-top: 9px !important;margin-bottom: 9px !important;margin-left: 30px !important;}&#8221;][\/vc_column][\/vc_row][vc_row css=&#8221;.vc_custom_1632487015988{padding-top: 10px !important;}&#8221;][vc_column][vc_column_text css=&#8221;.vc_custom_1634727330999{padding-left: 20px !important;}&#8221;]<\/p>\n<ul class=\"list list-icons list-icons-style-3 list-tertiary\">\n<li><i class=\"fa fa-check\"><\/i> Acil Durumlar ve Afetler<\/li>\n<li><i class=\"fa fa-check\"><\/i> A\u011f\u0131z ve Di\u015f Sa\u011fl\u0131\u011f\u0131<\/li>\n<li><i class=\"fa fa-check\"><\/i> Ba\u011f\u0131ml\u0131l\u0131k Yap\u0131c\u0131 Maddelerin Kontrol\u00fc (T\u00fct\u00fcn, Alkol vb.)<\/li>\n<li><i class=\"fa fa-check\"><\/i> Bula\u015f\u0131c\u0131 Hastal\u0131klar ve Ba\u011f\u0131\u015f\u0131klama<\/li>\n<li><i class=\"fa fa-check\"><\/i> Bula\u015f\u0131c\u0131 Olmayan Hastal\u0131klar ve Yeti Yitimi<\/li>\n<li><i class=\"fa fa-check\"><\/i> \u00c7evre Sa\u011fl\u0131\u011f\u0131<\/li>\n<li><i class=\"fa fa-check\"><\/i> \u00c7ocuk ve Adolesan Sa\u011fl\u0131\u011f\u0131<\/li>\n<li><i class=\"fa fa-check\"><\/i> Demografi ve Sa\u011fl\u0131k<\/li>\n<li><i class=\"fa fa-check\"><\/i> Dezavantajl\u0131 Gruplar<\/li>\n<li><i class=\"fa fa-check\"><\/i> Dijital Sa\u011fl\u0131k<\/li>\n<li><i class=\"fa fa-check\"><\/i> Epidemiyoloji<\/li>\n<li><i class=\"fa fa-check\"><\/i> Ergonomi<\/li>\n<li><i class=\"fa fa-check\"><\/i> G\u00f6\u00e7ler, Sava\u015flar ve Halk Sa\u011fl\u0131\u011f\u0131<\/li>\n<li><i class=\"fa fa-check\"><\/i> \u0130klim Krizi<\/li>\n<li><i class=\"fa fa-check\"><\/i> \u0130\u015f Sa\u011fl\u0131\u011f\u0131 ve G\u00fcvenli\u011fi<\/li>\n<li><i class=\"fa fa-check\"><\/i> Kazalar ve Yaralanmalar<\/li>\n<li><i class=\"fa fa-check\"><\/i> Mezuniyet \u00d6ncesi Halk Sa\u011fl\u0131\u011f\u0131 E\u011fitimi<\/li>\n<li><i class=\"fa fa-check\"><\/i> Mezuniyet Sonras\u0131 Halk Sa\u011fl\u0131\u011f\u0131 E\u011fitimi<\/li>\n<li><i class=\"fa fa-check\"><\/i> Okul Sa\u011fl\u0131\u011f\u0131<\/li>\n<li><i class=\"fa fa-check\"><\/i> Sa\u011fl\u0131k Antropolojisi ve Sosyolojisi<\/li>\n<li><i class=\"fa fa-check\"><\/i> Sa\u011fl\u0131k E\u011fitimi ve Sa\u011fl\u0131k \u0130leti\u015fimi<\/li>\n<li><i class=\"fa fa-check\"><\/i> Sa\u011fl\u0131k \u0130nsang\u00fcc\u00fc<\/li>\n<li><i class=\"fa fa-check\"><\/i> Sa\u011fl\u0131k Politikalar\u0131, Sa\u011fl\u0131k Sistemleri ve Sa\u011fl\u0131k Ekonomisi<\/li>\n<li><i class=\"fa fa-check\"><\/i> Sa\u011fl\u0131k Y\u00f6netimi ve Sa\u011fl\u0131k Hizmetleri<\/li>\n<li><i class=\"fa fa-check\"><\/i> Sa\u011fl\u0131kl\u0131 Kentler<\/li>\n<li><i class=\"fa fa-check\"><\/i> Sa\u011fl\u0131kl\u0131 Ya\u015fam ve Sa\u011fl\u0131\u011f\u0131n Geli\u015ftirilmesi<\/li>\n<li><i class=\"fa fa-check\"><\/i> Toplum Beslenmesi<\/li>\n<li><i class=\"fa fa-check\"><\/i> Toplum Ruh Sa\u011fl\u0131\u011f\u0131<\/li>\n<li><i class=\"fa fa-check\"><\/i> Turist Sa\u011fl\u0131\u011f\u0131<\/li>\n<li><i class=\"fa fa-check\"><\/i> Uluslararas\u0131 Sa\u011fl\u0131k<\/li>\n<li><i class=\"fa fa-check\"><\/i> \u00dcreme Sa\u011fl\u0131\u011f\u0131 ve Kad\u0131n Sa\u011fl\u0131\u011f\u0131<\/li>\n<li><i class=\"fa fa-check\"><\/i> Ya\u015fam Kalitesi<\/li>\n<li><i class=\"fa fa-check\"><\/i> Ya\u015fl\u0131 Sa\u011fl\u0131\u011f\u0131<\/li>\n<li><i class=\"fa fa-check\"><\/i> Halk Sa\u011fl\u0131\u011f\u0131n\u0131n Di\u011fer Konular\u0131<\/li>\n<\/ul>\n<p>[\/vc_column_text][\/vc_column][\/vc_row]<\/p>\n","protected":false},"excerpt":{"rendered":"<p>[vc_row wrap_container=&#8221;yes&#8221; css=&#8221;.vc_custom_1632428991323{margin-bottom: 20px !important;padding-top: 0px !important;padding-bottom: 0px !important;background-color: #2d316e !important;}&#8221;][vc_column offset=&#8221;vc_col-md-4&#8243; animation_type=&#8221;fadeInLeft&#8221;][vc_custom_heading text=&#8221;KONGRE KONULARI&#8221; font_container=&#8221;tag:h3|font_size:25|text_align:left|color:%23ffffff&#8221; google_fonts=&#8221;font_family:Montserrat%3Aregular%2C700|font_style:700%20bold%20regular%3A700%3Anormal&#8221; text_transform=&#8221;text-uppercase&#8221; css=&#8221;.vc_custom_1632487827283{margin-top: 9px !important;margin-bottom: 9px !important;margin-left: 30px !important;}&#8221;][\/vc_column][\/vc_row][vc_row css=&#8221;.vc_custom_1632487015988{padding-top: 10px !important;}&#8221;][vc_column][vc_column_text css=&#8221;.vc_custom_1634727330999{padding-left: 20px !important;}&#8221;] Acil Durumlar ve Afetler A\u011f\u0131z ve Di\u015f Sa\u011fl\u0131\u011f\u0131 Ba\u011f\u0131ml\u0131l\u0131k Yap\u0131c\u0131 Maddelerin Kontrol\u00fc (T\u00fct\u00fcn, Alkol vb.) Bula\u015f\u0131c\u0131 Hastal\u0131klar ve Ba\u011f\u0131\u015f\u0131klama Bula\u015f\u0131c\u0131 Olmayan Hastal\u0131klar ve Yeti [&hellip;]<\/p>\n","protected":false},"author":1,"featured_media":0,"parent":0,"menu_order":0,"comment_status":"closed","ping_status":"closed","template":"","meta":{"om_disable_all_campaigns":false,"footnotes":""},"class_list":["post-2545","page","type-page","status-publish","hentry"],"_links":{"self":[{"href":"https:\/\/uhsk.org\/2021\/wp-json\/wp\/v2\/pages\/2545","targetHints":{"allow":["GET"]}}],"collection":[{"href":"https:\/\/uhsk.org\/2021\/wp-json\/wp\/v2\/pages"}],"about":[{"href":"https:\/\/uhsk.org\/2021\/wp-json\/wp\/v2\/types\/page"}],"author":[{"embeddable":true,"href":"https:\/\/uhsk.org\/2021\/wp-json\/wp\/v2\/users\/1"}],"replies":[{"embeddable":true,"href":"https:\/\/uhsk.org\/2021\/wp-json\/wp\/v2\/comments?post=2545"}],"version-history":[{"count":12,"href":"https:\/\/uhsk.org\/2021\/wp-json\/wp\/v2\/pages\/2545\/revisions"}],"predecessor-version":[{"id":4199,"href":"https:\/\/uhsk.org\/2021\/wp-json\/wp\/v2\/pages\/2545\/revisions\/4199"}],"wp:attachment":[{"href":"https:\/\/uhsk.org\/2021\/wp-json\/wp\/v2\/media?parent=2545"}],"curies":[{"name":"wp","href":"https:\/\/api.w.org\/{rel}","templated":true}]}}