{"id":2526,"date":"2021-09-24T12:14:56","date_gmt":"2021-09-24T12:14:56","guid":{"rendered":"https:\/\/uhsk.org\/kongre\/?page_id=2526"},"modified":"2021-12-09T12:51:53","modified_gmt":"2021-12-09T12:51:53","slug":"genel-bilgiler","status":"publish","type":"page","link":"https:\/\/uhsk.org\/2021\/tr\/genel-bilgiler\/","title":{"rendered":"Genel Bilgiler"},"content":{"rendered":"<p>[vc_row wrap_container=&#8221;yes&#8221; css=&#8221;.vc_custom_1632428991323{margin-bottom: 20px !important;padding-top: 0px !important;padding-bottom: 0px !important;background-color: #2d316e !important;}&#8221;][vc_column offset=&#8221;vc_col-md-4&#8243; animation_type=&#8221;fadeInLeft&#8221;][vc_custom_heading text=&#8221;GENEL B\u0130LG\u0130LER&#8221; font_container=&#8221;tag:h3|font_size:25|text_align:left|color:%23ffffff&#8221; google_fonts=&#8221;font_family:Montserrat%3Aregular%2C700|font_style:700%20bold%20regular%3A700%3Anormal&#8221; text_transform=&#8221;text-uppercase&#8221; css=&#8221;.vc_custom_1632481525963{margin-top: 9px !important;margin-bottom: 9px !important;margin-left: 30px !important;}&#8221;][\/vc_column][\/vc_row][vc_row css=&#8221;.vc_custom_1632487015988{padding-top: 10px !important;}&#8221;][vc_column]<div class=\"porto-sicon-box  wpb_custom_f28e5e2edf8cf49b99ee62bdd3bae2f7 style_1 left-icon\"><div class=\"porto-sicon-left\"><div class=\"porto-just-icon-wrapper porto-icon circle\" style=\"color:#ffffff;background:#2577a3;font-size:32px;\"><i class=\"fas fa-wifi\"><\/i><\/div><\/div><div class=\"porto-sicon-body\"><div class=\"porto-sicon-header\"><h4 class=\"porto-sicon-title\" style=\"color:#dc6d83;\">Kongre Tarihi ve Yeri<\/h4><\/div> <!-- header --><div class=\"porto-sicon-description\" style=\"\">Kongre 13-18 Aral\u0131k 2021 tarihleri aras\u0131nda internet \u00fczerinden\u00a0online olarak ger\u00e7ekle\u015ftirilecektir.<\/div> <!-- description --><\/div><\/div><!-- porto-sicon-box -->[vc_separator color=&#8221;white&#8221;]<div class=\"porto-sicon-box  wpb_custom_f28e5e2edf8cf49b99ee62bdd3bae2f7 style_1 left-icon\"><div class=\"porto-sicon-left\"><div class=\"porto-just-icon-wrapper porto-icon circle\" style=\"color:#ffffff;background:#2577a3;font-size:32px;\"><i class=\"far fa-comments\"><\/i><\/div><\/div><div class=\"porto-sicon-body\"><div class=\"porto-sicon-header\"><h4 class=\"porto-sicon-title\" style=\"color:#dc6d83;\">Kongre Dili<\/h4><\/div> <!-- header --><div class=\"porto-sicon-description\" style=\"\">Kongre dili T\u00fcrk\u00e7e ve \u0130ngilizcedir. Kongre s\u00fcresince T\u00fcrk\u00e7e \u2013 \u0130ngilizce e\u015f zamanl\u0131 \u00e7eviri yap\u0131lacakt\u0131r.<\/div> <!-- description --><\/div><\/div><!-- porto-sicon-box -->[vc_separator color=&#8221;white&#8221;]<div class=\"porto-sicon-box  wpb_custom_f28e5e2edf8cf49b99ee62bdd3bae2f7 style_1 left-icon\"><div class=\"porto-sicon-left\"><div class=\"porto-just-icon-wrapper porto-icon circle\" style=\"color:#ffffff;background:#2577a3;font-size:32px;\"><i class=\"fas fa-book\"><\/i><\/div><\/div><div class=\"porto-sicon-body\"><div class=\"porto-sicon-header\"><h4 class=\"porto-sicon-title\" style=\"color:#dc6d83;\">Kongre Kitab\u0131<\/h4><\/div> <!-- header --><div class=\"porto-sicon-description\" style=\"\">Kongre kayd\u0131n\u0131 yapt\u0131ran ve bildirisi kabul edilen kat\u0131l\u0131mc\u0131lar\u0131n bildirileri\u00a0<b>ISBN No al\u0131nm\u0131\u015f e-Kongre Kitab\u0131nda<\/b>\u00a0yer alacakt\u0131r. Kitap kongre sonras\u0131 web sitemize y\u00fcklenecektir.<\/div> <!-- description --><\/div><\/div><!-- porto-sicon-box -->[vc_separator color=&#8221;white&#8221;]<div class=\"porto-sicon-box  wpb_custom_f28e5e2edf8cf49b99ee62bdd3bae2f7 style_1 left-icon\"><div class=\"porto-sicon-left\"><div class=\"porto-just-icon-wrapper porto-icon circle\" style=\"color:#ffffff;background:#2577a3;font-size:32px;\"><i class=\"far fa-file-alt\"><\/i><\/div><\/div><div class=\"porto-sicon-body\"><div class=\"porto-sicon-header\"><h4 class=\"porto-sicon-title\" style=\"color:#dc6d83;\">Kongre Kat\u0131l\u0131m Belgesi<\/h4><\/div> <!-- header --><div class=\"porto-sicon-description\" style=\"\">Kat\u0131l\u0131m\u00a0Belgesi d\u00fczenlenmesi i\u00e7in en az 4 oturuma kat\u0131lm\u0131\u015f olmak gerekmektedir. Kat\u0131l\u0131m Belgesi kongre tamamlad\u0131ktan sonra web sayfas\u0131 \u00fczerinden pdf olarak al\u0131nabilecektir.<\/div> <!-- description --><\/div><\/div><!-- porto-sicon-box -->[vc_separator color=&#8221;white&#8221;]<div class=\"porto-sicon-box  wpb_custom_f28e5e2edf8cf49b99ee62bdd3bae2f7 style_1 left-icon\"><div class=\"porto-sicon-left\"><div class=\"porto-just-icon-wrapper porto-icon circle\" style=\"color:#ffffff;background:#2577a3;font-size:32px;\"><i class=\"fas fa-money-check\"><\/i><\/div><\/div><div class=\"porto-sicon-body\"><div class=\"porto-sicon-header\"><h4 class=\"porto-sicon-title\" style=\"color:#dc6d83;\">Kredilendirme<\/h4><\/div> <!-- header --><div class=\"porto-sicon-description\" style=\"\">Kongre, T\u00fcrk Tabipleri Birli\u011fi (TTB) taraf\u0131ndan 34.5 puan ile kredilendirilecektir.<\/div> <!-- description --><\/div><\/div><!-- porto-sicon-box -->[vc_separator color=&#8221;white&#8221;]<div class=\"porto-sicon-box  wpb_custom_f28e5e2edf8cf49b99ee62bdd3bae2f7 style_1 left-icon\"><div class=\"porto-sicon-left\"><div class=\"porto-just-icon-wrapper porto-icon circle\" style=\"color:#ffffff;background:#2577a3;font-size:32px;\"><i class=\"fas fa-check-double\"><\/i><\/div><\/div><div class=\"porto-sicon-body\"><div class=\"porto-sicon-header\"><h4 class=\"porto-sicon-title\" style=\"color:#dc6d83;\">Do\u00e7entlik Ba\u015fvuru Kriteri<\/h4><\/div> <!-- header --><div class=\"porto-sicon-description\" style=\"\">Kongre \u00dcAK (\u00dcniversiteleraras\u0131 Kurul Ba\u015fkanl\u0131\u011f\u0131) taraf\u0131ndan ilan edilen &#8220;Uluslararas\u0131 Bilimsel Toplant\u0131: Farkl\u0131 \u00fclkelerden bilim insanlar\u0131n\u0131n bilim kurulunda bulundu\u011fu ve sunumlar\u0131n bilimsel \u00f6n incelemeden ge\u00e7irilerek kabul edildi\u011fi toplant\u0131&#8221; kriterini sa\u011flamaktad\u0131r.<\/div> <!-- description --><\/div><\/div><!-- porto-sicon-box -->[vc_separator color=&#8221;white&#8221;]<div class=\"porto-sicon-box  wpb_custom_f28e5e2edf8cf49b99ee62bdd3bae2f7 style_1 left-icon\"><div class=\"porto-sicon-left\"><div class=\"porto-just-icon-wrapper porto-icon circle\" style=\"color:#ffffff;background:#2577a3;font-size:32px;\"><i class=\"fas fa-user-check\"><\/i><\/div><\/div><div class=\"porto-sicon-body\"><div class=\"porto-sicon-header\"><h4 class=\"porto-sicon-title\" style=\"color:#dc6d83;\">Kay\u0131t<\/h4><\/div> <!-- header --><div class=\"porto-sicon-description\" style=\"\">Kongre kay\u0131tlar\u0131 kongre web sitesinde bulunan <strong>&#8220;Online Kay\u0131t&#8221;<\/strong> linki \u00fczerinden yap\u0131lacakt\u0131r.<\/div> <!-- description --><\/div><\/div><!-- porto-sicon-box -->[vc_separator color=&#8221;white&#8221;]<div class=\"porto-sicon-box  wpb_custom_f28e5e2edf8cf49b99ee62bdd3bae2f7 style_1 left-icon\"><div class=\"porto-sicon-left\"><div class=\"porto-just-icon-wrapper porto-icon circle\" style=\"color:#ffffff;background:#2577a3;font-size:32px;\"><i class=\"fas fa-graduation-cap\"><\/i><\/div><\/div><div class=\"porto-sicon-body\"><div class=\"porto-sicon-header\"><h4 class=\"porto-sicon-title\" style=\"color:#dc6d83;\">\u00d6\u011frenci Kat\u0131l\u0131m Deste\u011fi<\/h4><\/div> <!-- header --><div class=\"porto-sicon-description\" style=\"\">Kongreye kat\u0131lmak isteyen belli say\u0131da<strong> sadece lisans(\u00fcniversite) \u00f6\u011frencisinin<\/strong> kat\u0131l\u0131m \u00fccreti Dr. Haf\u0131z Cemal Lokmanhekim ve e\u015fi Sabiha Lokmanhekim Sa\u011fl\u0131k Vakf\u0131 taraf\u0131ndan kar\u015f\u0131lanacakt\u0131r. Ba\u015fvurmak i\u00e7in 10.12.2021 tarihine\u00a0\u00a0 kadar l\u00fctfen \u201c\u00d6\u011frenci Kat\u0131l\u0131m Deste\u011fi\u201d formunu doldurunuz. <strong><a href=\"https:\/\/forms.gle\/Hcti5wzup6iF7YcSA\" target=\"_blank\" rel=\"noopener\">Form i\u00e7in t\u0131klay\u0131n\u0131z.<\/a><\/strong><\/div> <!-- description --><\/div><\/div><!-- porto-sicon-box -->[\/vc_column][\/vc_row]<\/p>\n","protected":false},"excerpt":{"rendered":"<p>[vc_row wrap_container=&#8221;yes&#8221; css=&#8221;.vc_custom_1632428991323{margin-bottom: 20px !important;padding-top: 0px !important;padding-bottom: 0px !important;background-color: #2d316e !important;}&#8221;][vc_column offset=&#8221;vc_col-md-4&#8243; animation_type=&#8221;fadeInLeft&#8221;][vc_custom_heading text=&#8221;GENEL B\u0130LG\u0130LER&#8221; font_container=&#8221;tag:h3|font_size:25|text_align:left|color:%23ffffff&#8221; google_fonts=&#8221;font_family:Montserrat%3Aregular%2C700|font_style:700%20bold%20regular%3A700%3Anormal&#8221; text_transform=&#8221;text-uppercase&#8221; css=&#8221;.vc_custom_1632481525963{margin-top: 9px !important;margin-bottom: 9px !important;margin-left: 30px !important;}&#8221;][\/vc_column][\/vc_row][vc_row css=&#8221;.vc_custom_1632487015988{padding-top: 10px !important;}&#8221;][vc_column][vc_separator color=&#8221;white&#8221;][vc_separator color=&#8221;white&#8221;][vc_separator color=&#8221;white&#8221;][vc_separator color=&#8221;white&#8221;][vc_separator color=&#8221;white&#8221;][vc_separator color=&#8221;white&#8221;][vc_separator color=&#8221;white&#8221;][\/vc_column][\/vc_row]<\/p>\n","protected":false},"author":1,"featured_media":0,"parent":0,"menu_order":0,"comment_status":"closed","ping_status":"closed","template":"","meta":{"om_disable_all_campaigns":false,"footnotes":""},"class_list":["post-2526","page","type-page","status-publish","hentry"],"_links":{"self":[{"href":"https:\/\/uhsk.org\/2021\/wp-json\/wp\/v2\/pages\/2526","targetHints":{"allow":["GET"]}}],"collection":[{"href":"https:\/\/uhsk.org\/2021\/wp-json\/wp\/v2\/pages"}],"about":[{"href":"https:\/\/uhsk.org\/2021\/wp-json\/wp\/v2\/types\/page"}],"author":[{"embeddable":true,"href":"https:\/\/uhsk.org\/2021\/wp-json\/wp\/v2\/users\/1"}],"replies":[{"embeddable":true,"href":"https:\/\/uhsk.org\/2021\/wp-json\/wp\/v2\/comments?post=2526"}],"version-history":[{"count":29,"href":"https:\/\/uhsk.org\/2021\/wp-json\/wp\/v2\/pages\/2526\/revisions"}],"predecessor-version":[{"id":4196,"href":"https:\/\/uhsk.org\/2021\/wp-json\/wp\/v2\/pages\/2526\/revisions\/4196"}],"wp:attachment":[{"href":"https:\/\/uhsk.org\/2021\/wp-json\/wp\/v2\/media?parent=2526"}],"curies":[{"name":"wp","href":"https:\/\/api.w.org\/{rel}","templated":true}]}}