{"id":2362,"date":"2021-09-23T10:14:07","date_gmt":"2021-09-23T10:14:07","guid":{"rendered":"https:\/\/uhsk.org\/kongre\/?page_id=2362"},"modified":"2021-12-09T15:20:34","modified_gmt":"2021-12-09T15:20:34","slug":"davet","status":"publish","type":"page","link":"https:\/\/uhsk.org\/2021\/tr\/davet\/","title":{"rendered":"Davet"},"content":{"rendered":"<p>[vc_row wrap_container=&#8221;yes&#8221; css=&#8221;.vc_custom_1639063234058{margin-bottom: 20px !important;padding-top: 0px !important;padding-bottom: 0px !important;background-color: #2d316e !important;}&#8221;][vc_column offset=&#8221;vc_col-md-4&#8243; animation_type=&#8221;fadeInLeft&#8221;][vc_custom_heading text=&#8221;DAVET&#8221; font_container=&#8221;tag:h3|font_size:25|text_align:left|color:%23ffffff&#8221; google_fonts=&#8221;font_family:Montserrat%3Aregular%2C700|font_style:700%20bold%20regular%3A700%3Anormal&#8221; text_transform=&#8221;text-uppercase&#8221; animation_duration=&#8221;1&#8243; floating_start_pos=&#8221;top&#8221; floating_transition=&#8221;&#8221; css=&#8221;.vc_custom_1632736572464{margin-top: 9px !important;margin-bottom: 9px !important;margin-left: 30px !important;}&#8221; floating_duration=&#8221;1&#8243;][\/vc_column][\/vc_row][vc_row wrap_container=&#8221;yes&#8221; css=&#8221;.vc_custom_1632758992908{margin-right: 15px !important;padding-top: 10px !important;}&#8221;][vc_column width=&#8221;1\/5&#8243; offset=&#8221;vc_col-md-4&#8243;][vc_single_image image=&#8221;2850&#8243; img_size=&#8221;300&#8243; alignment=&#8221;center&#8221; style=&#8221;vc_box_outline_circle&#8221; border_color=&#8221;mulled_wine&#8221; css=&#8221;.vc_custom_1632762029843{margin-bottom: 30px !important;}&#8221;]<div class=\"porto-u-heading  wpb_custom_95aa9a11c17ad45cfabaf210d84ee7cc\" data-hspacer=\"no_spacer\" data-halign=\"center\" style=\"text-align:center\"><div class=\"porto-u-main-heading\"><h5  >Prof. Dr. B\u00fclent KILI\u00c7<\/h5><\/div><div class=\"porto-u-sub-heading\" style=\"\">Kongre Ba\u015fkan\u0131<\/div><\/div>[\/vc_column][vc_column width=&#8221;4\/5&#8243; offset=&#8221;vc_col-md-8&#8243;][vc_column_text css=&#8221;.vc_custom_1632759385014{margin-left: 20px !important;border-top-width: 3px !important;border-right-width: 3px !important;border-bottom-width: 3px !important;border-left-width: 3px !important;padding-top: 15px !important;padding-right: 15px !important;padding-bottom: 15px !important;padding-left: 15px !important;border-left-color: #2d316e !important;border-left-style: solid !important;border-right-color: #2d316e !important;border-right-style: solid !important;border-top-color: #2d316e !important;border-top-style: solid !important;border-bottom-color: #2d316e !important;border-bottom-style: solid !important;}&#8221;]<\/p>\n<p style=\"text-align: justify;\"><em><strong style=\"color: #16066b;\">De\u011ferli Halk Sa\u011fl\u0131\u011f\u0131 Uzmanlar\u0131, Akademisyenleri, \u00c7al\u0131\u015fanlar\u0131 ve \u00d6\u011frencileri,<\/strong><\/em><\/p>\n<p style=\"text-align: justify;\">21. y\u00fczy\u0131l\u0131n halk sa\u011fl\u0131\u011f\u0131 alan\u0131ndaki en \u00f6nemli sorunlar\u0131 giderek derinle\u015fen iklim krizi, afetler, sava\u015flar, g\u00f6\u00e7ler, artan e\u015fitsizlikler, kronik hastal\u0131k epidemileri ve yeni\/yeniden ortaya \u00e7\u0131kan bula\u015f\u0131c\u0131 hastal\u0131klard\u0131r. Nitekim uluslararas\u0131 sa\u011fl\u0131k kurulu\u015flar\u0131 yoksulluk, e\u015fitsizlik ve \u00e7evre sorunlar\u0131yla m\u00fccadeleyi \u00f6n\u00fcm\u00fczdeki be\u015f y\u0131l\u0131n \u00f6ncelikli alanlar\u0131 olarak belirlemi\u015ftir. Bu \u00e7er\u00e7evede iklim de\u011fi\u015fikli\u011fi, afetler, \u00e7at\u0131\u015fmalar ve salg\u0131n hastal\u0131klar da dahil olmak \u00fczere \u00e7e\u015fitli krizlere kar\u015f\u0131 toplumsal diren\u00e7 olu\u015fturma konusu da \u00f6nemli bir stratejik hedef olarak saptanm\u0131\u015ft\u0131r. Bu ba\u011flamda son d\u00f6nemde \u00fclkemizin g\u00fcndemi de dikkate al\u0131narak <strong>5. Uluslararas\u0131 ve 23. Ulusal Halk Sa\u011fl\u0131\u011f\u0131 Kongresi<\/strong>\u2019nin ana temas\u0131 \u201c<strong>De\u011fi\u015fen D\u00fcnyan\u0131n \u00d6ncelikleri: \u0130klim Krizi, Afetler, G\u00f6\u00e7ler, E\u015fitsizlikler ve Toplumsal Diren\u00e7lilik<\/strong>\u201d olarak belirlenmi\u015ftir.<\/p>\n<p style=\"text-align: justify;\">Tarihsel olarak bak\u0131ld\u0131\u011f\u0131nda halk sa\u011fl\u0131\u011f\u0131 politikalar\u0131n\u0131n geli\u015fiminde \u00f6ncelikle bula\u015f\u0131c\u0131 hastal\u0131klar nedeniyle olu\u015fan salg\u0131nlar\u0131n yaratt\u0131\u011f\u0131 tehditler ve sanitasyon uygulamalar\u0131, daha sonra da Rudolf Virchow taraf\u0131ndan ba\u015flat\u0131lan \u201csosyal t\u0131p\u201d ak\u0131m\u0131 \u00f6nemli \u00f6l\u00e7\u00fcde etkili olmu\u015ftur. Virchow 1848\u2019de yazd\u0131\u011f\u0131 ve halk sa\u011fl\u0131\u011f\u0131 tarihi a\u00e7\u0131s\u0131ndan b\u00fcy\u00fck \u00f6nem ta\u015f\u0131yan makalesinde, sa\u011fl\u0131k hizmetlerinde \u00f6zellikle yoksulluk ba\u015fta olmak \u00fczere t\u00fcm sosyal fakt\u00f6rlerin \u00f6nemini vurgulam\u0131\u015f, h\u00fck\u00fcmetlerin vatanda\u015flar\u0131n\u0131n sa\u011fl\u0131\u011f\u0131n\u0131 korumakla g\u00f6revli oldu\u011funu ve bu alanda \u00f6nlemler almas\u0131 gerekti\u011fini dile getirmi\u015ftir. Virchow\u2019un \u201cpolitika t\u0131bb\u0131n daha geni\u015f \u00f6l\u00e7ekteki tan\u0131m\u0131ndan ba\u015fka bir \u015fey de\u011fildir\u201d s\u00f6z\u00fc halen g\u00fcn\u00fcm\u00fcz sa\u011fl\u0131k politikalar\u0131na \u0131\u015f\u0131k tutmaktad\u0131r.<\/p>\n<p style=\"text-align: justify;\">Ge\u00e7mi\u015f y\u0131llarda halk sa\u011fl\u0131\u011f\u0131 hizmetleri ile t\u00fcm d\u00fcnyada b\u00fcy\u00fck ba\u015far\u0131 sa\u011flanan enfeksiyon hastal\u0131klar\u0131n\u0131n kontrol\u00fc (\u00e7i\u00e7ek hastal\u0131\u011f\u0131n\u0131n eradike edilmesi, poliomyelitin bir\u00e7ok \u00fclkede ortadan kald\u0131r\u0131lmas\u0131), beslenme ile ilgili koruyucu yakla\u015f\u0131mlar (tuzun iyotlanmas\u0131, folik asit ve D vitamini uygulamalar\u0131), t\u00fct\u00fcn kontrol\u00fc politikalar\u0131 (vergilerin art\u0131r\u0131lmas\u0131, sigara paketleri \u00fczerindeki uyar\u0131 i\u015faretleri), yeni do\u011fan d\u00f6nemi ve kanser tarama programlar\u0131 \u00f6rnek almam\u0131z gereken \u00f6nemli ba\u015far\u0131 \u00f6rnekleridir.<\/p>\n<p style=\"text-align: justify;\">Halk sa\u011fl\u0131\u011f\u0131 politikalar\u0131 \u00e7evre felaketlerinden, salg\u0131nlara; obeziteyle m\u00fccadeleden, \u00e7ocukluk \u00e7a\u011f\u0131 a\u015f\u0131lar\u0131na kadar \u00e7ok geni\u015f bir alan\u0131 kapsamaktad\u0131r. Bu nedenle halk sa\u011fl\u0131\u011f\u0131 politikalar\u0131n\u0131n olu\u015fturulmas\u0131nda ve y\u00f6netilmesinde HASUDER, Halk Sa\u011fl\u0131\u011f\u0131 Anabilim Dallar\u0131, Tabip Odalar\u0131, Sivil Toplum Kurulu\u015flar\u0131 ve Sa\u011fl\u0131k Bakanl\u0131\u011f\u0131\u2019na b\u00fcy\u00fck g\u00f6revler d\u00fc\u015fmektedir. Halk sa\u011fl\u0131\u011f\u0131n\u0131n savunuculu\u011funu yapmak, bu alana yeterli kaynak ay\u0131rmak, sekt\u00f6rleraras\u0131 i\u015fbirli\u011fini sa\u011flamak, gerekli yasal d\u00fczenlemeleri yapmak ve halk sa\u011fl\u0131\u011f\u0131 uzmanlar\u0131 ba\u015fta olmak \u00fczere halk sa\u011fl\u0131\u011f\u0131 alan\u0131nda e\u011fitim alm\u0131\u015f insang\u00fcc\u00fcn\u00fc sa\u011fl\u0131k y\u00f6netiminde g\u00f6revlendirmek t\u00fcm sa\u011fl\u0131k politikac\u0131lar\u0131n\u0131n \u00f6ncelikli g\u00f6revi olmal\u0131d\u0131r.<\/p>\n<p style=\"text-align: justify;\">Halk sa\u011fl\u0131\u011f\u0131 bilimi bug\u00fcn oldu\u011fu gibi gelecek y\u0131llarda da t\u00fcm d\u00fcnyada en \u00f6nemli bilim ve uygulama alanlar\u0131ndan birisi olmay\u0131 s\u00fcrd\u00fcrecektir. Bu ba\u011flamda \u00fclkemizde halk sa\u011fl\u0131\u011f\u0131 alan\u0131nda \u00e7al\u0131\u015fan t\u00fcm uzmanlar\u0131, akademisyenleri ve \u00f6\u011frencileri 13 &#8211; 18 Aral\u0131k 2021 tarihleri aras\u0131nda \u00e7evrimi\u00e7i olarak d\u00fczenleyece\u011fimiz <strong>5. Uluslararas\u0131 ve 23. Ulusal Halk Sa\u011fl\u0131\u011f\u0131 Kongresi<\/strong>\u2019ne davet ediyoruz. Kongremizin konferanslar, paneller, anahtar konu\u015fmac\u0131lar, bildiri sunumlar\u0131 ve \u00e7e\u015fitli kurslardan olu\u015fan zengin bilimsel ortam\u0131nda birlikte olmak, sorunlar\u0131 ve \u00e7\u00f6z\u00fcm \u00f6nerilerini tart\u0131\u015fmak, \u00e7al\u0131\u015fmalar\u0131m\u0131z\u0131 ve deneyimlerimizi payla\u015fmak ve gelecek y\u0131llarda sosyal ortamlarda yan yana, y\u00fcz y\u00fcze olabilmek dile\u011fiyle.<\/p>\n<p style=\"text-align: justify;\">Sayg\u0131lar\u0131m\u0131zla<\/p>\n<p>[\/vc_column_text][\/vc_column][\/vc_row][vc_row no_padding=&#8221;yes&#8221; css=&#8221;.vc_custom_1632990603728{border-top-width: 1px !important;padding-top: 80px !important;padding-bottom: 30px !important;border-top-color: rgba(0,0,0,0.05) !important;border-top-style: solid !important;}&#8221;][vc_column][vc_custom_heading text=&#8221;<b>Destekleyen Kurulu\u015flar<\/b>&#8221; font_container=&#8221;tag:h2|font_size:25|text_align:center|line_height:1&#8243; use_theme_fonts=&#8221;yes&#8221; show_border=&#8221;yes&#8221; border_type=&#8221;middle-border-center&#8221;][\/vc_column][\/vc_row][vc_row wrap_container=&#8221;yes&#8221; section_skin=&#8221;parallax&#8221; css=&#8221;.vc_custom_1632990524953{padding-top: 0px !important;padding-bottom: 0px !important;}&#8221;][vc_column]<div class=\"porto-carousel owl-carousel has-ccols ccols-xl-4 ccols-lg-4 ccols-md-3 ccols-sm-2 ccols-1 stage-margin\" data-plugin-options=\"{&quot;stagePadding&quot;:40,&quot;margin&quot;:10,&quot;autoplay&quot;:&quot;yes&quot;,&quot;autoplayTimeout&quot;:2000,&quot;autoplayHoverPause&quot;:false,&quot;items&quot;:4,&quot;lg&quot;:4,&quot;md&quot;:3,&quot;sm&quot;:2,&quot;xs&quot;:1,&quot;nav&quot;:false,&quot;dots&quot;:false,&quot;animateIn&quot;:&quot;&quot;,&quot;animateOut&quot;:&quot;&quot;,&quot;loop&quot;:&quot;yes&quot;,&quot;center&quot;:&quot;yes&quot;,&quot;video&quot;:false,&quot;lazyLoad&quot;:false,&quot;fullscreen&quot;:false}\">[vc_single_image image=&#8221;3557&#8243; img_size=&#8221;300&#8243; alignment=&#8221;center&#8221; css=&#8221;.vc_custom_1634211123601{padding-right: 20px !important;padding-left: 20px !important;}&#8221;][vc_single_image image=&#8221;3368&#8243; img_size=&#8221;300&#8243; alignment=&#8221;center&#8221; css=&#8221;.vc_custom_1633539733823{padding-right: 20px !important;padding-left: 20px !important;}&#8221;][vc_single_image image=&#8221;3366&#8243; img_size=&#8221;300&#8243; alignment=&#8221;center&#8221; css=&#8221;.vc_custom_1633539759101{padding-right: 20px !important;padding-left: 20px !important;}&#8221;][vc_single_image image=&#8221;3494&#8243; img_size=&#8221;300&#8243; alignment=&#8221;center&#8221; css=&#8221;.vc_custom_1634027936317{padding-right: 20px !important;padding-left: 20px !important;}&#8221;][vc_single_image image=&#8221;3362&#8243; img_size=&#8221;300&#8243; alignment=&#8221;center&#8221; css=&#8221;.vc_custom_1633539788526{padding-right: 20px !important;padding-left: 20px !important;}&#8221;][vc_single_image image=&#8221;3364&#8243; img_size=&#8221;300&#8243; alignment=&#8221;center&#8221; css=&#8221;.vc_custom_1633539802622{padding-right: 20px !important;padding-left: 20px !important;}&#8221;][vc_single_image image=&#8221;3360&#8243; img_size=&#8221;300&#8243; alignment=&#8221;center&#8221; css=&#8221;.vc_custom_1633539826761{padding-right: 20px !important;padding-left: 20px !important;}&#8221;][vc_single_image image=&#8221;3645&#8243; img_size=&#8221;300&#8243; alignment=&#8221;center&#8221; css=&#8221;.vc_custom_1636030592160{padding-right: 20px !important;padding-left: 20px !important;}&#8221;][vc_single_image image=&#8221;3447&#8243; img_size=&#8221;300&#8243; alignment=&#8221;center&#8221; css=&#8221;.vc_custom_1633684132949{padding-right: 20px !important;padding-left: 20px !important;}&#8221;][vc_single_image image=&#8221;3575&#8243; img_size=&#8221;300&#8243; alignment=&#8221;center&#8221; css=&#8221;.vc_custom_1634293462054{padding-right: 20px !important;padding-left: 20px !important;}&#8221;][vc_single_image image=&#8221;4027&#8243; img_size=&#8221;300&#8243; alignment=&#8221;center&#8221; css=&#8221;.vc_custom_1638565807101{padding-right: 20px !important;padding-left: 20px !important;}&#8221;][vc_single_image image=&#8221;3586&#8243; img_size=&#8221;300&#8243; alignment=&#8221;center&#8221; css=&#8221;.vc_custom_1634301008778{padding-right: 20px !important;padding-left: 20px !important;}&#8221;][vc_single_image image=&#8221;3359&#8243; img_size=&#8221;300&#8243; alignment=&#8221;center&#8221; css=&#8221;.vc_custom_1633539816033{padding-right: 20px !important;padding-left: 20px !important;}&#8221;][vc_single_image image=&#8221;3577&#8243; img_size=&#8221;300&#8243; alignment=&#8221;center&#8221; css=&#8221;.vc_custom_1634293729060{padding-right: 20px !important;padding-left: 20px !important;}&#8221;][vc_single_image image=&#8221;3361&#8243; img_size=&#8221;300&#8243; alignment=&#8221;center&#8221; css=&#8221;.vc_custom_1633539837505{padding-right: 20px !important;padding-left: 20px !important;}&#8221;][vc_single_image image=&#8221;3578&#8243; img_size=&#8221;300&#8243; alignment=&#8221;center&#8221; css=&#8221;.vc_custom_1634293737052{padding-right: 20px !important;padding-left: 20px !important;}&#8221;][vc_single_image image=&#8221;3367&#8243; img_size=&#8221;300&#8243; alignment=&#8221;center&#8221; css=&#8221;.vc_custom_1633539849749{padding-right: 20px !important;padding-left: 20px !important;}&#8221;][vc_single_image image=&#8221;3623&#8243; img_size=&#8221;300&#8243; alignment=&#8221;center&#8221; css=&#8221;.vc_custom_1634811264587{padding-right: 20px !important;padding-left: 20px !important;}&#8221;][vc_single_image image=&#8221;3358&#8243; img_size=&#8221;300&#8243; alignment=&#8221;center&#8221; css=&#8221;.vc_custom_1633539861852{padding-right: 20px !important;padding-left: 20px !important;}&#8221;][vc_single_image image=&#8221;3365&#8243; img_size=&#8221;300&#8243; alignment=&#8221;center&#8221; css=&#8221;.vc_custom_1633539873738{padding-right: 20px !important;padding-left: 20px !important;}&#8221;]<\/div>[\/vc_column][\/vc_row]<\/p>\n","protected":false},"excerpt":{"rendered":"<p>[vc_row wrap_container=&#8221;yes&#8221; css=&#8221;.vc_custom_1639063234058{margin-bottom: 20px !important;padding-top: 0px !important;padding-bottom: 0px !important;background-color: #2d316e !important;}&#8221;][vc_column offset=&#8221;vc_col-md-4&#8243; animation_type=&#8221;fadeInLeft&#8221;][vc_custom_heading text=&#8221;DAVET&#8221; font_container=&#8221;tag:h3|font_size:25|text_align:left|color:%23ffffff&#8221; google_fonts=&#8221;font_family:Montserrat%3Aregular%2C700|font_style:700%20bold%20regular%3A700%3Anormal&#8221; text_transform=&#8221;text-uppercase&#8221; animation_duration=&#8221;1&#8243; floating_start_pos=&#8221;top&#8221; floating_transition=&#8221;&#8221; css=&#8221;.vc_custom_1632736572464{margin-top: 9px !important;margin-bottom: 9px !important;margin-left: 30px !important;}&#8221; floating_duration=&#8221;1&#8243;][\/vc_column][\/vc_row][vc_row wrap_container=&#8221;yes&#8221; css=&#8221;.vc_custom_1632758992908{margin-right: 15px !important;padding-top: 10px !important;}&#8221;][vc_column width=&#8221;1\/5&#8243; offset=&#8221;vc_col-md-4&#8243;][vc_single_image image=&#8221;2850&#8243; img_size=&#8221;300&#8243; alignment=&#8221;center&#8221; style=&#8221;vc_box_outline_circle&#8221; border_color=&#8221;mulled_wine&#8221; css=&#8221;.vc_custom_1632762029843{margin-bottom: 30px !important;}&#8221;][\/vc_column][vc_column width=&#8221;4\/5&#8243; offset=&#8221;vc_col-md-8&#8243;][vc_column_text css=&#8221;.vc_custom_1632759385014{margin-left: 20px !important;border-top-width: 3px !important;border-right-width: 3px !important;border-bottom-width: 3px !important;border-left-width: [&hellip;]<\/p>\n","protected":false},"author":1,"featured_media":0,"parent":0,"menu_order":0,"comment_status":"closed","ping_status":"closed","template":"","meta":{"om_disable_all_campaigns":false,"footnotes":""},"class_list":["post-2362","page","type-page","status-publish","hentry"],"_links":{"self":[{"href":"https:\/\/uhsk.org\/2021\/wp-json\/wp\/v2\/pages\/2362","targetHints":{"allow":["GET"]}}],"collection":[{"href":"https:\/\/uhsk.org\/2021\/wp-json\/wp\/v2\/pages"}],"about":[{"href":"https:\/\/uhsk.org\/2021\/wp-json\/wp\/v2\/types\/page"}],"author":[{"embeddable":true,"href":"https:\/\/uhsk.org\/2021\/wp-json\/wp\/v2\/users\/1"}],"replies":[{"embeddable":true,"href":"https:\/\/uhsk.org\/2021\/wp-json\/wp\/v2\/comments?post=2362"}],"version-history":[{"count":113,"href":"https:\/\/uhsk.org\/2021\/wp-json\/wp\/v2\/pages\/2362\/revisions"}],"predecessor-version":[{"id":4212,"href":"https:\/\/uhsk.org\/2021\/wp-json\/wp\/v2\/pages\/2362\/revisions\/4212"}],"wp:attachment":[{"href":"https:\/\/uhsk.org\/2021\/wp-json\/wp\/v2\/media?parent=2362"}],"curies":[{"name":"wp","href":"https:\/\/api.w.org\/{rel}","templated":true}]}}